{"id":5048,"date":"2019-05-13T17:43:13","date_gmt":"2019-05-13T16:43:13","guid":{"rendered":"https:\/\/gdes.com\/france\/?page_id=5048"},"modified":"2023-01-17T21:48:08","modified_gmt":"2023-01-17T20:48:08","slug":"metalisation-des-calandres-gss-a-cnpe-civaux","status":"publish","type":"page","link":"https:\/\/gdes.com\/france\/fr\/metalisation-des-calandres-gss-a-cnpe-civaux\/","title":{"rendered":"M\u00c9TALISATION"},"content":{"rendered":"<p><img fetchpriority=\"high\" decoding=\"async\" class=\"alignright wp-image-5049\" src=\"https:\/\/gdes.com\/france\/wp-content\/uploads\/sites\/9\/2019\/05\/metallization.jpg\" alt=\"\" width=\"500\" height=\"508\" srcset=\"https:\/\/gdes.com\/france\/wp-content\/uploads\/sites\/9\/2019\/05\/metallization.jpg 678w, https:\/\/gdes.com\/france\/wp-content\/uploads\/sites\/9\/2019\/05\/metallization-295x300.jpg 295w\" sizes=\"(max-width: 500px) 100vw, 500px\" \/><\/p>\n<h4 class=\"entry-title\">M\u00c9TALISATION DES GSS<\/h4>\n<p><strong>Probl\u00e9matique:<\/strong><\/p>\n<p>\u00c9rosion-corrosion sur des points singuliers situ\u00e9s \u00e0 proximit\u00e9 des piquages de purge, localis\u00e9s sur la partie inf\u00e9rieure des calandres des GSS<b>. <\/b><\/p>\n<p>&nbsp;<\/p>\n<p><b>Travaux r\u00e9alis\u00e9s :<\/b><\/p>\n<p>CNPE Civaux et CNPE Bugey en 2018.<\/p>\n<p>CNPE Nogent, Dampierre et Belleville en 2019.<\/p>\n<p>CNPE Bugey en 2021.<\/p>\n<p>CNPE Golfech en 2022.<\/p>\n<p>&nbsp;<\/p>\n<ul>\n<li><b><i>1<\/i><\/b><b><i>\u00e8re<\/i><\/b><b><i> phase: Sablage<\/i><\/b><b><i> avec <\/i><\/b><b><i>Sponget<\/i><\/b><b><b><b><i>.<\/i><\/b><\/b><\/b><\/li>\n<li><b><i>2<\/i><\/b><b><i>\u00e8me<\/i><\/b><b><i> phase<\/i><\/b><i>: <\/i><b><i>M\u00e9talisation<\/i><\/b><b><i>: <\/i><\/b>\n<ul>\n<li><i>Premi\u00e8re couche du fil Ni-Al. Epaisseur moyenne de 100\u00b5m.<\/i><\/li>\n<li><i>Deuxi\u00e8me couche <\/i> <i>du fil d\u2019Inconel 625. Epaisseur moyenne de 200\u00b5m.<\/i><\/li>\n<li><i>Troisi\u00e8me couche du fil d\u2019Inconel 625. Epaisseur moyenne de 200\u00b5m.<br \/>\n<\/i><\/li>\n<\/ul>\n<\/li>\n<li><b><i>3<\/i><\/b><b><i>\u00e8me<\/i><\/b><b><i> phase: Phase de laboratoire <\/i><\/b><i>(activit\u00e9 en parall\u00e8le aux activit\u00e9s sur site). Essais sur des \u00e9prouvettes<\/i><\/li>\n<\/ul>\n<p>&nbsp;<\/p>\n","protected":false},"excerpt":{"rendered":"<p>M\u00c9TALISATION DES GSS Probl\u00e9matique: \u00c9rosion-corrosion sur des points singuliers situ\u00e9s \u00e0 proximit\u00e9 des piquages de purge, localis\u00e9s sur la partie inf\u00e9rieure des calandres des GSS. &nbsp; Travaux r\u00e9alis\u00e9s : CNPE Civaux et CNPE Bugey en 2018. CNPE Nogent, Dampierre et Belleville en 2019. CNPE Bugey en 2021. CNPE Golfech en 2022. &nbsp; 1\u00e8re phase: Sablage [&hellip;]<\/p>\n","protected":false},"author":3,"featured_media":0,"parent":0,"menu_order":10,"comment_status":"closed","ping_status":"closed","template":"Page-fullwidth.php","meta":{"footnotes":""},"class_list":["post-5048","page","type-page","status-publish","hentry"],"aioseo_notices":[],"_links":{"self":[{"href":"https:\/\/gdes.com\/france\/fr\/wp-json\/wp\/v2\/pages\/5048","targetHints":{"allow":["GET"]}}],"collection":[{"href":"https:\/\/gdes.com\/france\/fr\/wp-json\/wp\/v2\/pages"}],"about":[{"href":"https:\/\/gdes.com\/france\/fr\/wp-json\/wp\/v2\/types\/page"}],"author":[{"embeddable":true,"href":"https:\/\/gdes.com\/france\/fr\/wp-json\/wp\/v2\/users\/3"}],"replies":[{"embeddable":true,"href":"https:\/\/gdes.com\/france\/fr\/wp-json\/wp\/v2\/comments?post=5048"}],"version-history":[{"count":11,"href":"https:\/\/gdes.com\/france\/fr\/wp-json\/wp\/v2\/pages\/5048\/revisions"}],"predecessor-version":[{"id":6147,"href":"https:\/\/gdes.com\/france\/fr\/wp-json\/wp\/v2\/pages\/5048\/revisions\/6147"}],"wp:attachment":[{"href":"https:\/\/gdes.com\/france\/fr\/wp-json\/wp\/v2\/media?parent=5048"}],"curies":[{"name":"wp","href":"https:\/\/api.w.org\/{rel}","templated":true}]}}