{"id":5015,"date":"2019-05-13T17:21:43","date_gmt":"2019-05-13T16:21:43","guid":{"rendered":"https:\/\/gdes.com\/france\/?page_id=5015"},"modified":"2023-01-17T21:47:07","modified_gmt":"2023-01-17T20:47:07","slug":"extrados","status":"publish","type":"page","link":"https:\/\/gdes.com\/france\/fr\/extrados\/","title":{"rendered":"EXTRADOS"},"content":{"rendered":"<p><img fetchpriority=\"high\" decoding=\"async\" class=\"alignright wp-image-5038 size-full\" src=\"https:\/\/gdes.com\/france\/wp-content\/uploads\/sites\/9\/2019\/05\/Extrados1-e1557764811530.jpg\" alt=\"\" width=\"514\" height=\"928\" srcset=\"https:\/\/gdes.com\/france\/wp-content\/uploads\/sites\/9\/2019\/05\/Extrados1-e1557764811530.jpg 514w, https:\/\/gdes.com\/france\/wp-content\/uploads\/sites\/9\/2019\/05\/Extrados1-e1557764811530-166x300.jpg 166w\" sizes=\"(max-width: 514px) 100vw, 514px\" \/><\/p>\n<h4><\/h4>\n<h5><b>Conception, Essais et Qualification:<\/b><\/h5>\n<p>Am\u00e9lioration de L&rsquo;\u00c9tanch\u00e9it\u00e9 des Enceintes \u00e0 double Paroi, par des<b> Syst\u00e8mes passifs de types de rev\u00eatements polym\u00e8re, b\u00e9ton fibr\u00e9 ou \u00e9quivalent \u00e0 l&rsquo;extrados des enceintes internes.<\/b><\/p>\n<p>&nbsp;<\/p>\n<p><b><i>1<\/i><\/b><b><i>\u00e8re<\/i><\/b><b><i> phase: <\/i><\/b><\/p>\n<ul>\n<li><i>\u00c9tudes de niveau APD afin de d\u00e9montrer l\u2019efficacit\u00e9 des solutions techniques propos\u00e9es<\/i><\/li>\n<li><i>D\u00e9finition des proc\u00e9dures d\u2019application<\/i><\/li>\n<li><i>Consolidation <\/i><i>des plannings de r\u00e9alisation. <\/i><\/li>\n<\/ul>\n<p><b><i>2<\/i><\/b><b><i>\u00e8me<\/i><\/b><b><i> phase<\/i><\/b><i>: <\/i><i>pour chaque lot, apr\u00e8s attribution,<\/i><\/p>\n<ul>\n<li><i>R\u00e9alisation des \u00e9tudes d\u2019ex\u00e9cution<\/i><\/li>\n<li><i>R\u00e9alisation d\u2019essais compl\u00e9mentaires <\/i><\/li>\n<li><i>Travaux d\u2019application correspondants.<\/i><\/li>\n<\/ul>\n<p>&nbsp;<\/p>\n<h5><b>Resultats:<\/b><\/h5>\n<p><b>Syst\u00e8me de rev\u00eatement propos\u00e9 pour GDES: SIKAWRAP 230 C<\/b><\/p>\n<ul>\n<li>Syst\u00e8me \u00e9tanche<\/li>\n<li>R\u00e9sistant \u00e0 la contre-pression<\/li>\n<li>Pas de propagation de d\u00e9fauts lors du mode de ruine<\/li>\n<li>Bonne adh\u00e9rence<\/li>\n<li>Facilit\u00e9 d\u2019application des produits<\/li>\n<li>Maniabilit\u00e9 et temps de vie<\/li>\n<li>Tenue \u00e0 la fissuration<\/li>\n<\/ul>\n<p>&nbsp;<\/p>\n<h5><b>Travaux r\u00e9alis\u00e9s: <\/b><\/h5>\n<ul>\n<li>Cattenom 3 : 50 m\u00b2 en Octobre 2016.<\/li>\n<li>Flamanville 2 VP : 2400 m\u00b2 (Mai et Juin 2017).<\/li>\n<li>Flamanville 1 VD : 4500 m\u00b2 (Mai et Juin 2018).<\/li>\n<li>Flamanville 2 VD\u00a0: 3600m\u00b2 (F\u00e9vrier \u00e0 Juillet 2019).<\/li>\n<\/ul>\n<p>&nbsp;<\/p>\n","protected":false},"excerpt":{"rendered":"<p>Conception, Essais et Qualification: Am\u00e9lioration de L&rsquo;\u00c9tanch\u00e9it\u00e9 des Enceintes \u00e0 double Paroi, par des Syst\u00e8mes passifs de types de rev\u00eatements polym\u00e8re, b\u00e9ton fibr\u00e9 ou \u00e9quivalent \u00e0 l&rsquo;extrados des enceintes internes. &nbsp; 1\u00e8re phase: \u00c9tudes de niveau APD afin de d\u00e9montrer l\u2019efficacit\u00e9 des solutions techniques propos\u00e9es D\u00e9finition des proc\u00e9dures d\u2019application Consolidation des plannings de r\u00e9alisation. 2\u00e8me [&hellip;]<\/p>\n","protected":false},"author":3,"featured_media":0,"parent":0,"menu_order":9,"comment_status":"closed","ping_status":"closed","template":"Page-fullwidth.php","meta":{"footnotes":""},"class_list":["post-5015","page","type-page","status-publish","hentry"],"aioseo_notices":[],"_links":{"self":[{"href":"https:\/\/gdes.com\/france\/fr\/wp-json\/wp\/v2\/pages\/5015","targetHints":{"allow":["GET"]}}],"collection":[{"href":"https:\/\/gdes.com\/france\/fr\/wp-json\/wp\/v2\/pages"}],"about":[{"href":"https:\/\/gdes.com\/france\/fr\/wp-json\/wp\/v2\/types\/page"}],"author":[{"embeddable":true,"href":"https:\/\/gdes.com\/france\/fr\/wp-json\/wp\/v2\/users\/3"}],"replies":[{"embeddable":true,"href":"https:\/\/gdes.com\/france\/fr\/wp-json\/wp\/v2\/comments?post=5015"}],"version-history":[{"count":13,"href":"https:\/\/gdes.com\/france\/fr\/wp-json\/wp\/v2\/pages\/5015\/revisions"}],"predecessor-version":[{"id":5765,"href":"https:\/\/gdes.com\/france\/fr\/wp-json\/wp\/v2\/pages\/5015\/revisions\/5765"}],"wp:attachment":[{"href":"https:\/\/gdes.com\/france\/fr\/wp-json\/wp\/v2\/media?parent=5015"}],"curies":[{"name":"wp","href":"https:\/\/api.w.org\/{rel}","templated":true}]}}