{"id":5011,"date":"2019-05-13T16:22:00","date_gmt":"2019-05-13T15:22:00","guid":{"rendered":"https:\/\/gdes.com\/france\/?page_id=5011"},"modified":"2023-01-17T21:49:28","modified_gmt":"2023-01-17T20:49:28","slug":"maintenance-complete-des-citernes-de-stockage-des-effluents-issus-des-npgv","status":"publish","type":"page","link":"https:\/\/gdes.com\/france\/fr\/maintenance-complete-des-citernes-de-stockage-des-effluents-issus-des-npgv\/","title":{"rendered":"MAINTENANCE COMPL\u00c8TE DES CITERNES DE STOCKAGE DES EFFLUENTS ISSUS DES NPGV"},"content":{"rendered":"<p><img fetchpriority=\"high\" decoding=\"async\" class=\"alignright wp-image-5012\" src=\"https:\/\/gdes.com\/france\/wp-content\/uploads\/sites\/9\/2019\/05\/Citernesg.jpg\" alt=\"\" width=\"500\" height=\"445\" srcset=\"https:\/\/gdes.com\/france\/wp-content\/uploads\/sites\/9\/2019\/05\/Citernesg.jpg 762w, https:\/\/gdes.com\/france\/wp-content\/uploads\/sites\/9\/2019\/05\/Citernesg-300x267.jpg 300w\" sizes=\"(max-width: 500px) 100vw, 500px\" \/><\/p>\n<h5><b>Transport sur sites, d\u00e9chargement, installation, expertise et remise en \u00e9tat si n\u00e9cessaire, de citernes de stockage d\u2019effluents chimiques NPGV et de composants associ\u00e9s<\/b><\/h5>\n<p>&nbsp;<\/p>\n<p><b>Travaux<\/b><b> \u00e0 r\u00e9aliser (2018-2023)<\/b><b>:<\/b><\/p>\n<ul>\n<li>D\u00e9montage des diff\u00e9rents \u00e9l\u00e9ments des r\u00e9servoirs.<\/li>\n<li>Nettoyage des r\u00e9servoirs et des diff\u00e9rents sous-\u00e9l\u00e9ments.<\/li>\n<li>Contr\u00f4le visuel des r\u00e9servoirs (interne et externe) pour d\u00e9tecter les d\u00e9fauts macroscopiques.<\/li>\n<li>Remise en \u00e9tat des r\u00e9servoirs et de ses diff\u00e9rents \u00e9l\u00e9ments les composant.<\/li>\n<li>Transport des citernes entre deux sites.<\/li>\n<li>R\u00e9am\u00e9nagement sur site des citernes et la mise en place des citernes avec ses \u00e9quipements associ\u00e9s.<\/li>\n<li>Essais et la mise en service de la solution d\u2019entreposage.<\/li>\n<\/ul>\n<p>&nbsp;<\/p>","protected":false},"excerpt":{"rendered":"<p>Transport sur sites, d\u00e9chargement, installation, expertise et remise en \u00e9tat si n\u00e9cessaire, de citernes de stockage d\u2019effluents chimiques NPGV et de composants associ\u00e9s &nbsp; Travaux \u00e0 r\u00e9aliser (2018-2023): D\u00e9montage des diff\u00e9rents \u00e9l\u00e9ments des r\u00e9servoirs. Nettoyage des r\u00e9servoirs et des diff\u00e9rents sous-\u00e9l\u00e9ments. Contr\u00f4le visuel des r\u00e9servoirs (interne et externe) pour d\u00e9tecter les d\u00e9fauts macroscopiques. Remise en [&hellip;]<\/p>\n","protected":false},"author":3,"featured_media":0,"parent":0,"menu_order":14,"comment_status":"closed","ping_status":"closed","template":"Page-fullwidth.php","meta":{"footnotes":""},"class_list":["post-5011","page","type-page","status-publish","hentry"],"aioseo_notices":[],"_links":{"self":[{"href":"https:\/\/gdes.com\/france\/fr\/wp-json\/wp\/v2\/pages\/5011","targetHints":{"allow":["GET"]}}],"collection":[{"href":"https:\/\/gdes.com\/france\/fr\/wp-json\/wp\/v2\/pages"}],"about":[{"href":"https:\/\/gdes.com\/france\/fr\/wp-json\/wp\/v2\/types\/page"}],"author":[{"embeddable":true,"href":"https:\/\/gdes.com\/france\/fr\/wp-json\/wp\/v2\/users\/3"}],"replies":[{"embeddable":true,"href":"https:\/\/gdes.com\/france\/fr\/wp-json\/wp\/v2\/comments?post=5011"}],"version-history":[{"count":4,"href":"https:\/\/gdes.com\/france\/fr\/wp-json\/wp\/v2\/pages\/5011\/revisions"}],"predecessor-version":[{"id":5622,"href":"https:\/\/gdes.com\/france\/fr\/wp-json\/wp\/v2\/pages\/5011\/revisions\/5622"}],"wp:attachment":[{"href":"https:\/\/gdes.com\/france\/fr\/wp-json\/wp\/v2\/media?parent=5011"}],"curies":[{"name":"wp","href":"https:\/\/api.w.org\/{rel}","templated":true}]}}