{"id":5003,"date":"2019-05-13T16:13:07","date_gmt":"2019-05-13T15:13:07","guid":{"rendered":"https:\/\/gdes.com\/france\/?page_id=5003"},"modified":"2023-01-17T21:48:53","modified_gmt":"2023-01-17T20:48:53","slug":"force-daction-rapide-nucleaire","status":"publish","type":"page","link":"https:\/\/gdes.com\/france\/fr\/force-daction-rapide-nucleaire\/","title":{"rendered":"PROJET FARN (FORCE D\u2019ACTION RAPIDE NUCL\u00c9AIRE) ET POST FUKUSHIMA"},"content":{"rendered":"<p><img fetchpriority=\"high\" decoding=\"async\" class=\"alignright wp-image-5004\" src=\"https:\/\/gdes.com\/france\/wp-content\/uploads\/sites\/9\/2019\/05\/FARNg.jpg\" alt=\"\" width=\"500\" height=\"579\" srcset=\"https:\/\/gdes.com\/france\/wp-content\/uploads\/sites\/9\/2019\/05\/FARNg.jpg 656w, https:\/\/gdes.com\/france\/wp-content\/uploads\/sites\/9\/2019\/05\/FARNg-259x300.jpg 259w\" sizes=\"(max-width: 500px) 100vw, 500px\" \/><\/p>\n<h5><b>Ing\u00e9nierie<\/b><b> et fourniture des moyens mobiles de r\u00e9alimentation en eau dans les circuits ou les syst\u00e8mes de r\u00e9frig\u00e9ration des Centrales Nucl\u00e9aires en cas d&rsquo;incident. <\/b><\/h5>\n<p>&nbsp;<\/p>\n<p><b>Travaux r\u00e9alis\u00e9s: <\/b><\/p>\n<ul>\n<li><b>Site FARN : CNPE de CIVAUX<\/b>\n<ul>\n<li>Ing\u00e9nierie tests grandeur r\u00e9elle<\/li>\n<li>Essais sur CNPE de CIVAUX : d\u00e9but 2012<\/li>\n<li>Essais de dimensionnement et de qualification :\n<ul>\n<li>\u00a0\u00a0\u00a0\u00a0 Pompe HS60 et HS150 + Filtration<\/li>\n<\/ul>\n<\/li>\n<li>D\u00e9monstrations FARN CIVAUX \/ St LAURENT : 2012<\/li>\n<\/ul>\n<\/li>\n<\/ul>\n<p>&nbsp;<\/p>\n<ul>\n<li><b>Fourniture de pompes et filtres aux sites FARN CIVAUX,<\/b> <b>DAMPIERRE, PALUEL, BUGEY (2012-2013).\u00a0<\/b><\/li>\n<\/ul>\n<p>&nbsp;<\/p>\n<ul>\n<li><b>BORILAIN. <\/b>Conception et design d\u2019un dispositif mobile (container) pour la r\u00e9alimentation en continu avec une solution neutrophage du circuit d\u2019injection de s\u00e9curit\u00e9 (RIS) des centrales nucl\u00e9aires en situation de crise (POST-FUKUSHIMA).<\/li>\n<\/ul>\n<p>&nbsp;<\/p>\n","protected":false},"excerpt":{"rendered":"<p>Ing\u00e9nierie et fourniture des moyens mobiles de r\u00e9alimentation en eau dans les circuits ou les syst\u00e8mes de r\u00e9frig\u00e9ration des Centrales Nucl\u00e9aires en cas d&rsquo;incident. &nbsp; Travaux r\u00e9alis\u00e9s: Site FARN : CNPE de CIVAUX Ing\u00e9nierie tests grandeur r\u00e9elle Essais sur CNPE de CIVAUX : d\u00e9but 2012 Essais de dimensionnement et de qualification : \u00a0\u00a0\u00a0\u00a0 Pompe HS60 [&hellip;]<\/p>\n","protected":false},"author":3,"featured_media":0,"parent":0,"menu_order":13,"comment_status":"closed","ping_status":"closed","template":"Page-fullwidth.php","meta":{"footnotes":""},"class_list":["post-5003","page","type-page","status-publish","hentry"],"aioseo_notices":[],"_links":{"self":[{"href":"https:\/\/gdes.com\/france\/fr\/wp-json\/wp\/v2\/pages\/5003","targetHints":{"allow":["GET"]}}],"collection":[{"href":"https:\/\/gdes.com\/france\/fr\/wp-json\/wp\/v2\/pages"}],"about":[{"href":"https:\/\/gdes.com\/france\/fr\/wp-json\/wp\/v2\/types\/page"}],"author":[{"embeddable":true,"href":"https:\/\/gdes.com\/france\/fr\/wp-json\/wp\/v2\/users\/3"}],"replies":[{"embeddable":true,"href":"https:\/\/gdes.com\/france\/fr\/wp-json\/wp\/v2\/comments?post=5003"}],"version-history":[{"count":10,"href":"https:\/\/gdes.com\/france\/fr\/wp-json\/wp\/v2\/pages\/5003\/revisions"}],"predecessor-version":[{"id":5762,"href":"https:\/\/gdes.com\/france\/fr\/wp-json\/wp\/v2\/pages\/5003\/revisions\/5762"}],"wp:attachment":[{"href":"https:\/\/gdes.com\/france\/fr\/wp-json\/wp\/v2\/media?parent=5003"}],"curies":[{"name":"wp","href":"https:\/\/api.w.org\/{rel}","templated":true}]}}