{"id":4983,"date":"2019-05-13T12:24:11","date_gmt":"2019-05-13T11:24:11","guid":{"rendered":"https:\/\/gdes.com\/france\/?page_id=4983"},"modified":"2023-01-17T21:48:34","modified_gmt":"2023-01-17T20:48:34","slug":"nettoyage-chimique-dechangeurs-de-type-apg","status":"publish","type":"page","link":"https:\/\/gdes.com\/france\/fr\/nettoyage-chimique-dechangeurs-de-type-apg\/","title":{"rendered":"NETTOYAGE CHIMIQUE"},"content":{"rendered":"<p><img fetchpriority=\"high\" decoding=\"async\" class=\"alignright wp-image-4976\" title=\"Nettoyage-chimique-APG\" src=\"https:\/\/gdes.com\/france\/wp-content\/uploads\/sites\/9\/2019\/05\/Net_chim2.jpg\" alt=\"Nettoyage-chimique-APG\" width=\"500\" height=\"427\" srcset=\"https:\/\/gdes.com\/france\/wp-content\/uploads\/sites\/9\/2019\/05\/Net_chim2.jpg 737w, https:\/\/gdes.com\/france\/wp-content\/uploads\/sites\/9\/2019\/05\/Net_chim2-300x256.jpg 300w\" sizes=\"(max-width: 500px) 100vw, 500px\" \/><\/p>\n<h5><strong>Nettoyage chimique d\u2019\u00e9changeurs de type APG<\/strong><\/h5>\n<p><b>Travaux r\u00e9alis\u00e9s:<\/b><\/p>\n<ul>\n<li>CNPE GOLFECH: 1 APG (c\u00f4t\u00e9 faisceau et c\u00f4t\u00e9 calandre)<\/li>\n<\/ul>\n<p>&nbsp;<\/p>\n<p><b>Avantages:<\/b><\/p>\n<ul>\n<li>\u00c9limination de contamination due \u00e0 de l\u2019huile r\u00e9siduelle<\/li>\n<li>Dissolution de la rouille pr\u00e9sente dans l\u2019\u00e9changeur<\/li>\n<li>Cr\u00e9ation d\u2019une couche protectrice d\u2019oxyde de fer<\/li>\n<li>R\u00e9cup\u00e9ration de l\u2019efficacit\u00e9.<\/li>\n<\/ul>\n<p>&nbsp;<\/p>","protected":false},"excerpt":{"rendered":"<p>Nettoyage chimique d\u2019\u00e9changeurs de type APG Travaux r\u00e9alis\u00e9s: CNPE GOLFECH: 1 APG (c\u00f4t\u00e9 faisceau et c\u00f4t\u00e9 calandre) &nbsp; Avantages: \u00c9limination de contamination due \u00e0 de l\u2019huile r\u00e9siduelle Dissolution de la rouille pr\u00e9sente dans l\u2019\u00e9changeur Cr\u00e9ation d\u2019une couche protectrice d\u2019oxyde de fer R\u00e9cup\u00e9ration de l\u2019efficacit\u00e9. &nbsp;<\/p>\n","protected":false},"author":3,"featured_media":0,"parent":0,"menu_order":12,"comment_status":"closed","ping_status":"closed","template":"Page-fullwidth.php","meta":{"footnotes":""},"class_list":["post-4983","page","type-page","status-publish","hentry"],"aioseo_notices":[],"_links":{"self":[{"href":"https:\/\/gdes.com\/france\/fr\/wp-json\/wp\/v2\/pages\/4983","targetHints":{"allow":["GET"]}}],"collection":[{"href":"https:\/\/gdes.com\/france\/fr\/wp-json\/wp\/v2\/pages"}],"about":[{"href":"https:\/\/gdes.com\/france\/fr\/wp-json\/wp\/v2\/types\/page"}],"author":[{"embeddable":true,"href":"https:\/\/gdes.com\/france\/fr\/wp-json\/wp\/v2\/users\/3"}],"replies":[{"embeddable":true,"href":"https:\/\/gdes.com\/france\/fr\/wp-json\/wp\/v2\/comments?post=4983"}],"version-history":[{"count":15,"href":"https:\/\/gdes.com\/france\/fr\/wp-json\/wp\/v2\/pages\/4983\/revisions"}],"predecessor-version":[{"id":5644,"href":"https:\/\/gdes.com\/france\/fr\/wp-json\/wp\/v2\/pages\/4983\/revisions\/5644"}],"wp:attachment":[{"href":"https:\/\/gdes.com\/france\/fr\/wp-json\/wp\/v2\/media?parent=4983"}],"curies":[{"name":"wp","href":"https:\/\/api.w.org\/{rel}","templated":true}]}}