{"id":4885,"date":"2019-05-09T16:47:55","date_gmt":"2019-05-09T15:47:55","guid":{"rendered":"https:\/\/gdes.com\/france\/?page_id=4885"},"modified":"2023-03-01T10:16:13","modified_gmt":"2023-03-01T09:16:13","slug":"services-en-france","status":"publish","type":"page","link":"https:\/\/gdes.com\/france\/fr\/services-en-france\/","title":{"rendered":"Principaux services en France"},"content":{"rendered":"<p><img fetchpriority=\"high\" decoding=\"async\" class=\"alignleft wp-image-6214\" src=\"https:\/\/gdes.com\/france\/wp-content\/uploads\/sites\/9\/2023\/01\/triptico-2.jpg\" alt=\"\" width=\"385\" height=\"382\" srcset=\"https:\/\/gdes.com\/france\/wp-content\/uploads\/sites\/9\/2023\/01\/triptico-2.jpg 680w, https:\/\/gdes.com\/france\/wp-content\/uploads\/sites\/9\/2023\/01\/triptico-2-300x298.jpg 300w, https:\/\/gdes.com\/france\/wp-content\/uploads\/sites\/9\/2023\/01\/triptico-2-150x150.jpg 150w\" sizes=\"(max-width: 385px) 100vw, 385px\" \/><\/p>\n<h3>Services dans l\u2019industrie nucl\u00e9aire :<\/h3>\n<h4>&#8211; Rev\u00eatements sp\u00e9ciaux et traitement des surfaces.<\/h4>\n<h4>&#8211; Services support aux r\u00e9acteurs.<\/h4>\n<h4>&#8211; D\u00e9contamination chimique de gros composants et de circuits \u00ab strat\u00e9giques \u00bb.<\/h4>\n<h4>&#8211; Radioprotection.<\/h4>\n<h4>&#8211; Mesures Nucl\u00e9aires.<\/h4>\n<h4>&#8211; D\u00e9mant\u00e8lement d\u2019installations nucl\u00e9aires et de r\u00e9acteurs nucl\u00e9aires.<\/h4>\n<h4>&#8211; D\u00e9contamination radioactive.<\/h4>\n<h4>&#8211; Gestion des d\u00e9chets radioactifs.<\/h4>\n<h4>&#8211; Ing\u00e9nierie et d\u00e9veloppement de proc\u00e9d\u00e9s technologiques.<\/h4>\n<h4>&#8211; Gestion de projets.<\/h4>\n<p>&nbsp;<\/p>\n<p><a class=\"fasc-button fasc-size-large fasc-type-flat ico-fa fasc-ico-before fa-info-circle\" style=\"background-color: #5ca2df; color: #ffffff;\" target=\"_blank\" href=\"https:\/\/gdes.com\/france\/fr\/operaciones\/servicios-nucleares\/soporte-a-om\/\" rel=\"noopener\">D\u00e9couvrez tous nos services nucl\u00e9aires en d\u00e9tail<\/a><\/p>\n<p>&nbsp;<\/p>\n<hr>\n<p>&nbsp;<\/p>\n<p><img decoding=\"async\" class=\"alignleft wp-image-6215\" src=\"https:\/\/gdes.com\/france\/wp-content\/uploads\/sites\/9\/2023\/01\/triptico-1.jpg\" alt=\"\" width=\"385\" height=\"380\" srcset=\"https:\/\/gdes.com\/france\/wp-content\/uploads\/sites\/9\/2023\/01\/triptico-1.jpg 680w, https:\/\/gdes.com\/france\/wp-content\/uploads\/sites\/9\/2023\/01\/triptico-1-300x296.jpg 300w\" sizes=\"(max-width: 385px) 100vw, 385px\" \/><\/p>\n<h3>Services \u00e0 l&rsquo;industrie :<\/h3>\n<h4>&#8211; Services pour le secteur hydro\u00e9lectrique.<\/h4>\n<h4>&#8211; Anticorrosion.<\/h4>\n<h4>&#8211; Services pour l\u2019industrie chimique et p\u00e9trochimique.<\/h4>\n<h4>&#8211; D\u00e9samiantage.<\/h4>\n<h4>&#8211; Rev\u00eatements de sol industriel en r\u00e9sine.<\/h4>\n<h4>&#8211; Imperm\u00e9abilisation, \u00e9tanch\u00e9it\u00e9 et r\u00e9paration.<\/h4>\n<h4>&#8211; Rev\u00eatements sp\u00e9ciaux.<\/h4>\n<h4>&#8211; Grands projets d&rsquo;ing\u00e9nierie et services pour l\u2019industrie.<\/h4>\n<h4>&nbsp;<\/h4>\n<p>&nbsp;<\/p>\n<p>&nbsp;<a class=\"fasc-button fasc-size-large fasc-type-flat fasc-ico-before dashicons-admin-site\" style=\"background-color: #5ca2df; color: #ffffff;\" target=\"_blank\" rel=\"noopener\" href=\"https:\/\/www.battaglino.fr\/\">D\u00e9couvrez tous nos services \u00e0 l&rsquo;industrie en d\u00e9tail<\/a><\/p>\n<p>&nbsp;<\/p>\n<hr>\n<p>&nbsp;<\/p>\n<p><img decoding=\"async\" class=\"alignleft wp-image-6213\" src=\"https:\/\/gdes.com\/france\/wp-content\/uploads\/sites\/9\/2023\/01\/triptico-3.jpg\" alt=\"\" width=\"385\" height=\"381\" srcset=\"https:\/\/gdes.com\/france\/wp-content\/uploads\/sites\/9\/2023\/01\/triptico-3.jpg 385w, https:\/\/gdes.com\/france\/wp-content\/uploads\/sites\/9\/2023\/01\/triptico-3-300x297.jpg 300w\" sizes=\"(max-width: 385px) 100vw, 385px\" \/><\/p>\n<h3>Services au secteur \u00e9olien :<\/h3>\n<h4>&#8211; Maintenance (pr\u00e9ventive et corrective) sur le terrain et en atelier.<\/h4>\n<h4>&#8211; Retrofit.<\/h4>\n<h4>&#8211; Expertises.<\/h4>\n<h4>&#8211; Programmes d\u2019inspection (thermographie et ultrasons).<\/h4>\n<h4>&#8211; Conseil technique.<\/h4>\n<h4>&#8211; \u00c9quilibrage de rotors et amortissement des vibrations.<\/h4>\n<h4>&#8211; Gestion du cycle de vie.<\/h4>\n<h4>&#8211; Logistique des pales, pi\u00e8ces et mat\u00e9riaux.<\/h4>\n<h4>&#8211; D\u00e9coupe, mise au rebut et gestion des pales usag\u00e9es.<\/h4>\n<h4>&#8211; Fabrication de pi\u00e8ces composites.<\/h4>\n<p>&nbsp;<\/p>\n<p>&nbsp;<a class=\"fasc-button fasc-size-large fasc-type-flat fasc-ico-before dashicons-admin-site\" style=\"background-color: #5ca2df; color: #ffffff;\" rel=\"nofollow\" href=\"https:\/\/gdes.com\/wind\/fr\/\">Plus d\u2019informations sur GDES Wind<\/a><\/p>\n<p>&nbsp;<\/p>\n<h4>&nbsp;<\/h4>\n<p><\/p>","protected":false},"excerpt":{"rendered":"<p>Services dans l\u2019industrie nucl\u00e9aire : &#8211; Rev\u00eatements sp\u00e9ciaux et traitement des surfaces. &#8211; Services support aux r\u00e9acteurs. &#8211; D\u00e9contamination chimique de gros composants et de circuits \u00ab strat\u00e9giques \u00bb. &#8211; Radioprotection. &#8211; Mesures Nucl\u00e9aires. &#8211; D\u00e9mant\u00e8lement d\u2019installations nucl\u00e9aires et de r\u00e9acteurs nucl\u00e9aires. &#8211; D\u00e9contamination radioactive. &#8211; Gestion des d\u00e9chets radioactifs. &#8211; Ing\u00e9nierie et d\u00e9veloppement de [&hellip;]<\/p>\n","protected":false},"author":3,"featured_media":0,"parent":0,"menu_order":0,"comment_status":"closed","ping_status":"closed","template":"Page-fullwidth.php","meta":{"footnotes":""},"class_list":["post-4885","page","type-page","status-publish","hentry"],"aioseo_notices":[],"_links":{"self":[{"href":"https:\/\/gdes.com\/france\/fr\/wp-json\/wp\/v2\/pages\/4885","targetHints":{"allow":["GET"]}}],"collection":[{"href":"https:\/\/gdes.com\/france\/fr\/wp-json\/wp\/v2\/pages"}],"about":[{"href":"https:\/\/gdes.com\/france\/fr\/wp-json\/wp\/v2\/types\/page"}],"author":[{"embeddable":true,"href":"https:\/\/gdes.com\/france\/fr\/wp-json\/wp\/v2\/users\/3"}],"replies":[{"embeddable":true,"href":"https:\/\/gdes.com\/france\/fr\/wp-json\/wp\/v2\/comments?post=4885"}],"version-history":[{"count":76,"href":"https:\/\/gdes.com\/france\/fr\/wp-json\/wp\/v2\/pages\/4885\/revisions"}],"predecessor-version":[{"id":6379,"href":"https:\/\/gdes.com\/france\/fr\/wp-json\/wp\/v2\/pages\/4885\/revisions\/6379"}],"wp:attachment":[{"href":"https:\/\/gdes.com\/france\/fr\/wp-json\/wp\/v2\/media?parent=4885"}],"curies":[{"name":"wp","href":"https:\/\/api.w.org\/{rel}","templated":true}]}}