{"id":3614,"date":"2018-02-27T18:15:18","date_gmt":"2018-02-27T17:15:18","guid":{"rendered":"https:\/\/gdes.com\/gdes-es\/?page_id=3614"},"modified":"2023-07-10T09:37:29","modified_gmt":"2023-07-10T08:37:29","slug":"soporte-a-om","status":"publish","type":"page","link":"https:\/\/gdes.com\/france\/fr\/operaciones\/servicios-nucleares\/soporte-a-om\/","title":{"rendered":"Op\u00e9rations, Maintenance et Protections Thermiques"},"content":{"rendered":"<p>Depuis sa cr\u00e9ation en 1977<strong>, GDES<\/strong> offre des services de nettoyage industriel et de d\u00e9contamination radioactive. <strong>GDES <\/strong>est notamment sp\u00e9cialis\u00e9<span style=\"text-decoration: line-through;\">e<\/span> dans la maintenance et la d\u00e9contamination radioactive, activit\u00e9s que le Groupe d\u00e9veloppe actuellement en Espagne, en France, Royaume-Uni et au Mexique.<\/p>\n<p><strong>GDES<\/strong> avec son orientation client, s\u2019engage \u00e0 r\u00e9soudre diff\u00e9rentes probl\u00e9matiques en s\u2019appuyant sur son d\u00e9partement de d\u00e9veloppement technologique (<strong>GDES Innovation)<\/strong> pour la proposition de solutions sur mesure, et sur des techniciens.<\/p>\n<p>&nbsp;<\/p>\n<hr>\n<h3><span lang=\"FR\">Domaines d&rsquo;activit\u00e9:<\/span><\/h3>\n<p><img decoding=\"async\" class=\"alignright size-full wp-image-2650\" src=\"https:\/\/gdes.com\/gdes-es\/wp-content\/uploads\/sites\/5\/2016\/08\/GDES-1.png\" alt=\"\" width=\"115\" height=\"39\"><\/p>\n<p>&nbsp;<\/p>\n<table style=\"height: 183px; border-style: hidden; width: 1013px;\">\n<tbody>\n<tr style=\"height: 24px;\">\n<td style=\"width: 1009px; height: 24px;\"><strong>\u2022 Maintenance <\/strong><\/td>\n<\/tr>\n<tr style=\"height: 24px;\">\n<td style=\"width: 1009px; height: 24px;\"><strong>\u2022 Services de support en arr\u00eat de tranche<\/strong><\/td>\n<\/tr>\n<tr style=\"height: 24px;\">\n<td style=\"width: 1009px; height: 24px;\"><strong>\u2022 Gestion des d\u00e9chets radioactifs<\/strong><\/td>\n<\/tr>\n<tr style=\"height: 24px;\">\n<td style=\"width: 1009px; height: 24px;\"><strong>\u2022 Gestion des d\u00e9chets d&rsquo;exploitation et des gros composants<\/strong><\/td>\n<\/tr>\n<tr style=\"height: 24px;\">\n<td style=\"width: 1009px; height: 24px;\"><strong>\u2022 Services d&rsquo;appui aux mouvements du combustible (frais et us\u00e9)<\/strong><\/td>\n<\/tr>\n<tr style=\"height: 24px;\">\n<td style=\"width: 1009px; height: 24px;\"><strong>\u2022 Chargement des conteneurs de combustible us\u00e9<\/strong><\/td>\n<\/tr>\n<tr style=\"height: 24px;\">\n<td style=\"width: 1009px; height: 24px;\"><strong>\u2022 Essais hydrostatiques<\/strong><\/td>\n<\/tr>\n<tr style=\"height: 24px;\">\n<td style=\"width: 1009px; height: 24px;\"><strong>\u2022 Traitement des boues<\/strong><\/td>\n<\/tr>\n<tr style=\"height: 24px;\">\n<td style=\"width: 1009px; height: 24px;\"><strong>\u2022 D\u00e9contamination<\/strong><\/td>\n<\/tr>\n<tr style=\"height: 24px;\">\n<td style=\"width: 1009px; height: 24px;\"><strong>\u2022 Services de chimie et de radiochimie<\/strong><\/td>\n<\/tr>\n<\/tbody>\n<\/table>\n<p>&nbsp;<\/p>\n<p><strong>GDES<\/strong>&nbsp;a une exp\u00e9rience significative dans le <strong>d\u00e9mant\u00e8lement<\/strong> et poss\u00e8de un REX de plus de 30 ans qui font de&nbsp;<strong>GDES<\/strong>&nbsp;une r\u00e9f\u00e9rence dans le domaine du d\u00e9mant\u00e8lement d\u2019installations radioactives et nucl\u00e9aires en&nbsp;<strong>Espagne<\/strong>,<strong> Su\u00e8de,&nbsp;Italie<\/strong>&nbsp;et&nbsp;<strong>Royaume-Uni.<\/strong><\/p>\n<p><strong>GDES<\/strong>&nbsp; compte sur une \u00e9quipe de professionnels hautement qualifi\u00e9s poss\u00e9dant une exp\u00e9rience couvrant toutes les \u00e9tapes&nbsp; et les processus li\u00e9s au d\u00e9mant\u00e8lement d\u2019une installation, de sa phase de planification jusqu\u2019\u00e0 la livraison du rapport final.&nbsp;<\/p>\n<h3>&nbsp;<\/h3>\n<table style=\"height: 183px; border-style: hidden; width: 1013px;\" width=\"1013\">\n<tbody>\n<tr>\n<td><strong>Etudes de faisabilit\u00e9, ing\u00e9nierie, gestion de projets, op\u00e9rations :<\/strong><\/td>\n<\/tr>\n<tr>\n<td><strong>\u2022 D\u00e9mant\u00e8lement d\u2019installation nucl\u00e9aire et de r\u00e9acteurs nucl\u00e9aires<\/strong><\/td>\n<\/tr>\n<tr>\n<td><strong>\u2022 D\u00e9contamination radioactive <\/strong><\/td>\n<\/tr>\n<tr>\n<td><strong>\u2022 Conditionnement et Gestion des d\u00e9chets radioactifs <\/strong><\/td>\n<\/tr>\n<tr>\n<td><strong>\u2022 Ing\u00e9nierie et d\u00e9veloppement de proc\u00e9d\u00e9s technologiques et gestion de projet<\/strong><\/td>\n<\/tr>\n<\/tbody>\n<\/table>\n<p>&nbsp;<\/p>\n<p><a class=\"fasc-button fasc-size-large fasc-type-flat ico-fa fasc-ico-before fa-file-o\" style=\"background-color: #5ca2df; color: #ffffff;\" target=\"_blank\" rel=\"nofollow noopener\" href=\"https:\/\/gdes.com\/gdes-es\/wp-content\/uploads\/sites\/5\/2016\/08\/GDES_D.D.Case_.studies.pdf\">Nos r\u00e9alisations en d\u00e9mant\u00e8lement<\/a><\/p>\n<p>&nbsp;<\/p>\n<p>En r\u00e9ponse aux nouvelles opportunit\u00e9s du march\u00e9 et aux besoins de nos clients, <strong>GDES<\/strong> a cr\u00e9\u00e9 la division des <strong>Services de protections thermiques<\/strong>. Avec cette nouvelle division, GDES a l&rsquo;intention d&rsquo;introduire de nouveaux produits homologu\u00e9s sur le march\u00e9 national, aussi bien de protections passives que d&rsquo;isolations thermiques, offrant ainsi un service complet \u00e0 ses clients, afin de maximiser l&rsquo;efficacit\u00e9 et la valeur ajout\u00e9e dans la passation de march\u00e9s pour la gestion de leurs installations.<\/p>\n<p>&nbsp;<\/p>\n<table style=\"height: 197px; border-style: hidden; width: 1227px;\" width=\"1227\">\n<tbody>\n<tr style=\"height: 32px;\">\n<td style=\"height: 32px;\"><strong>&nbsp;\u2022 Protections passives contre l\u2019incendie<br \/>\n<\/strong><\/td>\n<\/tr>\n<tr style=\"height: 32px;\">\n<td style=\"height: 32px;\"><strong>&nbsp;\u2022 Scellement de p\u00e9n\u00e9trations (\u00e9lectriques et m\u00e9caniques)<br \/>\n<\/strong><\/td>\n<\/tr>\n<tr style=\"height: 33px;\">\n<td style=\"height: 33px;\"><strong>&nbsp;\u2022 Essais de r\u00e9sistance au feu et inspection de l\u2019\u00e9tanch\u00e9it\u00e9<br \/>\n<\/strong><\/td>\n<\/tr>\n<tr style=\"height: 33px;\">\n<td style=\"height: 33px;\"><strong>&nbsp;\u2022 Isolation thermique aussi bien r\u00e9flective (avec option de blindage pour radiation) que conventionnelle<br \/>\n<\/strong><\/td>\n<\/tr>\n<tr style=\"height: 33px;\">\n<td style=\"height: 33px;\"><strong>&nbsp;\u2022 Signalisation et identification de syst\u00e8mes<br \/>\n<\/strong><\/td>\n<\/tr>\n<tr style=\"height: 33px;\">\n<td style=\"height: 33px;\"><strong>&nbsp;\u2022 Conception, calcul et montage d\u2019\u00e9chafaudages et d\u2019acc\u00e8s permanents<br \/>\n<\/strong><\/td>\n<\/tr>\n<tr>\n<td><strong>&nbsp;\u2022 Man\u0153uvres de transport et levage de charges<\/strong><\/td>\n<\/tr>\n<tr style=\"height: 24px;\">\n<td style=\"height: 24px;\"><strong>&nbsp;\u2022&nbsp;<span class=\"TextRun SCXW235223605 BCX7\" lang=\"FR-FR\" xml:lang=\"FR-FR\" data-contrast=\"none\"><span class=\"NormalTextRun SCXW235223605 BCX7\">Mod\u00e9lisation<\/span><\/span><span class=\"TextRun SCXW235223605 BCX7\" lang=\"FR-FR\" xml:lang=\"FR-FR\" data-contrast=\"none\"><span class=\"NormalTextRun SCXW235223605 BCX7\">&nbsp;BIM<\/span><\/span><span class=\"EOP SCXW235223605 BCX7\" data-ccp-props=\"{&quot;201341983&quot;:0,&quot;335559685&quot;:732,&quot;335559731&quot;:348,&quot;335559739&quot;:160,&quot;335559740&quot;:259}\"> \u2013 Jumeau num\u00e9rique<\/span><\/strong><\/td>\n<\/tr>\n<\/tbody>\n<\/table>\n<p>&nbsp;<br \/>\n<span style=\"color: #ff0000;\"><a class=\"fasc-button fasc-size-large fasc-type-flat ico-fa fasc-ico-before fa-plus-circle\" style=\"background-color: #5ca2df; color: #ffffff;\" target=\"_blank\" rel=\"nofollow noopener\" href=\"https:\/\/gdes.com\/corporate\/fr\/blog\/2017\/01\/20\/gdes-incrementa-sus-servicios-de-proteccion-pasiva-aislamiento-termico-y-sellado-de-penetraciones\/\">Plus d&rsquo;informations sur protections thermiques<\/a><br \/>\n<\/span><\/p>","protected":false},"excerpt":{"rendered":"<p>Depuis sa cr\u00e9ation en 1977, GDES offre des services de nettoyage industriel et de d\u00e9contamination radioactive. GDES est notamment sp\u00e9cialis\u00e9e dans la maintenance et la d\u00e9contamination radioactive, activit\u00e9s que le Groupe d\u00e9veloppe actuellement en Espagne, en France, Royaume-Uni et au Mexique. GDES avec son orientation client, s\u2019engage \u00e0 r\u00e9soudre diff\u00e9rentes probl\u00e9matiques en s\u2019appuyant sur son [&hellip;]<\/p>\n","protected":false},"author":3,"featured_media":5312,"parent":3473,"menu_order":7,"comment_status":"closed","ping_status":"closed","template":"Page-fullwidth.php","meta":{"footnotes":""},"class_list":["post-3614","page","type-page","status-publish","has-post-thumbnail","hentry"],"aioseo_notices":[],"_links":{"self":[{"href":"https:\/\/gdes.com\/france\/fr\/wp-json\/wp\/v2\/pages\/3614","targetHints":{"allow":["GET"]}}],"collection":[{"href":"https:\/\/gdes.com\/france\/fr\/wp-json\/wp\/v2\/pages"}],"about":[{"href":"https:\/\/gdes.com\/france\/fr\/wp-json\/wp\/v2\/types\/page"}],"author":[{"embeddable":true,"href":"https:\/\/gdes.com\/france\/fr\/wp-json\/wp\/v2\/users\/3"}],"replies":[{"embeddable":true,"href":"https:\/\/gdes.com\/france\/fr\/wp-json\/wp\/v2\/comments?post=3614"}],"version-history":[{"count":43,"href":"https:\/\/gdes.com\/france\/fr\/wp-json\/wp\/v2\/pages\/3614\/revisions"}],"predecessor-version":[{"id":6448,"href":"https:\/\/gdes.com\/france\/fr\/wp-json\/wp\/v2\/pages\/3614\/revisions\/6448"}],"up":[{"embeddable":true,"href":"https:\/\/gdes.com\/france\/fr\/wp-json\/wp\/v2\/pages\/3473"}],"wp:featuredmedia":[{"embeddable":true,"href":"https:\/\/gdes.com\/france\/fr\/wp-json\/wp\/v2\/media\/5312"}],"wp:attachment":[{"href":"https:\/\/gdes.com\/france\/fr\/wp-json\/wp\/v2\/media?parent=3614"}],"curies":[{"name":"wp","href":"https:\/\/api.w.org\/{rel}","templated":true}]}}