{"id":3579,"date":"2018-02-27T16:00:07","date_gmt":"2018-02-27T15:00:07","guid":{"rendered":"https:\/\/gdes.com\/gdes-es\/?page_id=3579"},"modified":"2023-03-07T12:48:58","modified_gmt":"2023-03-07T11:48:58","slug":"protecciones-termicas","status":"publish","type":"page","link":"https:\/\/gdes.com\/france\/fr\/operaciones\/servicios-nucleares\/protecciones-termicas\/","title":{"rendered":"Protections Thermiques"},"content":{"rendered":"<p>E<\/p>\n<p>En r\u00e9ponse aux nouvelles opportunit\u00e9s du march\u00e9 et aux besoins de nos clients, <strong>GDES<\/strong> a cr\u00e9\u00e9 la division des <strong>Services de protections thermiques<\/strong>. Avec cette nouvelle division, GDES a l&rsquo;intention d&rsquo;introduire de nouveaux produits homologu\u00e9s sur le march\u00e9 national, aussi bien de protections passives que d&rsquo;isolations thermiques, offrant ainsi un service complet \u00e0 ses clients, afin de maximiser l&rsquo;efficacit\u00e9 et la valeur ajout\u00e9e dans la passation de march\u00e9s pour la gestion de leurs installations.<\/p>\n<hr>\n<p><img decoding=\"async\" class=\"alignright wp-image-2650 size-full\" src=\"https:\/\/gdes.com\/gdes-es\/wp-content\/uploads\/sites\/5\/2016\/08\/GDES-1.png\" width=\"115\" height=\"39\"><\/p>\n<table style=\"height: 197px; border-style: hidden; width: 1227px;\" width=\"1227\">\n<tbody>\n<tr style=\"height: 32px;\">\n<td style=\"height: 32px;\"><strong>&nbsp;\u2022 Protections passives contre l\u2019incendie<br \/>\n<\/strong><\/td>\n<\/tr>\n<tr style=\"height: 32px;\">\n<td style=\"height: 32px;\"><strong>&nbsp;\u2022 Scellement de p\u00e9n\u00e9trations (\u00e9lectriques et m\u00e9caniques)<br \/>\n<\/strong><\/td>\n<\/tr>\n<tr style=\"height: 33px;\">\n<td style=\"height: 33px;\"><strong>&nbsp;\u2022 Isolation thermique aussi bien r\u00e9flective (avec option de blindage pour radiation) &nbsp;que conventionnelle<br \/>\n<\/strong><\/td>\n<\/tr>\n<tr style=\"height: 33px;\">\n<td style=\"height: 33px;\"><strong>&nbsp;\u2022 Signalisation et identification de syst\u00e8mes<br \/>\n<\/strong><\/td>\n<\/tr>\n<tr style=\"height: 33px;\">\n<td style=\"height: 33px;\"><strong>&nbsp;\u2022 Essais de r\u00e9sistance au feu et inspection de l&rsquo;\u00e9tanch\u00e9it\u00e9<br \/>\n<\/strong><\/td>\n<\/tr>\n<tr style=\"height: 33px;\">\n<td style=\"height: 33px;\"><strong>&nbsp;\u2022 Conception, calcul et montage d\u2019\u00e9chafaudages et d\u2019acc\u00e8s permanents<br \/>\n<\/strong><\/td>\n<\/tr>\n<tr>\n<td><strong>&nbsp;\u2022 Man\u0153uvres de transport et levage de charges<\/strong><\/td>\n<\/tr>\n<tr style=\"height: 24px;\">\n<td style=\"height: 24px;\"><strong>&nbsp;\u2022&nbsp;<span class=\"TextRun SCXW235223605 BCX7\" lang=\"FR-FR\" xml:lang=\"FR-FR\" data-contrast=\"none\"><span class=\"NormalTextRun SCXW235223605 BCX7\">Mod\u00e9lisation<\/span><\/span><span class=\"TextRun SCXW235223605 BCX7\" lang=\"FR-FR\" xml:lang=\"FR-FR\" data-contrast=\"none\"><span class=\"NormalTextRun SCXW235223605 BCX7\">&nbsp;BIM<\/span><\/span><span class=\"EOP SCXW235223605 BCX7\" data-ccp-props=\"{&quot;201341983&quot;:0,&quot;335559685&quot;:732,&quot;335559731&quot;:348,&quot;335559739&quot;:160,&quot;335559740&quot;:259}\">&nbsp;<\/span><\/strong><\/td>\n<\/tr>\n<\/tbody>\n<\/table>\n<h3 style=\"text-align: center;\">Carte des services en Espagne<\/h3>\n<hr>\n<p style=\"text-align: center;\"><img fetchpriority=\"high\" decoding=\"async\" class=\"aligncenter size-large wp-image-90733\" src=\"https:\/\/gdes.com\/corporate\/wp-content\/uploads\/sites\/5\/2023\/03\/MicrosoftTeams-image-2-1024x610.png\" alt=\"\" width=\"750\" height=\"447\"><br \/>\n<span style=\"color: #ff0000;\"><a class=\"fasc-button fasc-size-large fasc-type-flat fasc-ico-before dashicons-id\" style=\"background-color: #509cde; color: #ffffff;\" target=\"_blank\" rel=\"noopener\" href=\"https:\/\/gdes.com\/corporate\/fr\/blog\/2017\/01\/20\/gdes-incrementa-sus-servicios-de-proteccion-pasiva-aislamiento-termico-y-sellado-de-penetraciones\/\">Plus d&rsquo;informations sur protections thermiques<\/a><\/span><\/p>\n<p>&nbsp;<\/p>","protected":false},"excerpt":{"rendered":"<p>E En r\u00e9ponse aux nouvelles opportunit\u00e9s du march\u00e9 et aux besoins de nos clients, GDES a cr\u00e9\u00e9 la division des Services de protections thermiques. Avec cette nouvelle division, GDES a l&rsquo;intention d&rsquo;introduire de nouveaux produits homologu\u00e9s sur le march\u00e9 national, aussi bien de protections passives que d&rsquo;isolations thermiques, offrant ainsi un service complet \u00e0 ses [&hellip;]<\/p>\n","protected":false},"author":3,"featured_media":5332,"parent":3473,"menu_order":0,"comment_status":"closed","ping_status":"closed","template":"Page-fullwidth.php","meta":{"footnotes":""},"class_list":["post-3579","page","type-page","status-publish","has-post-thumbnail","hentry"],"aioseo_notices":[],"_links":{"self":[{"href":"https:\/\/gdes.com\/france\/fr\/wp-json\/wp\/v2\/pages\/3579","targetHints":{"allow":["GET"]}}],"collection":[{"href":"https:\/\/gdes.com\/france\/fr\/wp-json\/wp\/v2\/pages"}],"about":[{"href":"https:\/\/gdes.com\/france\/fr\/wp-json\/wp\/v2\/types\/page"}],"author":[{"embeddable":true,"href":"https:\/\/gdes.com\/france\/fr\/wp-json\/wp\/v2\/users\/3"}],"replies":[{"embeddable":true,"href":"https:\/\/gdes.com\/france\/fr\/wp-json\/wp\/v2\/comments?post=3579"}],"version-history":[{"count":19,"href":"https:\/\/gdes.com\/france\/fr\/wp-json\/wp\/v2\/pages\/3579\/revisions"}],"predecessor-version":[{"id":6380,"href":"https:\/\/gdes.com\/france\/fr\/wp-json\/wp\/v2\/pages\/3579\/revisions\/6380"}],"up":[{"embeddable":true,"href":"https:\/\/gdes.com\/france\/fr\/wp-json\/wp\/v2\/pages\/3473"}],"wp:featuredmedia":[{"embeddable":true,"href":"https:\/\/gdes.com\/france\/fr\/wp-json\/wp\/v2\/media\/5332"}],"wp:attachment":[{"href":"https:\/\/gdes.com\/france\/fr\/wp-json\/wp\/v2\/media?parent=3579"}],"curies":[{"name":"wp","href":"https:\/\/api.w.org\/{rel}","templated":true}]}}