{"id":3473,"date":"2018-02-20T08:59:37","date_gmt":"2018-02-20T07:59:37","guid":{"rendered":"https:\/\/gdes.com\/gdes-es\/?page_id=3473"},"modified":"2023-01-17T21:52:23","modified_gmt":"2023-01-17T20:52:23","slug":"servicios-nucleares","status":"publish","type":"page","link":"https:\/\/gdes.com\/france\/fr\/operaciones\/servicios-nucleares\/","title":{"rendered":"Services nucl\u00e9aires"},"content":{"rendered":"<p>Pr\u00e9sentations des diff\u00e9rentes divisions de services de <strong>GDES France<\/strong>. De par son engagement dans la recherche, le d\u00e9veloppement et l\u2019innovation, GDES se positionne en tant qu\u2019entreprise pionni\u00e8re en mati\u00e8re de d\u00e9veloppements technologiques adapt\u00e9s \u00e0 des projets et besoins sp\u00e9cifiques:<\/p>\n<p>&nbsp;<\/p>\n<p>&nbsp;<\/p>\n<p><!-- \/Section Title --><\/p>\n<div class=\"row\">\n<div class=\"col-md-3 col-sm-6 col-xs-12\">\n<div class=\"post\">\n<div class=\"service-icon\"><a href=\"\/france\/operaciones\/servicios-nucleares\/soporte-a-om\/\" rel=\"\/france\/operaciones\/servicios-nucleares\/soporte-a-om\/\"><img fetchpriority=\"high\" decoding=\"async\" class=\"img-responsive wp-post-image alignnone\" title=\"Op\u00e9rations et Maintenance\" src=\"https:\/\/gdes.com\/france\/wp-content\/uploads\/sites\/9\/2019\/05\/support-O-M.jpg\" sizes=\"(max-width: 600px) 100vw, 600px\" srcset=\"https:\/\/gdes.com\/france\/wp-content\/uploads\/sites\/9\/2019\/05\/support-O-M.jpg 600w, https:\/\/gdes.com\/france\/wp-content\/uploads\/sites\/9\/2019\/05\/support-O-M-300x204.jpg 300w\" alt=\"\" width=\"600\" height=\"408\" \/><\/a><\/div>\n<div class=\"entry-header\">\n<h4 style=\"text-align: center;\"><a href=\"https:\/\/gdes.com\/france\/operaciones\/servicios-nucleares\/soporte-a-om\/\"><br \/>\nOp\u00e9rations<br \/>\net Maintenance<br \/>\n<\/a><\/h4>\n<\/div>\n<div class=\"entry-content\"><\/div>\n<\/div>\n<\/div>\n<div class=\"col-md-3 col-sm-6 col-xs-12\">\n<div class=\"post\">\n<div class=\"service-icon\"><a href=\"\/france\/operaciones\/tratamiento-de-superficies\/\" rel=\"\/france\/operaciones\/tratamiento-de-superficies\/\"><img decoding=\"async\" class=\"img-responsive wp-post-image alignnone\" title=\"Traitement de surfaces\" src=\"https:\/\/gdes.com\/france\/wp-content\/uploads\/sites\/9\/2019\/05\/METALIZACION.jpg\" sizes=\"(max-width: 600px) 100vw, 600px\" srcset=\"https:\/\/gdes.com\/france\/wp-content\/uploads\/sites\/9\/2019\/05\/METALIZACION.jpg 600w, https:\/\/gdes.com\/france\/wp-content\/uploads\/sites\/9\/2019\/05\/METALIZACION-300x204.jpg 300w\" alt=\"\" width=\"600\" height=\"408\" \/><\/a><\/div>\n<div class=\"entry-header\">\n<h4 style=\"text-align: center;\"><a href=\"https:\/\/gdes.com\/france\/operaciones\/tratamiento-de-superficies\/\"><br \/>\nTraitement<br \/>\ndes surfaces<br \/>\n<\/a><\/h4>\n<\/div>\n<div class=\"entry-content\"><\/div>\n<\/div>\n<\/div>\n<div class=\"col-md-3 col-sm-6 col-xs-12\">\n<div class=\"post\">\n<div class=\"service-icon\"><a href=\"\/france\/operaciones\/demantelement\/\" rel=\"\/france\/operaciones\/demantelement\/\"><img decoding=\"async\" class=\"img-responsive wp-post-image alignnone\" title=\"D\u00e9mant\u00e8lement et D\u00e9chets\" src=\"https:\/\/gdes.com\/france\/wp-content\/uploads\/sites\/9\/2019\/05\/DEMANTELAMIENTO-2.jpg\" sizes=\"(max-width: 600px) 100vw, 600px\" srcset=\"https:\/\/gdes.com\/france\/wp-content\/uploads\/sites\/9\/2019\/05\/DEMANTELAMIENTO-2.jpg 600w, https:\/\/gdes.com\/france\/wp-content\/uploads\/sites\/9\/2019\/05\/DEMANTELAMIENTO-2-300x204.jpg 300w\" alt=\"\" width=\"600\" height=\"408\" \/><\/a><\/div>\n<div class=\"entry-header\">\n<h4 style=\"text-align: center;\"><a href=\"https:\/\/gdes.com\/france\/operaciones\/demantelement\/\"><br \/>\nD\u00e9mant\u00e8lemen<br \/>\net D\u00e9chets<br \/>\n<\/a><\/h4>\n<\/div>\n<div class=\"entry-content\"><\/div>\n<\/div>\n<\/div>\n<div class=\"col-md-3 col-sm-6 col-xs-12\">\n<div class=\"post\">\n<div class=\"service-icon\"><a href=\"\/france\/operaciones\/protecciones-termicas\/\" rel=\"\/france\/operaciones\/protecciones-termicas\/\"><img loading=\"lazy\" decoding=\"async\" class=\"img-responsive wp-post-image alignnone\" title=\"Protections thermiques\" src=\"https:\/\/gdes.com\/france\/wp-content\/uploads\/sites\/9\/2019\/05\/termicas.jpg\" sizes=\"(max-width: 600px) 100vw, 600px\" srcset=\"https:\/\/gdes.com\/france\/wp-content\/uploads\/sites\/9\/2019\/05\/termicas.jpg 600w, https:\/\/gdes.com\/france\/wp-content\/uploads\/sites\/9\/2019\/05\/termicas-300x204.jpg 300w\" alt=\"\" width=\"600\" height=\"408\" \/><\/a><\/div>\n<div class=\"entry-header\">\n<h4 style=\"text-align: center;\"><a href=\"\/france\/operaciones\/protecciones-termicas\/\"><br \/>\nProtections<br \/>\nthermiques<br \/>\n<\/a><\/h4>\n<\/div>\n<div class=\"entry-content\"><\/div>\n<\/div>\n<\/div>\n<\/div>\n<p><\/p>","protected":false},"excerpt":{"rendered":"<p>Pr\u00e9sentations des diff\u00e9rentes divisions de services de GDES France. De par son engagement dans la recherche, le d\u00e9veloppement et l\u2019innovation, GDES se positionne en tant qu\u2019entreprise pionni\u00e8re en mati\u00e8re de d\u00e9veloppements technologiques adapt\u00e9s \u00e0 des projets et besoins sp\u00e9cifiques: &nbsp; &nbsp; Op\u00e9rations et Maintenance Traitement des surfaces D\u00e9mant\u00e8lemen et D\u00e9chets Protections thermiques<\/p>\n","protected":false},"author":3,"featured_media":0,"parent":2295,"menu_order":0,"comment_status":"closed","ping_status":"closed","template":"Page-fullwidth.php","meta":{"footnotes":""},"class_list":["post-3473","page","type-page","status-publish","hentry"],"aioseo_notices":[],"_links":{"self":[{"href":"https:\/\/gdes.com\/france\/fr\/wp-json\/wp\/v2\/pages\/3473","targetHints":{"allow":["GET"]}}],"collection":[{"href":"https:\/\/gdes.com\/france\/fr\/wp-json\/wp\/v2\/pages"}],"about":[{"href":"https:\/\/gdes.com\/france\/fr\/wp-json\/wp\/v2\/types\/page"}],"author":[{"embeddable":true,"href":"https:\/\/gdes.com\/france\/fr\/wp-json\/wp\/v2\/users\/3"}],"replies":[{"embeddable":true,"href":"https:\/\/gdes.com\/france\/fr\/wp-json\/wp\/v2\/comments?post=3473"}],"version-history":[{"count":110,"href":"https:\/\/gdes.com\/france\/fr\/wp-json\/wp\/v2\/pages\/3473\/revisions"}],"predecessor-version":[{"id":5776,"href":"https:\/\/gdes.com\/france\/fr\/wp-json\/wp\/v2\/pages\/3473\/revisions\/5776"}],"up":[{"embeddable":true,"href":"https:\/\/gdes.com\/france\/fr\/wp-json\/wp\/v2\/pages\/2295"}],"wp:attachment":[{"href":"https:\/\/gdes.com\/france\/fr\/wp-json\/wp\/v2\/media?parent=3473"}],"curies":[{"name":"wp","href":"https:\/\/api.w.org\/{rel}","templated":true}]}}