{"id":2610,"date":"2017-09-26T23:22:58","date_gmt":"2017-09-26T22:22:58","guid":{"rendered":"https:\/\/gdes.com\/gdes-es\/?page_id=2610"},"modified":"2023-01-17T21:50:07","modified_gmt":"2023-01-17T20:50:07","slug":"nettoyage-chimique-preventif-du-cote-secondaire-des-generateurs-de-vapeur","status":"publish","type":"page","link":"https:\/\/gdes.com\/france\/fr\/nettoyage-chimique-preventif-du-cote-secondaire-des-generateurs-de-vapeur\/","title":{"rendered":"NETTOYAGE CHIMIQUE"},"content":{"rendered":"<p><img fetchpriority=\"high\" decoding=\"async\" class=\"alignright wp-image-4926\" src=\"https:\/\/gdes.com\/france\/wp-content\/uploads\/sites\/9\/2019\/05\/pacco.png\" alt=\"\" width=\"500\" height=\"442\" srcset=\"https:\/\/gdes.com\/france\/wp-content\/uploads\/sites\/9\/2019\/05\/pacco.png 727w, https:\/\/gdes.com\/france\/wp-content\/uploads\/sites\/9\/2019\/05\/pacco-300x265.png 300w\" sizes=\"(max-width: 500px) 100vw, 500px\" \/><\/p>\n<h5><strong>Nettoyage chimique pr\u00e9ventif du c\u00f4t\u00e9 secondaire des g\u00e9n\u00e9rateurs de vapeur<\/strong><\/h5>\n<p><b>Travaux r\u00e9alis\u00e9s:<\/b><\/p>\n<ul>\n<li>P\u00e9riode qualification: 2010 &#8211; 2013<\/li>\n<li>Personnel par intervention: ~40 personnes (dont 10 ing\u00e9nieurs)<\/li>\n<li>Premi\u00e8re intervention: CNPE Dampierre 1 (2013)<\/li>\n<li>Derni\u00e8re intervention: CNPE Dampierre 2 (2016)<\/li>\n<\/ul>\n<p>&nbsp;<\/p>\n<p><b>Avantages:<\/b><\/p>\n<ul>\n<li>Travaux \u00e0 basse temp\u00e9rature; r\u00e9duction du co\u00fbt \u00e9nerg\u00e9tique.<\/li>\n<li>M\u00e9thode en recirculation, optimisation du rendement.<\/li>\n<li>Produits non toxiques, non canc\u00e9rig\u00e8nes, non mutag\u00e8nes.<\/li>\n<li>Quantit\u00e9 du magn\u00e9tite \u00e0 \u00e9liminer ajustable aux besoins.<\/li>\n<li>Processus adapt\u00e9 de l\u2019industrie conventionnelle et mis en \u0153uvre sur diff\u00e9rentes chaudi\u00e8res.<\/li>\n<\/ul>\n","protected":false},"excerpt":{"rendered":"<p>Nettoyage chimique pr\u00e9ventif du c\u00f4t\u00e9 secondaire des g\u00e9n\u00e9rateurs de vapeur Travaux r\u00e9alis\u00e9s: P\u00e9riode qualification: 2010 &#8211; 2013 Personnel par intervention: ~40 personnes (dont 10 ing\u00e9nieurs) Premi\u00e8re intervention: CNPE Dampierre 1 (2013) Derni\u00e8re intervention: CNPE Dampierre 2 (2016) &nbsp; Avantages: Travaux \u00e0 basse temp\u00e9rature; r\u00e9duction du co\u00fbt \u00e9nerg\u00e9tique. M\u00e9thode en recirculation, optimisation du rendement. Produits non [&hellip;]<\/p>\n","protected":false},"author":1,"featured_media":0,"parent":0,"menu_order":16,"comment_status":"closed","ping_status":"closed","template":"Page-fullwidth.php","meta":{"footnotes":""},"class_list":["post-2610","page","type-page","status-publish","hentry"],"aioseo_notices":[],"_links":{"self":[{"href":"https:\/\/gdes.com\/france\/fr\/wp-json\/wp\/v2\/pages\/2610","targetHints":{"allow":["GET"]}}],"collection":[{"href":"https:\/\/gdes.com\/france\/fr\/wp-json\/wp\/v2\/pages"}],"about":[{"href":"https:\/\/gdes.com\/france\/fr\/wp-json\/wp\/v2\/types\/page"}],"author":[{"embeddable":true,"href":"https:\/\/gdes.com\/france\/fr\/wp-json\/wp\/v2\/users\/1"}],"replies":[{"embeddable":true,"href":"https:\/\/gdes.com\/france\/fr\/wp-json\/wp\/v2\/comments?post=2610"}],"version-history":[{"count":14,"href":"https:\/\/gdes.com\/france\/fr\/wp-json\/wp\/v2\/pages\/2610\/revisions"}],"predecessor-version":[{"id":5761,"href":"https:\/\/gdes.com\/france\/fr\/wp-json\/wp\/v2\/pages\/2610\/revisions\/5761"}],"wp:attachment":[{"href":"https:\/\/gdes.com\/france\/fr\/wp-json\/wp\/v2\/media?parent=2610"}],"curies":[{"name":"wp","href":"https:\/\/api.w.org\/{rel}","templated":true}]}}