{"id":2,"date":"2016-07-04T18:07:26","date_gmt":"2016-07-04T18:07:26","guid":{"rendered":"https:\/\/dgd.es\/?page_id=2"},"modified":"2024-12-25T13:00:20","modified_gmt":"2024-12-25T12:00:20","slug":"gdes-sobre-nosotros","status":"publish","type":"page","link":"https:\/\/gdes.com\/france\/fr\/gdes-sobre-nosotros\/","title":{"rendered":"Qui sommes nous"},"content":{"rendered":"<p>&nbsp;<\/p>\n<div>\n<p><img fetchpriority=\"high\" decoding=\"async\" class=\"alignleft wp-image-4912 size-medium\" src=\"https:\/\/gdes.com\/france\/wp-content\/uploads\/sites\/9\/2019\/05\/Web-Francia-300x293.jpg\" alt=\"\" width=\"300\" height=\"293\" srcset=\"https:\/\/gdes.com\/france\/wp-content\/uploads\/sites\/9\/2019\/05\/Web-Francia-300x293.jpg 300w, https:\/\/gdes.com\/france\/wp-content\/uploads\/sites\/9\/2019\/05\/Web-Francia.jpg 456w\" sizes=\"(max-width: 300px) 100vw, 300px\" \/><\/p>\n<p>Chez GDES, nous pensons que l&rsquo;\u00e9nergie nucl\u00e9aire, hydraulique et \u00e9olienne est notre avenir \u00e9nerg\u00e9tique et c&rsquo;est pourquoi nous voulons apporter une valeur ajout\u00e9e \u00e0 tous ces secteurs gr\u00e2ce \u00e0 nos services.<\/p>\n<p>L\u00b4activit\u00e9 Commerciale de GDES en France a d\u00e9but\u00e9 en 2007 et a \u00e9t\u00e9 consolid\u00e9e comme l\u2019un des principaux engagements internationaux du Groupe en 2016 avec l\u2019\u00e9tablissement de GDES Revanti en France, sp\u00e9cialiste des peintures industrielles et des rev\u00eatements anticorrosion pour le secteur nucl\u00e9aire.<\/p>\n<p>De plus, nos domaines de d\u00e9veloppements strat\u00e9giques se concentrent sur le d\u00e9mant\u00e8lement, la gestion des d\u00e9chets, la maintenance des r\u00e9acteurs en fonctionnement mais aussi, depuis 2021, la r\u00e9paration d\u2019installations d\u2019\u00e9oliennes.<\/p>\n<p>En 2022, GRUPO DOMINGUIS ENERGY SERVICES (GDES) renforce son activit\u00e9 rev\u00eatements et traitement de surface en France, sous la direction de la marque GDES Revanti, sp\u00e9cialis\u00e9e dans les secteurs hydro\u00e9lectriques et industriels, traitement de l&rsquo;amiante, imperm\u00e9abilisation et rev\u00eatements sp\u00e9ciaux pour b\u00e9ton. Dans ce domaine des rev\u00eatements et traitements de surfaces, notre \u00e9volution nous permet de devenir un acteur national.<\/p>\n<p>Avec 45 ans d\u2019exp\u00e9rience et 1 000 employ\u00e9s dans le monde, l\u2019industrie nucl\u00e9aire est une de nos principales activit\u00e9s. GDES a particip\u00e9 \u00e0 la construction des CNPE espagnoles les plus importantes \u00e0 la fin des ann\u00e9es 70, r\u00e9alis\u00e9 la maintenance pendant leur fonctionnement et particip\u00e9 \u00e0 leur d\u00e9mant\u00e8lement. GDES est une des entreprises les plus reconnues dans le domaine du d\u00e9mant\u00e8lement nucl\u00e9aire gr\u00e2ce notamment \u00e0 sa participation et \u00e0 la r\u00e9alisation de projets en Espagne, Su\u00e8de, Italie et Royaume-Uni. Depuis plusieurs ann\u00e9es GDES se positionne sur le march\u00e9 de l\u2019industrie nucl\u00e9aire fran\u00e7aise, avec des services de nettoyage chimique, de d\u00e9veloppement technologique, de traitement de surface et de d\u00e9mant\u00e8lement. L&rsquo;obtention de l\u2019acceptation <strong>CAEAR-CEA<\/strong> constitue un \u00e9lan des plus importants pour GDES au profit de nouvelles affaires potentielles en France consacr\u00e9es au d\u00e9mant\u00e8lement, \u00e0 la protection radiologique, \u00e0 la gestion de d\u00e9chets et l\u00b4ing\u00e9nierie.<\/p>\n<p>&nbsp;<\/p>\n<h2>Notre emplacement<\/h2>\n<p>&nbsp;<\/p>\n<div class=\"wpgmp_map_container wpgmp-map-provider-google wpgmp-map-1\" rel=\"map1\" data-plugin-version=\"4.9.2\"><div class=\"wpgmp_map_parent\"><div class=\"wpgmp_map \" style=\"width:100%;height:350px\" id=\"map1\" data-map-id=\"1\"><\/div><\/div><\/div><script>jQuery(document).ready(function($){ window.wpgmp = window.wpgmp || {}; window.wpgmp.mapdata1 = \"eyJhdXRvc29ydCI6dHJ1ZSwibWFwX29wdGlvbnMiOnsiY2VudGVyX2xhdCI6IjQ0LjcxODMzODgiLCJjZW50ZXJfbG5nIjoiNC4xMjI4NDU5Iiwiem9vbSI6NiwibWFwX3R5cGVfaWQiOiJST0FETUFQIiwiY2VudGVyX2J5X25lYXJlc3QiOmZhbHNlLCJmaXRfYm91bmRzIjpmYWxzZSwic2hvd19jZW50ZXJfY2lyY2xlIjpmYWxzZSwic2hvd19jZW50ZXJfbWFya2VyIjpmYWxzZSwiY2VudGVyX21hcmtlcl9pY29uIjoiaHR0cHM6XC9cL2dkZXMuY29tXC9nZGVzLWVzXC93cC1jb250ZW50XC91cGxvYWRzXC9zaXRlc1wvNVwvMjAxN1wvMDlcL2dkZXNtYXAucG5nIiwiZHJhZ2dhYmxlIjp0cnVlLCJtYXJrZXJfZGVmYXVsdF9pY29uIjoiaHR0cHM6XC9cL2dkZXMuY29tXC9nZGVzLWVzXC93cC1jb250ZW50XC91cGxvYWRzXC9zaXRlc1wvNVwvMjAxN1wvMDlcL2dkZXNtYXAucG5nIiwiaW5mb3dpbmRvd19zZXR0aW5nIjoie21hcmtlcl9tZXNzYWdlfS4iLCJpbmZvd2luZG93X3NraW4iOnsibmFtZSI6ImRlZmF1bHQiLCJ0eXBlIjoiaW5mb3dpbmRvdyIsInNvdXJjZWNvZGUiOiJ7bWFya2VyX21lc3NhZ2V9LiJ9LCJpbmZvd2luZG93X2JvdW5jZV9hbmltYXRpb24iOiJtb3VzZW92ZXIiLCJpbmZvd2luZG93X2Ryb3BfYW5pbWF0aW9uIjpmYWxzZSwiY2xvc2VfaW5mb3dpbmRvd19vbl9tYXBfY2xpY2siOmZhbHNlLCJkZWZhdWx0X2luZm93aW5kb3dfb3BlbiI6ZmFsc2UsImluZm93aW5kb3dfb3Blbl9ldmVudCI6ImNsaWNrIiwibGlzdGluZ19pbmZvd2luZG93X29wZW5fZXZlbnQiOiJjbGljayIsImlzX21vYmlsZSI6ZmFsc2UsImluZm93aW5kb3dfZmlsdGVyX29ubHkiOmZhbHNlLCJpbmZvd2luZG93X2NsaWNrX2NoYW5nZV9jZW50ZXIiOmZhbHNlLCJmdWxsX3NjcmVlbl9jb250cm9sIjp0cnVlLCJjYW1lcmFfY29udHJvbCI6ZmFsc2UsInNlYXJjaF9jb250cm9sIjp0cnVlLCJ6b29tX2NvbnRyb2wiOnRydWUsIm1hcF90eXBlX2NvbnRyb2wiOnRydWUsInN0cmVldF92aWV3X2NvbnRyb2wiOnRydWUsImxvY2F0ZW1lX2NvbnRyb2wiOmZhbHNlLCJtb2JpbGVfc3BlY2lmaWMiOmZhbHNlLCJ6b29tX21vYmlsZSI6NSwiZHJhZ2dhYmxlX21vYmlsZSI6dHJ1ZSwic2Nyb2xsX3doZWVsX21vYmlsZSI6dHJ1ZSwiZnVsbF9zY3JlZW5fY29udHJvbF9wb3NpdGlvbiI6IlRPUF9SSUdIVCIsInNlYXJjaF9jb250cm9sX3Bvc2l0aW9uIjoiVE9QX0xFRlQiLCJ6b29tX2NvbnRyb2xfcG9zaXRpb24iOiJUT1BfTEVGVCIsIm1hcF90eXBlX2NvbnRyb2xfcG9zaXRpb24iOiJUT1BfUklHSFQiLCJtYXBfdHlwZV9jb250cm9sX3N0eWxlIjoiSE9SSVpPTlRBTF9CQVIiLCJzdHJlZXRfdmlld19jb250cm9sX3Bvc2l0aW9uIjoiVE9QX0xFRlQiLCJtYXBfaW5mb3dpbmRvd19jdXN0b21pc2F0aW9ucyI6ZmFsc2UsImluZm93aW5kb3dfd2lkdGgiOiIxMDAlIiwic2hvd19pbmZvd2luZG93X2hlYWRlciI6ZmFsc2UsInpvb21fbGV2ZWxfYWZ0ZXJfc2VhcmNoIjoxMCwiZG91YmxlY2xpY2t6b29tIjpmYWxzZSwiY3VycmVudF9wb3N0X29ubHkiOmZhbHNlLCJhZHZhbmNlX3RlbXBsYXRlIjpmYWxzZSwibWFwX3RpbGVfdXJsIjoiaHR0cHM6XC9cL3tzfS50aWxlLm9wZW5zdHJlZXRtYXAub3JnXC97en1cL3t4fVwve3l9LnBuZyIsIm9wZW5zdHJlZXRfc3R5bGVzIjp7Ik9wZW5TdHJlZXRNYXAuTWFwbmlrIjoiaHR0cHM6XC9cL3tzfS50aWxlLm9wZW5zdHJlZXRtYXAub3JnXC97en1cL3t4fVwve3l9LnBuZyIsIk9wZW5TdHJlZXRNYXAuREUiOiJodHRwczpcL1wve3N9LnRpbGUub3BlbnN0cmVldG1hcC5kZVwvdGlsZXNcL29zbWRlXC97en1cL3t4fVwve3l9LnBuZyIsIk9wZW5TdHJlZXRNYXAuQ0giOiJodHRwczpcL1wvdGlsZS5vc20uY2hcL3N3aXR6ZXJsYW5kXC97en1cL3t4fVwve3l9LnBuZyIsIk9wZW5TdHJlZXRNYXAuRnJhbmNlIjoiaHR0cHM6XC9cL3tzfS50aWxlLm9wZW5zdHJlZXRtYXAuZnJcL29zbWZyXC97en1cL3t4fVwve3l9LnBuZyIsIk9wZW5TdHJlZXRNYXAuSE9UIjoiaHR0cHM6XC9cL3tzfS50aWxlLm9wZW5zdHJlZXRtYXAuZnJcL2hvdFwve3p9XC97eH1cL3t5fS5wbmciLCJPcGVuU3RyZWV0TWFwLkJaSCI6Imh0dHBzOlwvXC90aWxlLm9wZW5zdHJlZXRtYXAuYnpoXC9iclwve3p9XC97eH1cL3t5fS5wbmciLCJPcGVuVG9wb01hcCI6Imh0dHBzOlwvXC97c30udGlsZS5vcGVudG9wb21hcC5vcmdcL3t6fVwve3h9XC97eX0ucG5nIiwiVGh1bmRlcmZvcmVzdC5PcGVuQ3ljbGVNYXAiOiJodHRwczpcL1wvZGV2LntzfS50aWxlLm9wZW5zdHJlZXRtYXAuZnJcL2N5Y2xvc21cL3t6fVwve3h9XC97eX0ucG5nIiwiT3Blbk1hcFN1cmZlci5Sb2FkcyI6Imh0dHBzOlwvXC9tYXBzLmhlaWdpdC5vcmdcL29wZW5tYXBzdXJmZXJcL3RpbGVzXC9yb2Fkc1wvd2VibWVyY2F0b3JcL3t6fVwve3h9XC97eX0ucG5nIn0sIm9wZW5zdHJlZXRfc3R5bGVzX21hcmt1cCI6IjxzZWxlY3QgY2xhc3M9XCJ3cG9tcF9tYXBfdHlwZVwiPjxvcHRpb24gdmFsdWU9XCJPcGVuU3RyZWV0TWFwLk1hcG5pa1wiPk9wZW5TdHJlZXRNYXAuTWFwbmlrPFwvb3B0aW9uPjxvcHRpb24gdmFsdWU9XCJPcGVuU3RyZWV0TWFwLkRFXCI+T3BlblN0cmVldE1hcC5ERTxcL29wdGlvbj48b3B0aW9uIHZhbHVlPVwiT3BlblN0cmVldE1hcC5DSFwiPk9wZW5TdHJlZXRNYXAuQ0g8XC9vcHRpb24+PG9wdGlvbiB2YWx1ZT1cIk9wZW5TdHJlZXRNYXAuRnJhbmNlXCI+T3BlblN0cmVldE1hcC5GcmFuY2U8XC9vcHRpb24+PG9wdGlvbiB2YWx1ZT1cIk9wZW5TdHJlZXRNYXAuSE9UXCI+T3BlblN0cmVldE1hcC5IT1Q8XC9vcHRpb24+PG9wdGlvbiB2YWx1ZT1cIk9wZW5TdHJlZXRNYXAuQlpIXCI+T3BlblN0cmVldE1hcC5CWkg8XC9vcHRpb24+PG9wdGlvbiB2YWx1ZT1cIk9wZW5Ub3BvTWFwXCI+T3BlblRvcG9NYXA8XC9vcHRpb24+PG9wdGlvbiB2YWx1ZT1cIlRodW5kZXJmb3Jlc3QuT3BlbkN5Y2xlTWFwXCI+VGh1bmRlcmZvcmVzdC5PcGVuQ3ljbGVNYXA8XC9vcHRpb24+PG9wdGlvbiB2YWx1ZT1cIk9wZW5NYXBTdXJmZXIuUm9hZHNcIj5PcGVuTWFwU3VyZmVyLlJvYWRzPFwvb3B0aW9uPjxcL3NlbGVjdD4iLCJtYXBfYm94X3N0eWxlc19tYXJrdXAiOiI8c2VsZWN0IGNsYXNzPVwid3BvbXBfbWFwYm94X3R5cGVcIj48b3B0aW9uIHZhbHVlPVwic3RyZWV0cy12MTFcIj5TdHJlZXRzPFwvb3B0aW9uPjxvcHRpb24gdmFsdWU9XCJsaWdodC12MTBcIj5MaWdodDxcL29wdGlvbj48b3B0aW9uIHZhbHVlPVwiZGFyay12MTBcIj5EYXJrPFwvb3B0aW9uPjxvcHRpb24gdmFsdWU9XCJvdXRkb29ycy12MTFcIj5PdXRkb29yczxcL29wdGlvbj48b3B0aW9uIHZhbHVlPVwic2F0ZWxsaXRlLXY5XCI+U2F0ZWxsaXRlPFwvb3B0aW9uPjxcL3NlbGVjdD4iLCJib3VuZF9tYXBfYWZ0ZXJfZmlsdGVyIjpmYWxzZSwiZGlzcGxheV9yZXNldF9idXR0b24iOmZhbHNlLCJtYXBfcmVzZXRfYnV0dG9uX3RleHQiOiJSXHUwMGU5aW5pdGlhbGlzZXIiLCJoZWlnaHQiOiIzNTAiLCJ0aWxlc19wcm92aWRlciI6Im9wZW5zdHJlZXQifSwicGxhY2VzIjpbeyJpZCI6IjUiLCJ0aXRsZSI6IlNpXHUwMGU4Z2Ugc29jaWFsIEdERVMsIEdERVMgUmV2YW50aSBldCBHREVTIFdpbmQgZW4gRnJhbmNlIiwiYWRkcmVzcyI6IkltbWV1YmxlIFRvdGVtIDQwIEJvdWxldmFyZCBkZSBEdW5rZXJxdWUiLCJzb3VyY2UiOiJtYW51YWwiLCJjb250ZW50IjoiU0lcdTAwYzhHRSBTT0NJQUwgR0RFUywgR0RFUyBSZXZhbnRpIGV0IEdERVMgV2luZCBlbiBGcmFuY2UgPGJyIFwvPlxyXG40MCBCb3VsZXZhcmQgZGUgRHVua2VycXVlLlxyXG5JbW1ldWJsZSBUb3RlbS4gIDxiciBcLz5cclxuMTMwMDIgTWFyc2VpbGxlIHwgRnJhbmNlIDxiciBcLz5cclxuZW1haWw6IGluZm8uZnJAZ2Rlcy5jb20gPGJyIFwvPlxyXG5UZWwuICszMyAoMCkgNDkxIDUxIDgwIDkxIFxyXG5GYXguICszMyAoMCkgNDkxIDUxIDgwIDkzXHJcbiIsImxvY2F0aW9uIjp7Imljb24iOiJodHRwczpcL1wvZ2Rlcy5jb21cL2dkZXMtZXNcL3dwLWNvbnRlbnRcL3VwbG9hZHNcL3NpdGVzXC81XC8yMDE3XC8wOVwvZ2Rlc21hcC5wbmciLCJsYXQiOiI0My4zMDY3NDQiLCJsbmciOiI1LjM2NTgwMDMiLCJjaXR5IjoiTWFyc2VpbGxlIiwic3RhdGUiOiJNYXJzZWlsbGUiLCJjb3VudHJ5IjoiRnJhbmNlIiwib25jbGlja19hY3Rpb24iOiJtYXJrZXIiLCJyZWRpcmVjdF9jdXN0b21fbGluayI6IiIsIm1hcmtlcl9pbWFnZSI6IjxkaXYgY2xhc3M9J2ZjLWZlYXR1cmUtaW1nJz48aW1nIGxvYWRpbmc9J2xhenknIGRlY29kaW5nPSdhc3luYycgYWx0PSdTaVx1MDBlOGdlIHNvY2lhbCBHREVTLCBHREVTIFJldmFudGkgZXQgR0RFUyBXaW5kIGVuIEZyYW5jZScgc3JjPSdodHRwczpcL1wvZ2Rlcy5jb21cL2ZyYW5jZVwvd3AtY29udGVudFwvcGx1Z2luc1wvd3AtZ29vZ2xlLW1hcC1wbHVnaW5cL2Fzc2V0c1wvaW1hZ2VzXC9zYW1wbGUuanBnJyBjbGFzcz0nd3BnbXBfbWFya2VyX2ltYWdlIGZjLWl0ZW0tZmVhdHVyZWRfaW1hZ2UgZmMtaXRlbS1sYXJnZScgXC8+PFwvZGl2PiIsIm9wZW5fbmV3X3RhYiI6InllcyIsInBvc3RhbF9jb2RlIjoiMTMwMDIiLCJkcmFnZ2FibGUiOiIiLCJpbmZvd2luZG93X2RlZmF1bHRfb3BlbiI6IiIsImFuaW1hdGlvbiI6IkJPVU5DRSIsImluZm93aW5kb3dfZGlzYWJsZSI6dHJ1ZSwiem9vbSI6NSwiZXh0cmFfZmllbGRzIjp7Imxpc3RvcmRlciI6MH19LCJjYXRlZ29yaWVzIjpbeyJpZCI6IjEiLCJuYW1lIjoiU0VERVMiLCJ0eXBlIjoiY2F0ZWdvcnkiLCJleHRlbnNpb25fZmllbGRzIjpudWxsLCJpY29uIjoiaHR0cHM6XC9cL2dkZXMuY29tXC9nZGVzLWVzXC93cC1jb250ZW50XC91cGxvYWRzXC9zaXRlc1wvNVwvMjAxN1wvMDlcL2dkZXNtYXAucG5nIn1dLCJjdXN0b21fZmlsdGVycyI6W119LHsiaWQiOiIxMyIsInRpdGxlIjoiR0RFUyBSRVZBTlRJIEZSQU5DRSB8IEFHRU5DRSBQTEFRVUUgT1VFU1QiLCJhZGRyZXNzIjoiNjE1IEF2ZW51ZSBkZSBsXHUyMDE5RXVyb3BlIiwic291cmNlIjoibWFudWFsIiwiY29udGVudCI6IkdERVMgUkVWQU5USSBGUkFOQ0UgfCBBR0VOQ0UgUExBUVVFIE9VRVNUPGJyIFwvPlxyXG42MTUgQXZlbnVlIGRlIGxcdTIwMTlFdXJvcGVcdTIwMTMgTG90IEIyXHUyMDBiIDxiciBcLz5cclxuMzMyNDAgIFN0IEFuZHJcdTAwZTkgZGUgQ3ViemFjLCBGcmFuY2UgPGJyIFwvPlxyXG5UZWwuIDA1LjU3LjMzLjc5Ljg3IFxyXG5cclxuICAgICIsImxvY2F0aW9uIjp7Imljb24iOiJodHRwczpcL1wvZ2Rlcy5jb21cL2dkZXMtZXNcL3dwLWNvbnRlbnRcL3VwbG9hZHNcL3NpdGVzXC81XC8yMDE3XC8wOVwvZ2Rlc21hcDIucG5nIiwibGF0IjoiNDUuMDA3MjQ5MiIsImxuZyI6Ii0wLjQyOTE3NTIiLCJjaXR5IjoiU3QgQW5kclx1MDBlOSBkZSBDdWJ6YWMiLCJzdGF0ZSI6IkJvcmRlYXV4IiwiY291bnRyeSI6IkVzcGFcdTAwZjFhIiwib25jbGlja19hY3Rpb24iOiJtYXJrZXIiLCJtYXJrZXJfaW1hZ2UiOiI8ZGl2IGNsYXNzPSdmYy1mZWF0dXJlLWltZyc+PGltZyBsb2FkaW5nPSdsYXp5JyBkZWNvZGluZz0nYXN5bmMnIGFsdD0nR0RFUyBSRVZBTlRJIEZSQU5DRSB8IEFHRU5DRSBQTEFRVUUgT1VFU1QnIHNyYz0naHR0cHM6XC9cL2dkZXMuY29tXC9mcmFuY2VcL3dwLWNvbnRlbnRcL3BsdWdpbnNcL3dwLWdvb2dsZS1tYXAtcGx1Z2luXC9hc3NldHNcL2ltYWdlc1wvc2FtcGxlLmpwZycgY2xhc3M9J3dwZ21wX21hcmtlcl9pbWFnZSBmYy1pdGVtLWZlYXR1cmVkX2ltYWdlIGZjLWl0ZW0tbGFyZ2UnIFwvPjxcL2Rpdj4iLCJvcGVuX25ld190YWIiOiJ5ZXMiLCJwb3N0YWxfY29kZSI6IjMzMjQwIiwiYW5pbWF0aW9uIjoiQk9VTkNFIiwiaW5mb3dpbmRvd19kaXNhYmxlIjp0cnVlLCJ6b29tIjo1LCJleHRyYV9maWVsZHMiOnsibGlzdG9yZGVyIjowfX0sImNhdGVnb3JpZXMiOlt7ImlkIjoiMiIsIm5hbWUiOiJDZW50cm9zIGRlIHRyYWJham8iLCJ0eXBlIjoiY2F0ZWdvcnkiLCJleHRlbnNpb25fZmllbGRzIjpudWxsLCJpY29uIjoiaHR0cHM6XC9cL2dkZXMuY29tXC9nZGVzLWVzXC93cC1jb250ZW50XC91cGxvYWRzXC9zaXRlc1wvNVwvMjAxN1wvMDlcL2dkZXNtYXAyLnBuZyJ9XX0seyJpZCI6IjE0IiwidGl0bGUiOiJHREVTIFJFVkFOVEkgfCBBR0VOQ0UgVk9SRVBQRSIsImFkZHJlc3MiOiI1MDMgcnVlIEFyaXN0aWRlIEJlcmdcdTAwZThzIiwic291cmNlIjoibWFudWFsIiwiY29udGVudCI6IkdERVMgUkVWQU5USSB8IEFHRU5DRSBWT1JFUFBFIDxiciBcLz5cclxuNTAzIHJ1ZSBBcmlzdGlkZSBCZXJnXHUwMGU4czxiciBcLz5cclxuMzgzNDAgVm9yZXBwZSwgRnJhbmNlIDxiciBcLz5cclxuVGVsLiArMzMgKDApNCA3NiAwNyAwMiAxMSBcclxuIiwibG9jYXRpb24iOnsiaWNvbiI6Imh0dHBzOlwvXC9nZGVzLmNvbVwvZ2Rlcy1lc1wvd3AtY29udGVudFwvdXBsb2Fkc1wvc2l0ZXNcLzVcLzIwMTdcLzA5XC9nZGVzbWFwMi5wbmciLCJsYXQiOiI0NS4zMTE1Njk3OTk1MTUwNCIsImxuZyI6IjUuNjEwODMyODIwMjM4ODY1IiwiY2l0eSI6IlZvcmVwcGUiLCJjb3VudHJ5IjoiRnJhbmNlIiwib25jbGlja19hY3Rpb24iOiJtYXJrZXIiLCJtYXJrZXJfaW1hZ2UiOiI8ZGl2IGNsYXNzPSdmYy1mZWF0dXJlLWltZyc+PGltZyBsb2FkaW5nPSdsYXp5JyBkZWNvZGluZz0nYXN5bmMnIGFsdD0nR0RFUyBSRVZBTlRJIHwgQUdFTkNFIFZPUkVQUEUnIHNyYz0naHR0cHM6XC9cL2dkZXMuY29tXC9mcmFuY2VcL3dwLWNvbnRlbnRcL3BsdWdpbnNcL3dwLWdvb2dsZS1tYXAtcGx1Z2luXC9hc3NldHNcL2ltYWdlc1wvc2FtcGxlLmpwZycgY2xhc3M9J3dwZ21wX21hcmtlcl9pbWFnZSBmYy1pdGVtLWZlYXR1cmVkX2ltYWdlIGZjLWl0ZW0tbGFyZ2UnIFwvPjxcL2Rpdj4iLCJvcGVuX25ld190YWIiOiJ5ZXMiLCJwb3N0YWxfY29kZSI6IjM4MzQwIiwiYW5pbWF0aW9uIjoiQk9VTkNFIiwiaW5mb3dpbmRvd19kaXNhYmxlIjp0cnVlLCJ6b29tIjo1LCJleHRyYV9maWVsZHMiOnsibGlzdG9yZGVyIjowfX0sImNhdGVnb3JpZXMiOlt7ImlkIjoiMiIsIm5hbWUiOiJDZW50cm9zIGRlIHRyYWJham8iLCJ0eXBlIjoiY2F0ZWdvcnkiLCJleHRlbnNpb25fZmllbGRzIjpudWxsLCJpY29uIjoiaHR0cHM6XC9cL2dkZXMuY29tXC9nZGVzLWVzXC93cC1jb250ZW50XC91cGxvYWRzXC9zaXRlc1wvNVwvMjAxN1wvMDlcL2dkZXNtYXAyLnBuZyJ9XX1dLCJtYXBfcHJvcGVydHkiOnsibWFwX2lkIjoiMSJ9LCJzaGFwZXMiOnsiZHJhd2luZ19lZGl0YWJsZSI6ZmFsc2V9LCJmaWx0ZXJzIjp7ImZpbHRlcnNfY29udGFpbmVyIjoiW2RhdGEtY29udGFpbmVyPVwid3BnbXAtZmlsdGVycy1jb250YWluZXJcIl0ifSwiZ2xvYmFsX3NldHRpbmdzIjpmYWxzZSwibWFya2VyX2NhdGVnb3J5X2ljb25zIjp7IjEiOiJodHRwczpcL1wvZ2Rlcy5jb21cL2dkZXMtZXNcL3dwLWNvbnRlbnRcL3VwbG9hZHNcL3NpdGVzXC81XC8yMDE3XC8wOVwvZ2Rlc21hcC5wbmciLCIyIjoiaHR0cHM6XC9cL2dkZXMuY29tXC9nZGVzLWVzXC93cC1jb250ZW50XC91cGxvYWRzXC9zaXRlc1wvNVwvMjAxN1wvMDlcL2dkZXNtYXAyLnBuZyJ9LCJwcm92aWRlciI6Imdvb2dsZSIsImFwaUtleSI6IiJ9\"; });<\/script>\n<hr \/>\n<\/div>\n<p><\/p>","protected":false},"excerpt":{"rendered":"<p>&nbsp; Chez GDES, nous pensons que l&rsquo;\u00e9nergie nucl\u00e9aire, hydraulique et \u00e9olienne est notre avenir \u00e9nerg\u00e9tique et c&rsquo;est pourquoi nous voulons apporter une valeur ajout\u00e9e \u00e0 tous ces secteurs gr\u00e2ce \u00e0 nos services. L\u00b4activit\u00e9 Commerciale de GDES en France a d\u00e9but\u00e9 en 2007 et a \u00e9t\u00e9 consolid\u00e9e comme l\u2019un des principaux engagements internationaux du Groupe en [&hellip;]<\/p>\n","protected":false},"author":1,"featured_media":0,"parent":0,"menu_order":5,"comment_status":"closed","ping_status":"closed","template":"Page-fullwidth.php","meta":{"footnotes":""},"class_list":["post-2","page","type-page","status-publish","hentry"],"aioseo_notices":[],"_links":{"self":[{"href":"https:\/\/gdes.com\/france\/fr\/wp-json\/wp\/v2\/pages\/2","targetHints":{"allow":["GET"]}}],"collection":[{"href":"https:\/\/gdes.com\/france\/fr\/wp-json\/wp\/v2\/pages"}],"about":[{"href":"https:\/\/gdes.com\/france\/fr\/wp-json\/wp\/v2\/types\/page"}],"author":[{"embeddable":true,"href":"https:\/\/gdes.com\/france\/fr\/wp-json\/wp\/v2\/users\/1"}],"replies":[{"embeddable":true,"href":"https:\/\/gdes.com\/france\/fr\/wp-json\/wp\/v2\/comments?post=2"}],"version-history":[{"count":94,"href":"https:\/\/gdes.com\/france\/fr\/wp-json\/wp\/v2\/pages\/2\/revisions"}],"predecessor-version":[{"id":6531,"href":"https:\/\/gdes.com\/france\/fr\/wp-json\/wp\/v2\/pages\/2\/revisions\/6531"}],"wp:attachment":[{"href":"https:\/\/gdes.com\/france\/fr\/wp-json\/wp\/v2\/media?parent=2"}],"curies":[{"name":"wp","href":"https:\/\/api.w.org\/{rel}","templated":true}]}}