{"id":14,"date":"2016-08-28T20:40:03","date_gmt":"2016-08-28T19:40:03","guid":{"rendered":"https:\/\/dgd.es\/?page_id=14"},"modified":"2024-11-28T10:20:22","modified_gmt":"2024-11-28T09:20:22","slug":"calidad-seguridad","status":"publish","type":"page","link":"https:\/\/gdes.com\/france\/fr\/calidad-seguridad\/","title":{"rendered":"Certifications"},"content":{"rendered":"<p><img fetchpriority=\"high\" decoding=\"async\" class=\"wp-image-3841 size-full aligncenter\" src=\"https:\/\/gdes.com\/gdes-es\/wp-content\/uploads\/sites\/5\/2016\/08\/calidad-y-seguridad-FR.jpg\" width=\"1234\" height=\"382\"><\/p>\n<p>GDES encourage le d\u00e9veloppement d\u2019une <strong>culture de s\u00e9curit\u00e9 et de s\u00fbret\u00e9<\/strong> et de r\u00e9duction de l\u2019erreur humaine \u00e0 travers le programme RedEr, un ensemble d\u2019initiatives comptant trois principaux objectifs : <strong>garantir la s\u00fbret\u00e9<\/strong> des interventions, am\u00e9liorer la qualit\u00e9 du service offert en \u00e9vitant une \u00e9ventuelle recommencement des travaux, et maintenir le taux<strong> d\u2019accidents du travail \u00e0 z\u00e9ro.<\/strong><\/p>\n<p>&nbsp;<\/p>\n<p style=\"margin-left: 18pt; text-align: center;\"><a class=\"fasc-button fasc-size-large fasc-type-flat ico-fa fasc-ico-before fa-cloud-download\" style=\"background-color: #5ca2df; color: #ffffff;\" target=\"_blank\" rel=\"nofollow noopener\" href=\"https:\/\/gdes.com\/corporate\/wp-content\/uploads\/sites\/5\/2024\/11\/GDFR-Politique-Q3SER-oct2024.pdf\">POLITIQUE DE GESTION Q3SER<\/a>&nbsp; &nbsp; &nbsp; &nbsp; &nbsp; &nbsp; &nbsp; &nbsp; &nbsp; &nbsp; &nbsp; &nbsp; <a class=\"fasc-button fasc-size-large fasc-type-flat ico-fa fasc-ico-before fa-cloud-download\" style=\"background-color: #5ca2df; color: #ffffff;\" target=\"_blank\" rel=\"nofollow noopener\" href=\"https:\/\/gdes.com\/france\/wp-content\/uploads\/sites\/9\/2024\/04\/GDFR-STRATEGIE-DE-CULTURE-POUR-LA-SURETE-Fev24-FR.pdf\">CULTURE POUR LA S\u00dbRETE<\/a>&nbsp;<\/p>\n<p>&nbsp;<\/p>\n<p>Notre <span class=\"TextRun SCXW255495035 BCX9\" lang=\"FR-FR\" xml:lang=\"FR-FR\" data-contrast=\"auto\"><span class=\"NormalTextRun SCXW255495035 BCX9\">engagement d\u2019EXCELLENCE, \u00e0 la fois dans la gestion et les op\u00e9rations, non seulement se manifeste dans la satisfaction des attentes du client, mais il est \u00e9galement approuv\u00e9 par diverses certifications et homologations \u00e0 l\u2019\u00e9chelle nationale et internationale ; ISO 9001 en mati\u00e8re de qualit\u00e9, ISO 14001 en mati\u00e8re d\u2019environnement et&nbsp;<\/span><\/span><span class=\"TextRun SCXW255495035 BCX9\" lang=\"FR-FR\" xml:lang=\"FR-FR\" data-contrast=\"auto\"><span class=\"NormalTextRun SCXW255495035 BCX9\">ISO 45001&nbsp;<\/span><\/span><span class=\"TextRun SCXW255495035 BCX9\" lang=\"FR-FR\" xml:lang=\"FR-FR\" data-contrast=\"auto\"><span class=\"NormalTextRun SCXW255495035 BCX9\">en mati\u00e8re de s\u00e9curit\u00e9 et de sant\u00e9.<\/span><\/span>&nbsp;<span class=\"TextRun SCXW133643667 BCX9\" lang=\"FR-FR\" xml:lang=\"FR-FR\" data-contrast=\"auto\"><span class=\"NormalTextRun SCXW133643667 BCX9\">GDES dispose par ailleurs d\u2019un syst\u00e8me de gestion de la radioprotection certifi\u00e9 par l\u2019organisme fran\u00e7ais CEFRI<\/span><\/span><span class=\"TextRun SCXW133643667 BCX9\" lang=\"FR-FR\" xml:lang=\"FR-FR\" data-contrast=\"auto\"><span class=\"NormalTextRun SCXW133643667 BCX9\">,&nbsp;<\/span><\/span><span class=\"TextRun SCXW133643667 BCX9\" lang=\"FR-FR\" xml:lang=\"FR-FR\" data-contrast=\"auto\"><span class=\"NormalTextRun SCXW133643667 BCX9\">de la certification MASE<\/span><\/span><span class=\"TextRun SCXW133643667 BCX9\" lang=\"FR-FR\" xml:lang=\"FR-FR\" data-contrast=\"auto\"><span class=\"NormalTextRun SCXW133643667 BCX9\">&nbsp;pour la s\u00e9curit\u00e9, s\u00fbret\u00e9<\/span><\/span><span class=\"TextRun SCXW133643667 BCX9\" lang=\"FR-FR\" xml:lang=\"FR-FR\" data-contrast=\"auto\"><span class=\"NormalTextRun SCXW133643667 BCX9\">&nbsp;et l\u2019environnement<\/span><\/span><span class=\"TextRun SCXW133643667 BCX9\" lang=\"FR-FR\" xml:lang=\"FR-FR\" data-contrast=\"auto\"><span class=\"NormalTextRun SCXW133643667 BCX9\">&nbsp;et des qualifications qui r\u00e9pondent aux r\u00e9glementations exigeantes de nos clients tels que NT85114 (EDF), UNE 73401 (Groupe d\u2019\u00e9valuation des fournisseurs de CNPE espagnoles) ou la qualification CAEAR qui permet de travailler avec le CEA fran\u00e7ais.<\/span><\/span><span class=\"EOP SCXW133643667 BCX9\" data-ccp-props=\"{&quot;201341983&quot;:0,&quot;335559739&quot;:160,&quot;335559740&quot;:259}\">&nbsp;<\/span><\/p>\n<p>&nbsp;<\/p>\n<p><img decoding=\"async\" class=\"aligncenter size-large wp-image-6454\" src=\"https:\/\/gdes.com\/france\/wp-content\/uploads\/sites\/9\/2023\/09\/q-4-copy-1024x376.jpg\" alt=\"\" width=\"750\" height=\"275\" srcset=\"https:\/\/gdes.com\/france\/wp-content\/uploads\/sites\/9\/2023\/09\/q-4-copy-1024x376.jpg 1024w, https:\/\/gdes.com\/france\/wp-content\/uploads\/sites\/9\/2023\/09\/q-4-copy-300x110.jpg 300w, https:\/\/gdes.com\/france\/wp-content\/uploads\/sites\/9\/2023\/09\/q-4-copy-768x282.jpg 768w, https:\/\/gdes.com\/france\/wp-content\/uploads\/sites\/9\/2023\/09\/q-4-copy.jpg 1100w\" sizes=\"(max-width: 750px) 100vw, 750px\" \/><\/p>\n<p>&nbsp;<\/p>","protected":false},"excerpt":{"rendered":"<p>GDES encourage le d\u00e9veloppement d\u2019une culture de s\u00e9curit\u00e9 et de s\u00fbret\u00e9 et de r\u00e9duction de l\u2019erreur humaine \u00e0 travers le programme RedEr, un ensemble d\u2019initiatives comptant trois principaux objectifs : garantir la s\u00fbret\u00e9 des interventions, am\u00e9liorer la qualit\u00e9 du service offert en \u00e9vitant une \u00e9ventuelle recommencement des travaux, et maintenir le taux d\u2019accidents du travail [&hellip;]<\/p>\n","protected":false},"author":1,"featured_media":0,"parent":0,"menu_order":8,"comment_status":"closed","ping_status":"closed","template":"Page-fullwidth.php","meta":{"footnotes":""},"class_list":["post-14","page","type-page","status-publish","hentry"],"aioseo_notices":[],"_links":{"self":[{"href":"https:\/\/gdes.com\/france\/fr\/wp-json\/wp\/v2\/pages\/14","targetHints":{"allow":["GET"]}}],"collection":[{"href":"https:\/\/gdes.com\/france\/fr\/wp-json\/wp\/v2\/pages"}],"about":[{"href":"https:\/\/gdes.com\/france\/fr\/wp-json\/wp\/v2\/types\/page"}],"author":[{"embeddable":true,"href":"https:\/\/gdes.com\/france\/fr\/wp-json\/wp\/v2\/users\/1"}],"replies":[{"embeddable":true,"href":"https:\/\/gdes.com\/france\/fr\/wp-json\/wp\/v2\/comments?post=14"}],"version-history":[{"count":67,"href":"https:\/\/gdes.com\/france\/fr\/wp-json\/wp\/v2\/pages\/14\/revisions"}],"predecessor-version":[{"id":6523,"href":"https:\/\/gdes.com\/france\/fr\/wp-json\/wp\/v2\/pages\/14\/revisions\/6523"}],"wp:attachment":[{"href":"https:\/\/gdes.com\/france\/fr\/wp-json\/wp\/v2\/media?parent=14"}],"curies":[{"name":"wp","href":"https:\/\/api.w.org\/{rel}","templated":true}]}}