{"id":137,"date":"2016-08-30T22:54:54","date_gmt":"2016-08-30T21:54:54","guid":{"rendered":"https:\/\/dgd.es\/?page_id=137"},"modified":"2024-12-24T17:46:15","modified_gmt":"2024-12-24T16:46:15","slug":"tratamiento-de-superficies","status":"publish","type":"page","link":"https:\/\/gdes.com\/france\/fr\/operaciones\/tratamiento-de-superficies\/","title":{"rendered":"Traitement des surfaces"},"content":{"rendered":"<p><strong>GDES<\/strong> r\u00e9alise des travaux de traitement de surfaces au niveau national et international dans les secteurs nucl\u00e9aire, hydro\u00e9lectrique et industriel sous le marque <strong>GDES Revanti<\/strong> Fort de plus de<strong>\u00a090 ans d\u2019exp\u00e9rience<\/strong> dans le traitement de surfaces,<strong> GDES<\/strong> apporte une garantie de r\u00e9ussite, notamment gr\u00e2ce \u00e0 son personnel sp\u00e9cialis\u00e9, \u00e0 son implication dans les phases de conception, de construction, d\u2019essais, mais aussi de par l&rsquo;application. Elle offre \u00e9galement des \u00e9quipements sp\u00e9cifiques pour ses clients en fonction des besoins de chaque projet.<\/p>\n<div class=\"row\">\n<div class=\"col-md-4 col-sm-6 col-xs-12\">\n<div class=\"post\">\n<h1 style=\"text-align: center;\"><\/h1>\n<h3 style=\"text-align: center;\"><a href=\"https:\/\/gdes.com\/france\/operaciones\/traitement-des-surfaces-industrie\/\" target=\"_blank\" rel=\"noopener\">NUCL\u00c9AIRE<\/a><\/h3>\n<div class=\"service-icon\"><a href=\"https:\/\/gdes.com\/france\/fr\/operaciones\/traitement-des-surfaces-nucleaire\/\" target=\"_blank\" rel=\"noopener\"><img fetchpriority=\"high\" decoding=\"async\" class=\"aligncenter wp-image-6241\" src=\"https:\/\/gdes.com\/france\/wp-content\/uploads\/sites\/9\/2023\/01\/NU1-1024x576.jpg\" alt=\"\" width=\"299\" height=\"168\" srcset=\"https:\/\/gdes.com\/france\/wp-content\/uploads\/sites\/9\/2023\/01\/NU1-1024x576.jpg 1024w, https:\/\/gdes.com\/france\/wp-content\/uploads\/sites\/9\/2023\/01\/NU1-300x169.jpg 300w, https:\/\/gdes.com\/france\/wp-content\/uploads\/sites\/9\/2023\/01\/NU1-768x432.jpg 768w, https:\/\/gdes.com\/france\/wp-content\/uploads\/sites\/9\/2023\/01\/NU1-1536x864.jpg 1536w, https:\/\/gdes.com\/france\/wp-content\/uploads\/sites\/9\/2023\/01\/NU1-2048x1152.jpg 2048w\" sizes=\"(max-width: 299px) 100vw, 299px\" \/><\/a><\/div>\n<div class=\"entry-header\">\n<h4 style=\"text-align: center;\"><\/h4>\n<p>&nbsp;<\/p>\n<\/div>\n<\/div>\n<\/div>\n<div class=\"col-md-4 col-sm-6 col-xs-12\">\n<div class=\"entry-content\">\n<h3 style=\"text-align: center;\"><a href=\"https:\/\/gdes.com\/france\/operaciones\/traitement-des-surfaces-industrie\/\" target=\"_blank\" rel=\"noopener\">INDUSTRIE<\/a><\/h3>\n<div class=\"post\">\n<div class=\"service-icon\"><a href=\"https:\/\/gdes.com\/france\/operaciones\/traitement-des-surfaces-industrie\/\" target=\"_blank\" rel=\"noopener\"><img decoding=\"async\" class=\"aligncenter wp-image-6240\" src=\"https:\/\/gdes.com\/france\/wp-content\/uploads\/sites\/9\/2023\/01\/RE.jpg\" alt=\"\" width=\"299\" height=\"168\" srcset=\"https:\/\/gdes.com\/france\/wp-content\/uploads\/sites\/9\/2023\/01\/RE.jpg 674w, https:\/\/gdes.com\/france\/wp-content\/uploads\/sites\/9\/2023\/01\/RE-300x169.jpg 300w\" sizes=\"(max-width: 299px) 100vw, 299px\" \/><\/a><\/div>\n<div class=\"entry-header\">\n<h4 class=\"entry-title\" style=\"text-align: center;\"><\/h4>\n<p>&nbsp;<\/p>\n<\/div>\n<\/div>\n<\/div>\n<\/div>\n<div class=\"col-md-4 col-sm-6 col-xs-12\">\n<div class=\"entry-content\">\n<h3 style=\"text-align: center;\"><a href=\"https:\/\/gdes.com\/france\/operaciones\/traitement-des-surfaces-travaux-speciaux\/\" target=\"_blank\" rel=\"noopener\">TRAVAUX SPECIAUX<\/a><\/h3>\n<div class=\"post\">\n<div class=\"service-icon\"><a href=\"https:\/\/gdes.com\/france\/operaciones\/traitement-des-surfaces-travaux-speciaux\/\" target=\"_blank\" rel=\"noopener\"><img decoding=\"async\" class=\"aligncenter wp-image-6239 size-full\" src=\"https:\/\/gdes.com\/france\/wp-content\/uploads\/sites\/9\/2023\/01\/co.jpg\" alt=\"\" width=\"299\" height=\"168\" \/><\/a><\/div>\n<div class=\"entry-header\">\n<h4 class=\"entry-title\" style=\"text-align: center;\"><\/h4>\n<\/div>\n<\/div>\n<\/div>\n<div class=\"clearfix\"><\/div>\n<div class=\"col-md-4 col-sm-6 col-xs-12\">\n<div class=\"post\">\n<p>&nbsp;<\/p>\n<\/div>\n<\/div>\n<\/div>\n<\/div>\n<div class=\"entry-header\">\n<h1 style=\"text-align: center;\"><i>Prot\u00e9ger les ouvrages, peindre l\u2019avenir<\/i><\/h1>\n<p>&nbsp;<\/p>\n<hr \/>\n\n<\/div>\n<p><\/p>","protected":false},"excerpt":{"rendered":"<p>GDES r\u00e9alise des travaux de traitement de surfaces au niveau national et international dans les secteurs nucl\u00e9aire, hydro\u00e9lectrique et industriel sous le marque GDES Revanti Fort de plus de\u00a090 ans d\u2019exp\u00e9rience dans le traitement de surfaces, GDES apporte une garantie de r\u00e9ussite, notamment gr\u00e2ce \u00e0 son personnel sp\u00e9cialis\u00e9, \u00e0 son implication dans les phases de [&hellip;]<\/p>\n","protected":false},"author":1,"featured_media":5314,"parent":2295,"menu_order":40,"comment_status":"closed","ping_status":"closed","template":"Page-fullwidth.php","meta":{"footnotes":""},"class_list":["post-137","page","type-page","status-publish","has-post-thumbnail","hentry"],"aioseo_notices":[],"_links":{"self":[{"href":"https:\/\/gdes.com\/france\/fr\/wp-json\/wp\/v2\/pages\/137","targetHints":{"allow":["GET"]}}],"collection":[{"href":"https:\/\/gdes.com\/france\/fr\/wp-json\/wp\/v2\/pages"}],"about":[{"href":"https:\/\/gdes.com\/france\/fr\/wp-json\/wp\/v2\/types\/page"}],"author":[{"embeddable":true,"href":"https:\/\/gdes.com\/france\/fr\/wp-json\/wp\/v2\/users\/1"}],"replies":[{"embeddable":true,"href":"https:\/\/gdes.com\/france\/fr\/wp-json\/wp\/v2\/comments?post=137"}],"version-history":[{"count":122,"href":"https:\/\/gdes.com\/france\/fr\/wp-json\/wp\/v2\/pages\/137\/revisions"}],"predecessor-version":[{"id":6530,"href":"https:\/\/gdes.com\/france\/fr\/wp-json\/wp\/v2\/pages\/137\/revisions\/6530"}],"up":[{"embeddable":true,"href":"https:\/\/gdes.com\/france\/fr\/wp-json\/wp\/v2\/pages\/2295"}],"wp:featuredmedia":[{"embeddable":true,"href":"https:\/\/gdes.com\/france\/fr\/wp-json\/wp\/v2\/media\/5314"}],"wp:attachment":[{"href":"https:\/\/gdes.com\/france\/fr\/wp-json\/wp\/v2\/media?parent=137"}],"curies":[{"name":"wp","href":"https:\/\/api.w.org\/{rel}","templated":true}]}}