{"id":1133,"date":"2017-08-25T10:52:03","date_gmt":"2017-08-25T09:52:03","guid":{"rendered":"https:\/\/gdes.com\/gdes-es\/?page_id=1133"},"modified":"2025-12-12T12:18:37","modified_gmt":"2025-12-12T11:18:37","slug":"unete-a-nuestro-equipo","status":"publish","type":"page","link":"https:\/\/gdes.com\/france\/fr\/unete-a-nuestro-equipo\/","title":{"rendered":"Nous recherchons des talents ! Pourquoi nous rejoindre ?"},"content":{"rendered":"<p>Nucl\u00e9aire, hydraulique et \u00e9olien, est notre avenir \u00e9nerg\u00e9tique.<\/p>\n<p>Nos opportunit\u00e9s professionnelles sont aussi vari\u00e9es que nos domaines d\u2019activit\u00e9s.<\/p>\n<p>Nous recrutons dans diff\u00e9rents m\u00e9tiers : ing\u00e9nierie, radioprotection, qualit\u00e9, gestion des d\u00e9chets, \u2026<\/p>\n<p>Venez participer \u00e0 une aventure technique et humaine avec nous&nbsp;!<\/p>\n<h4>&nbsp;<\/h4>\n<h4>Nos derni\u00e8res offres d&#8217;emploi&nbsp; :<\/h4>\n<h4><img fetchpriority=\"high\" decoding=\"async\" class=\"wp-image-5859 size-full alignright\" src=\"https:\/\/gdes.com\/france\/wp-content\/uploads\/sites\/9\/2019\/11\/PersonalWEB-gd-copy-1-e1737122639967.jpg\" alt=\"\" width=\"711\" height=\"416\" srcset=\"https:\/\/gdes.com\/france\/wp-content\/uploads\/sites\/9\/2019\/11\/PersonalWEB-gd-copy-1-e1737122639967.jpg 711w, https:\/\/gdes.com\/france\/wp-content\/uploads\/sites\/9\/2019\/11\/PersonalWEB-gd-copy-1-e1737122639967-300x176.jpg 300w\" sizes=\"(max-width: 711px) 100vw, 711px\" \/><\/h4>\n<h4>&nbsp;<a class=\"fasc-button fasc-size-large fasc-type-flat ico-fa fasc-ico-before fa-search\" style=\"background-color: #5ca2df; color: #ffffff;\" target=\"_blank\" rel=\"nofollow\" href=\"https:\/\/fr.indeed.com\/cmp\/Gdes-France\/jobs\">Voir les offres<\/a><span style=\"display: inline !important; float: none; background-color: #ffffff; color: #333333; cursor: text; font-family: Georgia,'Times New Roman','Bitstream Charter',Times,serif; font-size: 16px; font-style: normal; font-variant: normal; font-weight: 400; letter-spacing: normal; orphans: 2; text-align: left; text-decoration: none; text-indent: 0px; text-transform: none; -webkit-text-stroke-width: 0px; white-space: normal; word-spacing: 0px;\">&nbsp;<\/span><\/h4>\n<h4>&nbsp;<\/h4>\n<h4>Matchez votre CV :<\/h4>\n<h4><a class=\"fasc-button fasc-size-large fasc-type-flat ico-fa fasc-ico-before fa-edit\" style=\"background-color: #5ca2df; color: #ffffff;\" target=\"_blank\" rel=\"nofollow noopener\" href=\"mailto:fr.hr@gdes.com\">fr.hr@gdes.com<\/a><\/h4>\n<p style=\"text-align: left;\">&nbsp;<\/p>\n<p style=\"text-align: left;\">&nbsp;<\/p>\n<p>&nbsp;<\/p>","protected":false},"excerpt":{"rendered":"<p>Nucl\u00e9aire, hydraulique et \u00e9olien, est notre avenir \u00e9nerg\u00e9tique. Nos opportunit\u00e9s professionnelles sont aussi vari\u00e9es que nos domaines d\u2019activit\u00e9s. Nous recrutons dans diff\u00e9rents m\u00e9tiers : ing\u00e9nierie, radioprotection, qualit\u00e9, gestion des d\u00e9chets, \u2026 Venez participer \u00e0 une aventure technique et humaine avec nous&nbsp;! &nbsp; Nos derni\u00e8res offres d&#8217;emploi&nbsp; : &nbsp;Voir les offres&nbsp; &nbsp; Matchez votre CV : [&hellip;]<\/p>\n","protected":false},"author":3,"featured_media":0,"parent":0,"menu_order":32,"comment_status":"closed","ping_status":"closed","template":"Page-fullwidth.php","meta":{"footnotes":""},"class_list":["post-1133","page","type-page","status-publish","hentry"],"aioseo_notices":[],"_links":{"self":[{"href":"https:\/\/gdes.com\/france\/fr\/wp-json\/wp\/v2\/pages\/1133","targetHints":{"allow":["GET"]}}],"collection":[{"href":"https:\/\/gdes.com\/france\/fr\/wp-json\/wp\/v2\/pages"}],"about":[{"href":"https:\/\/gdes.com\/france\/fr\/wp-json\/wp\/v2\/types\/page"}],"author":[{"embeddable":true,"href":"https:\/\/gdes.com\/france\/fr\/wp-json\/wp\/v2\/users\/3"}],"replies":[{"embeddable":true,"href":"https:\/\/gdes.com\/france\/fr\/wp-json\/wp\/v2\/comments?post=1133"}],"version-history":[{"count":155,"href":"https:\/\/gdes.com\/france\/fr\/wp-json\/wp\/v2\/pages\/1133\/revisions"}],"predecessor-version":[{"id":6591,"href":"https:\/\/gdes.com\/france\/fr\/wp-json\/wp\/v2\/pages\/1133\/revisions\/6591"}],"wp:attachment":[{"href":"https:\/\/gdes.com\/france\/fr\/wp-json\/wp\/v2\/media?parent=1133"}],"curies":[{"name":"wp","href":"https:\/\/api.w.org\/{rel}","templated":true}]}}