{"id":88,"date":"2016-08-30T17:00:05","date_gmt":"2016-08-30T16:00:05","guid":{"rendered":"https:\/\/dgd.es\/?page_id=88"},"modified":"2023-02-15T08:55:24","modified_gmt":"2023-02-15T07:55:24","slug":"servicios-renovables","status":"publish","type":"page","link":"https:\/\/gdes.com\/corporate\/fr\/servicios-renovables\/","title":{"rendered":"\u00c9nergie \u00e9olienne"},"content":{"rendered":"<p><strong>GDES Wind<\/strong> est une entreprise de grand prestige dans le secteur des services de maintenance de l&rsquo;industrie \u00e9olienne, d\u00e9di\u00e9e \u00e0 la maintenance, au conseil et \u00e0 l&rsquo;expertise en mati\u00e8re de pales d\u2019\u00e9oliennes. Bas\u00e9e en Espagne,<strong> GDES Wind<\/strong> mise sur un important processus d\u2019internationalisation en profitant des synergies dont elle b\u00e9n\u00e9ficie gr\u00e2ce \u00e0 son int\u00e9gration au sein de la structure du Groupe <strong>GD Energy Services<\/strong>. L\u2019objectif principal de <strong>GDES Wind<\/strong> dans le secteur de l\u2019\u00e9nergie \u00e9olienne est d\u2019apporter son savoir-faire technologique de mani\u00e8re \u00e0 augmenter la comp\u00e9titivit\u00e9 en termes de maintenance \u00e9olienne et d\u2019am\u00e9liorer ainsi l\u2019efficacit\u00e9 de ses services. L\u2019entreprise a actuellement des projets en cours dans 26 pays, parmi lesquels le Br\u00e9sil, les \u00c9tats-Unis, la France ou encore le Portugal o\u00f9 elle est tr\u00e8s pr\u00e9sente.<\/p>\n<p>&nbsp;<\/p>\n<hr>\n<h3>Principaux services:<\/h3>\n<p class=\"alignnone\"><img decoding=\"async\" class=\"alignright size-full wp-image-2647\" src=\"https:\/\/gdes.com\/gdes-es\/wp-content\/uploads\/sites\/5\/2016\/08\/GDESwind-1-copy-e1506619940997.png\" alt=\"\" width=\"187\" height=\"39\"><\/p>\n<table style=\"height: 183px; border-style: hidden; width: 1013px;\" width=\"1013\">\n<tbody>\n<tr style=\"height: 24px;\">\n<td style=\"height: 24px;\"><strong>&nbsp;\u2022 Maintenance (pr\u00e9ventive et corrective) sur le terrain et en atelier.<br \/>\n<\/strong><\/td>\n<\/tr>\n<tr style=\"height: 24px;\">\n<td style=\"height: 24px;\">&nbsp;<strong>\u2022 Retrofit<br \/>\n<\/strong><\/td>\n<\/tr>\n<tr style=\"height: 24px;\">\n<td style=\"height: 24px;\">&nbsp;<strong>\u2022 Expertises<br \/>\n<\/strong><\/td>\n<\/tr>\n<tr style=\"height: 24px;\">\n<td style=\"height: 24px;\">&nbsp;<strong>\u2022 Programmes d\u2019inspection (thermographie et ultrasons)<br \/>\n<\/strong><\/td>\n<\/tr>\n<tr style=\"height: 24px;\">\n<td style=\"height: 24px;\"><strong>&nbsp;\u2022 Conseil technique<br \/>\n<\/strong><\/td>\n<\/tr>\n<tr style=\"height: 24px;\">\n<td style=\"height: 24px;\"><strong>&nbsp;\u2022 \u00c9quilibrage de rotors et amortissement des vibrations<br \/>\n<\/strong><\/td>\n<\/tr>\n<tr style=\"height: 24px;\">\n<td style=\"height: 24px;\"><strong>&nbsp;\u2022 Gestion du cycle de vie&nbsp;&nbsp;<br \/>\n<\/strong><\/td>\n<\/tr>\n<tr>\n<td><strong>&nbsp;\u2022 Logistique des pales, pi\u00e8ces et mat\u00e9riaux<\/strong><\/td>\n<\/tr>\n<tr>\n<td><strong>&nbsp;\u2022 D\u00e9coupe, mise au rebut et gestion des pales usag\u00e9es<\/strong><\/td>\n<\/tr>\n<tr>\n<td><strong>&nbsp;\u2022 Fabrication de pi\u00e8ces composites<\/strong><\/td>\n<\/tr>\n<\/tbody>\n<\/table>\n<p>&nbsp;<\/p>\n<p>&nbsp;<\/p>\n<h4 style=\"text-align: center;\"><a class=\"fasc-button fasc-size-large fasc-type-flat ico-fa fasc-ico-before fa-file-text-o\" style=\"background-color: #5ca2df; color: #ffffff;\" target=\"_blank\" rel=\"noopener\" href=\"https:\/\/gdes.com\/wind\/wp-content\/uploads\/sites\/10\/2021\/05\/Folleto-wind-.red-2021-FR.pdf\">T\u00e9l\u00e9charger le dossier d&rsquo;information<\/a>&nbsp; &nbsp; &nbsp; &nbsp; &nbsp; &nbsp; &nbsp; &nbsp; &nbsp; &nbsp;&nbsp;&nbsp;<a class=\"fasc-button fasc-size-large fasc-type-flat fasc-ico-before dashicons-admin-site\" style=\"background-color: #5ca2df; color: #ffffff;\" rel=\"nofollow\" href=\"https:\/\/gdes.com\/wind\/fr\/\">Plus d&rsquo;informations sur GDES Wind<\/a><\/h4>\n<p>&nbsp;<\/p>\n<h3>&nbsp;<\/h3>\n<h3>Si\u00e8ge Social GDES Wind<\/h3>\n<h4>Parque Empresarial de Alvedro C\/H Nave 39. \u2013 15180 \u2013 Culleredo. A Coru\u00f1a &#8211; Spain<\/h4>\n<h4>Tel: + (34) 981 205 132&nbsp;email: <a href=\"mailto:info.wind@gdes.com\">info.wind@gdes.com<\/a><\/h4>\n<h4>Rejoignez&nbsp;GDES Wind \u00e9quipe!: <a href=\"mailto:rrhh.wind@gdes.com\">rrhh.wind@gdes.com<\/a><\/h4>\n<div class=\"wpgmp_map_container wpgmp-map-provider-google wpgmp-map-3\" rel=\"map3\" data-plugin-version=\"4.9.2\"><div class=\"wpgmp_map_parent\"><div class=\"wpgmp_map \" style=\"width:100%;height:400px\" id=\"map3\" data-map-id=\"3\"><\/div><\/div><\/div><script>jQuery(document).ready(function($){ window.wpgmp = window.wpgmp || {}; window.wpgmp.mapdata3 = \"eyJhdXRvc29ydCI6dHJ1ZSwibWFwX29wdGlvbnMiOnsiY2VudGVyX2xhdCI6IjQzLjI5NzcyNSIsImNlbnRlcl9sbmciOiItOC4zNjI2MDciLCJ6b29tIjoxNSwibWFwX3R5cGVfaWQiOiJIWUJSSUQiLCJjZW50ZXJfYnlfbmVhcmVzdCI6ZmFsc2UsImZpdF9ib3VuZHMiOmZhbHNlLCJzaG93X2NlbnRlcl9jaXJjbGUiOmZhbHNlLCJzaG93X2NlbnRlcl9tYXJrZXIiOmZhbHNlLCJjZW50ZXJfbWFya2VyX2ljb24iOiJodHRwczpcL1wvZ2Rlcy5jb21cL2dkZXMtZXNcL3dwLWNvbnRlbnRcL3BsdWdpbnNcL3dwLWdvb2dsZS1tYXAtcGx1Z2luXC9hc3NldHNcL2ltYWdlc1wvXC9kZWZhdWx0X21hcmtlci5wbmciLCJkcmFnZ2FibGUiOnRydWUsIm1hcmtlcl9kZWZhdWx0X2ljb24iOiJodHRwczpcL1wvZ2Rlcy5jb21cL2dkZXMtZXNcL3dwLWNvbnRlbnRcL3BsdWdpbnNcL3dwLWdvb2dsZS1tYXAtcGx1Z2luXC9hc3NldHNcL2ltYWdlc1wvXC9kZWZhdWx0X21hcmtlci5wbmciLCJpbmZvd2luZG93X3NldHRpbmciOiI8ZGl2PnttYXJrZXJfdGl0bGV9PFwvZGl2PjxkaXY+e21hcmtlcl9hZGRyZXNzfTxcL2Rpdj4iLCJpbmZvd2luZG93X3NraW4iOnsibmFtZSI6ImRlZmF1bHQiLCJ0eXBlIjoiaW5mb3dpbmRvdyIsInNvdXJjZWNvZGUiOiI8ZGl2PnttYXJrZXJfdGl0bGV9PFwvZGl2PjxkaXY+e21hcmtlcl9hZGRyZXNzfTxcL2Rpdj4ifSwiaW5mb3dpbmRvd19kcm9wX2FuaW1hdGlvbiI6ZmFsc2UsImNsb3NlX2luZm93aW5kb3dfb25fbWFwX2NsaWNrIjpmYWxzZSwiZGVmYXVsdF9pbmZvd2luZG93X29wZW4iOmZhbHNlLCJpbmZvd2luZG93X29wZW5fZXZlbnQiOiJjbGljayIsImxpc3RpbmdfaW5mb3dpbmRvd19vcGVuX2V2ZW50IjoiY2xpY2siLCJpc19tb2JpbGUiOmZhbHNlLCJpbmZvd2luZG93X2ZpbHRlcl9vbmx5IjpmYWxzZSwiaW5mb3dpbmRvd19jbGlja19jaGFuZ2VfY2VudGVyIjpmYWxzZSwiZnVsbF9zY3JlZW5fY29udHJvbCI6dHJ1ZSwiY2FtZXJhX2NvbnRyb2wiOmZhbHNlLCJzZWFyY2hfY29udHJvbCI6dHJ1ZSwiem9vbV9jb250cm9sIjp0cnVlLCJtYXBfdHlwZV9jb250cm9sIjp0cnVlLCJzdHJlZXRfdmlld19jb250cm9sIjp0cnVlLCJsb2NhdGVtZV9jb250cm9sIjpmYWxzZSwibW9iaWxlX3NwZWNpZmljIjpmYWxzZSwiem9vbV9tb2JpbGUiOjUsImRyYWdnYWJsZV9tb2JpbGUiOnRydWUsInNjcm9sbF93aGVlbF9tb2JpbGUiOnRydWUsImZ1bGxfc2NyZWVuX2NvbnRyb2xfcG9zaXRpb24iOiJUT1BfUklHSFQiLCJzZWFyY2hfY29udHJvbF9wb3NpdGlvbiI6IlRPUF9MRUZUIiwiem9vbV9jb250cm9sX3Bvc2l0aW9uIjoiVE9QX0xFRlQiLCJtYXBfdHlwZV9jb250cm9sX3Bvc2l0aW9uIjoiVE9QX1JJR0hUIiwibWFwX3R5cGVfY29udHJvbF9zdHlsZSI6IkhPUklaT05UQUxfQkFSIiwic3RyZWV0X3ZpZXdfY29udHJvbF9wb3NpdGlvbiI6IlRPUF9MRUZUIiwibWFwX2luZm93aW5kb3dfY3VzdG9taXNhdGlvbnMiOmZhbHNlLCJpbmZvd2luZG93X3dpZHRoIjoiMTAwJSIsInNob3dfaW5mb3dpbmRvd19oZWFkZXIiOmZhbHNlLCJ6b29tX2xldmVsX2FmdGVyX3NlYXJjaCI6MTAsImRvdWJsZWNsaWNrem9vbSI6ZmFsc2UsImN1cnJlbnRfcG9zdF9vbmx5IjpmYWxzZSwiYWR2YW5jZV90ZW1wbGF0ZSI6ZmFsc2UsIm1hcF90aWxlX3VybCI6Imh0dHBzOlwvXC97c30udGlsZS5vcGVuc3RyZWV0bWFwLm9yZ1wve3p9XC97eH1cL3t5fS5wbmciLCJvcGVuc3RyZWV0X3N0eWxlcyI6eyJPcGVuU3RyZWV0TWFwLk1hcG5payI6Imh0dHBzOlwvXC97c30udGlsZS5vcGVuc3RyZWV0bWFwLm9yZ1wve3p9XC97eH1cL3t5fS5wbmciLCJPcGVuU3RyZWV0TWFwLkRFIjoiaHR0cHM6XC9cL3tzfS50aWxlLm9wZW5zdHJlZXRtYXAuZGVcL3RpbGVzXC9vc21kZVwve3p9XC97eH1cL3t5fS5wbmciLCJPcGVuU3RyZWV0TWFwLkNIIjoiaHR0cHM6XC9cL3RpbGUub3NtLmNoXC9zd2l0emVybGFuZFwve3p9XC97eH1cL3t5fS5wbmciLCJPcGVuU3RyZWV0TWFwLkZyYW5jZSI6Imh0dHBzOlwvXC97c30udGlsZS5vcGVuc3RyZWV0bWFwLmZyXC9vc21mclwve3p9XC97eH1cL3t5fS5wbmciLCJPcGVuU3RyZWV0TWFwLkhPVCI6Imh0dHBzOlwvXC97c30udGlsZS5vcGVuc3RyZWV0bWFwLmZyXC9ob3RcL3t6fVwve3h9XC97eX0ucG5nIiwiT3BlblN0cmVldE1hcC5CWkgiOiJodHRwczpcL1wvdGlsZS5vcGVuc3RyZWV0bWFwLmJ6aFwvYnJcL3t6fVwve3h9XC97eX0ucG5nIiwiT3BlblRvcG9NYXAiOiJodHRwczpcL1wve3N9LnRpbGUub3BlbnRvcG9tYXAub3JnXC97en1cL3t4fVwve3l9LnBuZyIsIlRodW5kZXJmb3Jlc3QuT3BlbkN5Y2xlTWFwIjoiaHR0cHM6XC9cL2Rldi57c30udGlsZS5vcGVuc3RyZWV0bWFwLmZyXC9jeWNsb3NtXC97en1cL3t4fVwve3l9LnBuZyIsIk9wZW5NYXBTdXJmZXIuUm9hZHMiOiJodHRwczpcL1wvbWFwcy5oZWlnaXQub3JnXC9vcGVubWFwc3VyZmVyXC90aWxlc1wvcm9hZHNcL3dlYm1lcmNhdG9yXC97en1cL3t4fVwve3l9LnBuZyJ9LCJvcGVuc3RyZWV0X3N0eWxlc19tYXJrdXAiOiI8c2VsZWN0IGNsYXNzPVwid3BvbXBfbWFwX3R5cGVcIj48b3B0aW9uIHZhbHVlPVwiT3BlblN0cmVldE1hcC5NYXBuaWtcIj5PcGVuU3RyZWV0TWFwLk1hcG5pazxcL29wdGlvbj48b3B0aW9uIHZhbHVlPVwiT3BlblN0cmVldE1hcC5ERVwiPk9wZW5TdHJlZXRNYXAuREU8XC9vcHRpb24+PG9wdGlvbiB2YWx1ZT1cIk9wZW5TdHJlZXRNYXAuQ0hcIj5PcGVuU3RyZWV0TWFwLkNIPFwvb3B0aW9uPjxvcHRpb24gdmFsdWU9XCJPcGVuU3RyZWV0TWFwLkZyYW5jZVwiPk9wZW5TdHJlZXRNYXAuRnJhbmNlPFwvb3B0aW9uPjxvcHRpb24gdmFsdWU9XCJPcGVuU3RyZWV0TWFwLkhPVFwiPk9wZW5TdHJlZXRNYXAuSE9UPFwvb3B0aW9uPjxvcHRpb24gdmFsdWU9XCJPcGVuU3RyZWV0TWFwLkJaSFwiPk9wZW5TdHJlZXRNYXAuQlpIPFwvb3B0aW9uPjxvcHRpb24gdmFsdWU9XCJPcGVuVG9wb01hcFwiPk9wZW5Ub3BvTWFwPFwvb3B0aW9uPjxvcHRpb24gdmFsdWU9XCJUaHVuZGVyZm9yZXN0Lk9wZW5DeWNsZU1hcFwiPlRodW5kZXJmb3Jlc3QuT3BlbkN5Y2xlTWFwPFwvb3B0aW9uPjxvcHRpb24gdmFsdWU9XCJPcGVuTWFwU3VyZmVyLlJvYWRzXCI+T3Blbk1hcFN1cmZlci5Sb2FkczxcL29wdGlvbj48XC9zZWxlY3Q+IiwibWFwX2JveF9zdHlsZXNfbWFya3VwIjoiPHNlbGVjdCBjbGFzcz1cIndwb21wX21hcGJveF90eXBlXCI+PG9wdGlvbiB2YWx1ZT1cInN0cmVldHMtdjExXCI+U3RyZWV0czxcL29wdGlvbj48b3B0aW9uIHZhbHVlPVwibGlnaHQtdjEwXCI+TGlnaHQ8XC9vcHRpb24+PG9wdGlvbiB2YWx1ZT1cImRhcmstdjEwXCI+RGFyazxcL29wdGlvbj48b3B0aW9uIHZhbHVlPVwib3V0ZG9vcnMtdjExXCI+T3V0ZG9vcnM8XC9vcHRpb24+PG9wdGlvbiB2YWx1ZT1cInNhdGVsbGl0ZS12OVwiPlNhdGVsbGl0ZTxcL29wdGlvbj48XC9zZWxlY3Q+IiwiYm91bmRfbWFwX2FmdGVyX2ZpbHRlciI6ZmFsc2UsImRpc3BsYXlfcmVzZXRfYnV0dG9uIjpmYWxzZSwibWFwX3Jlc2V0X2J1dHRvbl90ZXh0IjoiUlx1MDBlOWluaXRpYWxpc2VyIiwiaGVpZ2h0IjoiNDAwIiwidGlsZXNfcHJvdmlkZXIiOiJvcGVuc3RyZWV0In0sInBsYWNlcyI6W3siaWQiOiI3IiwidGl0bGUiOiJHREVTIFdJTkQgfCBTRURFIENFTlRSQUwiLCJhZGRyZXNzIjoiUGFycXVlIEVtcHJlc2FyaWFsIGRlIEFsdmVkcm8gQ1wvSCBOYXZlIDM5Iiwic291cmNlIjoibWFudWFsIiwiY29udGVudCI6IkdERVMgV0lORCB8IFNFREUgQ0VOVFJBTCA8YnI+XHJcblBhcnF1ZSBFbXByZXNhcmlhbCBkZSBBbHZlZHJvIENcL0ggIE5hdmUgMzkuIDE1MTgwIEN1bGxlcmVkbywgQSBDb3J1XHUwMGYxYSB8U3BhaW48YnI+XHJcbmVtYWlsOiBpbmZvLndpbmRAZ2Rlcy5jb208YnI+XHJcblRlbDogKyAoMzQpIDk4MSAyMDUgMTMyPGJyPlxyXG5GYXg6ICsgKDM0KSA5ODEgMjA1IDEzMlxyXG5cclxuIiwibG9jYXRpb24iOnsiaWNvbiI6Imh0dHBzOlwvXC9nZGVzLmNvbVwvZ2Rlcy1lc1wvd3AtY29udGVudFwvdXBsb2Fkc1wvc2l0ZXNcLzVcLzIwMTdcLzA5XC9nZGVzbWFwLnBuZyIsImxhdCI6IjQzLjI5NzcyNSIsImxuZyI6Ii04LjM2MjYwNyIsImNpdHkiOiJDdWxsZXJlZG8iLCJzdGF0ZSI6IkxhIENvcnVcdTAwZjFhIiwiY291bnRyeSI6IkVzcGFcdTAwZjFhIiwib25jbGlja19hY3Rpb24iOiJtYXJrZXIiLCJyZWRpcmVjdF9jdXN0b21fbGluayI6IiIsIm1hcmtlcl9pbWFnZSI6IjxkaXYgY2xhc3M9J2ZjLWZlYXR1cmUtaW1nJz48aW1nIGxvYWRpbmc9J2xhenknIGRlY29kaW5nPSdhc3luYycgYWx0PSdHREVTIFdJTkQgfCBTRURFIENFTlRSQUwnIHNyYz0naHR0cHM6XC9cL2dkZXMuY29tXC9jb3Jwb3JhdGVcL3dwLWNvbnRlbnRcL3BsdWdpbnNcL3dwLWdvb2dsZS1tYXAtcGx1Z2luXC9hc3NldHNcL2ltYWdlc1wvc2FtcGxlLmpwZycgY2xhc3M9J3dwZ21wX21hcmtlcl9pbWFnZSBmYy1pdGVtLWZlYXR1cmVkX2ltYWdlIGZjLWl0ZW0tbGFyZ2UnIFwvPjxcL2Rpdj4iLCJvcGVuX25ld190YWIiOiJ5ZXMiLCJwb3N0YWxfY29kZSI6IjE1MTgwIiwiZHJhZ2dhYmxlIjoiIiwiaW5mb3dpbmRvd19kZWZhdWx0X29wZW4iOiIiLCJhbmltYXRpb24iOiJCT1VOQ0UiLCJpbmZvd2luZG93X2Rpc2FibGUiOnRydWUsInpvb20iOjUsImV4dHJhX2ZpZWxkcyI6eyJsaXN0b3JkZXIiOjB9fSwiY2F0ZWdvcmllcyI6W3siaWQiOiIxIiwibmFtZSI6IlNFREVTIiwidHlwZSI6ImNhdGVnb3J5IiwiZXh0ZW5zaW9uX2ZpZWxkcyI6bnVsbCwiaWNvbiI6Imh0dHBzOlwvXC9nZGVzLmNvbVwvZ2Rlcy1lc1wvd3AtY29udGVudFwvdXBsb2Fkc1wvc2l0ZXNcLzVcLzIwMTdcLzA5XC9nZGVzbWFwLnBuZyJ9XSwiY3VzdG9tX2ZpbHRlcnMiOltdfV0sIm1hcF9wcm9wZXJ0eSI6eyJtYXBfaWQiOiIzIn0sInNoYXBlcyI6eyJkcmF3aW5nX2VkaXRhYmxlIjpmYWxzZX0sImZpbHRlcnMiOnsiZmlsdGVyc19jb250YWluZXIiOiJbZGF0YS1jb250YWluZXI9XCJ3cGdtcC1maWx0ZXJzLWNvbnRhaW5lclwiXSJ9LCJnbG9iYWxfc2V0dGluZ3MiOiJBIiwibWFya2VyX2NhdGVnb3J5X2ljb25zIjp7IjEiOiJodHRwczpcL1wvZ2Rlcy5jb21cL2dkZXMtZXNcL3dwLWNvbnRlbnRcL3VwbG9hZHNcL3NpdGVzXC81XC8yMDE3XC8wOVwvZ2Rlc21hcC5wbmciLCIyIjoiaHR0cHM6XC9cL2dkZXMuY29tXC9nZGVzLWVzXC93cC1jb250ZW50XC91cGxvYWRzXC9zaXRlc1wvNVwvMjAxN1wvMDlcL2dkZXNtYXAyLnBuZyJ9LCJwcm92aWRlciI6Imdvb2dsZSIsImFwaUtleSI6IiJ9\"; });<\/script>\n<p>&nbsp;<\/p>\n<hr>\n<p><\/p>","protected":false},"excerpt":{"rendered":"<p>GDES Wind est une entreprise de grand prestige dans le secteur des services de maintenance de l&rsquo;industrie \u00e9olienne, d\u00e9di\u00e9e \u00e0 la maintenance, au conseil et \u00e0 l&rsquo;expertise en mati\u00e8re de pales d\u2019\u00e9oliennes. Bas\u00e9e en Espagne, GDES Wind mise sur un important processus d\u2019internationalisation en profitant des synergies dont elle b\u00e9n\u00e9ficie gr\u00e2ce \u00e0 son int\u00e9gration au [&hellip;]<\/p>\n","protected":false},"author":1,"featured_media":2286,"parent":0,"menu_order":10,"comment_status":"closed","ping_status":"closed","template":"Page-fullwidth.php","meta":{"footnotes":""},"class_list":["post-88","page","type-page","status-publish","has-post-thumbnail","hentry"],"aioseo_notices":[],"_links":{"self":[{"href":"https:\/\/gdes.com\/corporate\/fr\/wp-json\/wp\/v2\/pages\/88","targetHints":{"allow":["GET"]}}],"collection":[{"href":"https:\/\/gdes.com\/corporate\/fr\/wp-json\/wp\/v2\/pages"}],"about":[{"href":"https:\/\/gdes.com\/corporate\/fr\/wp-json\/wp\/v2\/types\/page"}],"author":[{"embeddable":true,"href":"https:\/\/gdes.com\/corporate\/fr\/wp-json\/wp\/v2\/users\/1"}],"replies":[{"embeddable":true,"href":"https:\/\/gdes.com\/corporate\/fr\/wp-json\/wp\/v2\/comments?post=88"}],"version-history":[{"count":71,"href":"https:\/\/gdes.com\/corporate\/fr\/wp-json\/wp\/v2\/pages\/88\/revisions"}],"predecessor-version":[{"id":84906,"href":"https:\/\/gdes.com\/corporate\/fr\/wp-json\/wp\/v2\/pages\/88\/revisions\/84906"}],"wp:featuredmedia":[{"embeddable":true,"href":"https:\/\/gdes.com\/corporate\/fr\/wp-json\/wp\/v2\/media\/2286"}],"wp:attachment":[{"href":"https:\/\/gdes.com\/corporate\/fr\/wp-json\/wp\/v2\/media?parent=88"}],"curies":[{"name":"wp","href":"https:\/\/api.w.org\/{rel}","templated":true}]}}