{"id":70132,"date":"2022-09-13T08:04:39","date_gmt":"2022-09-13T07:04:39","guid":{"rendered":"https:\/\/gdes.com\/corporate\/?page_id=70132"},"modified":"2023-01-19T17:46:00","modified_gmt":"2023-01-19T16:46:00","slug":"aviso-legal","status":"publish","type":"page","link":"https:\/\/gdes.com\/corporate\/fr\/aviso-legal\/","title":{"rendered":"AVIS JURIDIQUE"},"content":{"rendered":"<p><strong>\u00a0<\/strong><\/p>\n<p><strong>AVISO LEGAL<\/strong><\/p>\n<p><strong>\u00a0<\/strong><\/p>\n<p>INGENIER\u00cdA Y MARKETING, S.A., informa al usuario que el acceso y uso de la p\u00e1gina web\u00a0 <a href=\"https:\/\/gdes.com\">www.gdes.com<\/a> est\u00e1 sujeta a las presentes condiciones de uso, por lo que le recomendamos que las lea atentamente cada vez que acceda a nuestro sitio web.<\/p>\n<p>&nbsp;<\/p>\n<ol>\n<li><strong>INFORMACI\u00d3N GENERAL.<\/strong><\/li>\n<\/ol>\n<p>En cumplimiento de lo dispuesto en el art\u00edculo 10 de la Ley 34\/2002 de Servicios de la Sociedad de la Informaci\u00f3n y Comercio Electr\u00f3nico (en adelante, \u201cLSSI\u201d), la empresa titular del dominio web [www.gdes.com] es INGENIER\u00cdA Y MARKETING, S.A con CIF: A46194528, le informa que es una sociedad inscrita en el Registro Mercantil de Valencia en el Tomo 1.201 General 813 del 3Rd secci\u00f3n del libro para empresas, folio 60, hoja 8151, 1c entrada, con domicilio en Ronda Auguste y Louis Lumi\u00e8re 15, Parque Tecnol\u00f3gico, 46980, Paterna (Valencia, Espa\u00f1a). La direcci\u00f3n de correo electr\u00f3nico de contacto es<\/p>\n<p>&nbsp;<\/p>\n<ol start=\"2\">\n<li><strong>DERECHOS DE PROPIEDAD INTELECTUAL E INDUSTRIAL.<\/strong><\/li>\n<\/ol>\n<p>Todos los contenidos de la p\u00e1gina web est\u00e1n protegidos por la normativa reguladora de Propiedad Intelectual e Industrial, en particular por el Real Decreto Legislativo 1\/1996, de 12 de abril, por el que se aprueba el texto refundido de la Ley de Propiedad Intelectual y por la Ley 17\/2001, de 7 de diciembre, de Marcas. Los derechos sobre los contenidos pertenecen a INGENIER\u00cdA Y MARKETING, S.A o en su caso, a terceros.<\/p>\n<p>En ning\u00fan caso, el acceso a nuestra p\u00e1gina web implica la cesi\u00f3n, transmisi\u00f3n o cualquier otro tipo de renuncia, ni total ni parcial, de los derechos de Propiedad Intelectual o Industrial. El usuario que acceda a nuestro sitio web \u00fanicamente podr\u00e1 visualizar y obtener copia privada de los contenidos siempre y cuando dicha copia sea, \u00fanica y exclusivamente, para su uso personal y privado; quedando terminantemente prohibida su utilizaci\u00f3n para fines comerciales. El usuario del sitio web deber\u00e1 abstenerse de suprimir, alterar, eludir o manipular cualquier dispositivo de protecci\u00f3n o sistemas de seguridad que puedan estar instalados en la misma.<\/p>\n<p>El uso no autorizado de los materiales e informaci\u00f3n contenida en el sitio web pueden suponer la violaci\u00f3n de la legislaci\u00f3n sobre propiedad intelectual o industrial y de otras normativas aplicables. INGENIER\u00cdA Y MARKETING, S.A se reserva, en consecuencia, el derecho de perseguir judicialmente cualquier infracci\u00f3n de sus derechos de propiedad intelectual e industrial.<\/p>\n<p>&nbsp;<\/p>\n<ol start=\"3\">\n<li><strong>CONDICIONES GENERALES DE USO.<\/strong><\/li>\n<\/ol>\n<p>El usuario se compromete a utilizar el sitio web de conformidad con la ley, el presente aviso legal, reglamentos e instrucciones puestos en su conocimiento, as\u00ed como la moral, las buenas costumbres generalmente aceptadas y el orden p\u00fablico.<\/p>\n<p>Realizar la visita significa la aceptaci\u00f3n del compromiso de utilizar los recursos puestos a disposici\u00f3n de los visitantes de forma que no afecte o da\u00f1e los sistemas, equipos, bases de datos, programas y servicios accesibles en o desde la p\u00e1gina web de INGENIER\u00cdA Y MARKETING, S.A.<\/p>\n<p>INGENIER\u00cdA Y MARKETING, S.A se reserva el derecho a denegar el acceso al sitio web de forma temporal o permanente a los visitantes que incumplan las normas de uso de los recursos facilitados o que razonablemente espere que lo hagan, sin previo aviso, por propia iniciativa o a petici\u00f3n de un tercero.<\/p>\n<p>El contenido del sitio web no podr\u00e1 en ning\u00fan caso ser considerado asesoramiento sobre ninguna cuesti\u00f3n.<\/p>\n<p>&nbsp;<\/p>\n<ol start=\"4\">\n<li><strong>LIMITACI\u00d3N DE LA RESPONSABILIDAD.<\/strong><\/li>\n<\/ol>\n<p>INGENIER\u00cdA Y MARKETING, S.A se exime de toda responsabilidad en caso de que el acceso o la visita al sitio web se vea impedido o dificultado por la interrupci\u00f3n o el suministro defectuoso o de electricidad o tel\u00e9fono u otros servicios de telecomunicaciones fuera del control de INGENIER\u00cdA Y MARKETING, S.A o en caso de conflicto social u otros casos de fuerza mayor o cualquier actuaci\u00f3n de un tercero incluyendo demandas u \u00f3rdenes administrativas o judiciales, sabotaje o saturaci\u00f3n deliberada o de otro tipo.<\/p>\n<p>Asimismo, INGENIER\u00cdA Y MARKETING, S.A declina toda responsabilidad derivada de los da\u00f1os y perjuicios que los visitantes pudieran sufrir en sus recursos inform\u00e1ticos o de Internet como consecuencia de cualquiera de las circunstancias a que se refiere el apartado anterior. A modo de ejemplo: errores u omisiones en los contenidos, falta de disponibilidad del portal o la transmisi\u00f3n en el contenido de virus o programas maliciosos o lesivos, ataques inform\u00e1ticos, etc. a pesar de haber adoptado todas las medidas tecnol\u00f3gicas necesarias para evitarlo.<\/p>\n<p>INGENIER\u00cdA Y MARKETING, S.A no garantiza que los contenidos, informaciones y enlaces (respecto a los cuales su inclusi\u00f3n en el sitio web no signifique recomendaci\u00f3n o compromiso alguno por parte de INGENIER\u00cdA Y MARKETING, S.A de que sean accesibles en o desde su sitio web, sean completos y libres de errores y actualizados en todo momento, por lo que se exime de toda responsabilidad por cualquier da\u00f1o y perjuicio que el usuario sufra como consecuencia del uso de dichos contenidos, informaciones o enlaces con cualquier finalidad, incluidos da\u00f1os morales como da\u00f1os comerciales u operativos o lucro.<\/p>\n<p>&nbsp;<\/p>\n<p>Respecto al enlace que nuestra web establece a nuestro perfil en Instagram, as\u00ed como los perfiles que la empresa tiene en las Redes Sociales, informamos al Usuario que INGENIER\u00cdA Y MARKETING, S.A es el prestador de Servicios de la Sociedad de la informaci\u00f3n.<\/p>\n<p>Con car\u00e1cter general, INGENIER\u00cdA Y MARKETING, S.A no extrae los datos de los Usuarios de las redes sociales ni los comunica a terceras partes, los datos est\u00e1n alojados exclusivamente en los sistemas de informaci\u00f3n de la red social correspondiente.<\/p>\n<p>Igualmente, recomienda al Usuario que consulte las condiciones de privacidad de las Redes Sociales.<\/p>\n<p>&nbsp;<\/p>\n<ol start=\"6\">\n<li><strong>LEY APLICABLE Y JURISDICCI\u00d3N.<\/strong><\/li>\n<\/ol>\n<p>Las presentes condiciones generales est\u00e1n sometidas a la legislaci\u00f3n espa\u00f1ola.<\/p>\n<p>Para la resoluci\u00f3n de cualquier controversia que pudiera derivarse del acceso al sitio web, el usuario e INGENIER\u00cdA Y MARKETING, S.A acuerdan someterse expresamente a los juzgados y tribunales de la ciudad de Madrid, con renuncia a cualquier otro fuero general o especial al que pudieran tener derecho.<\/p>\n<p>&nbsp;<\/p>\n<ol start=\"7\">\n<li><strong>OTRAS CONDICIONES DE USO.<\/strong><\/li>\n<\/ol>\n<p>INGENIER\u00cdA Y MARKETING, S.A se reserva el derecho a modificar en cualquier momento los contenidos de esta p\u00e1gina web, sin que ello suponga un perjuicio para el usuario.<\/p>\n<p>&nbsp;<\/p>\n<p>Julio 2021<\/p>\n","protected":false},"excerpt":{"rendered":"<p>\u00a0 AVISO LEGAL \u00a0 INGENIER\u00cdA Y MARKETING, S.A., informa al usuario que el acceso y uso de la p\u00e1gina web\u00a0 www.gdes.com est\u00e1 sujeta a las presentes condiciones de uso, por lo que le recomendamos que las lea atentamente cada vez que acceda a nuestro sitio web. &nbsp; INFORMACI\u00d3N GENERAL. En cumplimiento de lo dispuesto en [&hellip;]<\/p>\n","protected":false},"author":1,"featured_media":0,"parent":0,"menu_order":0,"comment_status":"closed","ping_status":"closed","template":"Page-fullwidth.php","meta":{"footnotes":""},"class_list":["post-70132","page","type-page","status-publish","hentry"],"aioseo_notices":[],"_links":{"self":[{"href":"https:\/\/gdes.com\/corporate\/fr\/wp-json\/wp\/v2\/pages\/70132","targetHints":{"allow":["GET"]}}],"collection":[{"href":"https:\/\/gdes.com\/corporate\/fr\/wp-json\/wp\/v2\/pages"}],"about":[{"href":"https:\/\/gdes.com\/corporate\/fr\/wp-json\/wp\/v2\/types\/page"}],"author":[{"embeddable":true,"href":"https:\/\/gdes.com\/corporate\/fr\/wp-json\/wp\/v2\/users\/1"}],"replies":[{"embeddable":true,"href":"https:\/\/gdes.com\/corporate\/fr\/wp-json\/wp\/v2\/comments?post=70132"}],"version-history":[{"count":7,"href":"https:\/\/gdes.com\/corporate\/fr\/wp-json\/wp\/v2\/pages\/70132\/revisions"}],"predecessor-version":[{"id":70204,"href":"https:\/\/gdes.com\/corporate\/fr\/wp-json\/wp\/v2\/pages\/70132\/revisions\/70204"}],"wp:attachment":[{"href":"https:\/\/gdes.com\/corporate\/fr\/wp-json\/wp\/v2\/media?parent=70132"}],"curies":[{"name":"wp","href":"https:\/\/api.w.org\/{rel}","templated":true}]}}