{"id":6571,"date":"2020-11-26T23:35:32","date_gmt":"2020-11-26T22:35:32","guid":{"rendered":"https:\/\/gdes.com\/corporate\/?page_id=6571"},"modified":"2021-07-12T08:56:13","modified_gmt":"2021-07-12T07:56:13","slug":"analisis-predictivo-avanzado","status":"publish","type":"page","link":"https:\/\/gdes.com\/corporate\/fr\/analisis-predictivo-avanzado\/","title":{"rendered":"Transformation Num\u00e9rique et Affaires 4.0"},"content":{"rendered":"<p><strong>GDES<\/strong> d\u00e9veloppe et accompagne les entreprises tout au long de leur processus de transformation num\u00e9rique. Une transformation qui part de la num\u00e9risation des processus et des donn\u00e9es, pour aller jusqu\u2019\u00e0 l&rsquo;analyse et aux pr\u00e9visions d&rsquo;avenir en vue d\u2019une prise de d\u00e9cision plus efficace et plus intelligente. Elle le r\u00e9alise sous le nom de <strong>xabet<\/strong>, l&rsquo;entreprise technologique du groupe.<\/p>\n<h3><img fetchpriority=\"high\" decoding=\"async\" class=\"wp-image-16373 size-medium alignleft\" src=\"https:\/\/gdes.com\/corporate\/wp-content\/uploads\/sites\/5\/2021\/07\/XABET-GrupoDominguis-vertical-02-253x300.png\" alt=\"\" width=\"253\" height=\"300\" srcset=\"https:\/\/gdes.com\/corporate\/wp-content\/uploads\/sites\/5\/2021\/07\/XABET-GrupoDominguis-vertical-02-253x300.png 253w, https:\/\/gdes.com\/corporate\/wp-content\/uploads\/sites\/5\/2021\/07\/XABET-GrupoDominguis-vertical-02-768x910.png 768w, https:\/\/gdes.com\/corporate\/wp-content\/uploads\/sites\/5\/2021\/07\/XABET-GrupoDominguis-vertical-02-865x1024.png 865w\" sizes=\"(max-width: 253px) 100vw, 253px\" \/><\/h3>\n<h3>&nbsp;<\/h3>\n<h3>Des entreprises plus dynamiques, des donn\u00e9es plus claires, des personnes plus autonomes, des d\u00e9cisions plus intelligentes&nbsp;:<\/h3>\n<p>\u00c0 <strong>xabet<\/strong>, nous travaillons pour convertir les d\u00e9fis de la transformation en opportunit\u00e9s commerciales. Nous guidons les entreprises vers des solutions num\u00e9riques qui renforceront leur avantage concurrentiel \u00e0 l&rsquo;avenir.<\/p>\n<p>&nbsp;<\/p>\n<p>Nous industrialisons les solutions num\u00e9riques en garantissant un retour financier avec une approche Business 4.0, en aidant nos clients \u00e0 atteindre leurs objectifs commerciaux gr\u00e2ce \u00e0 l&rsquo;utilisation syst\u00e9matique d&rsquo;une technologie ax\u00e9e sur le profit.<\/p>\n<p>&nbsp;<\/p>\n<p>&nbsp;<\/p>\n<p><strong>Nous accompagnons les entreprises tout au long du processus de transformation num\u00e9rique&nbsp;:<\/strong><\/p>\n<p>&nbsp;<\/p>\n<ul>\n<li>D\u00e9finition du probl\u00e8me et objectifs commerciaux.<\/li>\n<li>Gestion des donn\u00e9es.<\/li>\n<li>D\u00e9veloppement d\u2019algorithmes analytiques avanc\u00e9s et exp\u00e9rience utilisateur.<\/li>\n<li>Industrialisation dans l&rsquo;environnement de l&rsquo;entreprise.<\/li>\n<\/ul>\n<h3>&nbsp;<\/h3>\n<h3>Prope Technologie<\/h3>\n<p>Nous disposons de notre propre technologie, X-Dwall. Gr\u00e2ce \u00e0 cette plateforme, nous int\u00e9grons toutes les donn\u00e9es en un seul point et en temps r\u00e9el. Cela permet la mise en \u0153uvre de capacit\u00e9s pr\u00e9dictives pour am\u00e9liorer des aspects tels que la maintenance ou la qualit\u00e9 des actifs.<\/p>\n<p>&nbsp;<\/p>\n<p><img decoding=\"async\" class=\"aligncenter wp-image-6589\" src=\"https:\/\/gdes.com\/corporate\/wp-content\/uploads\/sites\/5\/2020\/11\/xabet_multidevice-300x185.png\" alt=\"\" width=\"600\" height=\"370\" srcset=\"https:\/\/gdes.com\/corporate\/wp-content\/uploads\/sites\/5\/2020\/11\/xabet_multidevice-300x185.png 300w, https:\/\/gdes.com\/corporate\/wp-content\/uploads\/sites\/5\/2020\/11\/xabet_multidevice-768x474.png 768w, https:\/\/gdes.com\/corporate\/wp-content\/uploads\/sites\/5\/2020\/11\/xabet_multidevice-1024x632.png 1024w, https:\/\/gdes.com\/corporate\/wp-content\/uploads\/sites\/5\/2020\/11\/xabet_multidevice.png 1628w\" sizes=\"(max-width: 600px) 100vw, 600px\" \/><\/p>\n<h3>&nbsp;<\/h3>\n<h3>Actuellement, notre activit\u00e9 se concentre sur le secteur de l&rsquo;industrie, de l&rsquo;\u00e9nergie et de la sant\u00e9.<\/h3>\n<p style=\"text-align: center;\"><a class=\"fasc-button fasc-size-xlarge fasc-type-flat fasc-ico-before dashicons-admin-site\" style=\"background-color: #509cde; color: #ffffff;\" target=\"_blank\" rel=\"noopener\" href=\"https:\/\/xabet.net\/en\/\">En savoir plus xabet<\/a><\/p>\n<p><\/p>","protected":false},"excerpt":{"rendered":"<p>GDES d\u00e9veloppe et accompagne les entreprises tout au long de leur processus de transformation num\u00e9rique. Une transformation qui part de la num\u00e9risation des processus et des donn\u00e9es, pour aller jusqu\u2019\u00e0 l&rsquo;analyse et aux pr\u00e9visions d&rsquo;avenir en vue d\u2019une prise de d\u00e9cision plus efficace et plus intelligente. Elle le r\u00e9alise sous le nom de xabet, l&rsquo;entreprise [&hellip;]<\/p>\n","protected":false},"author":1,"featured_media":16383,"parent":0,"menu_order":9,"comment_status":"closed","ping_status":"closed","template":"Page-fullwidth.php","meta":{"footnotes":""},"class_list":["post-6571","page","type-page","status-publish","has-post-thumbnail","hentry"],"aioseo_notices":[],"_links":{"self":[{"href":"https:\/\/gdes.com\/corporate\/fr\/wp-json\/wp\/v2\/pages\/6571","targetHints":{"allow":["GET"]}}],"collection":[{"href":"https:\/\/gdes.com\/corporate\/fr\/wp-json\/wp\/v2\/pages"}],"about":[{"href":"https:\/\/gdes.com\/corporate\/fr\/wp-json\/wp\/v2\/types\/page"}],"author":[{"embeddable":true,"href":"https:\/\/gdes.com\/corporate\/fr\/wp-json\/wp\/v2\/users\/1"}],"replies":[{"embeddable":true,"href":"https:\/\/gdes.com\/corporate\/fr\/wp-json\/wp\/v2\/comments?post=6571"}],"version-history":[{"count":38,"href":"https:\/\/gdes.com\/corporate\/fr\/wp-json\/wp\/v2\/pages\/6571\/revisions"}],"predecessor-version":[{"id":16378,"href":"https:\/\/gdes.com\/corporate\/fr\/wp-json\/wp\/v2\/pages\/6571\/revisions\/16378"}],"wp:featuredmedia":[{"embeddable":true,"href":"https:\/\/gdes.com\/corporate\/fr\/wp-json\/wp\/v2\/media\/16383"}],"wp:attachment":[{"href":"https:\/\/gdes.com\/corporate\/fr\/wp-json\/wp\/v2\/media?parent=6571"}],"curies":[{"name":"wp","href":"https:\/\/api.w.org\/{rel}","templated":true}]}}