{"id":6495,"date":"2020-09-08T12:41:49","date_gmt":"2020-09-08T11:41:49","guid":{"rendered":"https:\/\/gdes.com\/corporate\/?page_id=6495"},"modified":"2026-03-26T10:00:00","modified_gmt":"2026-03-26T09:00:00","slug":"compromiso-con-la-sostenibilidad","status":"publish","type":"page","link":"https:\/\/gdes.com\/corporate\/fr\/compromiso-con-la-sostenibilidad\/","title":{"rendered":"Engagement envers la durabilit\u00e9"},"content":{"rendered":"<p><img loading=\"lazy\" decoding=\"async\" class=\"alignleft\" src=\"https:\/\/gdes.com\/corporate\/wp-content\/uploads\/sites\/5\/2023\/01\/Diagrama-frances-1024x1024.png\" alt=\"\" width=\"600\" height=\"600\" \/><\/p>\n<p>&nbsp;<\/p>\n<p>&nbsp;<\/p>\n<p>&nbsp;<\/p>\n<p>GDES fait partie du <a href=\"http:\/\/www.globalcompact-france.org\/\"><strong>Pacte mondial des Nations Unies<\/strong>,<\/a> une initiative internationale qui encourage la mise en \u0153uvre d\u2019actions de responsabilit\u00e9 sociale des entreprises (RSE). Nos activit\u00e9s en mati\u00e8re de RSE comprennent des engagements en faveur de l\u2019environnement et du respect des droits de l\u2019homme, le strict respect de la r\u00e9glementation du travail et la pr\u00e9vention des risques professionnels et, bien entendu, la protection de la sant\u00e9 des travailleurs dans toutes les activit\u00e9s que nous exer\u00e7ons.<\/p>\n<h4 style=\"text-align: left;\"><\/h4>\n<p style=\"text-align: left;\"><a style=\"background-color: #5ca2df; color: #ffffff;\" href=\"https:\/\/gdes.com\/corporate\/wp-content\/uploads\/sites\/5\/2025\/06\/Informe-2024-Completo-250402-_FR-1.pdf\" target=\"_blank\" rel=\"nofollow noopener\">RSE\u00a0 Rapport\u00a0 \u00a0 \u00a0 \u00a0 \u00a0 \u00a0\u00a0<\/a><\/p>\n<p><a style=\"background-color: #5ca2df; color: #ffffff;\" href=\"https:\/\/gdes.com\/corporate\/wp-content\/uploads\/sites\/5\/2026\/03\/GD-Politica-RSE-Feb26-1.pdf\" target=\"_blank\" rel=\"nofollow noopener\">Politique D\u00e9veloppement Durable <\/a><\/p>\n<p><a style=\"background-color: #5ca2df; color: #ffffff;\" href=\"https:\/\/gdes.com\/corporate\/wp-content\/uploads\/sites\/5\/2025\/02\/CodigoEtico2025-FR.pdf\" target=\"_blank\" rel=\"noopener\">Code \u00c9thique<\/a><\/p>\n<p>&nbsp;<\/p>\n<p>Vous pouvez voir les r\u00e9sultats les plus pertinents de nos performances en mati\u00e8re de <strong>s\u00e9curit\u00e9, d&rsquo;environnement et de responsabilit\u00e9 sociale d&rsquo;entreprise<\/strong> dans notre <em>RSE Rapport.<\/em><\/p>\n<p>&nbsp;<\/p>\n<p><img loading=\"lazy\" decoding=\"async\" title=\"Objectifs de d\u00e9veloppement durable dans GDES\" src=\"https:\/\/gdes.com\/corporate\/wp-content\/uploads\/sites\/5\/2022\/07\/ODS-Vector-2022_Frances.png\" alt=\"\" width=\"1920\" height=\"229\" \/><\/p>","protected":false},"excerpt":{"rendered":"<p>&nbsp; &nbsp; &nbsp; GDES fait partie du Pacte mondial des Nations Unies, une initiative internationale qui encourage la mise en \u0153uvre d\u2019actions de responsabilit\u00e9 sociale des entreprises (RSE). Nos activit\u00e9s en mati\u00e8re de RSE comprennent des engagements en faveur de l\u2019environnement et du respect des droits de l\u2019homme, le strict respect de la r\u00e9glementation du [&hellip;]<\/p>\n","protected":false},"author":1,"featured_media":0,"parent":0,"menu_order":10,"comment_status":"closed","ping_status":"closed","template":"Page-fullwidth.php","meta":{"footnotes":""},"class_list":["post-6495","page","type-page","status-publish","hentry"],"aioseo_notices":[],"_links":{"self":[{"href":"https:\/\/gdes.com\/corporate\/fr\/wp-json\/wp\/v2\/pages\/6495","targetHints":{"allow":["GET"]}}],"collection":[{"href":"https:\/\/gdes.com\/corporate\/fr\/wp-json\/wp\/v2\/pages"}],"about":[{"href":"https:\/\/gdes.com\/corporate\/fr\/wp-json\/wp\/v2\/types\/page"}],"author":[{"embeddable":true,"href":"https:\/\/gdes.com\/corporate\/fr\/wp-json\/wp\/v2\/users\/1"}],"replies":[{"embeddable":true,"href":"https:\/\/gdes.com\/corporate\/fr\/wp-json\/wp\/v2\/comments?post=6495"}],"version-history":[{"count":183,"href":"https:\/\/gdes.com\/corporate\/fr\/wp-json\/wp\/v2\/pages\/6495\/revisions"}],"predecessor-version":[{"id":379892,"href":"https:\/\/gdes.com\/corporate\/fr\/wp-json\/wp\/v2\/pages\/6495\/revisions\/379892"}],"wp:attachment":[{"href":"https:\/\/gdes.com\/corporate\/fr\/wp-json\/wp\/v2\/media?parent=6495"}],"curies":[{"name":"wp","href":"https:\/\/api.w.org\/{rel}","templated":true}]}}