{"id":5388,"date":"2020-03-25T09:45:14","date_gmt":"2020-03-25T08:45:14","guid":{"rendered":"https:\/\/gdes.com\/corporate\/?page_id=5388"},"modified":"2022-11-18T11:16:14","modified_gmt":"2022-11-18T10:16:14","slug":"unete-a-nuestro-equipo-gdes-corporate","status":"publish","type":"page","link":"https:\/\/gdes.com\/corporate\/fr\/unete-a-nuestro-equipo-gdes-corporate\/","title":{"rendered":"Rejoignez notre \u00e9quipe |  Espagne et Services fonctionnels"},"content":{"rendered":"<p>\u00a1Bienvenido! Gr\u00e2ce \u00e0 notre canal emploi vous pouvez consulter nos offres d\u2019emploi pour Espagne et Services fonctionnels et vous inscrire \u00e0 celles qui correspondent \u00e0 votre profil professionnel. Vous pouvez vous y inscrire m\u00eame si vous n&rsquo;y trouvez pas une offre adapt\u00e9e. Nous tiendrons compte de votre CV dans nos processus de s\u00e9lection futurs. Vous pourrez acc\u00e9der \u00e0 tout moment \u00e0 votre profil pour la mise \u00e0 jour de vos donn\u00e9es.<\/p>\n<p><img decoding=\"async\" class=\"alignright wp-image-3833\" src=\"https:\/\/gdes.com\/gdes-uk\/wp-content\/uploads\/sites\/8\/2018\/11\/PersonalWEB.png\" alt=\"\" width=\"680\" height=\"367\"><\/p>\n<p>&nbsp;<\/p>\n<p>&nbsp;<\/p>\n<p style=\"text-align: left;\"><a class=\"fasc-button fasc-size-large fasc-type-flat fasc-ico-before dashicons-id\" style=\"background-color: #509cde; color: #ffffff;\" target=\"_blank\" href=\"https:\/\/gdes.epreselec.com\/General\/Alta.aspx\">Inscrivez-vous et envoyez-nous votre CV&nbsp; &nbsp; &nbsp;&nbsp;<\/a><\/p>\n<p style=\"text-align: left;\">&nbsp;<\/p>\n<p style=\"text-align: left;\"><a class=\"fasc-button fasc-size-large fasc-type-flat fasc-ico-before dashicons-search\" style=\"background-color: #509cde; color: #ffffff;\" target=\"_blank\" rel=\"noopener\" href=\"https:\/\/gdes.epreselec.com\/Ofertas\/Ofertas.aspx?id_origen=web+corporativa\">Consultez les derni\u00e8res offres d&#8217;emploi&nbsp; &nbsp; &nbsp; &nbsp; &nbsp;<\/a>&nbsp;&nbsp;&nbsp; &nbsp; &nbsp;<\/p>\n<p style=\"text-align: left;\">&nbsp;<\/p>\n<p style=\"text-align: left;\"><a class=\"fasc-button fasc-size-large fasc-type-flat fasc-ico-before dashicons-businessman\" style=\"background-color: #509cde; color: #ffffff;\" target=\"_blank\" rel=\"noopener\" href=\"https:\/\/gdes.epreselec.com\/Default.aspx\">Acc\u00e9dez et modifiez votre profil d&rsquo;utilisateur<\/a>&nbsp;&nbsp;<\/p>\n<p style=\"text-align: left;\">&nbsp;<\/p>\n<h3 id=\"tw-target-text\" class=\"tw-data-text tw-text-large tw-ta\" dir=\"ltr\" data-placeholder=\"Traducci\u00f3n\"><span lang=\"fr\">\u00cates-vous int\u00e9ress\u00e9 \u00e0 travailler dans l&rsquo;industrie \u00e9olienne?<\/span><\/h3>\n<h4>Rejoignez&nbsp;GDES Wind \u00e9quipe! <a href=\"mailto:rrhh.wind@gdes.com\">rrhh.wind@gdes.com<\/a><\/h4>\n<p>\nGD ENERGY SERVICES SAU tratar\u00e1 sus datos con la finalidad de gestionar la selecci\u00f3n de personal. Si desea conocer m\u00e1s informaci\u00f3n sobre el tratamiento de sus datos o sobre la posibilidad de ejercer sus derechos, consulte nuestra<a href=\"https:\/\/gdes.com\/corporate\/politica-de-privacidad\/\" target=\"_blank\" rel=\"noopener\"> Pol\u00edtica de Privacidad<\/a>.<\/p>","protected":false},"excerpt":{"rendered":"<p>\u00a1Bienvenido! Gr\u00e2ce \u00e0 notre canal emploi vous pouvez consulter nos offres d\u2019emploi pour Espagne et Services fonctionnels et vous inscrire \u00e0 celles qui correspondent \u00e0 votre profil professionnel. Vous pouvez vous y inscrire m\u00eame si vous n&rsquo;y trouvez pas une offre adapt\u00e9e. Nous tiendrons compte de votre CV dans nos processus de s\u00e9lection futurs. Vous [&hellip;]<\/p>\n","protected":false},"author":3,"featured_media":0,"parent":0,"menu_order":0,"comment_status":"closed","ping_status":"closed","template":"Page-fullwidth.php","meta":{"footnotes":""},"class_list":["post-5388","page","type-page","status-publish","hentry"],"aioseo_notices":[],"_links":{"self":[{"href":"https:\/\/gdes.com\/corporate\/fr\/wp-json\/wp\/v2\/pages\/5388","targetHints":{"allow":["GET"]}}],"collection":[{"href":"https:\/\/gdes.com\/corporate\/fr\/wp-json\/wp\/v2\/pages"}],"about":[{"href":"https:\/\/gdes.com\/corporate\/fr\/wp-json\/wp\/v2\/types\/page"}],"author":[{"embeddable":true,"href":"https:\/\/gdes.com\/corporate\/fr\/wp-json\/wp\/v2\/users\/3"}],"replies":[{"embeddable":true,"href":"https:\/\/gdes.com\/corporate\/fr\/wp-json\/wp\/v2\/comments?post=5388"}],"version-history":[{"count":27,"href":"https:\/\/gdes.com\/corporate\/fr\/wp-json\/wp\/v2\/pages\/5388\/revisions"}],"predecessor-version":[{"id":72308,"href":"https:\/\/gdes.com\/corporate\/fr\/wp-json\/wp\/v2\/pages\/5388\/revisions\/72308"}],"wp:attachment":[{"href":"https:\/\/gdes.com\/corporate\/fr\/wp-json\/wp\/v2\/media?parent=5388"}],"curies":[{"name":"wp","href":"https:\/\/api.w.org\/{rel}","templated":true}]}}