{"id":47,"date":"2016-08-29T21:27:19","date_gmt":"2016-08-29T20:27:19","guid":{"rendered":"https:\/\/dgd.es\/?page_id=47"},"modified":"2024-04-12T13:06:13","modified_gmt":"2024-04-12T12:06:13","slug":"innova-modelo","status":"publish","type":"page","link":"https:\/\/gdes.com\/corporate\/fr\/innova-modelo\/","title":{"rendered":"GDES Innovation"},"content":{"rendered":"<p>De par&nbsp;son&nbsp;engagement&nbsp;fort&nbsp;dans&nbsp;la&nbsp;recherche, le&nbsp;d\u00e9veloppement&nbsp;et&nbsp;l\u2019innovation,&nbsp;<strong>GDES<\/strong>\u202fse&nbsp;positionne&nbsp;en&nbsp;entreprise&nbsp;pionni\u00e8re&nbsp;en&nbsp;mati\u00e8re&nbsp;de&nbsp;d\u00e9veloppement&nbsp;technologique&nbsp;adapt\u00e9 \u00e0 des&nbsp;projets&nbsp;et&nbsp;besoins&nbsp;sp\u00e9cifiques.&nbsp;&nbsp;<\/p>\n<p>&nbsp;<\/p>\n<p>\u00c0 <strong>GDES<\/strong>, nous consid\u00e9rons que le d\u00e9veloppement technologique et l&rsquo;innovation sont essentiels pour grandir et maintenir notre Leadership sur notre march\u00e9, pour faire face \u00e0 l&rsquo;environnement actuel en constante \u00e9volution et pour promouvoir l&rsquo;am\u00e9lioration continue dans nos domaines d&rsquo;activit\u00e9. Notre principal objectif est de continuer \u00e0 grandir en tant qu&rsquo;entreprise innovante, dynamique et proactive, sp\u00e9cialis\u00e9e dans laatisfacci\u00f3n des besoins de nos clients gr\u00e2ce \u00e0 des propositions fond\u00e9es sur l\u2019innovation appliqu\u00e9e.<\/p>\n<p><span data-ccp-props=\"{&quot;201341983&quot;:0,&quot;335559739&quot;:160,&quot;335559740&quot;:259}\">&nbsp;<\/span><\/p>\n<p>&nbsp;<\/p>\n<p style=\"text-align: center;\"><a class=\"fasc-button fasc-size-large fasc-type-flat\" style=\"background-color: #5ca2df; color: #ffffff;\" target=\"_blank\" rel=\"nofollow noopener\" href=\"https:\/\/gdes.com\/innovation\/fr\">En savoir plus sur notre innovation technologique<\/a>&nbsp; &nbsp; &nbsp; &nbsp;<\/p>\n<p style=\"text-align: center;\">&nbsp; &nbsp;<\/p>\n<h3>&nbsp;<\/h3>\n<hr>\n<h3><span style=\"font-size: 16px;\"><\/span><\/h3>\n<h3>&nbsp;<\/h3>\n<hr>\n<h3 style=\"text-align: center;\"><span class=\"TextRun SCXW36860178 BCX9\" lang=\"ES-ES\" xml:lang=\"ES-ES\" data-contrast=\"none\"><span class=\"NormalTextRun SCXW36860178 BCX9\">Son&nbsp;<\/span><\/span><span class=\"TextRun SCXW36860178 BCX9\" lang=\"ES-ES\" xml:lang=\"ES-ES\" data-contrast=\"none\"><span class=\"NormalTextRun SpellingErrorV2 SpellingErrorHighlight SCXW36860178 BCX9\">mod\u00e8le<\/span><\/span><span class=\"TextRun SCXW36860178 BCX9\" lang=\"ES-ES\" xml:lang=\"ES-ES\" data-contrast=\"none\"><span class=\"NormalTextRun SCXW36860178 BCX9\">&nbsp;<\/span><\/span><span class=\"TextRun SCXW36860178 BCX9\" lang=\"ES-ES\" xml:lang=\"ES-ES\" data-contrast=\"none\"><span class=\"NormalTextRun SpellingErrorV2 SCXW36860178 BCX9\">d\u2019innovation<\/span><\/span><\/h3>\n<p>&nbsp;<\/p>\n<p><img fetchpriority=\"high\" decoding=\"async\" class=\"alignleft wp-image-2430\" src=\"https:\/\/gdes.com\/gdes-es\/wp-content\/uploads\/sites\/5\/2016\/08\/bloque-innovation-e1506005268499.png\" alt=\"\" width=\"308\" height=\"587\" srcset=\"https:\/\/gdes.com\/corporate\/wp-content\/uploads\/sites\/5\/2016\/08\/bloque-innovation-e1506005268499.png 395w, https:\/\/gdes.com\/corporate\/wp-content\/uploads\/sites\/5\/2016\/08\/bloque-innovation-e1506005268499-157x300.png 157w\" sizes=\"(max-width: 308px) 100vw, 308px\" \/><\/p>\n<ul>\n<li><b><span data-contrast=\"none\">De tous et pour tous.\u202f<\/span><\/b><span data-contrast=\"none\">Chez GDES, l\u2019innovation est d\u00e9velopp\u00e9e par et pour toutes ses parties prenantes\u202f: personnel, collaborateurs et clients.<\/span><span data-ccp-props=\"{&quot;201341983&quot;:2,&quot;335559685&quot;:0,&quot;335559739&quot;:160,&quot;335559740&quot;:360}\">&nbsp;<\/span><\/li>\n<li><b><span data-contrast=\"none\">Culture de&nbsp;<\/span><\/b><b><span data-contrast=\"none\">l&rsquo;innovation<\/span><\/b><b><span data-contrast=\"none\">&nbsp;interne et&nbsp;<\/span><\/b><b><span data-contrast=\"none\">encouragement<\/span><\/b><b><span data-contrast=\"none\">&nbsp;de la&nbsp;<\/span><\/b><b><span data-contrast=\"none\">cr\u00e9ativit\u00e9<\/span><\/b><b><span data-contrast=\"none\">.<\/span><\/b><span data-contrast=\"none\">&nbsp;GDES&nbsp;<\/span><span data-contrast=\"none\">Innovation<\/span><span data-contrast=\"none\">&nbsp;<\/span><span data-contrast=\"none\">agit<\/span><span data-contrast=\"none\">&nbsp;<\/span><span data-contrast=\"none\">comme<\/span><span data-contrast=\"none\">&nbsp;un canal de&nbsp;<\/span><span data-contrast=\"none\">facilitation<\/span><span data-contrast=\"none\">, en&nbsp;<\/span><span data-contrast=\"none\">promouvant<\/span><span data-contrast=\"none\">&nbsp;la culture de&nbsp;<\/span><span data-contrast=\"none\">l&rsquo;innovation<\/span><span data-contrast=\"none\">&nbsp;<\/span><span data-contrast=\"none\">dans<\/span><span data-contrast=\"none\">&nbsp;<\/span><span data-contrast=\"none\">tous<\/span><span data-contrast=\"none\">&nbsp;les&nbsp;<\/span><span data-contrast=\"none\">domaines<\/span><span data-contrast=\"none\">&nbsp;<\/span><span data-contrast=\"none\">d&rsquo;activit\u00e9<\/span><span data-contrast=\"none\">&nbsp;et&nbsp;<\/span><span data-contrast=\"none\">processus<\/span><span data-contrast=\"none\">&nbsp;internes de&nbsp;<\/span><span data-contrast=\"none\">l&rsquo;organisation<\/span><span data-contrast=\"none\">.&nbsp;<\/span><span data-contrast=\"none\">L\u2019encouragement<\/span><span data-contrast=\"none\">&nbsp;de la&nbsp;<\/span><span data-contrast=\"none\">cr\u00e9ativit\u00e9<\/span><span data-contrast=\"none\">&nbsp;<\/span><span data-contrast=\"none\">est<\/span><span data-contrast=\"none\">&nbsp;<\/span><span data-contrast=\"none\">l&rsquo;une<\/span><span data-contrast=\"none\">&nbsp;des principales&nbsp;<\/span><span data-contrast=\"none\">strat\u00e9gies<\/span><span data-contrast=\"none\">&nbsp;<\/span><span data-contrast=\"none\">pour<\/span><span data-contrast=\"none\">&nbsp;<\/span><span data-contrast=\"none\">atteindre<\/span><span data-contrast=\"none\">&nbsp;<\/span><span data-contrast=\"none\">cet<\/span><span data-contrast=\"none\">&nbsp;<\/span><span data-contrast=\"none\">objectif<\/span><span data-contrast=\"none\">. \u00c0&nbsp;<\/span><span data-contrast=\"none\">travers<\/span><span data-contrast=\"none\">&nbsp;le&nbsp;<\/span><span data-contrast=\"none\">\u00ab\u202f<\/span><span data-contrast=\"none\">Programme<\/span><span data-contrast=\"none\">&nbsp;<\/span><span data-contrast=\"none\">d&rsquo;id\u00e9es<\/span><span data-contrast=\"none\">&nbsp;et de&nbsp;<\/span><span data-contrast=\"none\">suggestions<\/span><span data-contrast=\"none\">&nbsp;<\/span><span data-contrast=\"none\">pour<\/span><span data-contrast=\"none\">&nbsp;<\/span><span data-contrast=\"none\">l&rsquo;am\u00e9lioration<\/span><span data-contrast=\"none\">&nbsp;et le&nbsp;<\/span><span data-contrast=\"none\">d\u00e9veloppement<\/span><span data-contrast=\"none\">\u202f\u00bb (<\/span><i><span data-contrast=\"none\">Programme<\/span><\/i><i><span data-contrast=\"none\">&nbsp;Innova<\/span><\/i><span data-contrast=\"none\">),&nbsp;<\/span><span data-contrast=\"none\">nous<\/span><span data-contrast=\"none\">&nbsp;<\/span><span data-contrast=\"none\">cherchons<\/span><span data-contrast=\"none\">&nbsp;\u00e0&nbsp;<\/span><span data-contrast=\"none\">stimuler<\/span><span data-contrast=\"none\">&nbsp;<\/span><span data-contrast=\"none\">l\u2019apport<\/span><span data-contrast=\"none\">&nbsp;<\/span><span data-contrast=\"none\">d\u2019id\u00e9es<\/span><span data-contrast=\"none\">, de la&nbsp;<\/span><span data-contrast=\"none\">part<\/span><span data-contrast=\"none\">&nbsp;de&nbsp;<\/span><span data-contrast=\"none\">tout<\/span><span data-contrast=\"none\">&nbsp;le&nbsp;<\/span><span data-contrast=\"none\">personnel<\/span><span data-contrast=\"none\">&nbsp;de GDES,&nbsp;<\/span><span data-contrast=\"none\">assurant<\/span><span data-contrast=\"none\">&nbsp;une&nbsp;<\/span><span data-contrast=\"none\">am\u00e9lioration<\/span><span data-contrast=\"none\">&nbsp;et une&nbsp;<\/span><span data-contrast=\"none\">innovation<\/span><span data-contrast=\"none\">&nbsp;<\/span><span data-contrast=\"none\">continues<\/span><span data-contrast=\"none\">.<\/span><span data-ccp-props=\"{&quot;201341983&quot;:2,&quot;335551550&quot;:6,&quot;335551620&quot;:6,&quot;335559685&quot;:0,&quot;335559739&quot;:160,&quot;335559740&quot;:360}\">&nbsp;<\/span><\/li>\n<li><b><span data-contrast=\"none\">L&rsquo;innovation<\/span><\/b><b><span data-contrast=\"none\">&nbsp;<\/span><\/b><b><span data-contrast=\"none\">transversale<\/span><\/b><b><span data-contrast=\"none\">&nbsp;<\/span><\/b><b><span data-contrast=\"none\">fond\u00e9e<\/span><\/b><b><span data-contrast=\"none\">&nbsp;sur le savoir-faire de&nbsp;<\/span><\/b><b><span data-contrast=\"none\">notre<\/span><\/b><b><span data-contrast=\"none\">&nbsp;<\/span><\/b><b><i><span data-contrast=\"none\">core<\/span><\/i><\/b><b><i><span data-contrast=\"none\">&nbsp;<\/span><\/i><\/b><b><i><span data-contrast=\"none\">business<\/span><\/i><\/b><span data-contrast=\"none\">&nbsp;<\/span><span data-contrast=\"none\">L\u2019innovation<\/span><span data-contrast=\"none\">&nbsp;de GDES&nbsp;<\/span><span data-contrast=\"none\">est<\/span><span data-contrast=\"none\">&nbsp;<\/span><span data-contrast=\"none\">align\u00e9e<\/span><span data-contrast=\"none\">&nbsp;sur les&nbsp;<\/span><span data-contrast=\"none\">int\u00e9r\u00eats<\/span><span data-contrast=\"none\">&nbsp;de&nbsp;<\/span><span data-contrast=\"none\">ses<\/span><span data-contrast=\"none\">&nbsp;<\/span><span data-contrast=\"none\">domaines<\/span><span data-contrast=\"none\">&nbsp;<\/span><span data-contrast=\"none\">d&rsquo;activit\u00e9<\/span><span data-contrast=\"none\">&nbsp;(<\/span><i><span data-contrast=\"none\">core<\/span><\/i><i><span data-contrast=\"none\">&nbsp;<\/span><\/i><i><span data-contrast=\"none\">business<\/span><\/i><span data-contrast=\"none\">) et&nbsp;<\/span><span data-contrast=\"none\">s&rsquo;appuie<\/span><span data-contrast=\"none\">&nbsp;sur le savoir-faire de&nbsp;<\/span><span data-contrast=\"none\">ses<\/span><span data-contrast=\"none\">&nbsp;<\/span><span data-contrast=\"none\">professionnels<\/span><span data-contrast=\"none\">. Le\u202f<\/span><i><span data-contrast=\"none\">Comit\u00e9&nbsp;<\/span><\/i><i><span data-contrast=\"none\">d\u2019Innovation<\/span><\/i><i><span data-contrast=\"none\">\u202f<\/span><\/i><span data-contrast=\"none\">de GDES,&nbsp;<\/span><span data-contrast=\"none\">compos\u00e9<\/span><span data-contrast=\"none\">&nbsp;de&nbsp;<\/span><span data-contrast=\"none\">repr\u00e9sentants<\/span><span data-contrast=\"none\">&nbsp;de&nbsp;<\/span><span data-contrast=\"none\">tous<\/span><span data-contrast=\"none\">&nbsp;les&nbsp;<\/span><span data-contrast=\"none\">domaines<\/span><span data-contrast=\"none\">,&nbsp;<\/span><span data-contrast=\"none\">assume<\/span><span data-contrast=\"none\">&nbsp;<\/span><span data-contrast=\"none\">cette<\/span><span data-contrast=\"none\">&nbsp;<\/span><span data-contrast=\"none\">mission<\/span><span data-contrast=\"none\">&nbsp;et&nbsp;<\/span><span data-contrast=\"none\">est<\/span><span data-contrast=\"none\">&nbsp;<\/span><span data-contrast=\"none\">\u00e9galement<\/span><span data-contrast=\"none\">&nbsp;<\/span><span data-contrast=\"none\">charg\u00e9<\/span><span data-contrast=\"none\">&nbsp;de&nbsp;<\/span><span data-contrast=\"none\">stimuler<\/span><span data-contrast=\"none\">&nbsp;les&nbsp;<\/span><span data-contrast=\"none\">activit\u00e9s<\/span><span data-contrast=\"none\">&nbsp;<\/span><span data-contrast=\"none\">d&rsquo;innovation<\/span><span data-contrast=\"none\">&nbsp;<\/span><span data-contrast=\"none\">dans<\/span><span data-contrast=\"none\">&nbsp;<\/span><span data-contrast=\"none\">toute<\/span><span data-contrast=\"none\">&nbsp;<\/span><span data-contrast=\"none\">l&rsquo;organisation<\/span><span data-contrast=\"none\">.<\/span><span data-ccp-props=\"{&quot;201341983&quot;:2,&quot;335551550&quot;:6,&quot;335551620&quot;:6,&quot;335559685&quot;:0,&quot;335559739&quot;:160,&quot;335559740&quot;:360}\">&nbsp;<\/span><\/li>\n<li><b><span data-contrast=\"none\">Connaissance<\/span><\/b><b><span data-contrast=\"none\">&nbsp;de&nbsp;<\/span><\/b><b><span data-contrast=\"none\">l&rsquo;environnement<\/span><\/b><b><span data-contrast=\"none\">&nbsp;et de&nbsp;<\/span><\/b><b><span data-contrast=\"none\">l&rsquo;\u00e9volution<\/span><\/b><b><span data-contrast=\"none\">&nbsp;<\/span><\/b><b><span data-contrast=\"none\">technologique<\/span><\/b><b><span data-contrast=\"none\">.\u202f<\/span><\/b><span data-contrast=\"none\">GDES&nbsp;<\/span><span data-contrast=\"none\">Innovation<\/span><span data-contrast=\"none\">&nbsp;<\/span><span data-contrast=\"none\">coordonne<\/span><span data-contrast=\"none\">&nbsp;le&nbsp;<\/span><span data-contrast=\"none\">syst\u00e8me<\/span><span data-contrast=\"none\">&nbsp;<\/span><span data-contrast=\"none\">de<\/span><span data-contrast=\"none\">&nbsp;<\/span><span data-contrast=\"none\">veille<\/span><span data-contrast=\"none\">&nbsp;et de&nbsp;<\/span><span data-contrast=\"none\">prospective<\/span><span data-contrast=\"none\">&nbsp;<\/span><span data-contrast=\"none\">technologique<\/span><span data-contrast=\"none\">&nbsp;qui&nbsp;<\/span><span data-contrast=\"none\">contribue<\/span><span data-contrast=\"none\">&nbsp;<\/span><span data-contrast=\"none\">au<\/span><span data-contrast=\"none\">&nbsp;<\/span><span data-contrast=\"none\">positionnement<\/span><span data-contrast=\"none\">&nbsp;<\/span><span data-contrast=\"none\">strat\u00e9gique<\/span><span data-contrast=\"none\">&nbsp;de&nbsp;<\/span><span data-contrast=\"none\">l&rsquo;organisation<\/span><span data-contrast=\"none\">&nbsp;<\/span><span data-contrast=\"none\">par<\/span><span data-contrast=\"none\">&nbsp;<\/span><span data-contrast=\"none\">l&rsquo;application<\/span><span data-contrast=\"none\">&nbsp;de&nbsp;<\/span><span data-contrast=\"none\">techniques<\/span><span data-contrast=\"none\">&nbsp;<\/span><span data-contrast=\"none\">d&rsquo;intelligence<\/span><span data-contrast=\"none\">&nbsp;<\/span><span data-contrast=\"none\">\u00e9conomique<\/span><span data-contrast=\"none\">.<\/span><span data-ccp-props=\"{&quot;201341983&quot;:2,&quot;335551550&quot;:6,&quot;335551620&quot;:6,&quot;335559685&quot;:0,&quot;335559739&quot;:160,&quot;335559740&quot;:360}\">&nbsp;<\/span><\/li>\n<li><b><span data-contrast=\"none\">Innovation<\/span><\/b><b><span data-contrast=\"none\">&nbsp;<\/span><\/b><b><span data-contrast=\"none\">ouverte<\/span><\/b><b><span data-contrast=\"none\">&nbsp;<\/span><\/b><b><span data-contrast=\"none\">fond\u00e9e<\/span><\/b><b><span data-contrast=\"none\">&nbsp;sur des&nbsp;<\/span><\/b><b><span data-contrast=\"none\">collaborations<\/span><\/b><b><span data-contrast=\"none\">&nbsp;et&nbsp;<\/span><\/b><b><span data-contrast=\"none\">partenariats<\/span><\/b><b><span data-contrast=\"none\">&nbsp;<\/span><\/b><span data-contrast=\"none\">avec<\/span><span data-contrast=\"none\">&nbsp;<\/span><span data-contrast=\"none\">d&rsquo;autres<\/span><span data-contrast=\"none\">&nbsp;<\/span><span data-contrast=\"none\">organisations<\/span><span data-contrast=\"none\">,&nbsp;<\/span><span data-contrast=\"none\">cherchant<\/span><span data-contrast=\"none\">&nbsp;\u00e0&nbsp;<\/span><span data-contrast=\"none\">maximiser<\/span><span data-contrast=\"none\">&nbsp;<\/span><span data-contrast=\"none\">notre<\/span><span data-contrast=\"none\">&nbsp;capacit\u00e9&nbsp;<\/span><span data-contrast=\"none\">d&rsquo;innovation<\/span><span data-contrast=\"none\">,&nbsp;<\/span><span data-contrast=\"none\">d\u2019adaptation<\/span><span data-contrast=\"none\">&nbsp;et&nbsp;<\/span><span data-contrast=\"none\">notre<\/span><span data-contrast=\"none\">&nbsp;<\/span><span data-contrast=\"none\">r\u00e9activit\u00e9<\/span><span data-contrast=\"none\">.&nbsp;<\/span><span data-ccp-props=\"{&quot;201341983&quot;:2,&quot;335551550&quot;:6,&quot;335551620&quot;:6,&quot;335559685&quot;:0,&quot;335559739&quot;:160,&quot;335559740&quot;:360}\">&nbsp;<\/span><\/li>\n<li><b><span data-contrast=\"none\">Syst\u00e8me de gestion de l\u2019innovation.\u202f<\/span><\/b><span data-contrast=\"none\">Le Syst\u00e8me de Gestion de la RDI de GDES est certifi\u00e9 conforme \u00e0 la norme\u202f<\/span><i><span data-contrast=\"none\">\u00ab\u202fUNE&nbsp;<\/span><\/i><i><span data-contrast=\"none\">166002:<\/span><\/i><i><span data-contrast=\"none\">2014. Gestion de la&nbsp;<\/span><\/i><i><span data-contrast=\"none\">RDI:<\/span><\/i><i><span data-contrast=\"none\">&nbsp;Exigences du syst\u00e8me de gestion de la RDI\u202f\u00bb.<\/span><\/i><span data-ccp-props=\"{&quot;201341983&quot;:2,&quot;335559685&quot;:0,&quot;335559739&quot;:160,&quot;335559740&quot;:360}\">&nbsp;<\/span><\/li>\n<\/ul>\n<p>&nbsp;<\/p>\n<p>&nbsp;<\/p>\n<p style=\"margin-left: 18pt; text-align: center;\"><a class=\"fasc-button fasc-size-large fasc-type-flat ico-fa fasc-ico-before fa-cloud-download\" style=\"background-color: #5ca2df; color: #ffffff;\" target=\"_blank\" rel=\"nofollow noopener\" href=\"https:\/\/gdes.com\/corporate\/wp-content\/uploads\/sites\/5\/2024\/04\/GD-Innovation-Policy-Jan24-1.pdf\">T\u00e9l\u00e9charger notre politique d\u2019Innovation <\/a>&nbsp; &nbsp; &nbsp; &nbsp; &nbsp; &nbsp; &nbsp; &nbsp; &nbsp; &nbsp; &nbsp; &nbsp; &nbsp; &nbsp; &nbsp; &nbsp;<a class=\"fasc-button fasc-size-large fasc-type-flat ico-fa fasc-ico-before fa-comment-o\" style=\"background-color: #5ca2df; color: #ffffff;\" target=\"_blank\" rel=\"nofollow noopener\" href=\"mailto:innovation@gdes.com\">Contactez GDES Innovation<\/a><\/p>\n<p>&nbsp;<\/p>\n<hr>\n<h4>&nbsp;<\/h4>\n<p>&nbsp;<\/p>","protected":false},"excerpt":{"rendered":"<p>De par&nbsp;son&nbsp;engagement&nbsp;fort&nbsp;dans&nbsp;la&nbsp;recherche, le&nbsp;d\u00e9veloppement&nbsp;et&nbsp;l\u2019innovation,&nbsp;GDES\u202fse&nbsp;positionne&nbsp;en&nbsp;entreprise&nbsp;pionni\u00e8re&nbsp;en&nbsp;mati\u00e8re&nbsp;de&nbsp;d\u00e9veloppement&nbsp;technologique&nbsp;adapt\u00e9 \u00e0 des&nbsp;projets&nbsp;et&nbsp;besoins&nbsp;sp\u00e9cifiques.&nbsp;&nbsp; &nbsp; \u00c0 GDES, nous consid\u00e9rons que le d\u00e9veloppement technologique et l&rsquo;innovation sont essentiels pour grandir et maintenir notre Leadership sur notre march\u00e9, pour faire face \u00e0 l&rsquo;environnement actuel en constante \u00e9volution et pour promouvoir l&rsquo;am\u00e9lioration continue dans nos domaines d&rsquo;activit\u00e9. Notre principal objectif est de continuer \u00e0 grandir en tant [&hellip;]<\/p>\n","protected":false},"author":1,"featured_media":2791,"parent":0,"menu_order":6,"comment_status":"closed","ping_status":"closed","template":"Page-fullwidth.php","meta":{"footnotes":""},"class_list":["post-47","page","type-page","status-publish","has-post-thumbnail","hentry"],"aioseo_notices":[],"_links":{"self":[{"href":"https:\/\/gdes.com\/corporate\/fr\/wp-json\/wp\/v2\/pages\/47","targetHints":{"allow":["GET"]}}],"collection":[{"href":"https:\/\/gdes.com\/corporate\/fr\/wp-json\/wp\/v2\/pages"}],"about":[{"href":"https:\/\/gdes.com\/corporate\/fr\/wp-json\/wp\/v2\/types\/page"}],"author":[{"embeddable":true,"href":"https:\/\/gdes.com\/corporate\/fr\/wp-json\/wp\/v2\/users\/1"}],"replies":[{"embeddable":true,"href":"https:\/\/gdes.com\/corporate\/fr\/wp-json\/wp\/v2\/comments?post=47"}],"version-history":[{"count":194,"href":"https:\/\/gdes.com\/corporate\/fr\/wp-json\/wp\/v2\/pages\/47\/revisions"}],"predecessor-version":[{"id":171227,"href":"https:\/\/gdes.com\/corporate\/fr\/wp-json\/wp\/v2\/pages\/47\/revisions\/171227"}],"wp:featuredmedia":[{"embeddable":true,"href":"https:\/\/gdes.com\/corporate\/fr\/wp-json\/wp\/v2\/media\/2791"}],"wp:attachment":[{"href":"https:\/\/gdes.com\/corporate\/fr\/wp-json\/wp\/v2\/media?parent=47"}],"curies":[{"name":"wp","href":"https:\/\/api.w.org\/{rel}","templated":true}]}}