{"id":3614,"date":"2018-02-27T18:15:18","date_gmt":"2018-02-27T17:15:18","guid":{"rendered":"https:\/\/gdes.com\/gdes-es\/?page_id=3614"},"modified":"2023-07-14T09:40:01","modified_gmt":"2023-07-14T08:40:01","slug":"soporte-a-om","status":"publish","type":"page","link":"https:\/\/gdes.com\/corporate\/fr\/servicios-nucleares\/soporte-a-om\/","title":{"rendered":"Op\u00e9rations et Maintenance"},"content":{"rendered":"<p>Depuis sa cr\u00e9ation en 1977<strong>, GDES<\/strong> offre des services de nettoyage industriel et de d\u00e9contamination radioactive. <strong>GDES <\/strong>est notamment sp\u00e9cialis\u00e9<span style=\"text-decoration: line-through;\">e<\/span> dans la maintenance et la d\u00e9contamination radioactive, activit\u00e9s que le Groupe d\u00e9veloppe actuellement en Espagne, en France, Royaume-Uni et au Mexique.<\/p>\n<p><strong>GDES<\/strong> avec son orientation client, s\u2019engage \u00e0 r\u00e9soudre diff\u00e9rentes probl\u00e9matiques en s\u2019appuyant sur son d\u00e9partement de d\u00e9veloppement technologique (<strong>GDES Innovation)<\/strong> pour la proposition de solutions sur mesure, et sur des techniciens.<\/p>\n<p>&nbsp;<\/p>\n<hr \/>\n<h3>Principales activit\u00e9s et services :<\/h3>\n<p><img decoding=\"async\" class=\"alignright size-full wp-image-2650\" src=\"https:\/\/gdes.com\/gdes-es\/wp-content\/uploads\/sites\/5\/2016\/08\/GDES-1.png\" alt=\"\" width=\"115\" height=\"39\" \/><\/p>\n<table style=\"height: 183px; border-style: hidden; width: 1013px;\" width=\"1013\">\n<tbody>\n<tr style=\"height: 24px;\">\n<td style=\"width: 1009px; height: 24px;\"><strong>\u2022 Maintenance <\/strong><\/td>\n<\/tr>\n<tr style=\"height: 24px;\">\n<td style=\"width: 1009px; height: 24px;\"><strong>\u2022 Services de support en arr\u00eat de tranche<\/strong><\/td>\n<\/tr>\n<tr style=\"height: 24px;\">\n<td style=\"width: 1009px; height: 24px;\"><strong>\u2022 Gestion des d\u00e9chets radioactifs<\/strong><\/td>\n<\/tr>\n<tr style=\"height: 24px;\">\n<td style=\"width: 1009px; height: 24px;\"><strong>\u2022 Gestion des d\u00e9chets d&rsquo;exploitation et des gros composants<\/strong><\/td>\n<\/tr>\n<tr style=\"height: 24px;\">\n<td style=\"width: 1009px; height: 24px;\"><strong>\u2022 Services d&rsquo;appui aux mouvements du combustible (frais et us\u00e9)<\/strong><\/td>\n<\/tr>\n<tr style=\"height: 24px;\">\n<td style=\"width: 1009px; height: 24px;\"><strong>\u2022 Chargement des conteneurs de combustible us\u00e9<\/strong><\/td>\n<\/tr>\n<tr style=\"height: 24px;\">\n<td style=\"width: 1009px; height: 24px;\"><strong>\u2022 Essais hydrostatiques<\/strong><\/td>\n<\/tr>\n<tr style=\"height: 24px;\">\n<td style=\"width: 1009px; height: 24px;\"><strong>\u2022 Traitement des boues<\/strong><\/td>\n<\/tr>\n<tr style=\"height: 24px;\">\n<td style=\"width: 1009px; height: 24px;\"><strong>\u2022 D\u00e9contamination<\/strong><\/td>\n<\/tr>\n<tr style=\"height: 24px;\">\n<td style=\"width: 1009px; height: 24px;\"><strong>\u2022 Services de chimie et de radiochimie<\/strong><\/td>\n<\/tr>\n<\/tbody>\n<\/table>\n<p>&nbsp;<\/p>","protected":false},"excerpt":{"rendered":"<p>Depuis sa cr\u00e9ation en 1977, GDES offre des services de nettoyage industriel et de d\u00e9contamination radioactive. GDES est notamment sp\u00e9cialis\u00e9e dans la maintenance et la d\u00e9contamination radioactive, activit\u00e9s que le Groupe d\u00e9veloppe actuellement en Espagne, en France, Royaume-Uni et au Mexique. GDES avec son orientation client, s\u2019engage \u00e0 r\u00e9soudre diff\u00e9rentes probl\u00e9matiques en s\u2019appuyant sur son [&hellip;]<\/p>\n","protected":false},"author":3,"featured_media":1929,"parent":3473,"menu_order":7,"comment_status":"closed","ping_status":"closed","template":"Page-fullwidth.php","meta":{"footnotes":""},"class_list":["post-3614","page","type-page","status-publish","has-post-thumbnail","hentry"],"aioseo_notices":[],"_links":{"self":[{"href":"https:\/\/gdes.com\/corporate\/fr\/wp-json\/wp\/v2\/pages\/3614","targetHints":{"allow":["GET"]}}],"collection":[{"href":"https:\/\/gdes.com\/corporate\/fr\/wp-json\/wp\/v2\/pages"}],"about":[{"href":"https:\/\/gdes.com\/corporate\/fr\/wp-json\/wp\/v2\/types\/page"}],"author":[{"embeddable":true,"href":"https:\/\/gdes.com\/corporate\/fr\/wp-json\/wp\/v2\/users\/3"}],"replies":[{"embeddable":true,"href":"https:\/\/gdes.com\/corporate\/fr\/wp-json\/wp\/v2\/comments?post=3614"}],"version-history":[{"count":43,"href":"https:\/\/gdes.com\/corporate\/fr\/wp-json\/wp\/v2\/pages\/3614\/revisions"}],"predecessor-version":[{"id":115055,"href":"https:\/\/gdes.com\/corporate\/fr\/wp-json\/wp\/v2\/pages\/3614\/revisions\/115055"}],"up":[{"embeddable":true,"href":"https:\/\/gdes.com\/corporate\/fr\/wp-json\/wp\/v2\/pages\/3473"}],"wp:featuredmedia":[{"embeddable":true,"href":"https:\/\/gdes.com\/corporate\/fr\/wp-json\/wp\/v2\/media\/1929"}],"wp:attachment":[{"href":"https:\/\/gdes.com\/corporate\/fr\/wp-json\/wp\/v2\/media?parent=3614"}],"curies":[{"name":"wp","href":"https:\/\/api.w.org\/{rel}","templated":true}]}}