{"id":3473,"date":"2018-02-20T08:59:37","date_gmt":"2018-02-20T07:59:37","guid":{"rendered":"https:\/\/gdes.com\/gdes-es\/?page_id=3473"},"modified":"2023-07-14T09:37:24","modified_gmt":"2023-07-14T08:37:24","slug":"servicios-nucleares","status":"publish","type":"page","link":"https:\/\/gdes.com\/corporate\/fr\/servicios-nucleares\/","title":{"rendered":"Services nucl\u00e9aires"},"content":{"rendered":"<p><\/p>\n<style type=\"text\/css\">\nA:hover { color: black }<br \/><\/style>\n<p>Pr\u00e9sentations des diff\u00e9rentes divisions de service de l&rsquo;Unit\u00e9 des Services Nucl\u00e9aires de <strong>GDES<\/strong>. De par son engagement ferme dans la recherche, le d\u00e9veloppement et l\u2019innovation, GDES se positionne en tant qu\u2019entreprise pionni\u00e8re en mati\u00e8re de d\u00e9veloppements technologiques adapt\u00e9s \u00e0 des projets et besoins sp\u00e9cifiques:<\/p>\n<p>&nbsp;<\/p>\n<p><!-- \/Section Title --><\/p>\n<div class=\"row\">\n<div class=\"col-md-4 col-sm-6 col-xs-12\">\n<div class=\"post\">\n<div class=\"service-icon\"><a href=\"\/corporate\/fr\/operaciones\/servicios-nucleares\/soporte-a-om\/\" target=\"_blank\" rel=\"\/corporate\/fr\/operaciones\/servicios-nucleares\/soporte-a-om\/ noopener\"><img loading=\"lazy\" decoding=\"async\" class=\"img-responsive wp-post-image alignnone\" title=\"Op\u00e9rations et Maintenance\" src=\"https:\/\/gdes.com\/gdes-es\/wp-content\/uploads\/sites\/5\/2017\/07\/cajita-nuclear.jpg\" alt=\"\" width=\"600\" height=\"148\" \/><\/a><\/div>\n<div class=\"entry-header\">\n<h4 class=\"entry-title\" style=\"text-align: center;\">\n<style type=\"text\/css\">\nA:hover { color: black }<br \/><\/style>\n<\/h4>\n<h4 style=\"text-align: center;\"><a href=\"https:\/\/gdes.com\/corporate\/fr\/operaciones\/servicios-nucleares\/soporte-a-om\/\">Op\u00e9rations<br \/>\net maintenance<br \/>\n<\/a><\/h4>\n<p>&nbsp;<\/p>\n<\/div>\n<div class=\"entry-content\"><\/div>\n<\/div>\n<\/div>\n<div class=\"col-md-4 col-sm-6 col-xs-12\">\n<div class=\"post\">\n<div class=\"service-icon\"><a href=\"\/corporate\/fr\/protecciones-termicas\/\" rel=\"\/corporate\/fr\/protecciones-termicas\/\"><img loading=\"lazy\" decoding=\"async\" class=\"alignnone wp-image-3591 size-full\" title=\"Protections thermiques\" src=\"https:\/\/gdes.com\/gdes-es\/wp-content\/uploads\/sites\/5\/2018\/02\/cajita-protecciones-termica.jpg\" alt=\"\" width=\"600\" height=\"148\" srcset=\"https:\/\/gdes.com\/corporate\/wp-content\/uploads\/sites\/5\/2018\/02\/cajita-protecciones-termica.jpg 600w, https:\/\/gdes.com\/corporate\/wp-content\/uploads\/sites\/5\/2018\/02\/cajita-protecciones-termica-300x74.jpg 300w\" sizes=\"(max-width: 600px) 100vw, 600px\" \/><\/a><\/div>\n<div class=\"entry-header\">\n<h4 class=\"entry-title\" style=\"text-align: center;\"><a href=\"https:\/\/gdes.com\/corporate\/fr\/protecciones-termicas\/\"> Protections<br \/>\nthermiques<\/a><br \/>\n<a href=\"https:\/\/gdes.com\/corporate\/protecciones-termicas\/\"><br \/>\n<\/a><\/h4>\n<\/div>\n<p>&nbsp;<\/p>\n<div class=\"entry-header\">\n<p>&nbsp;<\/p>\n<\/div>\n<div class=\"entry-content\"><\/div>\n<\/div>\n<\/div>\n<div class=\"col-md-4 col-sm-6 col-xs-12\">\n<div class=\"post\">\n<div class=\"service-icon\"><a href=\"\/corporate\/es\/operaciones\/servicios-nucleares\/proteccion-radiologica\/\" target=\"_blank\" rel=\"\/corporate\/fr\/operaciones\/servicios-nucleares\/proteccion-radiologica\/ noopener\"><img loading=\"lazy\" decoding=\"async\" class=\"alignnone wp-image-2576 size-full\" title=\"Protection radiologique\" src=\"https:\/\/gdes.com\/corporate\/wp-content\/uploads\/sites\/5\/2017\/08\/UTPR-copy2.jpg\" alt=\"\" width=\"600\" height=\"148\" srcset=\"https:\/\/gdes.com\/corporate\/wp-content\/uploads\/sites\/5\/2017\/08\/UTPR-copy2.jpg 600w, https:\/\/gdes.com\/corporate\/wp-content\/uploads\/sites\/5\/2017\/08\/UTPR-copy2-300x74.jpg 300w\" sizes=\"(max-width: 600px) 100vw, 600px\" \/><\/a><\/div>\n<div class=\"entry-header\">\n<h4 class=\"entry-title\" style=\"text-align: center;\"><a href=\"https:\/\/gdes.com\/corporate\/fr\/operaciones\/servicios-nucleares\/proteccion-radiologica\/\"> Protection<br \/>\nradiologique<\/a><\/h4>\n<p>&nbsp;<\/p>\n<\/div>\n<\/div>\n<\/div>\n<\/div>\n<p><\/p>","protected":false},"excerpt":{"rendered":"<p>Pr\u00e9sentations des diff\u00e9rentes divisions de service de l&rsquo;Unit\u00e9 des Services Nucl\u00e9aires de GDES. De par son engagement ferme dans la recherche, le d\u00e9veloppement et l\u2019innovation, GDES se positionne en tant qu\u2019entreprise pionni\u00e8re en mati\u00e8re de d\u00e9veloppements technologiques adapt\u00e9s \u00e0 des projets et besoins sp\u00e9cifiques: &nbsp; Op\u00e9rations et maintenance &nbsp; Protections thermiques &nbsp; &nbsp; Protection radiologique [&hellip;]<\/p>\n","protected":false},"author":3,"featured_media":3652,"parent":0,"menu_order":0,"comment_status":"closed","ping_status":"closed","template":"Page-fullwidth.php","meta":{"footnotes":""},"class_list":["post-3473","page","type-page","status-publish","has-post-thumbnail","hentry"],"aioseo_notices":[],"_links":{"self":[{"href":"https:\/\/gdes.com\/corporate\/fr\/wp-json\/wp\/v2\/pages\/3473","targetHints":{"allow":["GET"]}}],"collection":[{"href":"https:\/\/gdes.com\/corporate\/fr\/wp-json\/wp\/v2\/pages"}],"about":[{"href":"https:\/\/gdes.com\/corporate\/fr\/wp-json\/wp\/v2\/types\/page"}],"author":[{"embeddable":true,"href":"https:\/\/gdes.com\/corporate\/fr\/wp-json\/wp\/v2\/users\/3"}],"replies":[{"embeddable":true,"href":"https:\/\/gdes.com\/corporate\/fr\/wp-json\/wp\/v2\/comments?post=3473"}],"version-history":[{"count":215,"href":"https:\/\/gdes.com\/corporate\/fr\/wp-json\/wp\/v2\/pages\/3473\/revisions"}],"predecessor-version":[{"id":115052,"href":"https:\/\/gdes.com\/corporate\/fr\/wp-json\/wp\/v2\/pages\/3473\/revisions\/115052"}],"wp:featuredmedia":[{"embeddable":true,"href":"https:\/\/gdes.com\/corporate\/fr\/wp-json\/wp\/v2\/media\/3652"}],"wp:attachment":[{"href":"https:\/\/gdes.com\/corporate\/fr\/wp-json\/wp\/v2\/media?parent=3473"}],"curies":[{"name":"wp","href":"https:\/\/api.w.org\/{rel}","templated":true}]}}