{"id":3175,"date":"2018-01-11T10:49:07","date_gmt":"2018-01-11T09:49:07","guid":{"rendered":"https:\/\/gdes.com\/gdes-es\/?page_id=3175"},"modified":"2020-04-21T19:16:07","modified_gmt":"2020-04-21T18:16:07","slug":"gdes-organizacion","status":"publish","type":"page","link":"https:\/\/gdes.com\/corporate\/fr\/gdes-organizacion\/","title":{"rendered":"Organisation"},"content":{"rendered":"<p><\/p>\n<blockquote><p><code><img fetchpriority=\"high\" decoding=\"async\" class=\"alignleft wp-image-5143\" src=\"https:\/\/gdes.com\/corporate\/wp-content\/uploads\/sites\/5\/2019\/12\/NuevaSedeDegradado.jpg\" alt=\"\" width=\"453\" height=\"189\" srcset=\"https:\/\/gdes.com\/corporate\/wp-content\/uploads\/sites\/5\/2019\/12\/NuevaSedeDegradado.jpg 753w, https:\/\/gdes.com\/corporate\/wp-content\/uploads\/sites\/5\/2019\/12\/NuevaSedeDegradado-300x125.jpg 300w\" sizes=\"(max-width: 453px) 100vw, 453px\" \/><\/code><\/p>\n<p>\u2014\u00c0 travers l&rsquo;engagement, le talent et le travail d&rsquo;\u00e9quipe de tous ses employ\u00e9s, <strong>GDES<\/strong> se fixe l\u2019objectif permanent de devenir une meilleure entreprise, plus durable et plus efficace, toujours \u00e0 la recherche des talents pouvant contribuer \u00e0 son expansion nationale et internationale.\u2014<\/p><\/blockquote>\n<p>&nbsp;<\/p>\n<p>&nbsp;<\/p>\n<p>&nbsp;<\/p>\n<p><!-- Portfolio Item --><\/p>\n<div class=\"row\">\n<div class=\"col-md-6 col-xs-12\" style=\"margin: 16px 0;\">\n<aside class=\"post\">\n<h2 style=\"text-align: center;\">Services <strong>Fonctionnels<\/strong><\/h2>\n<figure class=\"post-thumbnail\"><a href=\"https:\/\/gdes.com\/corporate\/fr\/organizacion-general\/\" target=\"_blank\" rel=\"noopener\"><img loading=\"lazy\" decoding=\"async\" class=\"attachment-post-thumbnail wp-post-image alignnone\" title=\"Services Fonctionnels\" src=\"https:\/\/gdes.com\/corporate\/wp-content\/uploads\/sites\/5\/2020\/04\/Boton-General-Organigrama.jpg\" srcset=\"https:\/\/gdes.com\/corporate\/wp-content\/uploads\/sites\/5\/2020\/04\/Boton-General-Organigrama.jpg, https:\/\/gdes.com\/corporate\/wp-content\/uploads\/sites\/5\/2020\/04\/Boton-General-Organigrama.jpg\" alt=\"\" width=\"600\" height=\"600\" \/><\/a><\/figure>\n<div class=\"portfolio-info\">\n<div class=\"entry-header\">\n<h4 class=\"entry-title\"><a href=\"https:\/\/gdes.com\/corporate\/fr\/organizacion-general\/\" target=\"_blank\" rel=\"noopener\"> Pr\u00e9sidence, vice-pr\u00e9sidence et directeurs corporatifs <\/a><\/h4>\n<\/div>\n<div class=\"entry-content\"><\/div>\n<\/div>\n<\/aside>\n<\/div>\n<div class=\"col-md-6 col-xs-12\" style=\"margin: 16px 0;\">\n<aside class=\"post\">\n<h2 style=\"text-align: center;\"><strong>Business <\/strong>Units<\/h2>\n<figure class=\"post-thumbnail\"><a href=\"https:\/\/gdes.com\/corporate\/fr\/organizacion-unidades\/\" target=\"_blank\" rel=\"noopener\"><img loading=\"lazy\" decoding=\"async\" class=\"attachment-post-thumbnail wp-post-image alignnone\" title=\"Business Units\" src=\"https:\/\/gdes.com\/corporate\/wp-content\/uploads\/sites\/5\/2020\/04\/Boton-Unidades-Organigrama.jpg\" srcset=\"https:\/\/gdes.com\/corporate\/wp-content\/uploads\/sites\/5\/2020\/04\/Boton-Unidades-Organigrama.jpg, https:\/\/gdes.com\/corporate\/wp-content\/uploads\/sites\/5\/2020\/04\/Boton-Unidades-Organigrama.jpg\" alt=\"\" width=\"600\" height=\"600\" \/><\/a><\/figure>\n<div class=\"portfolio-info\">\n<div class=\"entry-header\">\n<h4 class=\"entry-title\"><a href=\"https:\/\/gdes.com\/corporate\/en\/organizacion-unidades\/\" target=\"_blank\" rel=\"noopener\">Directeurs des business units et des divisions <\/a><\/h4>\n<\/div>\n<div class=\"entry-content\"><\/div>\n<\/div>\n<\/aside>\n<\/div>\n<div class=\"clearfix\"><\/div>\n<p>&nbsp;<\/p>\n<\/div>\n<p><\/p>","protected":false},"excerpt":{"rendered":"<p>\u2014\u00c0 travers l&rsquo;engagement, le talent et le travail d&rsquo;\u00e9quipe de tous ses employ\u00e9s, GDES se fixe l\u2019objectif permanent de devenir une meilleure entreprise, plus durable et plus efficace, toujours \u00e0 la recherche des talents pouvant contribuer \u00e0 son expansion nationale et internationale.\u2014 &nbsp; &nbsp; &nbsp; Services Fonctionnels Pr\u00e9sidence, vice-pr\u00e9sidence et directeurs corporatifs Business Units Directeurs [&hellip;]<\/p>\n","protected":false},"author":1,"featured_media":0,"parent":0,"menu_order":10,"comment_status":"closed","ping_status":"closed","template":"Page-fullwidth.php","meta":{"footnotes":""},"class_list":["post-3175","page","type-page","status-publish","hentry"],"aioseo_notices":[],"_links":{"self":[{"href":"https:\/\/gdes.com\/corporate\/fr\/wp-json\/wp\/v2\/pages\/3175","targetHints":{"allow":["GET"]}}],"collection":[{"href":"https:\/\/gdes.com\/corporate\/fr\/wp-json\/wp\/v2\/pages"}],"about":[{"href":"https:\/\/gdes.com\/corporate\/fr\/wp-json\/wp\/v2\/types\/page"}],"author":[{"embeddable":true,"href":"https:\/\/gdes.com\/corporate\/fr\/wp-json\/wp\/v2\/users\/1"}],"replies":[{"embeddable":true,"href":"https:\/\/gdes.com\/corporate\/fr\/wp-json\/wp\/v2\/comments?post=3175"}],"version-history":[{"count":59,"href":"https:\/\/gdes.com\/corporate\/fr\/wp-json\/wp\/v2\/pages\/3175\/revisions"}],"predecessor-version":[{"id":5837,"href":"https:\/\/gdes.com\/corporate\/fr\/wp-json\/wp\/v2\/pages\/3175\/revisions\/5837"}],"wp:attachment":[{"href":"https:\/\/gdes.com\/corporate\/fr\/wp-json\/wp\/v2\/media?parent=3175"}],"curies":[{"name":"wp","href":"https:\/\/api.w.org\/{rel}","templated":true}]}}