{"id":24,"date":"2016-08-28T20:42:12","date_gmt":"2016-08-28T19:42:12","guid":{"rendered":"https:\/\/dgd.es\/?page_id=24"},"modified":"2021-07-12T08:11:05","modified_gmt":"2021-07-12T07:11:05","slug":"gdes-sailing","status":"publish","type":"page","link":"https:\/\/gdes.com\/corporate\/fr\/gdes-sailing\/","title":{"rendered":"GDES Sailing Team"},"content":{"rendered":"<p>GDES, pr\u00e9c\u00e9demment connue sous le nom de Grupo Dominguis, est le sponsor officiel du voilier Grimselpass V. Tout comme ses pr\u00e9d\u00e9cesseurs, le Grimselpass V participe depuis 2011 \u00e0 un grand nombre d&rsquo;activit\u00e9s sportives dans la Communaut\u00e9 Valencienne. L&rsquo;innovation technologique, l\u2019esprit d&rsquo;\u00e9quipe et l&rsquo;engagement envers l&rsquo;\u00e9nergie renouvelable sont autant de valeurs communes qui ont renforc\u00e9 les synergies entre la voile et certains traits du projet d\u2019entreprise du Groupe.<\/p>\n<p>&nbsp;<\/p>\n<p>De plus, son engagement avec le talent et avec ses employ\u00e9s est \u00e0 la base de l\u2019organisation par GDES d\u2019activit\u00e9s de yachting outdoor qui contribuent \u00e0 l\u2019int\u00e9gration et \u00e0 la motivation de son \u00e9quipe, favorisent la cr\u00e9ation de nouveaux liens et modifient les approches et les modes d\u2019action qui sous-tendent le d\u00e9veloppement de nouvelles comp\u00e9tences.<\/p>\n<p>&nbsp;<\/p>\n<p><a class=\"fasc-button fasc-size-large fasc-type-flat fasc-ico-before dashicons-camera\" style=\"background-color: #509cde; color: #ffffff;\" target=\"_blank\" rel=\"noopener\" href=\"https:\/\/www.instagram.com\/gdes_aerox\/\">Instagram GDES-AEROX Sailing Team<\/a><\/p>","protected":false},"excerpt":{"rendered":"<p>GDES, pr\u00e9c\u00e9demment connue sous le nom de Grupo Dominguis, est le sponsor officiel du voilier Grimselpass V. Tout comme ses pr\u00e9d\u00e9cesseurs, le Grimselpass V participe depuis 2011 \u00e0 un grand nombre d&rsquo;activit\u00e9s sportives dans la Communaut\u00e9 Valencienne. L&rsquo;innovation technologique, l\u2019esprit d&rsquo;\u00e9quipe et l&rsquo;engagement envers l&rsquo;\u00e9nergie renouvelable sont autant de valeurs communes qui ont renforc\u00e9 les [&hellip;]<\/p>\n","protected":false},"author":1,"featured_media":2294,"parent":0,"menu_order":8,"comment_status":"closed","ping_status":"closed","template":"Page-fullwidth.php","meta":{"footnotes":""},"class_list":["post-24","page","type-page","status-publish","has-post-thumbnail","hentry"],"aioseo_notices":[],"_links":{"self":[{"href":"https:\/\/gdes.com\/corporate\/fr\/wp-json\/wp\/v2\/pages\/24","targetHints":{"allow":["GET"]}}],"collection":[{"href":"https:\/\/gdes.com\/corporate\/fr\/wp-json\/wp\/v2\/pages"}],"about":[{"href":"https:\/\/gdes.com\/corporate\/fr\/wp-json\/wp\/v2\/types\/page"}],"author":[{"embeddable":true,"href":"https:\/\/gdes.com\/corporate\/fr\/wp-json\/wp\/v2\/users\/1"}],"replies":[{"embeddable":true,"href":"https:\/\/gdes.com\/corporate\/fr\/wp-json\/wp\/v2\/comments?post=24"}],"version-history":[{"count":21,"href":"https:\/\/gdes.com\/corporate\/fr\/wp-json\/wp\/v2\/pages\/24\/revisions"}],"predecessor-version":[{"id":16341,"href":"https:\/\/gdes.com\/corporate\/fr\/wp-json\/wp\/v2\/pages\/24\/revisions\/16341"}],"wp:featuredmedia":[{"embeddable":true,"href":"https:\/\/gdes.com\/corporate\/fr\/wp-json\/wp\/v2\/media\/2294"}],"wp:attachment":[{"href":"https:\/\/gdes.com\/corporate\/fr\/wp-json\/wp\/v2\/media?parent=24"}],"curies":[{"name":"wp","href":"https:\/\/api.w.org\/{rel}","templated":true}]}}