{"id":2,"date":"2016-07-04T18:07:26","date_gmt":"2016-07-04T18:07:26","guid":{"rendered":"https:\/\/dgd.es\/?page_id=2"},"modified":"2026-04-02T14:26:38","modified_gmt":"2026-04-02T13:26:38","slug":"gdes-sobre-nosotros","status":"publish","type":"page","link":"https:\/\/gdes.com\/corporate\/fr\/gdes-sobre-nosotros\/","title":{"rendered":"Qui sommes nous"},"content":{"rendered":"<p><strong><img fetchpriority=\"high\" decoding=\"async\" class=\"alignleft wp-image-2302 size-full\" src=\"https:\/\/gdes.com\/gdes-es\/wp-content\/uploads\/sites\/5\/2016\/08\/mundo5-e1546948585478.jpg\" width=\"299\" height=\"297\" srcset=\"https:\/\/gdes.com\/corporate\/wp-content\/uploads\/sites\/5\/2016\/08\/mundo5-e1546948585478.jpg 299w, https:\/\/gdes.com\/corporate\/wp-content\/uploads\/sites\/5\/2016\/08\/mundo5-e1546948585478-150x150.jpg 150w\" sizes=\"(max-width: 299px) 100vw, 299px\" \/><\/strong><\/p>\n<p><strong>Grupo Dominguis Energy Services (GDES) <\/strong>est un groupe d\u2019entreprises international d\u2019origine espagnole, fort de plus de 90 ans d\u2019exp\u00e9rience dans la prestation de <strong>services industriels pour le secteur de l\u2019\u00e9nergie,<\/strong> actuellement leader en mati\u00e8re de services de soutien aux op\u00e9rations, maintenance et d\u00e9mant\u00e8lement, traitement des surfaces, \u00e9conomie circulaire et logistique, efficacit\u00e9 \u00e9nerg\u00e9tique et transformation num\u00e9rique pour des secteurs aussi divers que le nucl\u00e9aire, \u00e9olien, solaire photovolta\u00efque, m\u00e9tallurgique et bien d&rsquo;autres.<\/p>\n<p>GDES est actuellement pr\u00e9sente dans 8 pays et dispose actuellement sur un effectif de plus de<strong> 1.300 professionnels au niveau mondial<\/strong>. Il s\u2019agit d\u2019une \u00e9quipe hautement qualifi\u00e9e et fortement orient\u00e9e au client, capable d\u2019offrir des solutions \u00e0 forte valeur ajout\u00e9e adapt\u00e9es aux besoins sp\u00e9cifiques de chaque projet.<\/p>\n<p>Gr\u00e2ce \u00e0 son ferme attachement \u00e0 la recherche, au d\u00e9veloppement et \u00e0 l\u2019innovation, GDES est une entreprise pionni\u00e8re dans le domaine des d\u00e9veloppements technologiques sur mesure pour des projets et des besoins sp\u00e9cifiques, qui lui permet d\u2019\u00e9largir son champ d\u2019action, de promouvoir l\u2019am\u00e9lioration continue et de maintenir la collaboration avec ses clients face \u00e0 l\u2019apparition de nouveaux besoins.<\/p>\n<p>&nbsp;<\/p>\n<h2><\/h2>\n<h2>Histoire<\/h2>\n<p><span class=\"TextRun BCX0 SCXP196178712\" lang=\"FR-FR\" xml:lang=\"FR-FR\" data-contrast=\"none\" data-usefontface=\"false\"><span class=\"NormalTextRun BCX0 SCXP196178712\">GD Energy Services (GDES)\u00a0<\/span><\/span><span class=\"TextRun BCX0 SCXP196178712\" lang=\"FR-FR\" xml:lang=\"FR-FR\" data-contrast=\"none\" data-usefontface=\"false\"><span class=\"NormalTextRun BCX0 SCXP196178712\">est un groupe d&rsquo;entreprises d\u2019origine espagnole\u00a0<\/span><\/span><span class=\"TextRun BCX0 SCXP196178712\" lang=\"FR-FR\" xml:lang=\"FR-FR\" data-contrast=\"none\" data-usefontface=\"true\"><span class=\"NormalTextRun BCX0 SCXP196178712\">fond\u00e9 en 1932<\/span><\/span><span class=\"TextRun BCX0 SCXP196178712\" lang=\"FR-FR\" xml:lang=\"FR-FR\" data-contrast=\"none\" data-usefontface=\"false\"><span class=\"NormalTextRun BCX0 SCXP196178712\">,<\/span><\/span><span class=\"TextRun BCX0 SCXP196178712\" lang=\"FR-FR\" xml:lang=\"FR-FR\" data-contrast=\"none\" data-usefontface=\"false\"><span class=\"NormalTextRun BCX0 SCXP196178712\">\u00a0<\/span><\/span><span class=\"TextRun BCX0 SCXP196178712\" lang=\"FR-FR\" xml:lang=\"FR-FR\" data-contrast=\"none\" data-usefontface=\"true\"><span class=\"NormalTextRun BCX0 SCXP196178712\">sp\u00e9cialis\u00e9e dans la prestation de services \u00e0 valeur ajout\u00e9e dans\u00a0<\/span><\/span><span class=\"TextRun BCX0 SCXP196178712\" lang=\"FR-FR\" xml:lang=\"FR-FR\" data-contrast=\"none\" data-usefontface=\"true\"><span class=\"NormalTextRun BCX0 SCXP196178712\">le secteur de l&rsquo;<\/span><\/span><span class=\"TextRun BCX0 SCXP196178712\" lang=\"FR-FR\" xml:lang=\"FR-FR\" data-contrast=\"none\" data-usefontface=\"true\"><span class=\"NormalTextRun BCX0 SCXP196178712\">\u00e9nergie<\/span><\/span><span class=\"TextRun BCX0 SCXP196178712\" lang=\"FR-FR\" xml:lang=\"FR-FR\" data-contrast=\"none\" data-usefontface=\"true\"><span class=\"NormalTextRun BCX0 SCXP196178712\">:<\/span><\/span><\/p>\n<hr \/>\n\r\n\t\t<div class=\"wphtsp-slider-wrp wphtsp-clearfix\">\r\n\t\t\t<div class=\"wphtsp-slider-inner-wrp wphtsp-slider-design-6 wphtsp-clearfix\">\r\n\t\t\t\t<div id=\"wphtsp-slider-nav-3\" class=\"wphtsp-slider-nav-3 wphtsp-slider-nav wphtsp-slick-slider\" data-slider-nav-for='wphtsp-slider-for-3'>\n\t\t\t<div class=\"wphtsp-slider-nav-title\">\n\t\t\t<div class=\"wphtsp-title\"><span>1932<\/span><\/div>\n\t\t\t<div class=\"wphtsp-main-title\"><button><\/button><\/div>\n\t\t<\/div>\n\t\t\t<div class=\"wphtsp-slider-nav-title\">\n\t\t\t<div class=\"wphtsp-title\"><span>1977<\/span><\/div>\n\t\t\t<div class=\"wphtsp-main-title\"><button><\/button><\/div>\n\t\t<\/div>\n\t\t\t<div class=\"wphtsp-slider-nav-title\">\n\t\t\t<div class=\"wphtsp-title\"><span>1983<\/span><\/div>\n\t\t\t<div class=\"wphtsp-main-title\"><button><\/button><\/div>\n\t\t<\/div>\n\t\t\t<div class=\"wphtsp-slider-nav-title\">\n\t\t\t<div class=\"wphtsp-title\"><span>1990<\/span><\/div>\n\t\t\t<div class=\"wphtsp-main-title\"><button><\/button><\/div>\n\t\t<\/div>\n\t\t\t<div class=\"wphtsp-slider-nav-title\">\n\t\t\t<div class=\"wphtsp-title\"><span>2005<\/span><\/div>\n\t\t\t<div class=\"wphtsp-main-title\"><button><\/button><\/div>\n\t\t<\/div>\n\t\t\t<div class=\"wphtsp-slider-nav-title\">\n\t\t\t<div class=\"wphtsp-title\"><span>2007<\/span><\/div>\n\t\t\t<div class=\"wphtsp-main-title\"><button><\/button><\/div>\n\t\t<\/div>\n\t\t\t<div class=\"wphtsp-slider-nav-title\">\n\t\t\t<div class=\"wphtsp-title\"><span>2010<\/span><\/div>\n\t\t\t<div class=\"wphtsp-main-title\"><button><\/button><\/div>\n\t\t<\/div>\n\t\t\t<div class=\"wphtsp-slider-nav-title\">\n\t\t\t<div class=\"wphtsp-title\"><span>2012<\/span><\/div>\n\t\t\t<div class=\"wphtsp-main-title\"><button><\/button><\/div>\n\t\t<\/div>\n\t\t\t<div class=\"wphtsp-slider-nav-title\">\n\t\t\t<div class=\"wphtsp-title\"><span>2013<\/span><\/div>\n\t\t\t<div class=\"wphtsp-main-title\"><button><\/button><\/div>\n\t\t<\/div>\n\t\t\t<div class=\"wphtsp-slider-nav-title\">\n\t\t\t<div class=\"wphtsp-title\"><span>2014<\/span><\/div>\n\t\t\t<div class=\"wphtsp-main-title\"><button><\/button><\/div>\n\t\t<\/div>\n\t\t\t<div class=\"wphtsp-slider-nav-title\">\n\t\t\t<div class=\"wphtsp-title\"><span>2016<\/span><\/div>\n\t\t\t<div class=\"wphtsp-main-title\"><button><\/button><\/div>\n\t\t<\/div>\n\t\t\t<div class=\"wphtsp-slider-nav-title\">\n\t\t\t<div class=\"wphtsp-title\"><span>2019<\/span><\/div>\n\t\t\t<div class=\"wphtsp-main-title\"><button><\/button><\/div>\n\t\t<\/div>\n\t\t\t<div class=\"wphtsp-slider-nav-title\">\n\t\t\t<div class=\"wphtsp-title\"><span>2020<\/span><\/div>\n\t\t\t<div class=\"wphtsp-main-title\"><button><\/button><\/div>\n\t\t<\/div>\n\t\t\t<div class=\"wphtsp-slider-nav-title\">\n\t\t\t<div class=\"wphtsp-title\"><span>2021<\/span><\/div>\n\t\t\t<div class=\"wphtsp-main-title\"><button><\/button><\/div>\n\t\t<\/div>\n\t\t\t<div class=\"wphtsp-slider-nav-title\">\n\t\t\t<div class=\"wphtsp-title\"><span>2022<\/span><\/div>\n\t\t\t<div class=\"wphtsp-main-title\"><button><\/button><\/div>\n\t\t<\/div>\n\t<\/div>\n\n<div class=\"wphtsp-slider-for-3 wphtsp-slider-for wphtsp-slick-slider\">\n\t\t\t<div class=\"wphtsp-slider-nav-content\">\n\t\t\t<div class=\"wphtsp-slider-nav-wrapper wphtsp-img-botom\" >\n\t\t\t\t\t\t\t\t<div class=\"wphtsp-timeline-img\">\n\t\t\t\t\t\t\t\t\t\t\t\t\t\t\t\t\t\t\t\t<a href=\"https:\/\/gdes.com\/corporate\/fr\/timeline_slider_post\/1932\/\" target=\"_self\"><img decoding=\"async\" src=\"https:\/\/gdes.com\/corporate\/wp-content\/uploads\/sites\/5\/1932\/11\/Joaquin-Dominguis-1-1.jpg\" alt=\"\" \/><\/a>\n\t\t\t\t\t\t\t\t\t\t\t\t\t\t\t\t\t\t<\/div>\n\n\t\t\t\t\t<div class=\"wphtsp-content-wrapper \">\n\t\t\t\t\t\t\t\t\t\t\t\t<h2 class=\"wphtsp-content-title\">\n\t\t\t\t\t\t\t\t\t\t\t\t\t\t<a href=\"https:\/\/gdes.com\/corporate\/fr\/timeline_slider_post\/1932\/\" target=\"_self\" >1932<\/a>\n\t\t\t\t\t\t\t\t\t\t\t\t\t<\/h2>\n\t\t\t\t\t\t\n\t\t\t\t\t\t\t\t\t\t\t\t<div class=\"wphtsp-content\">\n\t\t\t\t\t\t\t\t\t\t\t\t\t\t\t<div class=\"wphtsp-fullcontent wphtsp-tl-content\" ><hr \/>\n<h4 style=\"text-align: center;\">Cr\u00e9ation de Pinturas J. Dominguis.<\/h4>\n<hr \/>\n<h4><\/h4>\n<\/div>\n\t\t\t\t\t\t\t\t\t\t\t\t\t<\/div>\n\t\t\t\t\t\t\t\t\t\t\t<\/div>\n\t\t\t\t\t\t\t<\/div>\n\t\t<\/div>\n\t\t\t<div class=\"wphtsp-slider-nav-content\">\n\t\t\t<div class=\"wphtsp-slider-nav-wrapper wphtsp-img-botom\" >\n\t\t\t\t\t\t\t\t<div class=\"wphtsp-timeline-img\">\n\t\t\t\t\t\t\t\t\t\t\t\t\t\t\t\t\t\t\t\t<a href=\"https:\/\/gdes.com\/corporate\/fr\/timeline_slider_post\/1977-la-era-industrial\/\" target=\"_self\"><img decoding=\"async\" src=\"https:\/\/gdes.com\/corporate\/wp-content\/uploads\/sites\/5\/1977\/09\/lainsa-1.jpg\" alt=\"\" \/><\/a>\n\t\t\t\t\t\t\t\t\t\t\t\t\t\t\t\t\t\t<\/div>\n\n\t\t\t\t\t<div class=\"wphtsp-content-wrapper \">\n\t\t\t\t\t\t\t\t\t\t\t\t<h2 class=\"wphtsp-content-title\">\n\t\t\t\t\t\t\t\t\t\t\t\t\t\t<a href=\"https:\/\/gdes.com\/corporate\/fr\/timeline_slider_post\/1977-la-era-industrial\/\" target=\"_self\" >1977<\/a>\n\t\t\t\t\t\t\t\t\t\t\t\t\t<\/h2>\n\t\t\t\t\t\t\n\t\t\t\t\t\t\t\t\t\t\t\t<div class=\"wphtsp-content\">\n\t\t\t\t\t\t\t\t\t\t\t\t\t\t\t<div class=\"wphtsp-fullcontent wphtsp-tl-content\" ><hr \/>\n<h4 style=\"text-align: center;\">Nettoyage industriel et d\u00e9contamination.<\/h4>\n<hr \/>\n<h4 style=\"text-align: center;\"><\/h4>\n<\/div>\n\t\t\t\t\t\t\t\t\t\t\t\t\t<\/div>\n\t\t\t\t\t\t\t\t\t\t\t<\/div>\n\t\t\t\t\t\t\t<\/div>\n\t\t<\/div>\n\t\t\t<div class=\"wphtsp-slider-nav-content\">\n\t\t\t<div class=\"wphtsp-slider-nav-wrapper wphtsp-img-botom\" >\n\t\t\t\t\t\t\t\t<div class=\"wphtsp-timeline-img\">\n\t\t\t\t\t\t\t\t\t\t\t\t\t\t\t\t\t\t\t\t<a href=\"https:\/\/gdes.com\/corporate\/fr\/timeline_slider_post\/1983\/\" target=\"_self\"><img decoding=\"async\" src=\"https:\/\/gdes.com\/corporate\/wp-content\/uploads\/sites\/5\/1983\/07\/1983-3.jpg\" alt=\"\" \/><\/a>\n\t\t\t\t\t\t\t\t\t\t\t\t\t\t\t\t\t\t<\/div>\n\n\t\t\t\t\t<div class=\"wphtsp-content-wrapper \">\n\t\t\t\t\t\t\t\t\t\t\t\t<h2 class=\"wphtsp-content-title\">\n\t\t\t\t\t\t\t\t\t\t\t\t\t\t<a href=\"https:\/\/gdes.com\/corporate\/fr\/timeline_slider_post\/1983\/\" target=\"_self\" >1983<\/a>\n\t\t\t\t\t\t\t\t\t\t\t\t\t<\/h2>\n\t\t\t\t\t\t\n\t\t\t\t\t\t\t\t\t\t\t\t<div class=\"wphtsp-content\">\n\t\t\t\t\t\t\t\t\t\t\t\t\t\t\t<div class=\"wphtsp-fullcontent wphtsp-tl-content\" ><hr \/>\n<h4 style=\"text-align: center;\">Services de lutte contre les incendies.<\/h4>\n<hr \/>\n<h4><\/h4>\n<\/div>\n\t\t\t\t\t\t\t\t\t\t\t\t\t<\/div>\n\t\t\t\t\t\t\t\t\t\t\t<\/div>\n\t\t\t\t\t\t\t<\/div>\n\t\t<\/div>\n\t\t\t<div class=\"wphtsp-slider-nav-content\">\n\t\t\t<div class=\"wphtsp-slider-nav-wrapper wphtsp-img-botom\" >\n\t\t\t\t\t\t\t\t<div class=\"wphtsp-timeline-img\">\n\t\t\t\t\t\t\t\t\t\t\t\t\t\t\t\t\t\t\t\t<a href=\"https:\/\/gdes.com\/corporate\/fr\/timeline_slider_post\/1990\/\" target=\"_self\"><img decoding=\"async\" src=\"https:\/\/gdes.com\/corporate\/wp-content\/uploads\/sites\/5\/1990\/12\/desmantelamiento-1.jpg\" alt=\"\" \/><\/a>\n\t\t\t\t\t\t\t\t\t\t\t\t\t\t\t\t\t\t<\/div>\n\n\t\t\t\t\t<div class=\"wphtsp-content-wrapper \">\n\t\t\t\t\t\t\t\t\t\t\t\t<h2 class=\"wphtsp-content-title\">\n\t\t\t\t\t\t\t\t\t\t\t\t\t\t<a href=\"https:\/\/gdes.com\/corporate\/fr\/timeline_slider_post\/1990\/\" target=\"_self\" >1990<\/a>\n\t\t\t\t\t\t\t\t\t\t\t\t\t<\/h2>\n\t\t\t\t\t\t\n\t\t\t\t\t\t\t\t\t\t\t\t<div class=\"wphtsp-content\">\n\t\t\t\t\t\t\t\t\t\t\t\t\t\t\t<div class=\"wphtsp-fullcontent wphtsp-tl-content\" ><hr \/>\n<h4 style=\"text-align: center;\">D\u00e9classement dans les installations nucl\u00e9aires et radioactives.<\/h4>\n<hr \/>\n<h4 style=\"text-align: center;\"><\/h4>\n<\/div>\n\t\t\t\t\t\t\t\t\t\t\t\t\t<\/div>\n\t\t\t\t\t\t\t\t\t\t\t<\/div>\n\t\t\t\t\t\t\t<\/div>\n\t\t<\/div>\n\t\t\t<div class=\"wphtsp-slider-nav-content\">\n\t\t\t<div class=\"wphtsp-slider-nav-wrapper wphtsp-img-botom\" >\n\t\t\t\t\t\t\t\t<div class=\"wphtsp-timeline-img\">\n\t\t\t\t\t\t\t\t\t\t\t\t\t\t\t\t\t\t\t\t<a href=\"https:\/\/gdes.com\/corporate\/fr\/timeline_slider_post\/2005\/\" target=\"_self\"><img decoding=\"async\" src=\"https:\/\/gdes.com\/corporate\/wp-content\/uploads\/sites\/5\/2005\/02\/cabecera-proteccion-radiolo-e1553636379705.jpg\" alt=\"\" \/><\/a>\n\t\t\t\t\t\t\t\t\t\t\t\t\t\t\t\t\t\t<\/div>\n\n\t\t\t\t\t<div class=\"wphtsp-content-wrapper \">\n\t\t\t\t\t\t\t\t\t\t\t\t<h2 class=\"wphtsp-content-title\">\n\t\t\t\t\t\t\t\t\t\t\t\t\t\t<a href=\"https:\/\/gdes.com\/corporate\/fr\/timeline_slider_post\/2005\/\" target=\"_self\" >2005<\/a>\n\t\t\t\t\t\t\t\t\t\t\t\t\t<\/h2>\n\t\t\t\t\t\t\n\t\t\t\t\t\t\t\t\t\t\t\t<div class=\"wphtsp-content\">\n\t\t\t\t\t\t\t\t\t\t\t\t\t\t\t<div class=\"wphtsp-fullcontent wphtsp-tl-content\" ><hr \/>\n<h4 style=\"text-align: center;\">Nettoyage chimique industriel. Radioprotection Italie.<\/h4>\n<hr \/>\n<h4 style=\"text-align: center;\"><\/h4>\n<\/div>\n\t\t\t\t\t\t\t\t\t\t\t\t\t<\/div>\n\t\t\t\t\t\t\t\t\t\t\t<\/div>\n\t\t\t\t\t\t\t<\/div>\n\t\t<\/div>\n\t\t\t<div class=\"wphtsp-slider-nav-content\">\n\t\t\t<div class=\"wphtsp-slider-nav-wrapper wphtsp-img-botom\" >\n\t\t\t\t\t\t\t\t<div class=\"wphtsp-timeline-img\">\n\t\t\t\t\t\t\t\t\t\t\t\t\t\t\t\t\t\t\t\t<a href=\"https:\/\/www.titaniast.com\/fr\/index\" target=\"_self\"><img decoding=\"async\" src=\"https:\/\/gdes.com\/corporate\/wp-content\/uploads\/sites\/5\/2007\/04\/2007si.jpg\" alt=\"\" \/><\/a>\n\t\t\t\t\t\t\t\t\t\t\t\t\t\t\t\t\t\t<\/div>\n\n\t\t\t\t\t<div class=\"wphtsp-content-wrapper \">\n\t\t\t\t\t\t\t\t\t\t\t\t<h2 class=\"wphtsp-content-title\">\n\t\t\t\t\t\t\t\t\t\t\t\t\t\t<a href=\"https:\/\/www.titaniast.com\/fr\/index\" target=\"_self\" >2007<\/a>\n\t\t\t\t\t\t\t\t\t\t\t\t\t<\/h2>\n\t\t\t\t\t\t\n\t\t\t\t\t\t\t\t\t\t\t\t<div class=\"wphtsp-content\">\n\t\t\t\t\t\t\t\t\t\t\t\t\t\t\t<div class=\"wphtsp-fullcontent wphtsp-tl-content\" ><hr \/>\n<h4 style=\"text-align: center;\">Alliance Falck &#8211; GDES. Affaires nucl\u00e9aires Mexique. Affaires nucl\u00e9aires France. Cr\u00e9ation de GDES Innovation.<\/h4>\n<hr \/>\n<h4 style=\"text-align: center;\"><\/h4>\n<\/div>\n\t\t\t\t\t\t\t\t\t\t\t\t\t<\/div>\n\t\t\t\t\t\t\t\t\t\t\t<\/div>\n\t\t\t\t\t\t\t<\/div>\n\t\t<\/div>\n\t\t\t<div class=\"wphtsp-slider-nav-content\">\n\t\t\t<div class=\"wphtsp-slider-nav-wrapper wphtsp-img-botom\" >\n\t\t\t\t\t\t\t\t<div class=\"wphtsp-timeline-img\">\n\t\t\t\t\t\t\t\t\t\t\t\t\t\t\t\t\t\t\t\t<a href=\"https:\/\/gdes.com\/corporate\/fr\/timeline_slider_post\/2010\/\" target=\"_self\"><img decoding=\"async\" src=\"https:\/\/gdes.com\/corporate\/wp-content\/uploads\/sites\/5\/2010\/10\/valent.jpg\" alt=\"\" \/><\/a>\n\t\t\t\t\t\t\t\t\t\t\t\t\t\t\t\t\t\t<\/div>\n\n\t\t\t\t\t<div class=\"wphtsp-content-wrapper \">\n\t\t\t\t\t\t\t\t\t\t\t\t<h2 class=\"wphtsp-content-title\">\n\t\t\t\t\t\t\t\t\t\t\t\t\t\t<a href=\"https:\/\/gdes.com\/corporate\/fr\/timeline_slider_post\/2010\/\" target=\"_self\" >2010<\/a>\n\t\t\t\t\t\t\t\t\t\t\t\t\t<\/h2>\n\t\t\t\t\t\t\n\t\t\t\t\t\t\t\t\t\t\t\t<div class=\"wphtsp-content\">\n\t\t\t\t\t\t\t\t\t\t\t\t\t\t\t<div class=\"wphtsp-fullcontent wphtsp-tl-content\" ><hr \/>\n<h4 style=\"text-align: center;\">Lancement de l\u2019activit\u00e9 dans le secteur du solaire thermique.<\/h4>\n<hr \/>\n<h4 style=\"text-align: center;\"><\/h4>\n<\/div>\n\t\t\t\t\t\t\t\t\t\t\t\t\t<\/div>\n\t\t\t\t\t\t\t\t\t\t\t<\/div>\n\t\t\t\t\t\t\t<\/div>\n\t\t<\/div>\n\t\t\t<div class=\"wphtsp-slider-nav-content\">\n\t\t\t<div class=\"wphtsp-slider-nav-wrapper wphtsp-img-botom\" >\n\t\t\t\t\t\t\t\t<div class=\"wphtsp-timeline-img\">\n\t\t\t\t\t\t\t\t\t\t\t\t\t\t\t\t\t\t\t\t<a href=\"https:\/\/gdes.com\/corporate\/blog\/2012\/09\/\" target=\"_self\"><img decoding=\"async\" src=\"https:\/\/gdes.com\/corporate\/wp-content\/uploads\/sites\/5\/2012\/03\/20121-1.jpg\" alt=\"\" \/><\/a>\n\t\t\t\t\t\t\t\t\t\t\t\t\t\t\t\t\t\t<\/div>\n\n\t\t\t\t\t<div class=\"wphtsp-content-wrapper \">\n\t\t\t\t\t\t\t\t\t\t\t\t<h2 class=\"wphtsp-content-title\">\n\t\t\t\t\t\t\t\t\t\t\t\t\t\t<a href=\"https:\/\/gdes.com\/corporate\/blog\/2012\/09\/\" target=\"_self\" >2012<\/a>\n\t\t\t\t\t\t\t\t\t\t\t\t\t<\/h2>\n\t\t\t\t\t\t\n\t\t\t\t\t\t\t\t\t\t\t\t<div class=\"wphtsp-content\">\n\t\t\t\t\t\t\t\t\t\t\t\t\t\t\t<div class=\"wphtsp-fullcontent wphtsp-tl-content\" ><hr \/>\n<h4 style=\"text-align: center;\">Entr\u00e9e dans l\u2019industrie \u00e9olienne (GDES Wind).<\/h4>\n<hr \/>\n<h4 style=\"text-align: center;\"><\/h4>\n<\/div>\n\t\t\t\t\t\t\t\t\t\t\t\t\t<\/div>\n\t\t\t\t\t\t\t\t\t\t\t<\/div>\n\t\t\t\t\t\t\t<\/div>\n\t\t<\/div>\n\t\t\t<div class=\"wphtsp-slider-nav-content\">\n\t\t\t<div class=\"wphtsp-slider-nav-wrapper wphtsp-img-botom\" >\n\t\t\t\t\t\t\t\t<div class=\"wphtsp-timeline-img\">\n\t\t\t\t\t\t\t\t\t\t\t\t\t\t\t\t\t\t\t\t<a href=\"https:\/\/gdes.com\/corporate\/blog\/2013\/\" target=\"_self\"><img decoding=\"async\" src=\"https:\/\/gdes.com\/corporate\/wp-content\/uploads\/sites\/5\/2013\/12\/20133.jpg\" alt=\"\" \/><\/a>\n\t\t\t\t\t\t\t\t\t\t\t\t\t\t\t\t\t\t<\/div>\n\n\t\t\t\t\t<div class=\"wphtsp-content-wrapper \">\n\t\t\t\t\t\t\t\t\t\t\t\t<h2 class=\"wphtsp-content-title\">\n\t\t\t\t\t\t\t\t\t\t\t\t\t\t<a href=\"https:\/\/gdes.com\/corporate\/blog\/2013\/\" target=\"_self\" >2013<\/a>\n\t\t\t\t\t\t\t\t\t\t\t\t\t<\/h2>\n\t\t\t\t\t\t\n\t\t\t\t\t\t\t\t\t\t\t\t<div class=\"wphtsp-content\">\n\t\t\t\t\t\t\t\t\t\t\t\t\t\t\t<div class=\"wphtsp-fullcontent wphtsp-tl-content\" ><hr \/>\n<h4 style=\"text-align: center;\">D\u00e9mant\u00e8lement UK. D\u00e9mant\u00e8lement Italie.<\/h4>\n<hr \/>\n<h4 style=\"text-align: center;\"><\/h4>\n<\/div>\n\t\t\t\t\t\t\t\t\t\t\t\t\t<\/div>\n\t\t\t\t\t\t\t\t\t\t\t<\/div>\n\t\t\t\t\t\t\t<\/div>\n\t\t<\/div>\n\t\t\t<div class=\"wphtsp-slider-nav-content\">\n\t\t\t<div class=\"wphtsp-slider-nav-wrapper wphtsp-img-botom\" >\n\t\t\t\t\t\t\t\t<div class=\"wphtsp-timeline-img\">\n\t\t\t\t\t\t\t\t\t\t\t\t\t\t\t\t\t\t\t\t<a href=\"https:\/\/gdes.com\/gdes-t4s\/en\/\" target=\"_self\"><img decoding=\"async\" src=\"https:\/\/gdes.com\/corporate\/wp-content\/uploads\/sites\/5\/2014\/10\/2014.jpg\" alt=\"\" \/><\/a>\n\t\t\t\t\t\t\t\t\t\t\t\t\t\t\t\t\t\t<\/div>\n\n\t\t\t\t\t<div class=\"wphtsp-content-wrapper \">\n\t\t\t\t\t\t\t\t\t\t\t\t<h2 class=\"wphtsp-content-title\">\n\t\t\t\t\t\t\t\t\t\t\t\t\t\t<a href=\"https:\/\/gdes.com\/gdes-t4s\/en\/\" target=\"_self\" >2014<\/a>\n\t\t\t\t\t\t\t\t\t\t\t\t\t<\/h2>\n\t\t\t\t\t\t\n\t\t\t\t\t\t\t\t\t\t\t\t<div class=\"wphtsp-content\">\n\t\t\t\t\t\t\t\t\t\t\t\t\t\t\t<div class=\"wphtsp-fullcontent wphtsp-tl-content\" ><hr \/>\n<h4 style=\"text-align: center;\">Alliance Iberdrola (<a href=\"https:\/\/gdes.com\/innovation\/fr\/\">T4S<\/a>). GDES Wind Inc. USA. D\u00e9but de l&rsquo;activit\u00e9 commerciale au Panama.<\/h4>\n<hr \/>\n<h4 style=\"text-align: center;\"><\/h4>\n<\/div>\n\t\t\t\t\t\t\t\t\t\t\t\t\t<\/div>\n\t\t\t\t\t\t\t\t\t\t\t<\/div>\n\t\t\t\t\t\t\t<\/div>\n\t\t<\/div>\n\t\t\t<div class=\"wphtsp-slider-nav-content\">\n\t\t\t<div class=\"wphtsp-slider-nav-wrapper wphtsp-img-botom\" >\n\t\t\t\t\t\t\t\t<div class=\"wphtsp-timeline-img\">\n\t\t\t\t\t\t\t\t\t\t\t\t\t\t\t\t\t\t\t\t<a href=\"https:\/\/gdes.com\/corporate\/blog\/2016\/\" target=\"_self\"><img decoding=\"async\" src=\"https:\/\/gdes.com\/corporate\/wp-content\/uploads\/sites\/5\/2016\/07\/GESErba-1.jpg\" alt=\"\" \/><\/a>\n\t\t\t\t\t\t\t\t\t\t\t\t\t\t\t\t\t\t<\/div>\n\n\t\t\t\t\t<div class=\"wphtsp-content-wrapper \">\n\t\t\t\t\t\t\t\t\t\t\t\t<h2 class=\"wphtsp-content-title\">\n\t\t\t\t\t\t\t\t\t\t\t\t\t\t<a href=\"https:\/\/gdes.com\/corporate\/blog\/2016\/\" target=\"_self\" >2016<\/a>\n\t\t\t\t\t\t\t\t\t\t\t\t\t<\/h2>\n\t\t\t\t\t\t\n\t\t\t\t\t\t\t\t\t\t\t\t<div class=\"wphtsp-content\">\n\t\t\t\t\t\t\t\t\t\t\t\t\t\t\t<div class=\"wphtsp-fullcontent wphtsp-tl-content\" ><hr \/>\n<h4 style=\"text-align: center;\">Traitement des surfaces en France.<\/h4>\n<hr \/>\n<h4 style=\"text-align: center;\"><\/h4>\n<\/div>\n\t\t\t\t\t\t\t\t\t\t\t\t\t<\/div>\n\t\t\t\t\t\t\t\t\t\t\t<\/div>\n\t\t\t\t\t\t\t<\/div>\n\t\t<\/div>\n\t\t\t<div class=\"wphtsp-slider-nav-content\">\n\t\t\t<div class=\"wphtsp-slider-nav-wrapper wphtsp-img-botom\" >\n\t\t\t\t\t\t\t\t<div class=\"wphtsp-timeline-img\">\n\t\t\t\t\t\t\t\t\t\t\t\t\t\t\t\t\t\t\t\t<a href=\"https:\/\/gdes.com\/corporate\/fr\/timeline_slider_post\/francais-2019\/\" target=\"_self\"><img decoding=\"async\" src=\"https:\/\/gdes.com\/corporate\/wp-content\/uploads\/sites\/5\/2019\/10\/ITER_HistoriaGDES.png\" alt=\"\" \/><\/a>\n\t\t\t\t\t\t\t\t\t\t\t\t\t\t\t\t\t\t<\/div>\n\n\t\t\t\t\t<div class=\"wphtsp-content-wrapper \">\n\t\t\t\t\t\t\t\t\t\t\t\t<h2 class=\"wphtsp-content-title\">\n\t\t\t\t\t\t\t\t\t\t\t\t\t\t<a href=\"https:\/\/gdes.com\/corporate\/fr\/timeline_slider_post\/francais-2019\/\" target=\"_self\" >2019<\/a>\n\t\t\t\t\t\t\t\t\t\t\t\t\t<\/h2>\n\t\t\t\t\t\t\n\t\t\t\t\t\t\t\t\t\t\t\t<div class=\"wphtsp-content\">\n\t\t\t\t\t\t\t\t\t\t\t\t\t\t\t<div class=\"wphtsp-fullcontent wphtsp-tl-content\" ><hr \/>\n<h4 style=\"text-align: center;\">Entr\u00e9e dans le project ITER.<\/h4>\n<hr \/>\n<h4 style=\"text-align: center;\"><\/h4>\n<\/div>\n\t\t\t\t\t\t\t\t\t\t\t\t\t<\/div>\n\t\t\t\t\t\t\t\t\t\t\t<\/div>\n\t\t\t\t\t\t\t<\/div>\n\t\t<\/div>\n\t\t\t<div class=\"wphtsp-slider-nav-content\">\n\t\t\t<div class=\"wphtsp-slider-nav-wrapper wphtsp-img-botom\" >\n\t\t\t\t\t\t\t\t<div class=\"wphtsp-timeline-img\">\n\t\t\t\t\t\t\t\t\t\t\t\t\t\t\t\t\t\t\t\t<a href=\"https:\/\/gdes.com\/corporate\/fr\/timeline_slider_post\/2020\/\" target=\"_self\"><img decoding=\"async\" src=\"https:\/\/gdes.com\/corporate\/wp-content\/uploads\/sites\/5\/2023\/06\/Untitled-4.jpg\" alt=\"\" \/><\/a>\n\t\t\t\t\t\t\t\t\t\t\t\t\t\t\t\t\t\t<\/div>\n\n\t\t\t\t\t<div class=\"wphtsp-content-wrapper \">\n\t\t\t\t\t\t\t\t\t\t\t\t<h2 class=\"wphtsp-content-title\">\n\t\t\t\t\t\t\t\t\t\t\t\t\t\t<a href=\"https:\/\/gdes.com\/corporate\/fr\/timeline_slider_post\/2020\/\" target=\"_self\" >2020<\/a>\n\t\t\t\t\t\t\t\t\t\t\t\t\t<\/h2>\n\t\t\t\t\t\t\n\t\t\t\t\t\t\t\t\t\t\t\t<div class=\"wphtsp-content\">\n\t\t\t\t\t\t\t\t\t\t\t\t\t\t\t<div class=\"wphtsp-fullcontent wphtsp-tl-content\" ><hr \/>\n<h4 style=\"text-align: center;\">Transformation num\u00e9rique (Xabet).<\/h4>\n<hr \/>\n<h4 style=\"text-align: center;\"><\/h4>\n<\/div>\n\t\t\t\t\t\t\t\t\t\t\t\t\t<\/div>\n\t\t\t\t\t\t\t\t\t\t\t<\/div>\n\t\t\t\t\t\t\t<\/div>\n\t\t<\/div>\n\t\t\t<div class=\"wphtsp-slider-nav-content\">\n\t\t\t<div class=\"wphtsp-slider-nav-wrapper wphtsp-img-botom\" >\n\t\t\t\t\t\t\t\t<div class=\"wphtsp-timeline-img\">\n\t\t\t\t\t\t\t\t\t\t\t\t\t\t\t\t\t\t\t\t<a href=\"https:\/\/gdes.com\/corporate\/fr\/timeline_slider_post\/2021\/\" target=\"_self\"><img decoding=\"async\" src=\"https:\/\/gdes.com\/corporate\/wp-content\/uploads\/sites\/5\/2023\/06\/Untitled-2.jpg\" alt=\"\" \/><\/a>\n\t\t\t\t\t\t\t\t\t\t\t\t\t\t\t\t\t\t<\/div>\n\n\t\t\t\t\t<div class=\"wphtsp-content-wrapper \">\n\t\t\t\t\t\t\t\t\t\t\t\t<h2 class=\"wphtsp-content-title\">\n\t\t\t\t\t\t\t\t\t\t\t\t\t\t<a href=\"https:\/\/gdes.com\/corporate\/fr\/timeline_slider_post\/2021\/\" target=\"_self\" >2021<\/a>\n\t\t\t\t\t\t\t\t\t\t\t\t\t<\/h2>\n\t\t\t\t\t\t\n\t\t\t\t\t\t\t\t\t\t\t\t<div class=\"wphtsp-content\">\n\t\t\t\t\t\t\t\t\t\t\t\t\t\t\t<div class=\"wphtsp-fullcontent wphtsp-tl-content\" ><hr \/>\n<h4 style=\"text-align: center;\">Creation of GDES Efficiency.<\/h4>\n<hr \/>\n<h4 style=\"text-align: center;\"><\/h4>\n<\/div>\n\t\t\t\t\t\t\t\t\t\t\t\t\t<\/div>\n\t\t\t\t\t\t\t\t\t\t\t<\/div>\n\t\t\t\t\t\t\t<\/div>\n\t\t<\/div>\n\t\t\t<div class=\"wphtsp-slider-nav-content\">\n\t\t\t<div class=\"wphtsp-slider-nav-wrapper wphtsp-img-botom\" >\n\t\t\t\t\t\t\t\t<div class=\"wphtsp-timeline-img\">\n\t\t\t\t\t\t\t\t\t\t\t\t\t\t\t\t\t\t\t\t<a href=\"https:\/\/gdes.com\/corporate\/fr\/timeline_slider_post\/2022\/\" target=\"_self\"><img decoding=\"async\" src=\"https:\/\/gdes.com\/corporate\/wp-content\/uploads\/sites\/5\/2023\/06\/Untitled-3.jpg\" alt=\"\" \/><\/a>\n\t\t\t\t\t\t\t\t\t\t\t\t\t\t\t\t\t\t<\/div>\n\n\t\t\t\t\t<div class=\"wphtsp-content-wrapper \">\n\t\t\t\t\t\t\t\t\t\t\t\t<h2 class=\"wphtsp-content-title\">\n\t\t\t\t\t\t\t\t\t\t\t\t\t\t<a href=\"https:\/\/gdes.com\/corporate\/fr\/timeline_slider_post\/2022\/\" target=\"_self\" >2022<\/a>\n\t\t\t\t\t\t\t\t\t\t\t\t\t<\/h2>\n\t\t\t\t\t\t\n\t\t\t\t\t\t\t\t\t\t\t\t<div class=\"wphtsp-content\">\n\t\t\t\t\t\t\t\t\t\t\t\t\t\t\t<div class=\"wphtsp-fullcontent wphtsp-tl-content\" ><hr \/>\n<h4 style=\"text-align: center;\">D\u00e9mant\u00e8lement Su\u00e8de. Industrie et Hydraulique en France.<\/h4>\n<hr \/>\n<h4 style=\"text-align: center;\"><\/h4>\n<\/div>\n\t\t\t\t\t\t\t\t\t\t\t\t\t<\/div>\n\t\t\t\t\t\t\t\t\t\t\t<\/div>\n\t\t\t\t\t\t\t<\/div>\n\t\t<\/div>\n\t<\/div>\t\t\t<\/div>\r\n\t\t\t<div class=\"wphtsp-slider-conf\" data-conf=\"{&quot;dots&quot;:&quot;false&quot;,&quot;arrows&quot;:&quot;true&quot;,&quot;loop&quot;:&quot;true&quot;,&quot;autoplay&quot;:&quot;true&quot;,&quot;autoplayInterval&quot;:&quot;4000&quot;,&quot;speed&quot;:&quot;800&quot;,&quot;fade&quot;:&quot;true&quot;,&quot;adaptiveheight&quot;:&quot;true&quot;,&quot;slidestoshow&quot;:&quot;3&quot;,&quot;first_slide&quot;:&quot;0&quot;,&quot;nav_centermode&quot;:&quot;true&quot;,&quot;rtl&quot;:&quot;false&quot;}\"><\/div>\r\n\t\t<\/div>\r\n\t\n<p>&nbsp;<\/p>","protected":false},"excerpt":{"rendered":"<p>Grupo Dominguis Energy Services (GDES) est un groupe d\u2019entreprises international d\u2019origine espagnole, fort de plus de 90 ans d\u2019exp\u00e9rience dans la prestation de services industriels pour le secteur de l\u2019\u00e9nergie, actuellement leader en mati\u00e8re de services de soutien aux op\u00e9rations, maintenance et d\u00e9mant\u00e8lement, traitement des surfaces, \u00e9conomie circulaire et logistique, efficacit\u00e9 \u00e9nerg\u00e9tique et transformation num\u00e9rique [&hellip;]<\/p>\n","protected":false},"author":1,"featured_media":0,"parent":0,"menu_order":1,"comment_status":"closed","ping_status":"closed","template":"Page-fullwidth.php","meta":{"footnotes":""},"class_list":["post-2","page","type-page","status-publish","hentry"],"aioseo_notices":[],"_links":{"self":[{"href":"https:\/\/gdes.com\/corporate\/fr\/wp-json\/wp\/v2\/pages\/2","targetHints":{"allow":["GET"]}}],"collection":[{"href":"https:\/\/gdes.com\/corporate\/fr\/wp-json\/wp\/v2\/pages"}],"about":[{"href":"https:\/\/gdes.com\/corporate\/fr\/wp-json\/wp\/v2\/types\/page"}],"author":[{"embeddable":true,"href":"https:\/\/gdes.com\/corporate\/fr\/wp-json\/wp\/v2\/users\/1"}],"replies":[{"embeddable":true,"href":"https:\/\/gdes.com\/corporate\/fr\/wp-json\/wp\/v2\/comments?post=2"}],"version-history":[{"count":102,"href":"https:\/\/gdes.com\/corporate\/fr\/wp-json\/wp\/v2\/pages\/2\/revisions"}],"predecessor-version":[{"id":382831,"href":"https:\/\/gdes.com\/corporate\/fr\/wp-json\/wp\/v2\/pages\/2\/revisions\/382831"}],"wp:attachment":[{"href":"https:\/\/gdes.com\/corporate\/fr\/wp-json\/wp\/v2\/media?parent=2"}],"curies":[{"name":"wp","href":"https:\/\/api.w.org\/{rel}","templated":true}]}}