{"id":181619,"date":"2024-05-15T14:52:42","date_gmt":"2024-05-15T13:52:42","guid":{"rendered":"https:\/\/gdes.com\/corporate\/?page_id=181619"},"modified":"2024-12-18T21:36:00","modified_gmt":"2024-12-18T20:36:00","slug":"aviso-canal-denuncias-gdes","status":"publish","type":"page","link":"https:\/\/gdes.com\/corporate\/fr\/aviso-canal-denuncias-gdes\/","title":{"rendered":"Canal de traitement des plaintes GDES"},"content":{"rendered":"<p>GDES a d\u00e9velopp\u00e9 et mis en \u0153uvre un syst\u00e8me d&rsquo;information interne qui est accessible via le lien suivant :<\/p>\n<h4><a class=\"fasc-button fasc-size-large fasc-type-flat ico-fa fasc-ico-before fa-comments-o\" style=\"background-color: #5ca2df; color: #ffffff;\" target=\"_blank\" rel=\"nofollow\" href=\"https:\/\/centinela.lefebvre.es\/public\/concept\/2253961?access=rsGVLHix%2Bd%2FURLAPjL3US%2FAhxtU%2F5JVofnjmay9MsLk%3D\">Canal des plaintes<\/a><\/h4>\n<p>Par le biais de ce canal, il sera possible de soumettre des communications relatives \u00e0 :<\/p>\n<ul>\n<li>Les infractions p\u00e9nales, y compris les comportements li\u00e9s au harc\u00e8lement.<\/li>\n<li>Les infractions au Code d&rsquo;\u00e9thique de GDES.<\/li>\n<li>Les infractions administratives graves ou tr\u00e8s graves.<\/li>\n<li>les infractions \u00e0 la r\u00e9glementation europ\u00e9enne en mati\u00e8re de protection des donn\u00e9es, de blanchiment d&rsquo;argent et d&rsquo;environnement, entre autres.<\/li>\n<\/ul>\n<p>Si vous souhaitez consulter plus d&rsquo;informations sur les principes qui r\u00e9gissent la cha\u00eene, ainsi que sur son fonctionnement, vous pouvez le faire en acc\u00e9dant \u00e0 la <a href=\"https:\/\/gdes.com\/corporate\/wp-content\/uploads\/sites\/5\/2024\/11\/GDES-Politica-4_FR-1.pdf\">Politique relative au syst\u00e8me d&rsquo;information interne<\/a>.<\/p>\n<h3>Nous vous remercions de votre collaboration<\/h3>\n<p><\/p>","protected":false},"excerpt":{"rendered":"<p>GDES a d\u00e9velopp\u00e9 et mis en \u0153uvre un syst\u00e8me d&rsquo;information interne qui est accessible via le lien suivant : Canal des plaintes Par le biais de ce canal, il sera possible de soumettre des communications relatives \u00e0 : Les infractions p\u00e9nales, y compris les comportements li\u00e9s au harc\u00e8lement. Les infractions au Code d&rsquo;\u00e9thique de GDES. [&hellip;]<\/p>\n","protected":false},"author":3,"featured_media":0,"parent":0,"menu_order":0,"comment_status":"closed","ping_status":"closed","template":"Page-fullwidth.php","meta":{"footnotes":""},"class_list":["post-181619","page","type-page","status-publish","hentry"],"aioseo_notices":[],"_links":{"self":[{"href":"https:\/\/gdes.com\/corporate\/fr\/wp-json\/wp\/v2\/pages\/181619","targetHints":{"allow":["GET"]}}],"collection":[{"href":"https:\/\/gdes.com\/corporate\/fr\/wp-json\/wp\/v2\/pages"}],"about":[{"href":"https:\/\/gdes.com\/corporate\/fr\/wp-json\/wp\/v2\/types\/page"}],"author":[{"embeddable":true,"href":"https:\/\/gdes.com\/corporate\/fr\/wp-json\/wp\/v2\/users\/3"}],"replies":[{"embeddable":true,"href":"https:\/\/gdes.com\/corporate\/fr\/wp-json\/wp\/v2\/comments?post=181619"}],"version-history":[{"count":50,"href":"https:\/\/gdes.com\/corporate\/fr\/wp-json\/wp\/v2\/pages\/181619\/revisions"}],"predecessor-version":[{"id":245492,"href":"https:\/\/gdes.com\/corporate\/fr\/wp-json\/wp\/v2\/pages\/181619\/revisions\/245492"}],"wp:attachment":[{"href":"https:\/\/gdes.com\/corporate\/fr\/wp-json\/wp\/v2\/media?parent=181619"}],"curies":[{"name":"wp","href":"https:\/\/api.w.org\/{rel}","templated":true}]}}