{"id":14,"date":"2016-08-28T20:40:03","date_gmt":"2016-08-28T19:40:03","guid":{"rendered":"https:\/\/dgd.es\/?page_id=14"},"modified":"2026-03-26T10:24:31","modified_gmt":"2026-03-26T09:24:31","slug":"calidad-seguridad","status":"publish","type":"page","link":"https:\/\/gdes.com\/corporate\/fr\/calidad-seguridad\/","title":{"rendered":"Culture pour la S\u00fbret\u00e9"},"content":{"rendered":"<p><img loading=\"lazy\" decoding=\"async\" src=\"https:\/\/gdes.com\/gdes-es\/wp-content\/uploads\/sites\/5\/2016\/08\/calidad-y-seguridad-FR.jpg\" width=\"1234\" height=\"382\"><\/p>\n<p>GDES encourage le d\u00e9veloppement d\u2019une <strong>culture de s\u00e9curit\u00e9 et de s\u00fbret\u00e9<\/strong> et de r\u00e9duction de l\u2019erreur humaine \u00e0 travers le programme RedEr, un ensemble d\u2019initiatives comptant trois principaux objectifs : <strong>garantir la s\u00fbret\u00e9<\/strong> des interventions, am\u00e9liorer la qualit\u00e9 du service offert en \u00e9vitant une \u00e9ventuelle recommencement des travaux, et maintenir le taux<strong> d\u2019accidents du travail \u00e0 z\u00e9ro. <\/strong>De plus, cet engagement est renforc\u00e9 par notre <strong>Politique de S\u00e9curit\u00e9 de l\u2019Information<\/strong>, qui \u00e9tablit le cadre destin\u00e9 \u00e0 prot\u00e9ger ad\u00e9quatement les donn\u00e9es ,&nbsp;aussi bien les n\u00f4tres que ceux fournis par d\u2019autres parties prenantes , et les syst\u00e8mes qui soutiennent l\u2019activit\u00e9 du Groupe.<\/p>\n<p style=\"text-align: center;\"><a class=\"fasc-button fasc-size-large fasc-type-flat\" style=\"background-color: #5ca2df; color: #ffffff;\" target=\"_blank\" rel=\"nofollow noopener\" href=\"https:\/\/gdes.com\/corporate\/wp-content\/uploads\/sites\/5\/2024\/11\/GDFR-Politique-Q3SER-oct2024.pdf\">Politique de gestion Q3SER&nbsp;<\/a>&nbsp; &nbsp; &nbsp; &nbsp; &nbsp; &nbsp; &nbsp;<a class=\"fasc-button fasc-size-large fasc-type-flat\" style=\"background-color: #5ca2df; color: #ffffff;\" target=\"_blank\" rel=\"nofollow\" href=\"https:\/\/gdes.com\/corporate\/wp-content\/uploads\/sites\/5\/2026\/03\/GD-Politica-Seguridad-de-la-Informacion-Mar26.pdf\">Politique de S\u00e9curit\u00e9 de l\u2019Information<\/a>&nbsp; &nbsp; &nbsp; &nbsp; &nbsp; &nbsp; <a class=\"fasc-button fasc-size-large fasc-type-flat\" style=\"background-color: #5ca2df; color: #ffffff;\" target=\"_blank\" rel=\"nofollow noopener\" href=\"https:\/\/gdes.com\/corporate\/wp-content\/uploads\/sites\/5\/2024\/04\/GDFR-STRATEGIE-DE-CULTURE-POUR-LA-SURETE-Fev24.pdf\">Culture pour la S\u00fbret\u00e9<\/a><\/p>\n<p>Notre engagement d\u2019EXCELLENCE, \u00e0 la fois dans la gestion et les op\u00e9rations, non seulement se manifeste dans la satisfaction des attentes du client, mais il est \u00e9galement approuv\u00e9 par diverses certifications et homologations \u00e0 l\u2019\u00e9chelle nationale et internationale ; ISO 9001 en mati\u00e8re de qualit\u00e9, ISO 14001 en mati\u00e8re d\u2019environnement et&nbsp;ISO 45001&nbsp;en mati\u00e8re de s\u00e9curit\u00e9 et de sant\u00e9. GDES dispose par ailleurs d\u2019un syst\u00e8me de gestion de la radioprotection certifi\u00e9 par l\u2019organisme fran\u00e7ais CEFRI,&nbsp;de la certification MASE&nbsp;pour la s\u00e9curit\u00e9, s\u00fbret\u00e9&nbsp;et l\u2019environnement&nbsp;et des qualifications qui r\u00e9pondent aux r\u00e9glementations exigeantes de nos clients tels que NT85114 (EDF), UNE 73401 (Groupe d\u2019\u00e9valuation des fournisseurs de CNPE espagnoles) ou la qualification CAEAR qui permet de travailler avec le CEA fran\u00e7ais.<\/p>\n<p><img loading=\"lazy\" decoding=\"async\" class=\"aligncenter\" src=\"https:\/\/gdes.com\/corporate\/wp-content\/uploads\/sites\/5\/2023\/09\/q5-1-copy-1.jpg\" alt=\"\" width=\"532\" height=\"223\"><\/p>","protected":false},"excerpt":{"rendered":"<p>GDES encourage le d\u00e9veloppement d\u2019une culture de s\u00e9curit\u00e9 et de s\u00fbret\u00e9 et de r\u00e9duction de l\u2019erreur humaine \u00e0 travers le programme RedEr, un ensemble d\u2019initiatives comptant trois principaux objectifs : garantir la s\u00fbret\u00e9 des interventions, am\u00e9liorer la qualit\u00e9 du service offert en \u00e9vitant une \u00e9ventuelle recommencement des travaux, et maintenir le taux d\u2019accidents du travail [&hellip;]<\/p>\n","protected":false},"author":1,"featured_media":0,"parent":0,"menu_order":3,"comment_status":"closed","ping_status":"closed","template":"Page-fullwidth.php","meta":{"footnotes":""},"class_list":["post-14","page","type-page","status-publish","hentry"],"aioseo_notices":[],"_links":{"self":[{"href":"https:\/\/gdes.com\/corporate\/fr\/wp-json\/wp\/v2\/pages\/14","targetHints":{"allow":["GET"]}}],"collection":[{"href":"https:\/\/gdes.com\/corporate\/fr\/wp-json\/wp\/v2\/pages"}],"about":[{"href":"https:\/\/gdes.com\/corporate\/fr\/wp-json\/wp\/v2\/types\/page"}],"author":[{"embeddable":true,"href":"https:\/\/gdes.com\/corporate\/fr\/wp-json\/wp\/v2\/users\/1"}],"replies":[{"embeddable":true,"href":"https:\/\/gdes.com\/corporate\/fr\/wp-json\/wp\/v2\/comments?post=14"}],"version-history":[{"count":105,"href":"https:\/\/gdes.com\/corporate\/fr\/wp-json\/wp\/v2\/pages\/14\/revisions"}],"predecessor-version":[{"id":379908,"href":"https:\/\/gdes.com\/corporate\/fr\/wp-json\/wp\/v2\/pages\/14\/revisions\/379908"}],"wp:attachment":[{"href":"https:\/\/gdes.com\/corporate\/fr\/wp-json\/wp\/v2\/media?parent=14"}],"curies":[{"name":"wp","href":"https:\/\/api.w.org\/{rel}","templated":true}]}}