{"id":137,"date":"2016-08-30T22:54:54","date_gmt":"2016-08-30T21:54:54","guid":{"rendered":"https:\/\/dgd.es\/?page_id=137"},"modified":"2023-01-26T15:15:56","modified_gmt":"2023-01-26T14:15:56","slug":"tratamiento-de-superficies","status":"publish","type":"page","link":"https:\/\/gdes.com\/corporate\/fr\/tratamiento-de-superficies\/","title":{"rendered":"Traitement des surfaces"},"content":{"rendered":"<p><strong>GDES<\/strong>\u00a0r\u00e9alise des travaux de traitement de surfaces au niveau national et international dans les secteurs nucl\u00e9aire, p\u00e9trochimique, naval et industriel sous la marque <strong>GDES Revanti <\/strong>.<\/p>\n<p>Fort de plus de<strong>\u00a090 ans d\u2019exp\u00e9rience<\/strong>\u00a0dans le traitement de surfaces,<strong>\u00a0GDES<\/strong>\u00a0apporte une garantie de r\u00e9ussite, notamment gr\u00e2ce \u00e0 son personnel sp\u00e9cialis\u00e9, \u00e0 son implication dans les phases de conception, de construction, d\u2019essais, mais aussi de par l\u2019application. Elle offre \u00e9galement des \u00e9quipements sp\u00e9cifiques pour ses clients en fonction des besoins de chaque projet.<\/p>\n<hr \/>\n<h3>Domaines d\u2019activit\u00e9:<\/h3>\n<h3><img decoding=\"async\" class=\"alignright wp-image-2651\" src=\"https:\/\/gdes.com\/gdes-es\/wp-content\/uploads\/sites\/5\/2016\/08\/GDESrevanti-1-copy.png\" width=\"195\" height=\"37\" \/><\/h3>\n<table style=\"height: 183px; border-style: hidden; width: 1013px;\" width=\"1013\">\n<tbody>\n<tr style=\"height: 21px;\">\n<td style=\"width: 500px; height: 21px;\"><strong>\u2022 Pr\u00e9paration des surfaces : sablage, grenaillages et eau \u00e0 haute pression<\/strong><\/td>\n<\/tr>\n<tr style=\"height: 21px;\">\n<td style=\"width: 500px; height: 21px;\"><strong>\u2022 Traitement des surfaces par Sponge-Jet<\/strong><\/td>\n<\/tr>\n<tr style=\"height: 21px;\">\n<td style=\"width: 500px; height: 21px;\"><strong>\u2022 Protection anticorrosive : Primaire, maintenance, peintures et rev\u00eatements<\/strong><\/td>\n<\/tr>\n<tr style=\"height: 21px;\">\n<td style=\"width: 500px; height: 21px;\"><strong>\u2022 Traitement b\u00e9ton : r\u00e9parations et renforts structurels<\/strong><\/td>\n<\/tr>\n<tr style=\"height: 21px;\">\n<td style=\"width: 500px; height: 21px;\"><strong>\u2022 Protections passives contre l\u2019incendie<\/strong><\/td>\n<\/tr>\n<tr style=\"height: 23px;\">\n<td style=\"width: 500px; height: 23px;\"><strong>\u2022 Application de pavements<\/strong><\/td>\n<\/tr>\n<tr style=\"height: 22px;\">\n<td style=\"width: 500px; height: 22px;\"><strong>\u2022\u00a0M\u00e9tallisation<\/strong><\/td>\n<\/tr>\n<\/tbody>\n<\/table>\n<p>&nbsp;<\/p>","protected":false},"excerpt":{"rendered":"<p>GDES\u00a0r\u00e9alise des travaux de traitement de surfaces au niveau national et international dans les secteurs nucl\u00e9aire, p\u00e9trochimique, naval et industriel sous la marque GDES Revanti . Fort de plus de\u00a090 ans d\u2019exp\u00e9rience\u00a0dans le traitement de surfaces,\u00a0GDES\u00a0apporte une garantie de r\u00e9ussite, notamment gr\u00e2ce \u00e0 son personnel sp\u00e9cialis\u00e9, \u00e0 son implication dans les phases de conception, de [&hellip;]<\/p>\n","protected":false},"author":1,"featured_media":1945,"parent":0,"menu_order":40,"comment_status":"closed","ping_status":"closed","template":"Page-fullwidth.php","meta":{"footnotes":""},"class_list":["post-137","page","type-page","status-publish","has-post-thumbnail","hentry"],"aioseo_notices":[],"_links":{"self":[{"href":"https:\/\/gdes.com\/corporate\/fr\/wp-json\/wp\/v2\/pages\/137","targetHints":{"allow":["GET"]}}],"collection":[{"href":"https:\/\/gdes.com\/corporate\/fr\/wp-json\/wp\/v2\/pages"}],"about":[{"href":"https:\/\/gdes.com\/corporate\/fr\/wp-json\/wp\/v2\/types\/page"}],"author":[{"embeddable":true,"href":"https:\/\/gdes.com\/corporate\/fr\/wp-json\/wp\/v2\/users\/1"}],"replies":[{"embeddable":true,"href":"https:\/\/gdes.com\/corporate\/fr\/wp-json\/wp\/v2\/comments?post=137"}],"version-history":[{"count":92,"href":"https:\/\/gdes.com\/corporate\/fr\/wp-json\/wp\/v2\/pages\/137\/revisions"}],"predecessor-version":[{"id":82003,"href":"https:\/\/gdes.com\/corporate\/fr\/wp-json\/wp\/v2\/pages\/137\/revisions\/82003"}],"wp:featuredmedia":[{"embeddable":true,"href":"https:\/\/gdes.com\/corporate\/fr\/wp-json\/wp\/v2\/media\/1945"}],"wp:attachment":[{"href":"https:\/\/gdes.com\/corporate\/fr\/wp-json\/wp\/v2\/media?parent=137"}],"curies":[{"name":"wp","href":"https:\/\/api.w.org\/{rel}","templated":true}]}}