{"id":1147,"date":"2017-08-25T11:09:21","date_gmt":"2017-08-25T10:09:21","guid":{"rendered":"https:\/\/gdes.com\/gdes-es\/?page_id=1147"},"modified":"2021-02-02T08:19:42","modified_gmt":"2021-02-02T07:19:42","slug":"compromiso-con-las-personas","status":"publish","type":"page","link":"https:\/\/gdes.com\/corporate\/fr\/compromiso-con-las-personas\/","title":{"rendered":"Engagement avec les personnes"},"content":{"rendered":"<p><img loading=\"lazy\" decoding=\"async\" class=\"alignleft wp-image-6751\" title=\"Pariez sur le talent \u00e0 GDES\" src=\"https:\/\/gdes.com\/corporate\/wp-content\/uploads\/sites\/5\/2021\/02\/DiagramaTR-FR2.png\" alt=\"\" width=\"500\" height=\"500\" \/><\/p>\n<h1><\/h1>\n<h1><\/h1>\n<p>&nbsp;<\/p>\n<h1><\/h1>\n<h1><\/h1>\n<h1>Pourquoi travailler chez\u00a0GD Energy Services?<\/h1>\n<p>&nbsp;<\/p>\n<p>L\u2019une des valeurs de\u00a0<strong>GD Energy Services<\/strong>\u00a0est l\u2019engagement avec\u00a0les\u00a0<strong>personnes<\/strong>.<\/p>\n<p>&nbsp;<\/p>\n<p><strong>Les Personnes<\/strong>\u00a0constituent une valeur essentielle et tr\u00e8s importante pour le Groupe et nous nous engageons \u00e0 maintenir cette valeur dans le futur. C\u2019est la raison pour laquelle nous nous effor\u00e7ons d\u2019attirer, de d\u00e9velopper et de retenir les meilleurs talents. \u00c0 travers le talent et le travail d&rsquo;\u00e9quipe de tous ses employ\u00e9s, <strong>GDES<\/strong> se fixe l\u2019objectif permanent de devenir une meilleure entreprise, plus durable et plus efficace, toujours \u00e0 la recherche des talents pouvant contribuer \u00e0 son expansion nationale et internationale.<\/p>\n<p>&nbsp;<\/p>\n<p>&nbsp;<\/p>\n<h2>Nous te donnons 10 raisons<\/h2>\n\n<table id=\"tablepress-4\" class=\"tablepress tablepress-id-4 tbody-has-connected-cells\">\n<tbody class=\"row-striping row-hover\">\n<tr class=\"row-1\">\n\t<td class=\"column-1\"><strong>Exp\u00e9rience<\/strong><\/td><td colspan=\"4\" class=\"column-2\">GDES est une entreprise solide avec plus de 90 ann\u00e9es d\u2019exp\u00e9rience dans le secteur de l\u2019\u00e9nergie.<\/td>\n<\/tr>\n<tr class=\"row-2\">\n\t<td class=\"column-1\"><strong>Sp\u00e9cialisation<\/strong><\/td><td colspan=\"4\" class=\"column-2\"> Elle poss\u00e8de une \u00e9quipe de plus sp\u00e9cialis\u00e9s de plus de 1 000 professionels dans les solutions adapt\u00e9es aux besoins de ses clients.<\/td>\n<\/tr>\n<tr class=\"row-3\">\n\t<td class=\"column-1\"><strong>Confiance<\/strong><\/td><td colspan=\"4\" class=\"column-2\">La confiance, la cr\u00e9dibilit\u00e9 et le travail d\u2019\u00e9quipe sont les valeurs qui la d\u00e9finissent.<\/td>\n<\/tr>\n<tr class=\"row-4\">\n\t<td class=\"column-1\"><strong>Valeur ajout\u00e9e<\/strong><\/td><td colspan=\"4\" class=\"column-2\">Elle apporte des solutions \u00e0 grande valeur ajout\u00e9e gr\u00e2ce \u00e0 l'anticipation des besoins de ses clients.<\/td>\n<\/tr>\n<tr class=\"row-5\">\n\t<td class=\"column-1\"><strong>Engagement<\/strong><\/td><td colspan=\"4\" class=\"column-2\">Elle contribue avec son travail au d\u00e9veloppement d\u2019un monde plus durable.<\/td>\n<\/tr>\n<tr class=\"row-6\">\n\t<td class=\"column-1\"><strong>D\u00e9veloppement<\/strong><\/td><td colspan=\"4\" class=\"column-2\">Elle mise sur le d\u00e9veloppement technologique pour offrir les meilleures solutions pour ses clients et pour l\u2019environnement.<\/td>\n<\/tr>\n<tr class=\"row-7\">\n\t<td class=\"column-1\"><strong>Promotion<\/strong><\/td><td colspan=\"4\" class=\"column-2\">Elle favorise la gestion du talent chez ses employ\u00e9s, contribuant ainsi aux plans de d\u00e9veloppement du Groupe.<\/td>\n<\/tr>\n<tr class=\"row-8\">\n\t<td class=\"column-1\"><strong>\u00c9galit\u00e9 <\/strong><\/td><td colspan=\"4\" class=\"column-2\">Elle croit en un Plan d'\u00c9galit\u00e9 qui favorise le d\u00e9veloppement professionnel et personnel des hommes et des femmes.<\/td>\n<\/tr>\n<tr class=\"row-9\">\n\t<td class=\"column-1\"><strong>S\u00e9curit\u00e9<\/strong><\/td><td colspan=\"4\" class=\"column-2\">Elle offre toutes les garanties de s\u00e9curit\u00e9 et de sant\u00e9 sur les lieux de travail. Au cours de la derni\u00e8re ann\u00e9e, le niveau d\u2019application de son Plan de Pr\u00e9vention et des Conditions de S\u00e9curit\u00e9 sur Chantier a \u00e9t\u00e9 de plus de 90%.<\/td>\n<\/tr>\n<tr class=\"row-10\">\n\t<td class=\"column-1\"><strong>Stabilit\u00e9<\/strong><\/td><td colspan=\"4\" class=\"column-2\">Nous contribuons \u00e0 la soci\u00e9t\u00e9 en cr\u00e9ant des emplois stables dans les services fournis par notre \u00e9quipe de professionnels.<\/td>\n<\/tr>\n<\/tbody>\n<\/table>\n<!-- #tablepress-4 from cache -->\n<p><img decoding=\"async\" class=\"alignright wp-image-2306 size-full\" src=\"https:\/\/gdes.com\/gdes-es\/wp-content\/uploads\/sites\/5\/2017\/08\/barra-futuro-1.jpg\" width=\"1600\" height=\"337\" srcset=\"https:\/\/gdes.com\/corporate\/wp-content\/uploads\/sites\/5\/2017\/08\/barra-futuro-1.jpg 1600w, https:\/\/gdes.com\/corporate\/wp-content\/uploads\/sites\/5\/2017\/08\/barra-futuro-1-300x63.jpg 300w, https:\/\/gdes.com\/corporate\/wp-content\/uploads\/sites\/5\/2017\/08\/barra-futuro-1-768x162.jpg 768w, https:\/\/gdes.com\/corporate\/wp-content\/uploads\/sites\/5\/2017\/08\/barra-futuro-1-1024x216.jpg 1024w\" sizes=\"(max-width: 1600px) 100vw, 1600px\" \/><\/p>","protected":false},"excerpt":{"rendered":"<p>&nbsp; Pourquoi travailler chez\u00a0GD Energy Services? &nbsp; L\u2019une des valeurs de\u00a0GD Energy Services\u00a0est l\u2019engagement avec\u00a0les\u00a0personnes. &nbsp; Les Personnes\u00a0constituent une valeur essentielle et tr\u00e8s importante pour le Groupe et nous nous engageons \u00e0 maintenir cette valeur dans le futur. C\u2019est la raison pour laquelle nous nous effor\u00e7ons d\u2019attirer, de d\u00e9velopper et de retenir les meilleurs talents. [&hellip;]<\/p>\n","protected":false},"author":3,"featured_media":0,"parent":0,"menu_order":10,"comment_status":"closed","ping_status":"closed","template":"Page-fullwidth.php","meta":{"footnotes":""},"class_list":["post-1147","page","type-page","status-publish","hentry"],"aioseo_notices":[],"_links":{"self":[{"href":"https:\/\/gdes.com\/corporate\/fr\/wp-json\/wp\/v2\/pages\/1147","targetHints":{"allow":["GET"]}}],"collection":[{"href":"https:\/\/gdes.com\/corporate\/fr\/wp-json\/wp\/v2\/pages"}],"about":[{"href":"https:\/\/gdes.com\/corporate\/fr\/wp-json\/wp\/v2\/types\/page"}],"author":[{"embeddable":true,"href":"https:\/\/gdes.com\/corporate\/fr\/wp-json\/wp\/v2\/users\/3"}],"replies":[{"embeddable":true,"href":"https:\/\/gdes.com\/corporate\/fr\/wp-json\/wp\/v2\/comments?post=1147"}],"version-history":[{"count":234,"href":"https:\/\/gdes.com\/corporate\/fr\/wp-json\/wp\/v2\/pages\/1147\/revisions"}],"predecessor-version":[{"id":6776,"href":"https:\/\/gdes.com\/corporate\/fr\/wp-json\/wp\/v2\/pages\/1147\/revisions\/6776"}],"wp:attachment":[{"href":"https:\/\/gdes.com\/corporate\/fr\/wp-json\/wp\/v2\/media?parent=1147"}],"curies":[{"name":"wp","href":"https:\/\/api.w.org\/{rel}","templated":true}]}}