{"id":1133,"date":"2017-08-25T10:52:03","date_gmt":"2017-08-25T09:52:03","guid":{"rendered":"https:\/\/gdes.com\/gdes-es\/?page_id=1133"},"modified":"2022-11-09T15:00:47","modified_gmt":"2022-11-09T14:00:47","slug":"unete-a-nuestro-equipo","status":"publish","type":"page","link":"https:\/\/gdes.com\/corporate\/fr\/unete-a-nuestro-equipo\/","title":{"rendered":"Rejoignez notre \u00e9quipe"},"content":{"rendered":"<p><\/p>\n<style type=\"text\/css\">\nA:hover { color: black }<br \/><\/style>\n<p>Gr\u00e2ce \u00e0 notre canal emploi vous pouvez consulter nos offres d\u2019emploi et vous inscrire \u00e0 celles qui correspondent \u00e0 votre profil professionnel. Vous pouvez vous y inscrire m\u00eame si vous n&rsquo;y trouvez pas une offre adapt\u00e9e. Nous tiendrons compte de votre CV dans nos processus de s\u00e9lection futurs. A travers ce menu, vous pouvez acc\u00e9der \u00e0 nos derni\u00e8res offres d\u2019emploi en Espagne et Services fonctionnels (international), offres d\u2019emploi en France (\u00e0 la fois des offres pour les r\u00e9sidents et des offres pour des travaux sp\u00e9cifiques en France o\u00f9 le fran\u00e7ais n&rsquo;est pas n\u00e9cessaire) et nos offres au Royaume-Uni offres \u00e0 notre emplacement principal \u00e0 Caithness, en \u00c9cosse).<\/p>\n<p>&nbsp;<\/p>\n<p>Nos processus de s\u00e9lection sont men\u00e9s selon le principe de l&rsquo;\u00e9galit\u00e9 des chances et de la non-discrimination, en valorisant positivement toutes les comp\u00e9tences personnelles des personnes qui postulent. Nous sommes convaincus que les crit\u00e8res de s\u00e9lection finaux pour le poste \u00e0 pourvoir doivent, dans tous les cas, \u00eatre le reflet fid\u00e8le de notre engagement en faveur de la diversit\u00e9 et du respect. Nous nous consid\u00e9rons comme une entreprise inclusive qui offre l&rsquo;\u00e9galit\u00e9 des chances ind\u00e9pendamment de la race, de la culture, du sexe, de l&rsquo;identit\u00e9 sexuelle, de la religion, de la nationalit\u00e9, de l&rsquo;\u00e2ge, des capacit\u00e9s, de l&rsquo;\u00e9tat civil ou de l&rsquo;orientation sexuelle, conform\u00e9ment aux principes de notre plan d&rsquo;\u00e9galit\u00e9.<\/p>\n<p>&nbsp;<\/p>\n<p>S\u00e9lectionnez le site Web que vous souhaitez visiter \u00e0 partir de ce menu:<\/p>\n<p>&nbsp;<\/p>\n<h1 style=\"text-align: center;\">Offres d&rsquo;<strong>emploi<\/strong><!-- \/Section Title --><\/h1>\n<p><!-- Portfolio Item --><\/p>\n<div class=\"row\">\n<div class=\"col-md-4 col-sm-6 col-xs-12\">\n<aside class=\"post\">\n<h4 class=\"post-thumbnail\"><a href=\"https:\/\/gdes.com\/corporate\/fr\/unete-a-nuestro-equipo-gdes-corporate\/\" target=\"_blank\" rel=\"noopener\"><img loading=\"lazy\" decoding=\"async\" class=\"attachment-post-thumbnail wp-post-image alignnone\" title=\"Espagne et Services fonctionnels\" src=\"https:\/\/gdes.com\/corporate\/wp-content\/uploads\/sites\/5\/2020\/03\/Spain.jpg\" sizes=\"(max-width: 450px) 100vw, 450px\" srcset=\"https:\/\/gdes.com\/corporate\/wp-content\/uploads\/sites\/5\/2020\/03\/Spain.jpg 450w, https:\/\/gdes.com\/corporate\/wp-content\/uploads\/sites\/5\/2020\/03\/Spain.jpgg 300w\" alt=\"\" width=\"450\" height=\"300\" \/><\/a><\/h4>\n<div class=\"portfolio-info\">\n<div class=\"entry-header\">\n<h4 class=\"entry-title\"><a href=\"https:\/\/gdes.com\/corporate\/fr\/unete-a-nuestro-equipo-gdes-corporate\/\" target=\"_blank\" rel=\"noopener\">Espagne et Services fonctionnels<\/a><\/h4>\n<\/div>\n<div class=\"entry-content\"><\/div>\n<\/div>\n<\/aside>\n<\/div>\n<div class=\"col-md-4 col-sm-6 col-xs-12\">\n<aside class=\"post\">\n<h4 class=\"post-thumbnail\"><a href=\"https:\/\/gdes.com\/france\/fr\/unete-a-nuestro-equipo\/\" target=\"_blank\" rel=\"noopener\"><img loading=\"lazy\" decoding=\"async\" class=\"attachment-post-thumbnail wp-post-image alignnone\" title=\"France (offres stables et par projet)\" src=\"https:\/\/gdes.com\/corporate\/wp-content\/uploads\/sites\/5\/2020\/03\/francia.jpg\" sizes=\"(max-width: 450px) 100vw, 450px\" srcset=\"https:\/\/gdes.com\/corporate\/wp-content\/uploads\/sites\/5\/2020\/03\/francia.jpg 450w, https:\/\/gdes.com\/corporate\/wp-content\/uploads\/sites\/5\/2020\/03\/francia.jpg 300w\" alt=\"\" width=\"450\" height=\"300\" \/><\/a><\/h4>\n<div class=\"portfolio-info\">\n<div class=\"entry-header\">\n<h4 class=\"entry-title\"><a href=\"https:\/\/gdes.com\/france\/fr\/unete-a-nuestro-equipo\/\" target=\"_blank\" rel=\"noopener\">France (offres stables et par projet)<\/a><\/h4>\n<\/div>\n<div class=\"entry-content\"><\/div>\n<\/div>\n<\/aside>\n<\/div>\n<div class=\"col-md-4 col-sm-6 col-xs-12\">\n<aside class=\"post\">\n<h4 class=\"post-thumbnail\"><a href=\"https:\/\/gdes.com\/uk\/join-gdes-uk-team\/\" target=\"_blank\" rel=\"noopener\"><img loading=\"lazy\" decoding=\"async\" class=\"attachment-post-thumbnail wp-post-image alignnone\" title=\"Royaume-Uni (Caithness, Ecosse)\" src=\"https:\/\/gdes.com\/corporate\/wp-content\/uploads\/sites\/5\/2020\/03\/ReinoUnido.jpg\" sizes=\"(max-width: 450px) 100vw, 450px\" srcset=\"https:\/\/gdes.com\/corporate\/wp-content\/uploads\/sites\/5\/2020\/03\/ReinoUnido.jpg 300w\" alt=\"\" width=\"450\" height=\"300\" \/><\/a><\/h4>\n<div class=\"portfolio-info\">\n<div class=\"entry-header\">\n<h4 class=\"entry-title\"><a href=\"https:\/\/gdes.com\/uk\/join-gdes-uk-team\/\" target=\"_blank\" rel=\"noopener\">Royaume-Uni (Caithness, Ecosse)<\/a><\/h4>\n<\/div>\n<div class=\"entry-content\"><\/div>\n<\/div>\n<\/aside>\n<\/div>\n<div class=\"clearfix\"><\/div>\n<p>&nbsp;<\/p>\n<\/div>\n<p><\/p>","protected":false},"excerpt":{"rendered":"<p>Gr\u00e2ce \u00e0 notre canal emploi vous pouvez consulter nos offres d\u2019emploi et vous inscrire \u00e0 celles qui correspondent \u00e0 votre profil professionnel. Vous pouvez vous y inscrire m\u00eame si vous n&rsquo;y trouvez pas une offre adapt\u00e9e. Nous tiendrons compte de votre CV dans nos processus de s\u00e9lection futurs. A travers ce menu, vous pouvez acc\u00e9der [&hellip;]<\/p>\n","protected":false},"author":3,"featured_media":0,"parent":0,"menu_order":14,"comment_status":"closed","ping_status":"closed","template":"Page-fullwidth.php","meta":{"footnotes":""},"class_list":["post-1133","page","type-page","status-publish","hentry"],"aioseo_notices":[],"_links":{"self":[{"href":"https:\/\/gdes.com\/corporate\/fr\/wp-json\/wp\/v2\/pages\/1133","targetHints":{"allow":["GET"]}}],"collection":[{"href":"https:\/\/gdes.com\/corporate\/fr\/wp-json\/wp\/v2\/pages"}],"about":[{"href":"https:\/\/gdes.com\/corporate\/fr\/wp-json\/wp\/v2\/types\/page"}],"author":[{"embeddable":true,"href":"https:\/\/gdes.com\/corporate\/fr\/wp-json\/wp\/v2\/users\/3"}],"replies":[{"embeddable":true,"href":"https:\/\/gdes.com\/corporate\/fr\/wp-json\/wp\/v2\/comments?post=1133"}],"version-history":[{"count":95,"href":"https:\/\/gdes.com\/corporate\/fr\/wp-json\/wp\/v2\/pages\/1133\/revisions"}],"predecessor-version":[{"id":70198,"href":"https:\/\/gdes.com\/corporate\/fr\/wp-json\/wp\/v2\/pages\/1133\/revisions\/70198"}],"wp:attachment":[{"href":"https:\/\/gdes.com\/corporate\/fr\/wp-json\/wp\/v2\/media?parent=1133"}],"curies":[{"name":"wp","href":"https:\/\/api.w.org\/{rel}","templated":true}]}}