{"id":88,"date":"2016-08-30T17:00:05","date_gmt":"2016-08-30T16:00:05","guid":{"rendered":"https:\/\/dgd.es\/?page_id=88"},"modified":"2023-02-15T08:55:24","modified_gmt":"2023-02-15T07:55:24","slug":"servicios-renovables","status":"publish","type":"page","link":"https:\/\/gdes.com\/corporate\/es\/servicios-renovables\/","title":{"rendered":"E\u00f3lico"},"content":{"rendered":"<p><strong>GDES Wind<\/strong>, es una empresa de destacado prestigio en servicios de mantenimiento a la industria e\u00f3lica, dedicada al mantenimiento, consultor\u00eda y peritaje de palas de aerogeneradores. Con sede en Espa\u00f1a,<strong> GDES Wind<\/strong>&nbsp;apuesta por un fuerte proceso de internacionalizaci\u00f3n haciendo uso de las sinergias que aporta su incorporaci\u00f3n a la estructura del Grupo <strong>GD Energy Services<\/strong>. El objetivo principal de <strong>GDES Wind<\/strong> dentro del sector e\u00f3lico es aportar el perfil tecnol\u00f3gico para aumentar la competitividad en el mantenimiento e\u00f3lico y mejorar la eficiencia en los servicios. Actualmente ha desarrollado proyectos en 26 pa\u00edses, destacando su fuerte presencia en&nbsp;Brasil, EEUU, Francia o Portugal.<\/p>\n<p>&nbsp;<\/p>\n<hr>\n<h3>Principales servicios para el sector e\u00f3lico:<img decoding=\"async\" class=\"alignright size-full wp-image-2647\" src=\"https:\/\/gdes.com\/gdes-es\/wp-content\/uploads\/sites\/5\/2016\/08\/GDESwind-1-copy-e1506619940997.png\" alt=\"\" width=\"187\" height=\"39\"><\/h3>\n<p>&nbsp;<\/p>\n<table style=\"height: 183px; border-style: hidden; width: 1013px;\" width=\"1013\">\n<tbody>\n<tr style=\"height: 24px;\">\n<td style=\"height: 24px;\"><strong>&nbsp;\u2022&nbsp;Mantenimiento (preventivo y correctivo) en campo y en nave<\/strong><\/td>\n<\/tr>\n<tr style=\"height: 24px;\">\n<td style=\"height: 24px;\">&nbsp;<strong>\u2022 Retrofit<\/strong><\/td>\n<\/tr>\n<tr style=\"height: 24px;\">\n<td style=\"height: 24px;\">&nbsp;<strong>\u2022 Peritajes<\/strong><\/td>\n<\/tr>\n<tr style=\"height: 24px;\">\n<td style=\"height: 24px;\">&nbsp;<strong>\u2022 Programas de inspecciones (termograf\u00eda y ultrasonidos)<\/strong><\/td>\n<\/tr>\n<tr style=\"height: 24px;\">\n<td style=\"height: 24px;\"><strong>&nbsp;\u2022&nbsp;Consultor\u00eda t\u00e9cnica<\/strong><\/td>\n<\/tr>\n<tr style=\"height: 24px;\">\n<td style=\"height: 24px;\"><strong>&nbsp;\u2022&nbsp;Equilibrado de rotores y mediaci\u00f3n de vibraciones<\/strong><\/td>\n<\/tr>\n<tr style=\"height: 24px;\">\n<td style=\"height: 24px;\"><strong><strong>&nbsp;\u2022&nbsp;Operaci\u00f3n a largo plazo&nbsp;<\/strong><\/strong><\/td>\n<\/tr>\n<tr style=\"height: 24px;\">\n<td style=\"height: 24px;\"><strong><strong>&nbsp;\u2022&nbsp;Log\u00edstica de palas, piezas y materiales&nbsp;<\/strong><\/strong><\/td>\n<\/tr>\n<tr style=\"height: 24px;\">\n<td style=\"height: 24px;\"><strong>&nbsp;\u2022&nbsp;Corte, desguace y gesti\u00f3n de palas in\u00fatiles<\/strong><\/td>\n<\/tr>\n<tr style=\"height: 24px;\">\n<td style=\"height: 24px;\"><strong>&nbsp;\u2022&nbsp;Fabricaci\u00f3n de piezas en composite<\/strong><\/td>\n<\/tr>\n<\/tbody>\n<\/table>\n<p style=\"text-align: center;\">&nbsp;<\/p>\n<p style=\"text-align: center;\"><a class=\"fasc-button fasc-size-large fasc-type-flat ico-fa fasc-ico-before fa-file-o\" style=\"background-color: #5ca2df; color: #ffffff;\" target=\"_blank\" rel=\"nofollow noopener\" href=\"https:\/\/gdes.com\/wind\/wp-content\/uploads\/sites\/10\/2021\/05\/Folleto-wind-red.-2021-ESP.pdf\">Documentaci\u00f3n T\u00e9cnica<\/a>&nbsp; &nbsp; &nbsp; &nbsp; &nbsp; &nbsp; &nbsp; &nbsp; &nbsp; &nbsp; &nbsp; &nbsp; &nbsp; &nbsp; &nbsp; &nbsp; &nbsp; &nbsp; &nbsp;&nbsp;<a class=\"fasc-button fasc-size-large fasc-type-flat fasc-ico-before dashicons-admin-site\" style=\"background-color: #5ca2df; color: #ffffff;\" rel=\"nofollow\" href=\"https:\/\/gdes.com\/wind\/es\/\">M\u00e1s informaci\u00f3n sobre GDES Wind<\/a><\/p>\n<p>&nbsp;<\/p>\n<h3>&nbsp;<\/h3>\n<h3>Sede Principal GDES Wind<\/h3>\n<h4>Parque Empresarial de Alvedro C\/H Nave 39. \u2013 15180 \u2013 Culleredo. A Coru\u00f1a &#8211; Spain<\/h4>\n<h4>Tel: + (34) 981 205 132&nbsp;email: <a href=\"mailto:info.wind@gdes.com\">info.wind@gdes.com<\/a><\/h4>\n<h4>\u00danete al equipo GDES Wind: <a href=\"mailto:rrhh.wind@gdes.com\">rrhh.wind@gdes.com<\/a><\/h4>\n<p>GDES WIND, S.L. tratar\u00e1 sus datos con la finalidad de posibilitar el contacto con usted y poder gestionar sus consultas y candidaturas. Si desea conocer m\u00e1s informaci\u00f3n sobre el tratamiento de sus datos o sobre la posibilidad de ejercer sus derechos, consulte nuestra <a href=\"https:\/\/gdes.com\/corporate\/politica-de-privacidad\/\"><u>Pol\u00edtica de Privacidad.<\/u><\/a><br \/>\n<Br><br \/>\n<div class=\"wpgmp_map_container wpgmp-map-provider-google wpgmp-map-3\" rel=\"map3\" data-plugin-version=\"4.9.2\"><div class=\"wpgmp_map_parent\"><div class=\"wpgmp_map \" style=\"width:100%;height:400px\" id=\"map3\" data-map-id=\"3\"><\/div><\/div><\/div><script>jQuery(document).ready(function($){ window.wpgmp = window.wpgmp || {}; window.wpgmp.mapdata3 = \"eyJhdXRvc29ydCI6dHJ1ZSwibWFwX29wdGlvbnMiOnsiY2VudGVyX2xhdCI6IjQzLjI5NzcyNSIsImNlbnRlcl9sbmciOiItOC4zNjI2MDciLCJ6b29tIjoxNSwibWFwX3R5cGVfaWQiOiJIWUJSSUQiLCJjZW50ZXJfYnlfbmVhcmVzdCI6ZmFsc2UsImZpdF9ib3VuZHMiOmZhbHNlLCJzaG93X2NlbnRlcl9jaXJjbGUiOmZhbHNlLCJzaG93X2NlbnRlcl9tYXJrZXIiOmZhbHNlLCJjZW50ZXJfbWFya2VyX2ljb24iOiJodHRwczpcL1wvZ2Rlcy5jb21cL2dkZXMtZXNcL3dwLWNvbnRlbnRcL3BsdWdpbnNcL3dwLWdvb2dsZS1tYXAtcGx1Z2luXC9hc3NldHNcL2ltYWdlc1wvXC9kZWZhdWx0X21hcmtlci5wbmciLCJkcmFnZ2FibGUiOnRydWUsIm1hcmtlcl9kZWZhdWx0X2ljb24iOiJodHRwczpcL1wvZ2Rlcy5jb21cL2dkZXMtZXNcL3dwLWNvbnRlbnRcL3BsdWdpbnNcL3dwLWdvb2dsZS1tYXAtcGx1Z2luXC9hc3NldHNcL2ltYWdlc1wvXC9kZWZhdWx0X21hcmtlci5wbmciLCJpbmZvd2luZG93X3NldHRpbmciOiI8ZGl2PnttYXJrZXJfdGl0bGV9PFwvZGl2PjxkaXY+e21hcmtlcl9hZGRyZXNzfTxcL2Rpdj4iLCJpbmZvd2luZG93X3NraW4iOnsibmFtZSI6ImRlZmF1bHQiLCJ0eXBlIjoiaW5mb3dpbmRvdyIsInNvdXJjZWNvZGUiOiI8ZGl2PnttYXJrZXJfdGl0bGV9PFwvZGl2PjxkaXY+e21hcmtlcl9hZGRyZXNzfTxcL2Rpdj4ifSwiaW5mb3dpbmRvd19kcm9wX2FuaW1hdGlvbiI6ZmFsc2UsImNsb3NlX2luZm93aW5kb3dfb25fbWFwX2NsaWNrIjpmYWxzZSwiZGVmYXVsdF9pbmZvd2luZG93X29wZW4iOmZhbHNlLCJpbmZvd2luZG93X29wZW5fZXZlbnQiOiJjbGljayIsImxpc3RpbmdfaW5mb3dpbmRvd19vcGVuX2V2ZW50IjoiY2xpY2siLCJpc19tb2JpbGUiOmZhbHNlLCJpbmZvd2luZG93X2ZpbHRlcl9vbmx5IjpmYWxzZSwiaW5mb3dpbmRvd19jbGlja19jaGFuZ2VfY2VudGVyIjpmYWxzZSwiZnVsbF9zY3JlZW5fY29udHJvbCI6dHJ1ZSwiY2FtZXJhX2NvbnRyb2wiOmZhbHNlLCJzZWFyY2hfY29udHJvbCI6dHJ1ZSwiem9vbV9jb250cm9sIjp0cnVlLCJtYXBfdHlwZV9jb250cm9sIjp0cnVlLCJzdHJlZXRfdmlld19jb250cm9sIjp0cnVlLCJsb2NhdGVtZV9jb250cm9sIjpmYWxzZSwibW9iaWxlX3NwZWNpZmljIjpmYWxzZSwiem9vbV9tb2JpbGUiOjUsImRyYWdnYWJsZV9tb2JpbGUiOnRydWUsInNjcm9sbF93aGVlbF9tb2JpbGUiOnRydWUsImZ1bGxfc2NyZWVuX2NvbnRyb2xfcG9zaXRpb24iOiJUT1BfUklHSFQiLCJzZWFyY2hfY29udHJvbF9wb3NpdGlvbiI6IlRPUF9MRUZUIiwiem9vbV9jb250cm9sX3Bvc2l0aW9uIjoiVE9QX0xFRlQiLCJtYXBfdHlwZV9jb250cm9sX3Bvc2l0aW9uIjoiVE9QX1JJR0hUIiwibWFwX3R5cGVfY29udHJvbF9zdHlsZSI6IkhPUklaT05UQUxfQkFSIiwic3RyZWV0X3ZpZXdfY29udHJvbF9wb3NpdGlvbiI6IlRPUF9MRUZUIiwibWFwX2luZm93aW5kb3dfY3VzdG9taXNhdGlvbnMiOmZhbHNlLCJpbmZvd2luZG93X3dpZHRoIjoiMTAwJSIsInNob3dfaW5mb3dpbmRvd19oZWFkZXIiOmZhbHNlLCJ6b29tX2xldmVsX2FmdGVyX3NlYXJjaCI6MTAsImRvdWJsZWNsaWNrem9vbSI6ZmFsc2UsImN1cnJlbnRfcG9zdF9vbmx5IjpmYWxzZSwiYWR2YW5jZV90ZW1wbGF0ZSI6ZmFsc2UsIm1hcF90aWxlX3VybCI6Imh0dHBzOlwvXC97c30udGlsZS5vcGVuc3RyZWV0bWFwLm9yZ1wve3p9XC97eH1cL3t5fS5wbmciLCJvcGVuc3RyZWV0X3N0eWxlcyI6eyJPcGVuU3RyZWV0TWFwLk1hcG5payI6Imh0dHBzOlwvXC97c30udGlsZS5vcGVuc3RyZWV0bWFwLm9yZ1wve3p9XC97eH1cL3t5fS5wbmciLCJPcGVuU3RyZWV0TWFwLkRFIjoiaHR0cHM6XC9cL3tzfS50aWxlLm9wZW5zdHJlZXRtYXAuZGVcL3RpbGVzXC9vc21kZVwve3p9XC97eH1cL3t5fS5wbmciLCJPcGVuU3RyZWV0TWFwLkNIIjoiaHR0cHM6XC9cL3RpbGUub3NtLmNoXC9zd2l0emVybGFuZFwve3p9XC97eH1cL3t5fS5wbmciLCJPcGVuU3RyZWV0TWFwLkZyYW5jZSI6Imh0dHBzOlwvXC97c30udGlsZS5vcGVuc3RyZWV0bWFwLmZyXC9vc21mclwve3p9XC97eH1cL3t5fS5wbmciLCJPcGVuU3RyZWV0TWFwLkhPVCI6Imh0dHBzOlwvXC97c30udGlsZS5vcGVuc3RyZWV0bWFwLmZyXC9ob3RcL3t6fVwve3h9XC97eX0ucG5nIiwiT3BlblN0cmVldE1hcC5CWkgiOiJodHRwczpcL1wvdGlsZS5vcGVuc3RyZWV0bWFwLmJ6aFwvYnJcL3t6fVwve3h9XC97eX0ucG5nIiwiT3BlblRvcG9NYXAiOiJodHRwczpcL1wve3N9LnRpbGUub3BlbnRvcG9tYXAub3JnXC97en1cL3t4fVwve3l9LnBuZyIsIlRodW5kZXJmb3Jlc3QuT3BlbkN5Y2xlTWFwIjoiaHR0cHM6XC9cL2Rldi57c30udGlsZS5vcGVuc3RyZWV0bWFwLmZyXC9jeWNsb3NtXC97en1cL3t4fVwve3l9LnBuZyIsIk9wZW5NYXBTdXJmZXIuUm9hZHMiOiJodHRwczpcL1wvbWFwcy5oZWlnaXQub3JnXC9vcGVubWFwc3VyZmVyXC90aWxlc1wvcm9hZHNcL3dlYm1lcmNhdG9yXC97en1cL3t4fVwve3l9LnBuZyJ9LCJvcGVuc3RyZWV0X3N0eWxlc19tYXJrdXAiOiI8c2VsZWN0IGNsYXNzPVwid3BvbXBfbWFwX3R5cGVcIj48b3B0aW9uIHZhbHVlPVwiT3BlblN0cmVldE1hcC5NYXBuaWtcIj5PcGVuU3RyZWV0TWFwLk1hcG5pazxcL29wdGlvbj48b3B0aW9uIHZhbHVlPVwiT3BlblN0cmVldE1hcC5ERVwiPk9wZW5TdHJlZXRNYXAuREU8XC9vcHRpb24+PG9wdGlvbiB2YWx1ZT1cIk9wZW5TdHJlZXRNYXAuQ0hcIj5PcGVuU3RyZWV0TWFwLkNIPFwvb3B0aW9uPjxvcHRpb24gdmFsdWU9XCJPcGVuU3RyZWV0TWFwLkZyYW5jZVwiPk9wZW5TdHJlZXRNYXAuRnJhbmNlPFwvb3B0aW9uPjxvcHRpb24gdmFsdWU9XCJPcGVuU3RyZWV0TWFwLkhPVFwiPk9wZW5TdHJlZXRNYXAuSE9UPFwvb3B0aW9uPjxvcHRpb24gdmFsdWU9XCJPcGVuU3RyZWV0TWFwLkJaSFwiPk9wZW5TdHJlZXRNYXAuQlpIPFwvb3B0aW9uPjxvcHRpb24gdmFsdWU9XCJPcGVuVG9wb01hcFwiPk9wZW5Ub3BvTWFwPFwvb3B0aW9uPjxvcHRpb24gdmFsdWU9XCJUaHVuZGVyZm9yZXN0Lk9wZW5DeWNsZU1hcFwiPlRodW5kZXJmb3Jlc3QuT3BlbkN5Y2xlTWFwPFwvb3B0aW9uPjxvcHRpb24gdmFsdWU9XCJPcGVuTWFwU3VyZmVyLlJvYWRzXCI+T3Blbk1hcFN1cmZlci5Sb2FkczxcL29wdGlvbj48XC9zZWxlY3Q+IiwibWFwX2JveF9zdHlsZXNfbWFya3VwIjoiPHNlbGVjdCBjbGFzcz1cIndwb21wX21hcGJveF90eXBlXCI+PG9wdGlvbiB2YWx1ZT1cInN0cmVldHMtdjExXCI+U3RyZWV0czxcL29wdGlvbj48b3B0aW9uIHZhbHVlPVwibGlnaHQtdjEwXCI+TGlnaHQ8XC9vcHRpb24+PG9wdGlvbiB2YWx1ZT1cImRhcmstdjEwXCI+RGFyazxcL29wdGlvbj48b3B0aW9uIHZhbHVlPVwib3V0ZG9vcnMtdjExXCI+T3V0ZG9vcnM8XC9vcHRpb24+PG9wdGlvbiB2YWx1ZT1cInNhdGVsbGl0ZS12OVwiPlNhdGVsbGl0ZTxcL29wdGlvbj48XC9zZWxlY3Q+IiwiYm91bmRfbWFwX2FmdGVyX2ZpbHRlciI6ZmFsc2UsImRpc3BsYXlfcmVzZXRfYnV0dG9uIjpmYWxzZSwibWFwX3Jlc2V0X2J1dHRvbl90ZXh0IjoiUmVzdGFibGVjZXIiLCJoZWlnaHQiOiI0MDAiLCJ0aWxlc19wcm92aWRlciI6Im9wZW5zdHJlZXQifSwicGxhY2VzIjpbeyJpZCI6IjciLCJ0aXRsZSI6IkdERVMgV0lORCB8IFNFREUgQ0VOVFJBTCIsImFkZHJlc3MiOiJQYXJxdWUgRW1wcmVzYXJpYWwgZGUgQWx2ZWRybyBDXC9IIE5hdmUgMzkiLCJzb3VyY2UiOiJtYW51YWwiLCJjb250ZW50IjoiR0RFUyBXSU5EIHwgU0VERSBDRU5UUkFMIDxicj5cclxuUGFycXVlIEVtcHJlc2FyaWFsIGRlIEFsdmVkcm8gQ1wvSCAgTmF2ZSAzOS4gMTUxODAgQ3VsbGVyZWRvLCBBIENvcnVcdTAwZjFhIHxTcGFpbjxicj5cclxuZW1haWw6IGluZm8ud2luZEBnZGVzLmNvbTxicj5cclxuVGVsOiArICgzNCkgOTgxIDIwNSAxMzI8YnI+XHJcbkZheDogKyAoMzQpIDk4MSAyMDUgMTMyXHJcblxyXG4iLCJsb2NhdGlvbiI6eyJpY29uIjoiaHR0cHM6XC9cL2dkZXMuY29tXC9nZGVzLWVzXC93cC1jb250ZW50XC91cGxvYWRzXC9zaXRlc1wvNVwvMjAxN1wvMDlcL2dkZXNtYXAucG5nIiwibGF0IjoiNDMuMjk3NzI1IiwibG5nIjoiLTguMzYyNjA3IiwiY2l0eSI6IkN1bGxlcmVkbyIsInN0YXRlIjoiTGEgQ29ydVx1MDBmMWEiLCJjb3VudHJ5IjoiRXNwYVx1MDBmMWEiLCJvbmNsaWNrX2FjdGlvbiI6Im1hcmtlciIsInJlZGlyZWN0X2N1c3RvbV9saW5rIjoiIiwibWFya2VyX2ltYWdlIjoiPGRpdiBjbGFzcz0nZmMtZmVhdHVyZS1pbWcnPjxpbWcgbG9hZGluZz0nbGF6eScgZGVjb2Rpbmc9J2FzeW5jJyBhbHQ9J0dERVMgV0lORCB8IFNFREUgQ0VOVFJBTCcgc3JjPSdodHRwczpcL1wvZ2Rlcy5jb21cL2NvcnBvcmF0ZVwvd3AtY29udGVudFwvcGx1Z2luc1wvd3AtZ29vZ2xlLW1hcC1wbHVnaW5cL2Fzc2V0c1wvaW1hZ2VzXC9zYW1wbGUuanBnJyBjbGFzcz0nd3BnbXBfbWFya2VyX2ltYWdlIGZjLWl0ZW0tZmVhdHVyZWRfaW1hZ2UgZmMtaXRlbS1sYXJnZScgXC8+PFwvZGl2PiIsIm9wZW5fbmV3X3RhYiI6InllcyIsInBvc3RhbF9jb2RlIjoiMTUxODAiLCJkcmFnZ2FibGUiOiIiLCJpbmZvd2luZG93X2RlZmF1bHRfb3BlbiI6IiIsImFuaW1hdGlvbiI6IkJPVU5DRSIsImluZm93aW5kb3dfZGlzYWJsZSI6dHJ1ZSwiem9vbSI6NSwiZXh0cmFfZmllbGRzIjp7Imxpc3RvcmRlciI6MH19LCJjYXRlZ29yaWVzIjpbeyJpZCI6IjEiLCJuYW1lIjoiU0VERVMiLCJ0eXBlIjoiY2F0ZWdvcnkiLCJleHRlbnNpb25fZmllbGRzIjpudWxsLCJpY29uIjoiaHR0cHM6XC9cL2dkZXMuY29tXC9nZGVzLWVzXC93cC1jb250ZW50XC91cGxvYWRzXC9zaXRlc1wvNVwvMjAxN1wvMDlcL2dkZXNtYXAucG5nIn1dLCJjdXN0b21fZmlsdGVycyI6W119XSwibWFwX3Byb3BlcnR5Ijp7Im1hcF9pZCI6IjMifSwic2hhcGVzIjp7ImRyYXdpbmdfZWRpdGFibGUiOmZhbHNlfSwiZmlsdGVycyI6eyJmaWx0ZXJzX2NvbnRhaW5lciI6IltkYXRhLWNvbnRhaW5lcj1cIndwZ21wLWZpbHRlcnMtY29udGFpbmVyXCJdIn0sImdsb2JhbF9zZXR0aW5ncyI6IkEiLCJtYXJrZXJfY2F0ZWdvcnlfaWNvbnMiOnsiMSI6Imh0dHBzOlwvXC9nZGVzLmNvbVwvZ2Rlcy1lc1wvd3AtY29udGVudFwvdXBsb2Fkc1wvc2l0ZXNcLzVcLzIwMTdcLzA5XC9nZGVzbWFwLnBuZyIsIjIiOiJodHRwczpcL1wvZ2Rlcy5jb21cL2dkZXMtZXNcL3dwLWNvbnRlbnRcL3VwbG9hZHNcL3NpdGVzXC81XC8yMDE3XC8wOVwvZ2Rlc21hcDIucG5nIn0sInByb3ZpZGVyIjoiZ29vZ2xlIiwiYXBpS2V5IjoiIn0=\"; });<\/script><\/p>\n<hr>\n<p><\/p>","protected":false},"excerpt":{"rendered":"<p>GDES Wind, es una empresa de destacado prestigio en servicios de mantenimiento a la industria e\u00f3lica, dedicada al mantenimiento, consultor\u00eda y peritaje de palas de aerogeneradores. Con sede en Espa\u00f1a, GDES Wind&nbsp;apuesta por un fuerte proceso de internacionalizaci\u00f3n haciendo uso de las sinergias que aporta su incorporaci\u00f3n a la estructura del Grupo GD Energy Services. [&hellip;]<\/p>\n","protected":false},"author":1,"featured_media":2286,"parent":0,"menu_order":10,"comment_status":"closed","ping_status":"closed","template":"Page-fullwidth.php","meta":{"footnotes":""},"class_list":["post-88","page","type-page","status-publish","has-post-thumbnail","hentry"],"aioseo_notices":[],"_links":{"self":[{"href":"https:\/\/gdes.com\/corporate\/es\/wp-json\/wp\/v2\/pages\/88","targetHints":{"allow":["GET"]}}],"collection":[{"href":"https:\/\/gdes.com\/corporate\/es\/wp-json\/wp\/v2\/pages"}],"about":[{"href":"https:\/\/gdes.com\/corporate\/es\/wp-json\/wp\/v2\/types\/page"}],"author":[{"embeddable":true,"href":"https:\/\/gdes.com\/corporate\/es\/wp-json\/wp\/v2\/users\/1"}],"replies":[{"embeddable":true,"href":"https:\/\/gdes.com\/corporate\/es\/wp-json\/wp\/v2\/comments?post=88"}],"version-history":[{"count":71,"href":"https:\/\/gdes.com\/corporate\/es\/wp-json\/wp\/v2\/pages\/88\/revisions"}],"predecessor-version":[{"id":84906,"href":"https:\/\/gdes.com\/corporate\/es\/wp-json\/wp\/v2\/pages\/88\/revisions\/84906"}],"wp:featuredmedia":[{"embeddable":true,"href":"https:\/\/gdes.com\/corporate\/es\/wp-json\/wp\/v2\/media\/2286"}],"wp:attachment":[{"href":"https:\/\/gdes.com\/corporate\/es\/wp-json\/wp\/v2\/media?parent=88"}],"curies":[{"name":"wp","href":"https:\/\/api.w.org\/{rel}","templated":true}]}}