{"id":86,"date":"2016-08-30T16:59:35","date_gmt":"2016-08-30T15:59:35","guid":{"rendered":"https:\/\/dgd.es\/?page_id=86"},"modified":"2023-07-19T09:59:22","modified_gmt":"2023-07-19T08:59:22","slug":"servicios-logisticos","status":"publish","type":"page","link":"https:\/\/gdes.com\/corporate\/es\/servicios-logisticos\/","title":{"rendered":"Econom\u00eda circular y cadena de suministro"},"content":{"rendered":"<p><strong>GDES<\/strong>&nbsp; <strong>Circularity<\/strong> aporta valor a sus clientes a trav\u00e9s de la externalizaci\u00f3n de procesos en la cadena de suministro aplicando soluciones log\u00edsticas de econom\u00eda circular. Las mejoras en el servicio y la productividad se consiguen mediante la aplicaci\u00f3n de t\u00e9cnicas \u201cLean Manufacturing\u201d que implementan procesos de mejora continua y la utilizaci\u00f3n de la tecnolog\u00eda m\u00e1s actual. Nuestra capacidad de inversi\u00f3n y nuestros m\u00e9todos de trabajo, aportan al cliente flexibilidad y agilidad con un rendimiento \u00f3ptimo. Como respuesta a las peticiones de nuestros clientes log\u00edsticos tradicionales, l<strong>a descarbonizaci\u00f3n, digitalizaci\u00f3n y econom\u00eda circular forman parte de una evoluci\u00f3n continua y a medida de nuestros servicios y soluciones log\u00edsticas tradicionales.<\/strong><\/p>\n<p>Para desarrollar proyectos de \u00e9xito <strong>GDES<\/strong> cuenta con un departamento de RRHH especializado en formaci\u00f3n, gesti\u00f3n del cambio y medici\u00f3n de niveles de satisfacci\u00f3n para cada proyecto. Igualmente contamos con un sistema de gesti\u00f3n integrado propio que incluye: <strong>calidad, medio ambiente y prevenci\u00f3n laboral,<\/strong> todos ellos<strong> certificados<\/strong> por organismos internacionales.<\/p>\n<hr>\n<h3>Principales actividades:<\/h3>\n<style>\r\n\t.wpsm_tab_82850 .wpsm_nav-tabs li a,\r\n\t.wpsm_tab_82850 .wpsm_nav-tabs li a:hover,\r\n\t.wpsm_tab_82850 .wpsm_nav-tabs li a:focus{\r\n\t\toutline: none;\r\n\t\ttext-decoration: none;\r\n\t}\r\n\t#wpsm_tab_container_82850 a,\r\n\t#wpsm_tab_container_82850 a:hover{\r\n\t\t-webkit-box-shadow:none;\r\n\t\tbox-shadow:none;\r\n\t}\r\n\t#wpsm_tab_container_82850{\r\n\t\toverflow: hidden;\r\n\t\tdisplay: block;\r\n\t\twidth: 100%;\r\n\t\tborder: 0px solid #ddd;\r\n\t\tmargin-bottom: 30px;\r\n\t\tmargin-top:20px;\r\n\t}\r\n\t#wpsm_tab_container_82850 ul{\r\n\t\tpadding:0;\r\n\t\tmargin:0;\r\n\t}\r\n\t.wpsm_tab_82850 .wpsm_nav-tabs li{\r\n\t\tmargin-left:0;\r\n\t}\r\n\t.wpsm_tab_82850 .wpsm_nav-tabs li a i{\r\n\t\theight:auto;\r\n\t}\r\n\t#wpsm_tab_container_82850 .wpsm_nav li .wpsm_tabs_img_icon,\r\n\t#wpsm_tab_container_82850 .wpsm_nav li .wpsm-icons{\r\n\t\tvertical-align:middle;\r\n\t}\r\n\t@media only screen and (max-width: 600px) {\r\n\t\t.wpsm_tab_82850 .wpsm_nav-tabs li{\r\n\t\t\tfloat:none;\r\n\t\t}\r\n\t\t\r\n\t}\r\n\t\t\t@media only screen and (min-width: 601px) \r\n\t\t{\r\n\t\t\t\t\t\t\t#wpsm_tab_container_82850 .wpsm_tab_82850 .wpsm_nav-tabs li\r\n\t\t\t\t{\r\n\t\t\t\tfloat:left;\r\n\t\t\t\t}\r\n\t\t\t\t\t}\r\n\t\t\r\n\t\t\t#wpsm_tab_container_82850 .wpsm_nav li .wpsm_tabs_img_icon{\r\n\t\tbox-shadow:none;\r\n\t\t-webkit-box-shadow:none;\r\n\t\t\t\t\twidth:14px;\r\n\t\t\theight:14px;\r\n\t\t\t}\r\n\t\r\n\t#wpsm_tab_container_82850 .wpsm_tab_82850 .wpsm_nav-tabs li a\r\n\t{\r\n\t\t\t\t\t\tbackground-image: url(https:\/\/gdes.com\/corporate\/wp-content\/plugins\/tabs-pro\/assets\/images\/style-soft.png) !important;\r\n\t\t\t\tbackground-position: 0 0 !important;\r\n\t\t\t\tbackground-repeat: repeat-x !important;\r\n\t\t\t\t}\r\n\t\r\n\t\t.wpsm_tab_82850 .wpsm_nav-tabs li a i,\r\n\t.wpsm_tab_82850 .wpsm_nav-tabs li a img\r\n\t{\t\r\n\t\t\t\r\n\t\t\tdisplay:inline;\r\n\t\t\tmargin:0 8px 0 0;\r\n\t\t\t\t}\r\n\t<\/style><style>\r\n\/* design 12 *\/\r\n\r\n .wpsm_tab_82850 a:hover,\r\n .wpsm_tab_82850 a:focus{\r\n    outline: none;\r\n\ttext-decoration: none;\r\n}\r\n.wpsm_tab_82850 .wpsm_nav-tabs{\r\n\tborder-bottom: none;\r\n}\r\n.wpsm_tab_82850 .wpsm_nav-tabs,\r\n.wpsm_tab_82850 .wpsm_nav-tabs li{\r\n\tmargin-bottom:0;\r\n}\r\n.wpsm_tab_82850 .wpsm_nav-tabs li a{\r\n\tfont-size: 14px;\r\n\tcolor: #ffffff;\r\n\tbackground: #5ca2df;\r\n\tborder-radius: 0;\r\n\tborder: none;\r\n\tborder-left: 5px solid ;\r\n\tmargin: 0;\r\n\tpadding: 15px 15px;\r\n\tposition: relative;\r\n\tfont-weight:100;\r\n\tfont-family:0;\r\n\ttext-align:center;\r\n}\r\n.wpsm_tab_82850 .wpsm_nav-tabs li a:hover{\r\n\tbackground: transparent !important;\r\n\tcolor: #002d74 !important;\r\n\tborder-left-color: ;\r\n}\r\n.wpsm_tab_82850 .wpsm_nav-tabs li.active a,\r\n.wpsm_tab_82850 .wpsm_nav-tabs li.active a:focus,\r\n.wpsm_tab_82850 .wpsm_nav-tabs li.active a:hover{\r\n\tbackground: #c6c4c4 !important;\r\n\tcolor: #002d74 !important;\r\n\tborder: none;\r\n\tborder-left: 5px solid ;\r\n}\r\n.wpsm_tab_82850 .wpsm_tab_content{\r\n\tfont-size: 14px;\r\n\tcolor: #000000;\r\n\tline-height: 1.6;\r\n\tbackground: ;\r\n\tborder: none;\r\n\tpadding: 15px;\r\n\tfont-family:0;\r\n}\r\n.wpsm_tab_82850 .wpsm_tab_content .tab-pane p{\r\n\tcolor:#000000;\r\n    font-size: 14px;\r\n\tfont-family:0;\r\n\tbackground:;\r\n    border:none;\r\n\tline-height:1.6;\r\n\tpadding:0;\r\n\ttext-align:left;\r\n}\r\n.wpsm_tab_82850 .wpsm_tab_content h3{\r\n\tfont-size: 24px;\r\n}\r\n.wpsm_tab_82850 .wpsm_nav-tabs li a i{\r\n\t\/*padding-left:8px;\r\n\tpadding-right:8px;*\/\r\n\tcolor: ;\r\n\tfont-size: 8px;\r\n}\r\n.wpsm_tab_82850 .wpsm_nav-tabs li.active a i{\r\n\tcolor:  !important;\r\n}\r\n@media screen and (max-width: 600px){\r\n\t.wpsm_tab_82850 .wpsm_nav-tabs li{ \r\n\t\twidth:100% !important; \r\n\t\tmargin-bottom:5px;\r\n\t}\r\n}\r\n                    \r\n<\/style><div id=\"wpsm_tab_container_82850\">\r\n\t<div class=\"wpsm_tab_82850\"  role=\"tabpanel\">\r\n\t\t\r\n\t\t<!-- wpshopmart tabs pro menu -->\r\n\t\t<ul class=\"wpsm_nav wpsm_nav-tabs\" role=\"tablist\" id=\"myTab_82850\">\r\n\t\t\t                 \r\n\t\t\t\t<li role=\"presentation\" class=\"active\">\r\n\t\t\t\t\t<a href=\"#tabs_desc_82850_1\" aria-controls=\"home\" role=\"tab\" data-toggle=\"tab\" onmouseover=\"fn_open_tab_on_hover(this,' #tabs_desc_82850_1 ',82850)\" style=\"\">\r\n\t\t\t\t\t\tCadena de suministro circular\t\t\t\t\t<\/a>\r\n\t\t\t\t<\/li>\r\n\t\t\t\t                 \r\n\t\t\t\t<li role=\"presentation\" class=\"\">\r\n\t\t\t\t\t<a href=\"#tabs_desc_82850_2\" aria-controls=\"home\" role=\"tab\" data-toggle=\"tab\" onmouseover=\"fn_open_tab_on_hover(this,' #tabs_desc_82850_2 ',82850)\" style=\"\">\r\n\t\t\t\t\t\tValorizaci\u00f3n de residuos\t\t\t\t\t<\/a>\r\n\t\t\t\t<\/li>\r\n\t\t\t\t                 \r\n\t\t\t\t<li role=\"presentation\" class=\"\">\r\n\t\t\t\t\t<a href=\"#tabs_desc_82850_3\" aria-controls=\"home\" role=\"tab\" data-toggle=\"tab\" onmouseover=\"fn_open_tab_on_hover(this,' #tabs_desc_82850_3 ',82850)\" style=\"\">\r\n\t\t\t\t\t\tGesti\u00f3n de Almacenes\t\t\t\t\t<\/a>\r\n\t\t\t\t<\/li>\r\n\t\t\t\t                 \r\n\t\t\t\t<li role=\"presentation\" class=\"\">\r\n\t\t\t\t\t<a href=\"#tabs_desc_82850_4\" aria-controls=\"home\" role=\"tab\" data-toggle=\"tab\" onmouseover=\"fn_open_tab_on_hover(this,' #tabs_desc_82850_4 ',82850)\" style=\"\">\r\n\t\t\t\t\t\tGesti\u00f3n Integral log\u00edstica 'In house\t\t\t\t\t<\/a>\r\n\t\t\t\t<\/li>\r\n\t\t\t\t  \r\n\t\t<\/ul>\r\n\t\t\r\n\t\t<!-- wpshopmart tabs pro Menu Content -->\r\n\t\t<div class=\"wpsm_tab_content tabs\">\r\n\t\t\t \r\n\t\t\t\t<div role=\"tabpanel\" class=\"tab-pane animated fadeIn in active \" id=\"tabs_desc_82850_1\">\r\n\t\t\t\t\t<p><img decoding=\"async\" class=\"wp-image-112540 size-full alignright\" src=\"https:\/\/gdes.com\/corporate\/wp-content\/uploads\/sites\/5\/2023\/06\/circularity.jpg\" alt=\"\" width=\"115\" height=\"39\" \/><\/p>\r\n<table style=\"height: 40px; border-style: hidden; width: 1010px;\" width=\"1013\">\r\n<tbody>\r\n<tr>\r\n<td style=\"width: 1002px;\">\r\n<p>Servicios espec\u00edficos enfocados a maximizar la eficiencia de la cadena de suministro de nuestros clientes, y minimizar los impactos ambientales y sociales a lo largo del ciclo de vida de un producto. En <strong>GDES Circularity<\/strong> ofrecemos servicios especializados en la reutilizaci\u00f3n, reciclaje y renovaci\u00f3n de productos y materiales, fomentando la colaboraci\u00f3n y la medici\u00f3n de indicadores de desempe\u00f1o sostenible.<\/p>\r\n<\/td>\r\n<\/tr>\r\n<\/tbody>\r\n<\/table>\r\n<p>&nbsp;<\/p>\t\t\t\t<\/div>\r\n\t\t\t\t\r\n\t\t\t\t \r\n\t\t\t\t<div role=\"tabpanel\" class=\"tab-pane animated fadeIn\" id=\"tabs_desc_82850_2\">\r\n\t\t\t\t\t<p><img decoding=\"async\" class=\"wp-image-112540 size-full alignright\" src=\"https:\/\/gdes.com\/corporate\/wp-content\/uploads\/sites\/5\/2023\/06\/circularity.jpg\" alt=\"\" width=\"115\" height=\"39\" \/><\/p>\r\n<table style=\"height: 40px; border-style: hidden; width: 1010px;\" width=\"1013\">\r\n<tbody>\r\n<tr>\r\n<td style=\"width: 1002px;\">\r\n<p>Servicios dirigidos a identificar y aprovechar el valor econ\u00f3mico y energ\u00e9tico de los residuos generados durante los procesos productivos de nuestros clientes:<\/p>\r\n<\/td>\r\n<\/tr>\r\n<\/tbody>\r\n<\/table>\r\n<table style=\"height: 183px; border-style: hidden; width: 1013px;\">\r\n<tbody>\r\n<tr>\r\n<td><strong>\u2022 Gesti\u00f3n y tratamiento de residuos.<\/strong><\/td>\r\n<\/tr>\r\n<tr>\r\n<td><strong>\u2022 Valorizaci\u00f3n energ\u00e9tica.<\/strong><\/td>\r\n<\/tr>\r\n<tr>\r\n<td><strong>\u2022 Consultor\u00eda, asesor\u00eda y formaci\u00f3n. \u00a0<\/strong><\/td>\r\n<\/tr>\r\n<tr>\r\n<td><strong>\u2022 Investigaci\u00f3n y desarrollo relacionada con la valorizaci\u00f3n de residuos.<\/strong><\/td>\r\n<\/tr>\r\n<\/tbody>\r\n<\/table>\t\t\t\t<\/div>\r\n\t\t\t\t\r\n\t\t\t\t \r\n\t\t\t\t<div role=\"tabpanel\" class=\"tab-pane animated fadeIn\" id=\"tabs_desc_82850_3\">\r\n\t\t\t\t\t<p><img decoding=\"async\" class=\"wp-image-112540 size-full alignright\" src=\"https:\/\/gdes.com\/corporate\/wp-content\/uploads\/sites\/5\/2023\/06\/circularity.jpg\" alt=\"\" width=\"115\" height=\"39\" \/><\/p>\r\n<table style=\"height: 183px; border-style: hidden; width: 1013px;\" width=\"1013\">\r\n<tbody>\r\n<tr>\r\n<td><strong>\u2022\u00a0Recepci\u00f3n y expedici\u00f3n<\/strong><\/td>\r\n<\/tr>\r\n<tr>\r\n<td><strong>\u2022\u00a0Carga y descarga<\/strong><\/td>\r\n<\/tr>\r\n<tr>\r\n<td><strong>\u2022\u00a0Picking, etiquetado, manipulados<\/strong><\/td>\r\n<\/tr>\r\n<tr>\r\n<td><strong>\u2022\u00a0Transportes Internos<\/strong><\/td>\r\n<\/tr>\r\n<\/tbody>\r\n<\/table>\t\t\t\t<\/div>\r\n\t\t\t\t\r\n\t\t\t\t \r\n\t\t\t\t<div role=\"tabpanel\" class=\"tab-pane animated fadeIn\" id=\"tabs_desc_82850_4\">\r\n\t\t\t\t\t<p><img decoding=\"async\" class=\"wp-image-112540 size-full alignright\" src=\"https:\/\/gdes.com\/corporate\/wp-content\/uploads\/sites\/5\/2023\/06\/circularity.jpg\" alt=\"\" width=\"115\" height=\"39\" \/><\/p>\r\n<table style=\"height: 183px; border-style: hidden; width: 1013px;\" width=\"1013\">\r\n<tbody>\r\n<tr>\r\n<td><strong>\u2022\u00a0Gesti\u00f3n de flujos internos<\/strong><\/td>\r\n<\/tr>\r\n<tr>\r\n<td><strong>\u2022 Econom\u00eda circular<\/strong><\/td>\r\n<\/tr>\r\n<tr>\r\n<td><strong>\u2022\u00a0Aprovisionamiento<\/strong><\/td>\r\n<\/tr>\r\n<tr>\r\n<td><strong>\u2022\u00a0Distribuci\u00f3n interna<\/strong><\/td>\r\n<\/tr>\r\n<tr>\r\n<td><strong>\u2022\u00a0Acabados y empaquetados manuales<\/strong><\/td>\r\n<\/tr>\r\n<tr>\r\n<td><strong>\u2022 Embalajes<\/strong><\/td>\r\n<\/tr>\r\n<tr>\r\n<td><strong>\u2022\u00a0Optimizaci\u00f3n de Maquinaria<\/strong><\/td>\r\n<\/tr>\r\n<\/tbody>\r\n<\/table>\t\t\t\t<\/div>\r\n\t\t\t\t\r\n\t\t\t\t  \r\n\t\t<\/div>\r\n\t\t\r\n\t<\/div> \r\n<\/div>\r\n\t\t\t<script>\r\n\t\t\tfunction fn_open_tab_on_hover(cur_ele,id,post_id)\r\n\t\t\t{\r\n\t\t\t\tjQuery('.wpsm_tab_'+post_id).children('ul').children('li').removeClass(\"active\");\r\n\t\t\t\tjQuery('.wpsm_tab_'+post_id+' .wpsm_tab_content:first').children('div').removeClass(\"in active\");\r\n\t\t\t\tjQuery(cur_ele).parent('li').addClass(\"active\");\r\n\t\t\t\tjQuery(id).addClass(\"in active\");\r\n\t\t\t}\r\n\t\t\t<\/script>\r\n\t\t \r\n\n<hr>\n<p><a class=\"fasc-button fasc-size-large fasc-type-flat ico-fa fasc-ico-before fa-file-text-o\" style=\"background-color: #5ca2df; color: #ffffff;\" rel=\"nofollow\" href=\"https:\/\/gdes.com\/gdes-es\/wp-content\/uploads\/sites\/5\/2017\/11\/Servicios-logisticos.pdf\">Documentaci\u00f3n T\u00e9cnica<\/a><\/p>\n<p>&nbsp;Cadena de suministro circular\t\t\t\t\t<\/a>\r\n\t\t\t\t<\/li>\r\n\t\t\t\t                 \r\n\t\t\t\t<li role=\"presentation\" class=\"\">\r\n\t\t\t\t\t<a href=\"#tabs_desc_82850_2\" aria-controls=\"home\" role=\"tab\" data-toggle=\"tab\" onmouseover=\"fn_open_tab_on_hover(this,' #tabs_desc_82850_2 ',82850)\" style=\"\">\r\n\t\t\t\t\t\tValorizaci\u00f3n de residuos\t\t\t\t\t<\/a>\r\n\t\t\t\t<\/li>\r\n\t\t\t\t                 \r\n\t\t\t\t<li role=\"presentation\" class=\"\">\r\n\t\t\t\t\t<a href=\"#tabs_desc_82850_3\" aria-controls=\"home\" role=\"tab\" data-toggle=\"tab\" onmouseover=\"fn_open_tab_on_hover(this,' #tabs_desc_82850_3 ',82850)\" style=\"\">\r\n\t\t\t\t\t\tGesti\u00f3n de Almacenes\t\t\t\t\t<\/a>\r\n\t\t\t\t<\/li>\r\n\t\t\t\t                 \r\n\t\t\t\t<li role=\"presentation\" class=\"\">\r\n\t\t\t\t\t<a href=\"#tabs_desc_82850_4\" aria-controls=\"home\" role=\"tab\" data-toggle=\"tab\" onmouseover=\"fn_open_tab_on_hover(this,' #tabs_desc_82850_4 ',82850)\" style=\"\">\r\n\t\t\t\t\t\tGesti\u00f3n Integral log\u00edstica 'In house\t\t\t\t\t<\/a>\r\n\t\t\t\t<\/li>\r\n\t\t\t\t  \r\n\t\t<\/ul>\r\n\t\t\r\n\t\t<!-- wpshopmart tabs pro Menu Content -->\r\n\t\t<div class=\"wpsm_tab_content tabs\">\r\n\t\t\t \r\n\t\t\t\t<div role=\"tabpanel\" class=\"tab-pane animated fadeIn in active \" id=\"tabs_desc_82850_1\">\r\n\t\t\t\t\t<p><img decoding=\"async\" class=\"wp-image-112540 size-full alignright\" src=\"https:\/\/gdes.com\/corporate\/wp-content\/uploads\/sites\/5\/2023\/06\/circularity.jpg\" alt=\"\" width=\"115\" height=\"39\" \/><\/p>\r\n<table style=\"height: 40px; border-style: hidden; width: 1010px;\" width=\"1013\">\r\n<tbody>\r\n<tr>\r\n<td style=\"width: 1002px;\">\r\n<p>Servicios espec\u00edficos enfocados a maximizar la eficiencia de la cadena de suministro de nuestros clientes, y minimizar los impactos ambientales y sociales a lo largo del ciclo de vida de un producto. En <strong>GDES Circularity<\/strong> ofrecemos servicios especializados en la reutilizaci\u00f3n, reciclaje y renovaci\u00f3n de productos y materiales, fomentando la colaboraci\u00f3n y la medici\u00f3n de indicadores de desempe\u00f1o sostenible.<\/p>\r\n<\/td>\r\n<\/tr>\r\n<\/tbody>\r\n<\/table>\r\n<p>&nbsp;<\/p>\t\t\t\t<\/div>\r\n\t\t\t\t\r\n\t\t\t\t \r\n\t\t\t\t<div role=\"tabpanel\" class=\"tab-pane animated fadeIn\" id=\"tabs_desc_82850_2\">\r\n\t\t\t\t\t<p><img decoding=\"async\" class=\"wp-image-112540 size-full alignright\" src=\"https:\/\/gdes.com\/corporate\/wp-content\/uploads\/sites\/5\/2023\/06\/circularity.jpg\" alt=\"\" width=\"115\" height=\"39\" \/><\/p>\r\n<table style=\"height: 40px; border-style: hidden; width: 1010px;\" width=\"1013\">\r\n<tbody>\r\n<tr>\r\n<td style=\"width: 1002px;\">\r\n<p>Servicios dirigidos a identificar y aprovechar el valor econ\u00f3mico y energ\u00e9tico de los residuos generados durante los procesos productivos de nuestros clientes:<\/p>\r\n<\/td>\r\n<\/tr>\r\n<\/tbody>\r\n<\/table>\r\n<table style=\"height: 183px; border-style: hidden; width: 1013px;\">\r\n<tbody>\r\n<tr>\r\n<td><strong>\u2022 Gesti\u00f3n y tratamiento de residuos.<\/strong><\/td>\r\n<\/tr>\r\n<tr>\r\n<td><strong>\u2022 Valorizaci\u00f3n energ\u00e9tica.<\/strong><\/td>\r\n<\/tr>\r\n<tr>\r\n<td><strong>\u2022 Consultor\u00eda, asesor\u00eda y formaci\u00f3n. \u00a0<\/strong><\/td>\r\n<\/tr>\r\n<tr>\r\n<td><strong>\u2022 Investigaci\u00f3n y desarrollo relacionada con la valorizaci\u00f3n de residuos.<\/strong><\/td>\r\n<\/tr>\r\n<\/tbody>\r\n<\/table>\t\t\t\t<\/div>\r\n\t\t\t\t\r\n\t\t\t\t \r\n\t\t\t\t<div role=\"tabpanel\" class=\"tab-pane animated fadeIn\" id=\"tabs_desc_82850_3\">\r\n\t\t\t\t\t<p><img decoding=\"async\" class=\"wp-image-112540 size-full alignright\" src=\"https:\/\/gdes.com\/corporate\/wp-content\/uploads\/sites\/5\/2023\/06\/circularity.jpg\" alt=\"\" width=\"115\" height=\"39\" \/><\/p>\r\n<table style=\"height: 183px; border-style: hidden; width: 1013px;\" width=\"1013\">\r\n<tbody>\r\n<tr>\r\n<td><strong>\u2022\u00a0Recepci\u00f3n y expedici\u00f3n<\/strong><\/td>\r\n<\/tr>\r\n<tr>\r\n<td><strong>\u2022\u00a0Carga y descarga<\/strong><\/td>\r\n<\/tr>\r\n<tr>\r\n<td><strong>\u2022\u00a0Picking, etiquetado, manipulados<\/strong><\/td>\r\n<\/tr>\r\n<tr>\r\n<td><strong>\u2022\u00a0Transportes Internos<\/strong><\/td>\r\n<\/tr>\r\n<\/tbody>\r\n<\/table>\t\t\t\t<\/div>\r\n\t\t\t\t\r\n\t\t\t\t \r\n\t\t\t\t<div role=\"tabpanel\" class=\"tab-pane animated fadeIn\" id=\"tabs_desc_82850_4\">\r\n\t\t\t\t\t<p><img decoding=\"async\" class=\"wp-image-112540 size-full alignright\" src=\"https:\/\/gdes.com\/corporate\/wp-content\/uploads\/sites\/5\/2023\/06\/circularity.jpg\" alt=\"\" width=\"115\" height=\"39\" \/><\/p>\r\n<table style=\"height: 183px; border-style: hidden; width: 1013px;\" width=\"1013\">\r\n<tbody>\r\n<tr>\r\n<td><strong>\u2022\u00a0Gesti\u00f3n de flujos internos<\/strong><\/td>\r\n<\/tr>\r\n<tr>\r\n<td><strong>\u2022 Econom\u00eda circular<\/strong><\/td>\r\n<\/tr>\r\n<tr>\r\n<td><strong>\u2022\u00a0Aprovisionamiento<\/strong><\/td>\r\n<\/tr>\r\n<tr>\r\n<td><strong>\u2022\u00a0Distribuci\u00f3n interna<\/strong><\/td>\r\n<\/tr>\r\n<tr>\r\n<td><strong>\u2022\u00a0Acabados y empaquetados manuales<\/strong><\/td>\r\n<\/tr>\r\n<tr>\r\n<td><strong>\u2022 Embalajes<\/strong><\/td>\r\n<\/tr>\r\n<tr>\r\n<td><strong>\u2022\u00a0Optimizaci\u00f3n de Maquinaria<\/strong><\/td>\r\n<\/tr>\r\n<\/tbody>\r\n<\/table>\t\t\t\t<\/div>\r\n\t\t\t\t\r\n\t\t\t\t  \r\n\t\t<\/div>\r\n\t\t\r\n\t<\/div> \r\n<\/div>\r\n\t\t\t<script>\r\n\t\t\tfunction fn_open_tab_on_hover(cur_ele,id,post_id)\r\n\t\t\t{\r\n\t\t\t\tjQuery('.wpsm_tab_'+post_id).children('ul').children('li').removeClass(\"active\");\r\n\t\t\t\tjQuery('.wpsm_tab_'+post_id+' .wpsm_tab_content:first').children('div').removeClass(\"in active\");\r\n\t\t\t\tjQuery(cur_ele).parent('li').addClass(\"active\");\r\n\t\t\t\tjQuery(id).addClass(\"in active\");\r\n\t\t\t}\r\n\t\t\t<\/script>\r\n\t\t \r\n\n<hr \/>\n<p>Cadena de suministro circular\t\t\t\t\t<\/a>\r\n\t\t\t\t<\/li>\r\n\t\t\t\t                 \r\n\t\t\t\t<li role=\"presentation\" class=\"\">\r\n\t\t\t\t\t<a href=\"#tabs_desc_82850_2\" aria-controls=\"home\" role=\"tab\" data-toggle=\"tab\" onmouseover=\"fn_open_tab_on_hover(this,' #tabs_desc_82850_2 ',82850)\" style=\"\">\r\n\t\t\t\t\t\tValorizaci\u00f3n de residuos\t\t\t\t\t<\/a>\r\n\t\t\t\t<\/li>\r\n\t\t\t\t                 \r\n\t\t\t\t<li role=\"presentation\" class=\"\">\r\n\t\t\t\t\t<a href=\"#tabs_desc_82850_3\" aria-controls=\"home\" role=\"tab\" data-toggle=\"tab\" onmouseover=\"fn_open_tab_on_hover(this,' #tabs_desc_82850_3 ',82850)\" style=\"\">\r\n\t\t\t\t\t\tGesti\u00f3n de Almacenes\t\t\t\t\t<\/a>\r\n\t\t\t\t<\/li>\r\n\t\t\t\t                 \r\n\t\t\t\t<li role=\"presentation\" class=\"\">\r\n\t\t\t\t\t<a href=\"#tabs_desc_82850_4\" aria-controls=\"home\" role=\"tab\" data-toggle=\"tab\" onmouseover=\"fn_open_tab_on_hover(this,' #tabs_desc_82850_4 ',82850)\" style=\"\">\r\n\t\t\t\t\t\tGesti\u00f3n Integral log\u00edstica 'In house\t\t\t\t\t<\/a>\r\n\t\t\t\t<\/li>\r\n\t\t\t\t  \r\n\t\t<\/ul>\r\n\t\t\r\n\t\t<!-- wpshopmart tabs pro Menu Content -->\r\n\t\t<div class=\"wpsm_tab_content tabs\">\r\n\t\t\t \r\n\t\t\t\t<div role=\"tabpanel\" class=\"tab-pane animated fadeIn in active \" id=\"tabs_desc_82850_1\">\r\n\t\t\t\t\t<p><img decoding=\"async\" class=\"wp-image-112540 size-full alignright\" src=\"https:\/\/gdes.com\/corporate\/wp-content\/uploads\/sites\/5\/2023\/06\/circularity.jpg\" alt=\"\" width=\"115\" height=\"39\" \/><\/p>\r\n<table style=\"height: 40px; border-style: hidden; width: 1010px;\" width=\"1013\">\r\n<tbody>\r\n<tr>\r\n<td style=\"width: 1002px;\">\r\n<p>Servicios espec\u00edficos enfocados a maximizar la eficiencia de la cadena de suministro de nuestros clientes, y minimizar los impactos ambientales y sociales a lo largo del ciclo de vida de un producto. En <strong>GDES Circularity<\/strong> ofrecemos servicios especializados en la reutilizaci\u00f3n, reciclaje y renovaci\u00f3n de productos y materiales, fomentando la colaboraci\u00f3n y la medici\u00f3n de indicadores de desempe\u00f1o sostenible.<\/p>\r\n<\/td>\r\n<\/tr>\r\n<\/tbody>\r\n<\/table>\r\n<p>&nbsp;<\/p>\t\t\t\t<\/div>\r\n\t\t\t\t\r\n\t\t\t\t \r\n\t\t\t\t<div role=\"tabpanel\" class=\"tab-pane animated fadeIn\" id=\"tabs_desc_82850_2\">\r\n\t\t\t\t\t<p><img decoding=\"async\" class=\"wp-image-112540 size-full alignright\" src=\"https:\/\/gdes.com\/corporate\/wp-content\/uploads\/sites\/5\/2023\/06\/circularity.jpg\" alt=\"\" width=\"115\" height=\"39\" \/><\/p>\r\n<table style=\"height: 40px; border-style: hidden; width: 1010px;\" width=\"1013\">\r\n<tbody>\r\n<tr>\r\n<td style=\"width: 1002px;\">\r\n<p>Servicios dirigidos a identificar y aprovechar el valor econ\u00f3mico y energ\u00e9tico de los residuos generados durante los procesos productivos de nuestros clientes:<\/p>\r\n<\/td>\r\n<\/tr>\r\n<\/tbody>\r\n<\/table>\r\n<table style=\"height: 183px; border-style: hidden; width: 1013px;\">\r\n<tbody>\r\n<tr>\r\n<td><strong>\u2022 Gesti\u00f3n y tratamiento de residuos.<\/strong><\/td>\r\n<\/tr>\r\n<tr>\r\n<td><strong>\u2022 Valorizaci\u00f3n energ\u00e9tica.<\/strong><\/td>\r\n<\/tr>\r\n<tr>\r\n<td><strong>\u2022 Consultor\u00eda, asesor\u00eda y formaci\u00f3n. \u00a0<\/strong><\/td>\r\n<\/tr>\r\n<tr>\r\n<td><strong>\u2022 Investigaci\u00f3n y desarrollo relacionada con la valorizaci\u00f3n de residuos.<\/strong><\/td>\r\n<\/tr>\r\n<\/tbody>\r\n<\/table>\t\t\t\t<\/div>\r\n\t\t\t\t\r\n\t\t\t\t \r\n\t\t\t\t<div role=\"tabpanel\" class=\"tab-pane animated fadeIn\" id=\"tabs_desc_82850_3\">\r\n\t\t\t\t\t<p><img decoding=\"async\" class=\"wp-image-112540 size-full alignright\" src=\"https:\/\/gdes.com\/corporate\/wp-content\/uploads\/sites\/5\/2023\/06\/circularity.jpg\" alt=\"\" width=\"115\" height=\"39\" \/><\/p>\r\n<table style=\"height: 183px; border-style: hidden; width: 1013px;\" width=\"1013\">\r\n<tbody>\r\n<tr>\r\n<td><strong>\u2022\u00a0Recepci\u00f3n y expedici\u00f3n<\/strong><\/td>\r\n<\/tr>\r\n<tr>\r\n<td><strong>\u2022\u00a0Carga y descarga<\/strong><\/td>\r\n<\/tr>\r\n<tr>\r\n<td><strong>\u2022\u00a0Picking, etiquetado, manipulados<\/strong><\/td>\r\n<\/tr>\r\n<tr>\r\n<td><strong>\u2022\u00a0Transportes Internos<\/strong><\/td>\r\n<\/tr>\r\n<\/tbody>\r\n<\/table>\t\t\t\t<\/div>\r\n\t\t\t\t\r\n\t\t\t\t \r\n\t\t\t\t<div role=\"tabpanel\" class=\"tab-pane animated fadeIn\" id=\"tabs_desc_82850_4\">\r\n\t\t\t\t\t<p><img decoding=\"async\" class=\"wp-image-112540 size-full alignright\" src=\"https:\/\/gdes.com\/corporate\/wp-content\/uploads\/sites\/5\/2023\/06\/circularity.jpg\" alt=\"\" width=\"115\" height=\"39\" \/><\/p>\r\n<table style=\"height: 183px; border-style: hidden; width: 1013px;\" width=\"1013\">\r\n<tbody>\r\n<tr>\r\n<td><strong>\u2022\u00a0Gesti\u00f3n de flujos internos<\/strong><\/td>\r\n<\/tr>\r\n<tr>\r\n<td><strong>\u2022 Econom\u00eda circular<\/strong><\/td>\r\n<\/tr>\r\n<tr>\r\n<td><strong>\u2022\u00a0Aprovisionamiento<\/strong><\/td>\r\n<\/tr>\r\n<tr>\r\n<td><strong>\u2022\u00a0Distribuci\u00f3n interna<\/strong><\/td>\r\n<\/tr>\r\n<tr>\r\n<td><strong>\u2022\u00a0Acabados y empaquetados manuales<\/strong><\/td>\r\n<\/tr>\r\n<tr>\r\n<td><strong>\u2022 Embalajes<\/strong><\/td>\r\n<\/tr>\r\n<tr>\r\n<td><strong>\u2022\u00a0Optimizaci\u00f3n de Maquinaria<\/strong><\/td>\r\n<\/tr>\r\n<\/tbody>\r\n<\/table>\t\t\t\t<\/div>\r\n\t\t\t\t\r\n\t\t\t\t  \r\n\t\t<\/div>\r\n\t\t\r\n\t<\/div> \r\n<\/div>\r\n\t\t\t<script>\r\n\t\t\tfunction fn_open_tab_on_hover(cur_ele,id,post_id)\r\n\t\t\t{\r\n\t\t\t\tjQuery('.wpsm_tab_'+post_id).children('ul').children('li').removeClass(\"active\");\r\n\t\t\t\tjQuery('.wpsm_tab_'+post_id+' .wpsm_tab_content:first').children('div').removeClass(\"in active\");\r\n\t\t\t\tjQuery(cur_ele).parent('li').addClass(\"active\");\r\n\t\t\t\tjQuery(id).addClass(\"in active\");\r\n\t\t\t}\r\n\t\t\t<\/script>\r\n\t\t \r\n\n<hr \/>\n<p>&nbsp;<\/p>\n<p>&nbsp;<\/p>","protected":false},"excerpt":{"rendered":"<p>GDES&nbsp; Circularity aporta valor a sus clientes a trav\u00e9s de la externalizaci\u00f3n de procesos en la cadena de suministro aplicando soluciones log\u00edsticas de econom\u00eda circular. Las mejoras en el servicio y la productividad se consiguen mediante la aplicaci\u00f3n de t\u00e9cnicas \u201cLean Manufacturing\u201d que implementan procesos de mejora continua y la utilizaci\u00f3n de la tecnolog\u00eda m\u00e1s [&hellip;]<\/p>\n","protected":false},"author":1,"featured_media":2287,"parent":0,"menu_order":1,"comment_status":"closed","ping_status":"closed","template":"Page-fullwidth.php","meta":{"footnotes":""},"class_list":["post-86","page","type-page","status-publish","has-post-thumbnail","hentry"],"aioseo_notices":[],"_links":{"self":[{"href":"https:\/\/gdes.com\/corporate\/es\/wp-json\/wp\/v2\/pages\/86","targetHints":{"allow":["GET"]}}],"collection":[{"href":"https:\/\/gdes.com\/corporate\/es\/wp-json\/wp\/v2\/pages"}],"about":[{"href":"https:\/\/gdes.com\/corporate\/es\/wp-json\/wp\/v2\/types\/page"}],"author":[{"embeddable":true,"href":"https:\/\/gdes.com\/corporate\/es\/wp-json\/wp\/v2\/users\/1"}],"replies":[{"embeddable":true,"href":"https:\/\/gdes.com\/corporate\/es\/wp-json\/wp\/v2\/comments?post=86"}],"version-history":[{"count":54,"href":"https:\/\/gdes.com\/corporate\/es\/wp-json\/wp\/v2\/pages\/86\/revisions"}],"predecessor-version":[{"id":115974,"href":"https:\/\/gdes.com\/corporate\/es\/wp-json\/wp\/v2\/pages\/86\/revisions\/115974"}],"wp:featuredmedia":[{"embeddable":true,"href":"https:\/\/gdes.com\/corporate\/es\/wp-json\/wp\/v2\/media\/2287"}],"wp:attachment":[{"href":"https:\/\/gdes.com\/corporate\/es\/wp-json\/wp\/v2\/media?parent=86"}],"curies":[{"name":"wp","href":"https:\/\/api.w.org\/{rel}","templated":true}]}}