{"id":84,"date":"2016-08-30T16:53:50","date_gmt":"2016-08-30T15:53:50","guid":{"rendered":"https:\/\/dgd.es\/?page_id=84"},"modified":"2025-01-07T10:23:04","modified_gmt":"2025-01-07T09:23:04","slug":"desmantelamiento","status":"publish","type":"page","link":"https:\/\/gdes.com\/corporate\/es\/desmantelamiento\/","title":{"rendered":"Desmantelamiento"},"content":{"rendered":"<p>GDES cuenta con m\u00e1s de 40 a\u00f1os de experiencia en el sector nuclear, siendo este su principal sector de actuaci\u00f3n. GDES ha participado en la construcci\u00f3n de las principales Centrales Nucleares espa\u00f1olas a finales de los a\u00f1os 70, en su mantenimiento y actualmente en su desmantelamiento. Es en ese campo, el desmantelamiento, d\u00f3nde GDES es referente a nivel europeo siendo empresa participante en la ejecuci\u00f3n de diferentes proyectos no solo en Espa\u00f1a sino tambi\u00e9n en Italia, Suecia y Reino Unido.<\/p>\n<p>&nbsp;<br \/>\n<strong>GDES<\/strong>&nbsp;cuenta con equipo humano con alta cualificaci\u00f3n y orientaci\u00f3n al cliente, que aporta soluciones de alto valor a\u00f1adido adapt\u00e1ndose a la necesidad espec\u00edfica de cada proyecto.&nbsp;<strong>GDES<\/strong>&nbsp;con su vocaci\u00f3n de servicio al cliente est\u00e1 comprometida a resolver todo tipo de problemas ya que dispone de un \u00e1rea de Desarrollo Tecnol\u00f3gico (<strong>GDES Innovation<\/strong>) para la b\u00fasqueda de soluciones a medida, as\u00ed como de un elevado n\u00famero de personal t\u00e9cnico experimentado y en continua formaci\u00f3n<\/p>\n<hr>\n<h3>&nbsp;<span lang=\"FR\">Principales Servicios:&nbsp;<\/span><img decoding=\"async\" class=\"alignright size-full wp-image-2650\" src=\"https:\/\/gdes.com\/gdes-es\/wp-content\/uploads\/sites\/5\/2016\/08\/GDES-1.png\" alt=\"\" width=\"115\" height=\"39\"><\/h3>\n<table style=\"height: 151px; border-style: hidden; width: 1013px;\" width=\"1013\">\n<tbody>\n<tr style=\"height: 30px;\">\n<td style=\"height: 30px;\"><strong><span id=\"result_box\" class=\"\" lang=\"es\"><span class=\"\">Estudios de viabilidad, ingenier\u00eda, gesti\u00f3n de proyectos, operaciones:<\/span><\/span><\/strong><\/td>\n<\/tr>\n<tr style=\"height: 30px;\">\n<td style=\"height: 30px;\"><strong>\u2022 Desmantelamiento&nbsp;de&nbsp;Centrales Nucleares, reactores experimentales e instalaciones radioactivas<\/strong><\/td>\n<\/tr>\n<tr style=\"height: 30px;\">\n<td style=\"height: 30px;\"><strong>\u2022 Gesti\u00f3n de residuos<\/strong><\/td>\n<\/tr>\n<tr style=\"height: 30px;\">\n<td style=\"height: 30px;\"><b>\u2022 Caracterizaci\u00f3n y descontaminaci\u00f3n de paramentos<\/b><\/td>\n<\/tr>\n<tr style=\"height: 31px;\">\n<td style=\"height: 31px;\"><b>\u2022 Dise\u00f1o, c\u00e1lculos&nbsp;y construcci\u00f3n&nbsp;de \u00fatiles y equipos<\/b><\/td>\n<\/tr>\n<\/tbody>\n<\/table>\n<p><img fetchpriority=\"high\" decoding=\"async\" class=\"alignleft size-full wp-image-248117\" src=\"https:\/\/gdes.com\/corporate\/wp-content\/uploads\/sites\/5\/2025\/01\/mapa-desmantelamiento-GDES-2025-2.jpg\" alt=\"\" width=\"1280\" height=\"720\" srcset=\"https:\/\/gdes.com\/corporate\/wp-content\/uploads\/sites\/5\/2025\/01\/mapa-desmantelamiento-GDES-2025-2.jpg 1280w, https:\/\/gdes.com\/corporate\/wp-content\/uploads\/sites\/5\/2025\/01\/mapa-desmantelamiento-GDES-2025-2-300x169.jpg 300w, https:\/\/gdes.com\/corporate\/wp-content\/uploads\/sites\/5\/2025\/01\/mapa-desmantelamiento-GDES-2025-2-1024x576.jpg 1024w, https:\/\/gdes.com\/corporate\/wp-content\/uploads\/sites\/5\/2025\/01\/mapa-desmantelamiento-GDES-2025-2-768x432.jpg 768w\" sizes=\"(max-width: 1280px) 100vw, 1280px\" \/><\/p>\n<p>&nbsp;<\/p>\n<p style=\"text-align: center;\"><a class=\"fasc-button fasc-size-large fasc-type-flat ico-fa fasc-ico-before fa-file-text-o\" style=\"background-color: #5ca2df; color: #ffffff;\" target=\"_blank\" rel=\"noopener\" href=\"https:\/\/gdes.com\/gdes-es\/wp-content\/uploads\/sites\/5\/2016\/08\/GDES_Desmantelamiento.pdf\">Documentaci\u00f3n T\u00e9cnica<\/a><\/p>\n<p>&nbsp;<\/p>\n<h3>&nbsp;<\/h3>\n<p>&nbsp;<\/p>\n<p>&nbsp;<\/p>\n<p>&nbsp;<\/p>","protected":false},"excerpt":{"rendered":"<p>GDES cuenta con m\u00e1s de 40 a\u00f1os de experiencia en el sector nuclear, siendo este su principal sector de actuaci\u00f3n. GDES ha participado en la construcci\u00f3n de las principales Centrales Nucleares espa\u00f1olas a finales de los a\u00f1os 70, en su mantenimiento y actualmente en su desmantelamiento. Es en ese campo, el desmantelamiento, d\u00f3nde GDES es [&hellip;]<\/p>\n","protected":false},"author":1,"featured_media":2275,"parent":0,"menu_order":8,"comment_status":"closed","ping_status":"closed","template":"Page-fullwidth.php","meta":{"footnotes":""},"class_list":["post-84","page","type-page","status-publish","has-post-thumbnail","hentry"],"aioseo_notices":[],"_links":{"self":[{"href":"https:\/\/gdes.com\/corporate\/es\/wp-json\/wp\/v2\/pages\/84","targetHints":{"allow":["GET"]}}],"collection":[{"href":"https:\/\/gdes.com\/corporate\/es\/wp-json\/wp\/v2\/pages"}],"about":[{"href":"https:\/\/gdes.com\/corporate\/es\/wp-json\/wp\/v2\/types\/page"}],"author":[{"embeddable":true,"href":"https:\/\/gdes.com\/corporate\/es\/wp-json\/wp\/v2\/users\/1"}],"replies":[{"embeddable":true,"href":"https:\/\/gdes.com\/corporate\/es\/wp-json\/wp\/v2\/comments?post=84"}],"version-history":[{"count":83,"href":"https:\/\/gdes.com\/corporate\/es\/wp-json\/wp\/v2\/pages\/84\/revisions"}],"predecessor-version":[{"id":248118,"href":"https:\/\/gdes.com\/corporate\/es\/wp-json\/wp\/v2\/pages\/84\/revisions\/248118"}],"wp:featuredmedia":[{"embeddable":true,"href":"https:\/\/gdes.com\/corporate\/es\/wp-json\/wp\/v2\/media\/2275"}],"wp:attachment":[{"href":"https:\/\/gdes.com\/corporate\/es\/wp-json\/wp\/v2\/media?parent=84"}],"curies":[{"name":"wp","href":"https:\/\/api.w.org\/{rel}","templated":true}]}}