{"id":6571,"date":"2020-11-26T23:35:32","date_gmt":"2020-11-26T22:35:32","guid":{"rendered":"https:\/\/gdes.com\/corporate\/?page_id=6571"},"modified":"2021-07-12T08:56:13","modified_gmt":"2021-07-12T07:56:13","slug":"analisis-predictivo-avanzado","status":"publish","type":"page","link":"https:\/\/gdes.com\/corporate\/es\/analisis-predictivo-avanzado\/","title":{"rendered":"Transformaci\u00f3n Digital y Negocio 4.0"},"content":{"rendered":"<p><strong>GDES<\/strong> desarrolla y acompa\u00f1a a las empresas en todo su proceso de transformaci\u00f3n digital. Una transformaci\u00f3n entendida desde la digitalizaci\u00f3n de procesos y datos, hasta el an\u00e1lisis y predicci\u00f3n de futuro para la toma de decisiones m\u00e1s \u00e1gil e inteligente. Y lo hace como <strong>xabet<\/strong>, empresa de base tecnol\u00f3gica del grupo.<\/p>\n<p>&nbsp;<\/p>\n<h3><img fetchpriority=\"high\" decoding=\"async\" class=\"wp-image-16373 size-medium alignleft\" src=\"https:\/\/gdes.com\/corporate\/wp-content\/uploads\/sites\/5\/2021\/07\/XABET-GrupoDominguis-vertical-02-253x300.png\" alt=\"\" width=\"253\" height=\"300\" srcset=\"https:\/\/gdes.com\/corporate\/wp-content\/uploads\/sites\/5\/2021\/07\/XABET-GrupoDominguis-vertical-02-253x300.png 253w, https:\/\/gdes.com\/corporate\/wp-content\/uploads\/sites\/5\/2021\/07\/XABET-GrupoDominguis-vertical-02-768x910.png 768w, https:\/\/gdes.com\/corporate\/wp-content\/uploads\/sites\/5\/2021\/07\/XABET-GrupoDominguis-vertical-02-865x1024.png 865w\" sizes=\"(max-width: 253px) 100vw, 253px\" \/><\/h3>\n<h3>Empresas m\u00e1s \u00e1giles, datos m\u00e1s claros, personas m\u00e1s empoderadas, decisiones m\u00e1s inteligentes:<\/h3>\n<p>En <strong>xabet<\/strong> trabajamos para convertir los retos de la transformaci\u00f3n en oportunidades de negocio. Guiamos a las compa\u00f1\u00edas hacia soluciones digitales que afianzar\u00e1n su ventaja competitiva en el futuro.<\/p>\n<p>&nbsp;<\/p>\n<p>Industrializamos soluciones digitales asegurando el retorno financiero y con un enfoque Business 4.0, ayudando a nuestros clientes a alcanzar sus objetivos de negocio a trav\u00e9s del uso coherente de la tecnolog\u00eda orientada a la rentabilidad.<\/p>\n<p>&nbsp;<\/p>\n<p>&nbsp;<\/p>\n<p><strong>Acompa\u00f1amos a las empresas durante todo el proceso de transformaci\u00f3n digital:<\/strong><\/p>\n<p>&nbsp;<\/p>\n<p><img decoding=\"async\" class=\"aligncenter wp-image-6654 size-large\" src=\"https:\/\/gdes.com\/corporate\/wp-content\/uploads\/sites\/5\/2021\/01\/xabet_activity_fondo-blanco-1024x259.jpg\" alt=\"\" width=\"750\" height=\"190\" srcset=\"https:\/\/gdes.com\/corporate\/wp-content\/uploads\/sites\/5\/2021\/01\/xabet_activity_fondo-blanco-1024x259.jpg 1024w, https:\/\/gdes.com\/corporate\/wp-content\/uploads\/sites\/5\/2021\/01\/xabet_activity_fondo-blanco-300x76.jpg 300w, https:\/\/gdes.com\/corporate\/wp-content\/uploads\/sites\/5\/2021\/01\/xabet_activity_fondo-blanco-768x194.jpg 768w\" sizes=\"(max-width: 750px) 100vw, 750px\" \/><\/p>\n<h3>&nbsp;<\/h3>\n<h3>Tecnolog\u00eda propia<\/h3>\n<p>Contamos con tecnolog\u00eda propia, <strong>X-Dwall<\/strong>. A trav\u00e9s de la plataforma integramos todos los datos en un \u00fanico punto y en tiempo real, permitiendo la implementaci\u00f3n de capacidades predictivas para mejorar aspectos como el mantenimiento o la calidad de los activos.<\/p>\n<p><img decoding=\"async\" class=\"aligncenter wp-image-6589\" src=\"https:\/\/gdes.com\/corporate\/wp-content\/uploads\/sites\/5\/2020\/11\/xabet_multidevice-300x185.png\" alt=\"\" width=\"600\" height=\"370\" srcset=\"https:\/\/gdes.com\/corporate\/wp-content\/uploads\/sites\/5\/2020\/11\/xabet_multidevice-300x185.png 300w, https:\/\/gdes.com\/corporate\/wp-content\/uploads\/sites\/5\/2020\/11\/xabet_multidevice-768x474.png 768w, https:\/\/gdes.com\/corporate\/wp-content\/uploads\/sites\/5\/2020\/11\/xabet_multidevice-1024x632.png 1024w, https:\/\/gdes.com\/corporate\/wp-content\/uploads\/sites\/5\/2020\/11\/xabet_multidevice.png 1628w\" sizes=\"(max-width: 600px) 100vw, 600px\" \/><\/p>\n<h3>&nbsp;<\/h3>\n<h3>Actualmente nuestra actividad se centra en el sector industrial, energ\u00e9tico y de la salud.<\/h3>\n<p style=\"text-align: center;\"><a class=\"fasc-button fasc-size-xlarge fasc-type-flat fasc-ico-before dashicons-admin-site\" style=\"background-color: #509cde; color: #ffffff;\" target=\"_blank\" href=\"https:\/\/xabet.net\/\">Conoce xabet<\/a><\/p>\n<p>&nbsp;<\/p>\n<p>&nbsp;<\/p>\n<hr>\n<h3>M\u00e1s sobre GDES y Xabet<\/h3>\n<p>&nbsp;<\/p>\n<div class=\"n2-has-copy n2-code n2-ss-slider-shortcode-id\"><\/div>\n<p>&nbsp;<\/p>","protected":false},"excerpt":{"rendered":"<p>GDES desarrolla y acompa\u00f1a a las empresas en todo su proceso de transformaci\u00f3n digital. Una transformaci\u00f3n entendida desde la digitalizaci\u00f3n de procesos y datos, hasta el an\u00e1lisis y predicci\u00f3n de futuro para la toma de decisiones m\u00e1s \u00e1gil e inteligente. Y lo hace como xabet, empresa de base tecnol\u00f3gica del grupo. &nbsp; Empresas m\u00e1s \u00e1giles, [&hellip;]<\/p>\n","protected":false},"author":1,"featured_media":16383,"parent":0,"menu_order":9,"comment_status":"closed","ping_status":"closed","template":"Page-fullwidth.php","meta":{"footnotes":""},"class_list":["post-6571","page","type-page","status-publish","has-post-thumbnail","hentry"],"aioseo_notices":[],"_links":{"self":[{"href":"https:\/\/gdes.com\/corporate\/es\/wp-json\/wp\/v2\/pages\/6571","targetHints":{"allow":["GET"]}}],"collection":[{"href":"https:\/\/gdes.com\/corporate\/es\/wp-json\/wp\/v2\/pages"}],"about":[{"href":"https:\/\/gdes.com\/corporate\/es\/wp-json\/wp\/v2\/types\/page"}],"author":[{"embeddable":true,"href":"https:\/\/gdes.com\/corporate\/es\/wp-json\/wp\/v2\/users\/1"}],"replies":[{"embeddable":true,"href":"https:\/\/gdes.com\/corporate\/es\/wp-json\/wp\/v2\/comments?post=6571"}],"version-history":[{"count":38,"href":"https:\/\/gdes.com\/corporate\/es\/wp-json\/wp\/v2\/pages\/6571\/revisions"}],"predecessor-version":[{"id":16378,"href":"https:\/\/gdes.com\/corporate\/es\/wp-json\/wp\/v2\/pages\/6571\/revisions\/16378"}],"wp:featuredmedia":[{"embeddable":true,"href":"https:\/\/gdes.com\/corporate\/es\/wp-json\/wp\/v2\/media\/16383"}],"wp:attachment":[{"href":"https:\/\/gdes.com\/corporate\/es\/wp-json\/wp\/v2\/media?parent=6571"}],"curies":[{"name":"wp","href":"https:\/\/api.w.org\/{rel}","templated":true}]}}