{"id":5388,"date":"2020-03-25T09:45:14","date_gmt":"2020-03-25T08:45:14","guid":{"rendered":"https:\/\/gdes.com\/corporate\/?page_id=5388"},"modified":"2022-11-18T11:16:14","modified_gmt":"2022-11-18T10:16:14","slug":"unete-a-nuestro-equipo-gdes-corporate","status":"publish","type":"page","link":"https:\/\/gdes.com\/corporate\/es\/unete-a-nuestro-equipo-gdes-corporate\/","title":{"rendered":"\u00danete a nuestro equipo | Espa\u00f1a y Servicios Generales"},"content":{"rendered":"<p>\u00a1Bienvenido! A trav\u00e9s de este Canal Empleo podr\u00e1s consultar nuestras ofertas de trabajo para Espa\u00f1a y Servicios Corporativos e inscribirte en aquellas que m\u00e1s se acoplen a tu perfil profesional. Puedes registrarte aunque no hayas encontrado una oferta de tu inter\u00e9s, y tendremos tu informaci\u00f3n curricular en cuenta para futuros procesos de selecci\u00f3n. Tambi\u00e9n puedes acceder a tu perfil para tener siempre tus datos actualizados.&nbsp;<\/p>\n<p><img fetchpriority=\"high\" decoding=\"async\" class=\"alignright wp-image-3833 size-full\" src=\"https:\/\/gdes.com\/gdes-uk\/wp-content\/uploads\/sites\/8\/2018\/11\/PersonalWEB.png\" width=\"780\" height=\"421\"><\/p>\n<p>&nbsp;<\/p>\n<p style=\"text-align: left;\">&nbsp;<\/p>\n<p style=\"text-align: left;\"><a class=\"fasc-button fasc-size-large fasc-type-flat fasc-ico-before dashicons-id\" style=\"background-color: #509cde; color: #ffffff;\" target=\"_blank\" rel=\"noopener\" href=\"https:\/\/gdes.epreselec.com\/General\/Alta.aspx\">Registrar tu CV en nuestro portal&nbsp; &nbsp;<\/a>&nbsp; &nbsp; &nbsp;<\/p>\n<p style=\"text-align: left;\">&nbsp;<\/p>\n<p style=\"text-align: left;\"><a class=\"fasc-button fasc-size-large fasc-type-flat fasc-ico-before dashicons-search\" style=\"background-color: #509cde; color: #ffffff;\" target=\"_blank\" rel=\"noopener\" href=\"https:\/\/gdes.epreselec.com\/Ofertas\/Ofertas.aspx?id_origen=web+corporativa\">Ver las \u00faltimas ofertas de empleo&nbsp;&nbsp;<\/a>&nbsp;&nbsp;&nbsp;<\/p>\n<p style=\"text-align: left;\">&nbsp;<\/p>\n<p style=\"text-align: left;\"><a class=\"fasc-button fasc-size-large fasc-type-flat fasc-ico-before dashicons-businessman\" style=\"background-color: #509cde; color: #ffffff;\" target=\"_blank\" rel=\"noopener\" href=\"https:\/\/gdes.epreselec.com?id_origen=web+corporativa\">Acceder a tu perfil&nbsp; &nbsp; &nbsp; &nbsp; &nbsp; &nbsp; &nbsp; &nbsp; &nbsp; &nbsp; &nbsp; &nbsp; &nbsp; &nbsp; &nbsp;<\/a>&nbsp; &nbsp; &nbsp;&nbsp;&nbsp;<\/p>\n<p style=\"text-align: left;\">&nbsp;<\/p>\n<h3>\u00bfTu especialidad corresponde al Sector E\u00f3lico?<\/h3>\n<h4>\u00danete al equipo GDES Wind:&nbsp;<a href=\"mailto:rrhh.wind@gdes.com\">rrhh.wind@gdes.com<\/a><\/h4>\n<p>\nGDES WIND, S.L. tratar\u00e1 sus datos con la finalidad de poder gestionar sus candidaturas. Si desea conocer m\u00e1s informaci\u00f3n sobre el tratamiento de sus datos o sobre la posibilidad de ejercer sus derechos, consulte nuestra <a href=\"https:\/\/gdes.com\/corporate\/politica-de-privacidad\/\" target=\"_blank\" rel=\"noopener\">&nbsp;Pol\u00edtica de Privacidad<\/a>.<\/p>","protected":false},"excerpt":{"rendered":"<p>\u00a1Bienvenido! A trav\u00e9s de este Canal Empleo podr\u00e1s consultar nuestras ofertas de trabajo para Espa\u00f1a y Servicios Corporativos e inscribirte en aquellas que m\u00e1s se acoplen a tu perfil profesional. Puedes registrarte aunque no hayas encontrado una oferta de tu inter\u00e9s, y tendremos tu informaci\u00f3n curricular en cuenta para futuros procesos de selecci\u00f3n. Tambi\u00e9n puedes [&hellip;]<\/p>\n","protected":false},"author":3,"featured_media":0,"parent":0,"menu_order":0,"comment_status":"closed","ping_status":"closed","template":"Page-fullwidth.php","meta":{"footnotes":""},"class_list":["post-5388","page","type-page","status-publish","hentry"],"aioseo_notices":[],"_links":{"self":[{"href":"https:\/\/gdes.com\/corporate\/es\/wp-json\/wp\/v2\/pages\/5388","targetHints":{"allow":["GET"]}}],"collection":[{"href":"https:\/\/gdes.com\/corporate\/es\/wp-json\/wp\/v2\/pages"}],"about":[{"href":"https:\/\/gdes.com\/corporate\/es\/wp-json\/wp\/v2\/types\/page"}],"author":[{"embeddable":true,"href":"https:\/\/gdes.com\/corporate\/es\/wp-json\/wp\/v2\/users\/3"}],"replies":[{"embeddable":true,"href":"https:\/\/gdes.com\/corporate\/es\/wp-json\/wp\/v2\/comments?post=5388"}],"version-history":[{"count":27,"href":"https:\/\/gdes.com\/corporate\/es\/wp-json\/wp\/v2\/pages\/5388\/revisions"}],"predecessor-version":[{"id":72308,"href":"https:\/\/gdes.com\/corporate\/es\/wp-json\/wp\/v2\/pages\/5388\/revisions\/72308"}],"wp:attachment":[{"href":"https:\/\/gdes.com\/corporate\/es\/wp-json\/wp\/v2\/media?parent=5388"}],"curies":[{"name":"wp","href":"https:\/\/api.w.org\/{rel}","templated":true}]}}