{"id":47,"date":"2016-08-29T21:27:19","date_gmt":"2016-08-29T20:27:19","guid":{"rendered":"https:\/\/dgd.es\/?page_id=47"},"modified":"2024-04-12T13:06:13","modified_gmt":"2024-04-12T12:06:13","slug":"innova-modelo","status":"publish","type":"page","link":"https:\/\/gdes.com\/corporate\/es\/innova-modelo\/","title":{"rendered":"GDES Innovation"},"content":{"rendered":"<p><\/p>\n<p style=\"margin-left: 18.0pt;\">A lo largo de sus m\u00e1s de 90 a\u00f1os de historia, <strong>GDES<\/strong> siempre ha cre\u00eddo en la innovaci\u00f3n como un signo de identidad. Gracias a su apuesta por la investigaci\u00f3n, el desarrollo y la innovaci\u00f3n, <strong>GDES<\/strong> ha logrado posicionarse como pionero en desarrollos tecnol\u00f3gicos adaptados a proyectos y necesidades espec\u00edficas del sector energ\u00e9tico.<\/p>\n<p>&nbsp;<\/p>\n<p style=\"margin-left: 18.0pt;\">Consideramos en <strong>GDES<\/strong> que la innovaci\u00f3n es esencial para crecer y mantener el liderazgo en los mercados en los que trabajamos, para hacer frente al entorno actual en cambio constante y para potenciar la mejora continua en nuestras \u00e1reas de actividad. La Innovaci\u00f3n en <strong>GDES<\/strong> es fundamental para dar servicio con valor a\u00f1adido a nuestros clientes.<\/p>\n<p>&nbsp;<\/p>\n<p>&nbsp;<\/p>\n<p style=\"text-align: center;\"><a class=\"fasc-button fasc-size-large fasc-type-flat\" style=\"background-color: #5ca2df; color: #ffffff;\" rel=\"nofollow\" href=\"https:\/\/gdes.com\/innovation\/\">Conoce m\u00e1s sobre nuestra innovaci\u00f3n tecnol\u00f3gica<\/a>&nbsp; &nbsp; &nbsp; &nbsp;<\/p>\n<p style=\"text-align: center;\">&nbsp; &nbsp;<\/p>\n<h3>&nbsp;<\/h3>\n<hr>\n<h3><span style=\"font-size: 16px;\"><\/span><\/h3>\n<h3>&nbsp;<\/h3>\n<hr>\n<h3 style=\"text-align: center;\">Nuestros Principios<\/h3>\n<p>&nbsp;<\/p>\n<p><img fetchpriority=\"high\" decoding=\"async\" class=\"alignleft wp-image-2430\" src=\"https:\/\/gdes.com\/gdes-es\/wp-content\/uploads\/sites\/5\/2016\/08\/bloque-innovation-e1506005268499.png\" alt=\"\" width=\"308\" height=\"587\" srcset=\"https:\/\/gdes.com\/corporate\/wp-content\/uploads\/sites\/5\/2016\/08\/bloque-innovation-e1506005268499.png 395w, https:\/\/gdes.com\/corporate\/wp-content\/uploads\/sites\/5\/2016\/08\/bloque-innovation-e1506005268499-157x300.png 157w\" sizes=\"(max-width: 308px) 100vw, 308px\" \/><\/p>\n<ul>\n<li><b><span data-contrast=\"none\">De todos y para todos.\u202f<\/span><\/b><span data-contrast=\"none\">La innovaci\u00f3n en GDES se desarrolla por y para todos sus grupos de inter\u00e9s: personal, colaboradores y clientes<\/span><span data-contrast=\"none\">.<\/span><span data-ccp-props=\"{&quot;201341983&quot;:2,&quot;335551550&quot;:6,&quot;335551620&quot;:6,&quot;335559685&quot;:0,&quot;335559739&quot;:160,&quot;335559740&quot;:360}\"><span data-ccp-props=\"{&quot;201341983&quot;:2,&quot;335551550&quot;:6,&quot;335551620&quot;:6,&quot;335559685&quot;:0,&quot;335559739&quot;:160,&quot;335559740&quot;:360}\">&nbsp;<\/span><\/span>&nbsp;<\/li>\n<\/ul>\n<p><b><span data-contrast=\"none\">Cultura de innovaci\u00f3n interna y&nbsp;<\/span><\/b><b><span data-contrast=\"none\">fomento de la creatividad<\/span><\/b><span data-contrast=\"none\">.&nbsp;<\/span><span data-contrast=\"none\">GDES innovaci\u00f3n act\u00faa como canal<\/span><span data-contrast=\"none\">&nbsp;facilitador&nbsp;<\/span><span data-contrast=\"none\">impulsando la cultura innovadora en<\/span><span data-contrast=\"none\">&nbsp;todas las \u00e1reas de actividad y procesos internos<\/span><span data-contrast=\"none\">&nbsp;de la organizaci\u00f3n.&nbsp;<\/span><span data-contrast=\"none\">El fomento de la creatividad&nbsp;<\/span><span data-contrast=\"none\">es una de las principales v\u00edas&nbsp;<\/span><span data-contrast=\"none\">que responden a este objetivo, a<\/span><span data-contrast=\"none\">&nbsp;trav\u00e9s del \u201cPrograma de ideas y sugerencias de mejora y desarrollo\u201d (<\/span><i><span data-contrast=\"none\">Programa Innova)<\/span><\/i><i><span data-contrast=\"none\">&nbsp;<\/span><\/i><span data-contrast=\"none\">se<\/span><span data-contrast=\"none\">&nbsp;<\/span><span data-contrast=\"none\">busca impulsar la&nbsp;<\/span><span data-contrast=\"none\">aportaci\u00f3n de ideas, de todo el personal de GDES, velando por la mejora continua y la innovaci\u00f3n<\/span><span data-contrast=\"none\">.<\/span><span data-ccp-props=\"{&quot;201341983&quot;:2,&quot;335551550&quot;:6,&quot;335551620&quot;:6,&quot;335559685&quot;:0,&quot;335559739&quot;:160,&quot;335559740&quot;:360}\">&nbsp;<\/span><\/p>\n<p>&nbsp;<\/p>\n<p><b><span data-contrast=\"none\">Innovaci\u00f3n t<\/span><\/b><b><span data-contrast=\"none\">ransversal fundamentad<\/span><\/b><b><span data-contrast=\"none\">a<\/span><\/b><b><span data-contrast=\"none\">&nbsp;en&nbsp;<\/span><\/b><b><span data-contrast=\"none\">el<\/span><\/b><b><span data-contrast=\"none\">&nbsp;know-how<\/span><\/b><b><span data-contrast=\"none\">&nbsp;de nuestro&nbsp;<\/span><\/b><b><i><span data-contrast=\"none\">core<\/span><\/i><\/b><b><i><span data-contrast=\"none\">&nbsp;<\/span><\/i><\/b><b><i><span data-contrast=\"none\">business<\/span><\/i><\/b><span data-contrast=\"none\">&nbsp;La innovaci\u00f3n de GDES est\u00e1 alineada con los intereses de sus \u00e1reas de actividad (<\/span><i><span data-contrast=\"none\">core<\/span><\/i><i><span data-contrast=\"none\">&nbsp;<\/span><\/i><i><span data-contrast=\"none\">business<\/span><\/i><i><span data-contrast=\"none\">)<\/span><\/i><i><span data-contrast=\"none\">&nbsp;<\/span><\/i><span data-contrast=\"none\">y para ello se fundamenta en el know-how de sus profesionales<\/span><span data-contrast=\"none\">. El\u202f<\/span><i><span data-contrast=\"none\">Comit\u00e9 de Innovaci\u00f3n\u202f<\/span><\/i><span data-contrast=\"none\">de GDES, integrado por representantes de todas las \u00e1reas, tiene este cometido y&nbsp;<\/span><span data-contrast=\"none\">adem\u00e1s&nbsp;<\/span><span data-contrast=\"none\">se encarga de dinamizar las actividades de innovaci\u00f3n en toda la organizaci\u00f3n.<\/span><span data-ccp-props=\"{&quot;201341983&quot;:2,&quot;335551550&quot;:6,&quot;335551620&quot;:6,&quot;335559685&quot;:0,&quot;335559739&quot;:160,&quot;335559740&quot;:360}\">&nbsp;<\/span><\/p>\n<p>&nbsp;<\/p>\n<p><b><span data-contrast=\"none\">Conocimiento del entorno<\/span><\/b><b><span data-contrast=\"none\">&nbsp;y&nbsp;<\/span><\/b><b><span data-contrast=\"none\">de la evoluci\u00f3n tecnol\u00f3gica<\/span><\/b><b><span data-contrast=\"none\">.\u202f<\/span><\/b><span data-contrast=\"none\">GDES Innovaci<\/span><span data-contrast=\"none\">\u00f3<\/span><span data-contrast=\"none\">n coordina&nbsp;<\/span><span data-contrast=\"none\">el&nbsp;<\/span><span data-contrast=\"none\">sistema de vigilancia&nbsp;<\/span><span data-contrast=\"none\">y prospectiva&nbsp;<\/span><span data-contrast=\"none\">tecnol<\/span><span data-contrast=\"none\">\u00f3<\/span><span data-contrast=\"none\">gica&nbsp;<\/span><span data-contrast=\"none\">que contribuye&nbsp;<\/span><span data-contrast=\"none\">al posicionamiento estrat<\/span><span data-contrast=\"none\">\u00e9<\/span><span data-contrast=\"none\">gico de la organizaci<\/span><span data-contrast=\"none\">\u00f3<\/span><span data-contrast=\"none\">n<\/span><span data-contrast=\"none\">&nbsp;aplicando t<\/span><span data-contrast=\"none\">\u00e9<\/span><span data-contrast=\"none\">cnicas de inteligencia competitiva<\/span><\/p>\n<p>&nbsp;<\/p>\n<p><b><span data-contrast=\"none\">Innovaci\u00f3n abierta basada en colaboraciones y alianzas&nbsp;<\/span><\/b><span data-contrast=\"none\">con otras entidades<\/span><span data-contrast=\"none\">, persiguiendo maximizar nuestra&nbsp;<\/span><span data-contrast=\"none\">agilidad,&nbsp;<\/span><span data-contrast=\"none\">capacidad innovadora<\/span><span data-contrast=\"none\">&nbsp;y reactividad.<\/span><\/p>\n<p>&nbsp;<\/p>\n<p><b><span data-contrast=\"none\">Sistema de Gesti\u00f3n de la Innovaci\u00f3n.\u202f<\/span><\/b><span data-contrast=\"none\">El Sistema de Gesti\u00f3n de la I+D+i de GDES est\u00e1 certificado en la norma\u202f<\/span><i><span data-contrast=\"none\">\u201cUNE 166002:2014. Gesti\u00f3n de la I+D+i: Requisitos del Sistema de Gesti\u00f3n de la I+D+i\u201d.<\/span><\/i><span data-contrast=\"none\">\u202f\u202f<\/span><span data-ccp-props=\"{&quot;201341983&quot;:2,&quot;335551550&quot;:6,&quot;335551620&quot;:6,&quot;335559685&quot;:0,&quot;335559739&quot;:160,&quot;335559740&quot;:360}\">&nbsp;<\/span><\/p>\n<p>&nbsp;<\/p>\n<p>&nbsp;<\/p>\n<p>&nbsp;<\/p>\n<p style=\"margin-left: 18pt; text-align: center;\"><a class=\"fasc-button fasc-size-large fasc-type-flat ico-fa fasc-ico-before fa-cloud-download\" style=\"background-color: #5ca2df; color: #ffffff;\" target=\"_blank\" rel=\"nofollow noopener\" href=\"https:\/\/gdes.com\/corporate\/wp-content\/uploads\/sites\/5\/2024\/03\/GD-Politica-IDi-Ene-24.pdf\">Descarga nuestra pol\u00edtica de Innovaci\u00f3n<\/a>&nbsp; &nbsp; &nbsp; &nbsp; &nbsp; &nbsp; &nbsp; &nbsp; &nbsp; &nbsp; &nbsp; &nbsp; &nbsp; &nbsp; &nbsp; &nbsp;<a class=\"fasc-button fasc-size-large fasc-type-flat ico-fa fasc-ico-before fa-comment-o\" style=\"background-color: #5ca2df; color: #ffffff;\" target=\"_blank\" rel=\"nofollow noopener\" href=\"mailto:innovation@gdes.com\">Contacta con GDES Innovation<\/a><\/p>\n<p>&nbsp;<\/p>\n<hr>\n<h4>&nbsp;<\/h4>\n<p>&nbsp;<\/p>","protected":false},"excerpt":{"rendered":"<p>A lo largo de sus m\u00e1s de 90 a\u00f1os de historia, GDES siempre ha cre\u00eddo en la innovaci\u00f3n como un signo de identidad. Gracias a su apuesta por la investigaci\u00f3n, el desarrollo y la innovaci\u00f3n, GDES ha logrado posicionarse como pionero en desarrollos tecnol\u00f3gicos adaptados a proyectos y necesidades espec\u00edficas del sector energ\u00e9tico. &nbsp; Consideramos [&hellip;]<\/p>\n","protected":false},"author":1,"featured_media":2791,"parent":0,"menu_order":6,"comment_status":"closed","ping_status":"closed","template":"Page-fullwidth.php","meta":{"footnotes":""},"class_list":["post-47","page","type-page","status-publish","has-post-thumbnail","hentry"],"aioseo_notices":[],"_links":{"self":[{"href":"https:\/\/gdes.com\/corporate\/es\/wp-json\/wp\/v2\/pages\/47","targetHints":{"allow":["GET"]}}],"collection":[{"href":"https:\/\/gdes.com\/corporate\/es\/wp-json\/wp\/v2\/pages"}],"about":[{"href":"https:\/\/gdes.com\/corporate\/es\/wp-json\/wp\/v2\/types\/page"}],"author":[{"embeddable":true,"href":"https:\/\/gdes.com\/corporate\/es\/wp-json\/wp\/v2\/users\/1"}],"replies":[{"embeddable":true,"href":"https:\/\/gdes.com\/corporate\/es\/wp-json\/wp\/v2\/comments?post=47"}],"version-history":[{"count":194,"href":"https:\/\/gdes.com\/corporate\/es\/wp-json\/wp\/v2\/pages\/47\/revisions"}],"predecessor-version":[{"id":171227,"href":"https:\/\/gdes.com\/corporate\/es\/wp-json\/wp\/v2\/pages\/47\/revisions\/171227"}],"wp:featuredmedia":[{"embeddable":true,"href":"https:\/\/gdes.com\/corporate\/es\/wp-json\/wp\/v2\/media\/2791"}],"wp:attachment":[{"href":"https:\/\/gdes.com\/corporate\/es\/wp-json\/wp\/v2\/media?parent=47"}],"curies":[{"name":"wp","href":"https:\/\/api.w.org\/{rel}","templated":true}]}}