{"id":377185,"date":"2026-03-16T15:15:05","date_gmt":"2026-03-16T14:15:05","guid":{"rendered":"https:\/\/gdes.com\/corporate\/?page_id=377185"},"modified":"2026-03-16T15:19:36","modified_gmt":"2026-03-16T14:19:36","slug":"premios-y-reconocimientos","status":"publish","type":"page","link":"https:\/\/gdes.com\/corporate\/es\/premios-y-reconocimientos\/","title":{"rendered":"Premios y Reconocimientos"},"content":{"rendered":"<p><\/p>\n<ul>\n<li>GDES premio Prever 2025 en la categor\u00eda Empresas e Instituciones, otorgado por el\u00a0<strong>Consejo General de Relaciones Industriales y Ciencias del Trabajo de Espa\u00f1a.<\/strong><\/li>\n<li>GD Energy Services premio a la Excelencia en Seguridad otorgado por Iberdrola Energ\u00eda Sostenible Espa\u00f1a por sus buenos resultados y compromiso destacado en materia de seguridad y salud laboral.<\/li>\n<li>GD Energy Services S.A.U. premio a la mejor empresa en materia de prevenci\u00f3n otorgado por la central nuclear de Cofrentes (IBERDROLA GENERACI\u00d3N).<\/li>\n<li>GDES premio \u00ab28 de abril\u00bb por el destacado desempe\u00f1o en materia de Seguridad y Salud 2023 otorgado por ANAV (<em>Asociaci\u00f3n Nuclear Asc\u00f3-Vandell\u00f3s<\/em>\u00a0II).<\/li>\n<li data-leveltext=\"\uf0b7\" data-font=\"Symbol\" data-listid=\"25\" aria-setsize=\"-1\" data-aria-posinset=\"1\" data-aria-level=\"1\">GDES premio Empresa del A\u00f1o Banco Sabadell 2024.<\/li>\n<li data-leveltext=\"\uf0b7\" data-font=\"Symbol\" data-listid=\"25\" aria-setsize=\"-1\" data-aria-posinset=\"1\" data-aria-level=\"1\"><span data-contrast=\"none\">GDES Wind y Xabet Grupo Dominguis premio al \u201cMejor Proyecto Innovador\u201d Club de la Innovaci\u00f3n de la Comunitat\u202fValenciana.<\/span><span data-ccp-props=\"{&quot;201341983&quot;:2,&quot;335559739&quot;:160,&quot;335559740&quot;:360}\">\u00a0<\/span><\/li>\n<li data-leveltext=\"\uf0b7\" data-font=\"Symbol\" data-listid=\"25\" aria-setsize=\"-1\" data-aria-posinset=\"2\" data-aria-level=\"1\"><span data-contrast=\"none\">Xabet Grupo Dominguis Premio Nacional El Suplemento, categor\u00eda \u201cSoluciones Digitales para la Industria\u201d.<\/span><span data-ccp-props=\"{&quot;201341983&quot;:2,&quot;335559739&quot;:160,&quot;335559740&quot;:360}\">\u00a0<\/span><\/li>\n<li>Xabet Grupo Dominguis, reconocida como Empresa del A\u00f1o en Transformaci\u00f3n Digital en Espa\u00f1a 2021 por\u00a0Corporate Vision Magazine.<\/li>\n<li>Premio EDF a la mejor obra en materia de seguridad (1VD23) otorgado por la Central Nuclear de Nogent sur Seine en 2019.<\/li>\n<li>GD Energy Services premio Empresa y PYME 2017 por la C\u00e1mara Oficial de Comercio de Espa\u00f1a en Francia.<\/li>\n<li>GD Energy Services premio Servicio a la Comunidad 2017 otorgado por Rotary Club Valencia Centro.<\/li>\n<li>Adoraci\u00f3n Arnaldos Gonz\u00e1lvez, Directora de Innovaci\u00f3n y Tecnolog\u00eda en GDES, ganadora de los premios europeos FEM\u2019Energia 2017.<\/li>\n<li>Menci\u00f3n Honorifica en la Gala AJEV 2017.<\/li>\n<li>Alberto Conde, CEO de Xabet y Director de la U.N. Transformaci\u00f3n Digital y Negocio 4.0 de GDES, premio European Digital Influencer 2017 por GBM.<\/li>\n<li>Alberto Conde, CEO de xabet y Director de la U.N. Transformaci\u00f3n Digital y Negocio 4.0 de GDES, premio Spanish Gamechanger 2017,ACQ5 Global Awards.<\/li>\n<li>Premio Llum (Confederaci\u00f3n Empresarial Valenciana) en la categor\u00eda de Trayectoria de Empresa Segura-PYME 2016 para\u00a0Revestimientos Anticorrosivos Industriales S.L.U. (GDES Revanti).<\/li>\n<li>Premio al Proveedor del a\u00f1o Iberdrola 2015 en la categor\u00eda\u00a0Competitividad e Innovaci\u00f3n.<\/li>\n<li>Premio \u00abBrigada Blas Aguilar Ortega 2015\u00bb, del regimiento\u00a0NBQ de Valencia a la Unidad T\u00e9cnica de Protecci\u00f3n Radiol\u00f3gica\u00a0de GDES.<\/li>\n<li>Premio EDF a la mejor obra en materia de Prevenci\u00f3n de Riesgos Laborales otorgado por la Central Nuclear de Blayais en 2013.<\/li>\n<li>Premio XX aniversario de la Revista Econom\u00eda 3, a\u00f1o 2012.<\/li>\n<li>Jos\u00e9 Dominguis, Presidente de GDES, premio Actualidad Econ\u00f3mica 2011 al mejor empresario de la Comunidad Valenciana.<\/li>\n<li>Premio \u00abChallange de S\u00e9curit\u00e9 \u00bb de UTO-EDF al mejor contratista en materia de Seguridad en obra en Francia del 1er Trimestre de 2011.<\/li>\n<li>H\u00e9ctor Dominguis, CEO de GDES, finalista premio Ernst &amp;Young emprendedor del a\u00f1o 2010 en representaci\u00f3n de la zona de la Comunidad Valenciana.<\/li>\n<li>Premio al mejor innovador del a\u00f1o 2010 El Mundo.<\/li>\n<li>Menci\u00f3n de Honor en los premios Prever 2009 de Prevenci\u00f3n de Riesgos Laborales del Ministerio de Trabajo y Asuntos Sociales de Espa\u00f1a.<\/li>\n<li>Premio 2008 de la C\u00e1mara de Comercio a la mejor empresa Familiar.<\/li>\n<li>Premio Excelencia Iberdrola 2006 al Suministrador del a\u00f1o en la categor\u00eda de Prevenci\u00f3n de Riesgos Laborales.<\/li>\n<li>Premio Excelencia Iberdrola 2004 al Suministrador del a\u00f1o en la categor\u00eda de Servicios-Grandes Empresas.<\/li>\n<li>Menci\u00f3n de honor premios Prever 2009 para la Prevenci\u00f3n de Riesgos Laborales del Ministerio de Trabajo y Asuntos Sociales.<\/li>\n<li>Reconocimiento Bancaja-UPV en Programas de Cooperaci\u00f3n Educativa en el a\u00f1o 2011.<\/li>\n<li>Reconocimiento Bancaja-UPV en Programas de Cooperaci\u00f3n Educativa en el a\u00f1o 2007.<\/li>\n<li>General Electric &#8211; Premio al contratista m\u00e1s seguro del a\u00f1o 2003 del Proyecto LX2.<\/li>\n<li>Registro de empresas proveedoras Ministerio de Defensa.<\/li>\n<li>Registro de empresas externas del Consejo de Seguridad Nuclear.<\/li>\n<li>Registro REPRO de proveedores del sector Energ\u00e9tico.<\/li>\n<\/ul>\n<p><img fetchpriority=\"high\" decoding=\"async\" class=\"aligncenter wp-image-1912 size-large\" src=\"https:\/\/gdes.com\/gdes-es\/wp-content\/uploads\/sites\/5\/2017\/09\/Premios-1024x320.jpg\" sizes=\"(max-width: 750px) 100vw, 750px\" srcset=\"https:\/\/gdes.com\/corporate\/wp-content\/uploads\/sites\/5\/2017\/09\/Premios-1024x320.jpg 1024w, https:\/\/gdes.com\/corporate\/wp-content\/uploads\/sites\/5\/2017\/09\/Premios-300x94.jpg 300w, https:\/\/gdes.com\/corporate\/wp-content\/uploads\/sites\/5\/2017\/09\/Premios-768x240.jpg 768w, https:\/\/gdes.com\/corporate\/wp-content\/uploads\/sites\/5\/2017\/09\/Premios.jpg 1280w\" width=\"750\" height=\"234\" \/><\/p>","protected":false},"excerpt":{"rendered":"<p>GDES premio Prever 2025 en la categor\u00eda Empresas e Instituciones, otorgado por el\u00a0Consejo General de Relaciones Industriales y Ciencias del Trabajo de Espa\u00f1a. GD Energy Services premio a la Excelencia en Seguridad otorgado por Iberdrola Energ\u00eda Sostenible Espa\u00f1a por sus buenos resultados y compromiso destacado en materia de seguridad y salud laboral. GD Energy Services [&hellip;]<\/p>\n","protected":false},"author":3,"featured_media":0,"parent":0,"menu_order":0,"comment_status":"closed","ping_status":"closed","template":"Page-fullwidth.php","meta":{"footnotes":""},"class_list":["post-377185","page","type-page","status-publish","hentry"],"aioseo_notices":[],"_links":{"self":[{"href":"https:\/\/gdes.com\/corporate\/es\/wp-json\/wp\/v2\/pages\/377185","targetHints":{"allow":["GET"]}}],"collection":[{"href":"https:\/\/gdes.com\/corporate\/es\/wp-json\/wp\/v2\/pages"}],"about":[{"href":"https:\/\/gdes.com\/corporate\/es\/wp-json\/wp\/v2\/types\/page"}],"author":[{"embeddable":true,"href":"https:\/\/gdes.com\/corporate\/es\/wp-json\/wp\/v2\/users\/3"}],"replies":[{"embeddable":true,"href":"https:\/\/gdes.com\/corporate\/es\/wp-json\/wp\/v2\/comments?post=377185"}],"version-history":[{"count":1,"href":"https:\/\/gdes.com\/corporate\/es\/wp-json\/wp\/v2\/pages\/377185\/revisions"}],"predecessor-version":[{"id":377186,"href":"https:\/\/gdes.com\/corporate\/es\/wp-json\/wp\/v2\/pages\/377185\/revisions\/377186"}],"wp:attachment":[{"href":"https:\/\/gdes.com\/corporate\/es\/wp-json\/wp\/v2\/media?parent=377185"}],"curies":[{"name":"wp","href":"https:\/\/api.w.org\/{rel}","templated":true}]}}