{"id":36584,"date":"2021-11-02T10:07:24","date_gmt":"2021-11-02T09:07:24","guid":{"rendered":"https:\/\/gdes.com\/corporate\/?page_id=36584"},"modified":"2023-01-18T11:22:33","modified_gmt":"2023-01-18T10:22:33","slug":"politica-de-privacidad","status":"publish","type":"page","link":"https:\/\/gdes.com\/corporate\/es\/politica-de-privacidad\/","title":{"rendered":"Pol\u00edtica de privacidad"},"content":{"rendered":"<p><strong>I.- Responsable del Tratamiento<\/strong><\/p>\n<p>INGENIER\u00cdA Y MARKETING, S.A. (en adelante \u201cINGENIER\u00cdA Y MARKETING\u201d) con domicilio en Ronda Auguste y Louis Lumiere 15, 46980, Paterna (Valencia), le informa que tratar\u00e1 los datos recabados a trav\u00e9s de los formularios de esta web en calidad de Responsable del Tratamiento en funci\u00f3n de servicio o contacto realizado.<\/p>\n<p>Algunas de las empresas del Grupo que a continuaci\u00f3n se referencian GDES Energy Services S.A.U., con domicilio social en Ronda Auguste y Louis Lumiere, 15, Parque Tecnolog. 46980, Paterna, Valencia, Revestimientos Anticorrosivos Industriales S.L.U. con domicilio social en Ronda Auguste y Louis Lumiere, 15, Parque Tecnolog. 46980, Paterna, Valencia,, Titania Servicios Tecnol\u00f3gicos S.L. con domicilio social en Ronda Auguste y Louis Lumiere, 15, Parque Tecnolog. 46980, Paterna, Valencia,, GDES Wind S.L. con domicilio social en P.E. Alvedro, Calle H, Nave indus. 39,\u00a0 15180\u00a0 &#8211; (Cullerdo) &#8211; La Coru\u00f1a y GDES Efficiency, S.L. con domicilio social Ronda Auguste y Louis Lumiere, 15, Parque Tecnolog. 46980, Paterna, Valencia, podr\u00e1n ser responsables de tratamiento si su consulta o contacto guarda relaci\u00f3n con sus servicios.<\/p>\n<p>Asimismo, puede contactar con el Delegado de Protecci\u00f3n de Datos en la direcci\u00f3n de correo electr\u00f3nico rgpd@gdes.com para resolver cualquier duda que pueda surgirle en relaci\u00f3n con el tratamiento de sus datos.<\/p>\n<p><strong>II.- Finalidad y base jur\u00eddica del tratamiento<\/strong><\/p>\n<p>Los datos recabados ser\u00e1n tratados con las siguientes finalidades:<\/p>\n<ul>\n<li>Posibilitar los servicios cuya empresa sea la responsable de la prestaci\u00f3n de los servicios en base a la relaci\u00f3n contractual o precontractual.<\/li>\n<li>Posibilitar la atenci\u00f3n de las consultas o reclamaciones formuladas a trav\u00e9s del sitio web o por correo electr\u00f3nico, en base a la relaci\u00f3n contractual o precontractual, en funci\u00f3n de cu\u00e1l sea su consulta.<\/li>\n<li>Posibilitar la recepci\u00f3n de las candidaturas as\u00ed como la gesti\u00f3n de selecci\u00f3n de personal, en base a la relaci\u00f3n precontractual en funci\u00f3n de la empresa que publique la oferta de empleo.<\/li>\n<\/ul>\n<p><strong>III.- Destinatarios<\/strong><\/p>\n<p>INGENIER\u00cdA Y MARKETING \u00a0podr\u00e1 realizar cesiones de datos a las empresas del grupo as\u00ed como en su caso, las empresas responsables del grupo GDES Energy Services SAU, Revestimientos Anticorrosivos Industriales S.L.U, Titania Servicios Tecnol\u00f3gicos S.L, GDES WIND S.L, GDES Efficiency, S.L. en caso de que su consulta\/ contacto guarde relaci\u00f3n con alguno de los servicios que prestan.<\/p>\n<p>Asimismo sin perjuicio de lo anterior, respecto al tratamiento relativo a la gesti\u00f3n y recepci\u00f3n de candidaturas a trav\u00e9s de la web, en las que el candidato interesado cree su cuenta en el portal de GDES, dicho env\u00edo supone la autorizaci\u00f3n por parte del interesado de que sus datos puedan ser comunicados a las dem\u00e1s entidades del grupo referenciadas \u00a0en caso de que su perfil se ajuste a algunas de las ofertas publicadas por GDES Energy Services SAU, Revestimientos Anticorrosivos Industriales S.L.U, Titania Servicios Tecnol\u00f3gicos S.L, GDES WIND S.L, GDES Efficiency, S.L.<\/p>\n<p><u>Encargados del tratamiento<\/u><\/p>\n<p>El tratamiento de los datos de los usuarios para la prestaci\u00f3n del servicio de portal de empleo es efectuado por Infojobs en su calidad de encargado del tratamiento.\u00a0 Dicho encargado tratar\u00e1 los datos para las finalidades establecidas por INGENIER\u00cdA Y MARKETING y siguiendo sus precisas instrucciones, cumpliendo rigurosamente las normas legales sobre protecci\u00f3n de datos personales, seguridad de la informaci\u00f3n y dem\u00e1s normas aplicables.<\/p>\n<p><strong>IV.- Transferencias internacionales de datos<\/strong><\/p>\n<p>Asimismo, se informa a los usuarios que no se llevan a cabo transferencias internacionales de los datos facilitados a trav\u00e9s de nuestro sitio web.<\/p>\n<p><strong>V.- Plazos de conservaci\u00f3n<\/strong><\/p>\n<p>Los datos recabados se conservar\u00e1n por el tiempo que sea necesario para posibilitar las finalidades arriba indicadas y, una vez transcurrido dicho plazo, por el tiempo que marque la normativa aplicable, al efecto de poder atender requerimientos y responder ante eventuales responsabilidades.<\/p>\n<p><strong>VI.- Ejercicio de Derechos <\/strong><\/p>\n<p>Usted podr\u00e1, en cualquier momento y de forma gratuita, ejercer sus derechos de acceso, rectificaci\u00f3n o supresi\u00f3n, oposici\u00f3n, limitaci\u00f3n y portabilidad de sus datos, en los t\u00e9rminos establecidos en la normativa vigente, dirigi\u00e9ndose por escrito a Ronda Auguste y Louis Lumiere 15, 46980, Paterna, Valencia o por medio de correo electr\u00f3nico dirigido a la direcci\u00f3n rgpd@gdes.com.<\/p>\n<p>Asimismo, si lo prefiere, tambi\u00e9n puede contactar con nuestro delegado de Protecci\u00f3n de Datos en la misma direcci\u00f3n de correo electr\u00f3nico rgpd@gdes.com.<\/p>\n<p>En todo caso, se le informa de que, si usted considerara que los derechos que le son reconocidos por la normativa aplicable de protecci\u00f3n de datos hubieran podido ser vulnerados, podr\u00e1 presentar una reclamaci\u00f3n ante la correspondiente autoridad de control.<\/p>\n<p>\u00daltima actualizaci\u00f3n: mayo de 2022.<\/p>","protected":false},"excerpt":{"rendered":"<p>I.- Responsable del Tratamiento INGENIER\u00cdA Y MARKETING, S.A. (en adelante \u201cINGENIER\u00cdA Y MARKETING\u201d) con domicilio en Ronda Auguste y Louis Lumiere 15, 46980, Paterna (Valencia), le informa que tratar\u00e1 los datos recabados a trav\u00e9s de los formularios de esta web en calidad de Responsable del Tratamiento en funci\u00f3n de servicio o contacto realizado. Algunas de [&hellip;]<\/p>\n","protected":false},"author":1,"featured_media":0,"parent":0,"menu_order":0,"comment_status":"closed","ping_status":"closed","template":"Page-fullwidth.php","meta":{"footnotes":""},"class_list":["post-36584","page","type-page","status-publish","hentry"],"aioseo_notices":[],"_links":{"self":[{"href":"https:\/\/gdes.com\/corporate\/es\/wp-json\/wp\/v2\/pages\/36584","targetHints":{"allow":["GET"]}}],"collection":[{"href":"https:\/\/gdes.com\/corporate\/es\/wp-json\/wp\/v2\/pages"}],"about":[{"href":"https:\/\/gdes.com\/corporate\/es\/wp-json\/wp\/v2\/types\/page"}],"author":[{"embeddable":true,"href":"https:\/\/gdes.com\/corporate\/es\/wp-json\/wp\/v2\/users\/1"}],"replies":[{"embeddable":true,"href":"https:\/\/gdes.com\/corporate\/es\/wp-json\/wp\/v2\/comments?post=36584"}],"version-history":[{"count":9,"href":"https:\/\/gdes.com\/corporate\/es\/wp-json\/wp\/v2\/pages\/36584\/revisions"}],"predecessor-version":[{"id":72276,"href":"https:\/\/gdes.com\/corporate\/es\/wp-json\/wp\/v2\/pages\/36584\/revisions\/72276"}],"wp:attachment":[{"href":"https:\/\/gdes.com\/corporate\/es\/wp-json\/wp\/v2\/media?parent=36584"}],"curies":[{"name":"wp","href":"https:\/\/api.w.org\/{rel}","templated":true}]}}