{"id":3614,"date":"2018-02-27T18:15:18","date_gmt":"2018-02-27T17:15:18","guid":{"rendered":"https:\/\/gdes.com\/gdes-es\/?page_id=3614"},"modified":"2023-07-14T09:40:01","modified_gmt":"2023-07-14T08:40:01","slug":"soporte-a-om","status":"publish","type":"page","link":"https:\/\/gdes.com\/corporate\/es\/servicios-nucleares\/soporte-a-om\/","title":{"rendered":"Soporte a O&#038;M"},"content":{"rendered":"<p><strong>GDES <\/strong>es una empresa especializada en servicios de mantenimiento y descontaminaci\u00f3n radiactiva, actividad que desarrolla actualmente en<strong> Espa\u00f1a, Reino Unido, Francia, Italia y M\u00e9xico. GDES<\/strong> realiza servicios de descontaminaci\u00f3n radiactiva e industrial con el objetivo de poder manipular los materiales disminuyendo el riesgo de dispersi\u00f3n de la contaminaci\u00f3n, el coste radiol\u00f3gico de operaciones con materiales afectados, el volumen de residuos radioactivos y permitiendo confinar la contaminaci\u00f3n.<\/p>\n<p>El desarrollo de equipos para usos espec\u00edficos, de dise\u00f1o propio y patentado, junto con las pr\u00e1cticas del personal durante la fase de ensayos, permite a <strong>GDES<\/strong> conocer muy bien el funcionamiento y las aplicaciones de los mismos.<\/p>\n<p>&nbsp;<\/p>\n<hr>\n<h3>Principales actividades y servicios:<\/h3>\n<p><img decoding=\"async\" class=\"alignright size-full wp-image-2650\" src=\"https:\/\/gdes.com\/gdes-es\/wp-content\/uploads\/sites\/5\/2016\/08\/GDES-1.png\" alt=\"\" width=\"115\" height=\"39\"><\/p>\n<table style=\"height: 183px; border-style: hidden; width: 1013px;\" width=\"1013\">\n<tbody>\n<tr>\n<td style=\"width: 1009px;\"><strong>\u2022 Servicios de&nbsp; mantenimiento&nbsp;<\/strong><\/td>\n<\/tr>\n<tr>\n<td style=\"width: 1009px;\"><strong>\u2022 Apoyo en recarga de combustible&nbsp;<\/strong><\/td>\n<\/tr>\n<tr>\n<td style=\"width: 1009px;\"><strong>\u2022 Protecci\u00f3n radiol\u00f3gica&nbsp;<\/strong><\/td>\n<\/tr>\n<tr>\n<td style=\"width: 1009px;\"><strong>\u2022 Gesti\u00f3n de residuos<\/strong> <strong>radiactivos&nbsp;<\/strong><\/td>\n<\/tr>\n<tr>\n<td style=\"width: 1009px;\"><strong>\u2022 Gesti\u00f3n de residuos operacionales y grandes componentes<\/strong><\/td>\n<\/tr>\n<tr>\n<td style=\"width: 1009px;\"><strong>\u2022 Servicio de Apoyo a movimiento de combustible (fresco y gastado)&nbsp;<\/strong><\/td>\n<\/tr>\n<tr>\n<td style=\"width: 1009px;\"><strong>\u2022 Carga de contenedores de combustible gastado&nbsp;<\/strong><\/td>\n<\/tr>\n<tr>\n<td style=\"width: 1009px;\"><strong>\u2022 Pruebas hidrost\u00e1ticas<\/strong> &nbsp;<\/td>\n<\/tr>\n<tr>\n<td style=\"width: 1009px;\"><strong>\u2022 Tratamiento de lodos: Decantaci\u00f3n, prensado y minimizaci\u00f3n &nbsp;<\/strong><\/td>\n<\/tr>\n<tr>\n<td style=\"width: 1009px;\"><strong>\u2022 Descontaminaci\u00f3n<\/strong><\/td>\n<\/tr>\n<\/tbody>\n<\/table>\n<p>&nbsp;<\/p>\n<p><a class=\"fasc-button fasc-size-large fasc-type-flat ico-fa fasc-ico-before fa-cloud-download\" style=\"background-color: #5ca2df; color: #ffffff;\" target=\"_blank\" rel=\"nofollow noopener\" href=\"https:\/\/gdes.com\/gdes-es\/wp-content\/uploads\/sites\/5\/2017\/11\/MIN-Descontaminacion-y-mantenimiento.pdf\">Documentaci\u00f3n T\u00e9cnica | Descontaminaci\u00f3n y Mantenimiento&nbsp;&nbsp;<\/a>&nbsp;&nbsp;<\/p>\n<p>&nbsp;<\/p>\n<p><a class=\"fasc-button fasc-size-large fasc-type-flat ico-fa fasc-ico-before fa-cloud-download\" style=\"background-color: #5ca2df; color: #ffffff;\" target=\"_blank\" rel=\"nofollow noopener\" href=\"https:\/\/gdes.com\/gdes-es\/wp-content\/uploads\/sites\/5\/2017\/11\/MIN-Limpieza-Industrial-.pdf\">Documentaci\u00f3n T\u00e9cnica&nbsp; | Limpieza qu\u00edmica e industrial&nbsp; &nbsp; &nbsp; &nbsp; &nbsp; &nbsp;&nbsp;<\/a><\/p>","protected":false},"excerpt":{"rendered":"<p>GDES es una empresa especializada en servicios de mantenimiento y descontaminaci\u00f3n radiactiva, actividad que desarrolla actualmente en Espa\u00f1a, Reino Unido, Francia, Italia y M\u00e9xico. GDES realiza servicios de descontaminaci\u00f3n radiactiva e industrial con el objetivo de poder manipular los materiales disminuyendo el riesgo de dispersi\u00f3n de la contaminaci\u00f3n, el coste radiol\u00f3gico de operaciones con materiales [&hellip;]<\/p>\n","protected":false},"author":3,"featured_media":1929,"parent":3473,"menu_order":7,"comment_status":"closed","ping_status":"closed","template":"Page-fullwidth.php","meta":{"footnotes":""},"class_list":["post-3614","page","type-page","status-publish","has-post-thumbnail","hentry"],"aioseo_notices":[],"_links":{"self":[{"href":"https:\/\/gdes.com\/corporate\/es\/wp-json\/wp\/v2\/pages\/3614","targetHints":{"allow":["GET"]}}],"collection":[{"href":"https:\/\/gdes.com\/corporate\/es\/wp-json\/wp\/v2\/pages"}],"about":[{"href":"https:\/\/gdes.com\/corporate\/es\/wp-json\/wp\/v2\/types\/page"}],"author":[{"embeddable":true,"href":"https:\/\/gdes.com\/corporate\/es\/wp-json\/wp\/v2\/users\/3"}],"replies":[{"embeddable":true,"href":"https:\/\/gdes.com\/corporate\/es\/wp-json\/wp\/v2\/comments?post=3614"}],"version-history":[{"count":43,"href":"https:\/\/gdes.com\/corporate\/es\/wp-json\/wp\/v2\/pages\/3614\/revisions"}],"predecessor-version":[{"id":115055,"href":"https:\/\/gdes.com\/corporate\/es\/wp-json\/wp\/v2\/pages\/3614\/revisions\/115055"}],"up":[{"embeddable":true,"href":"https:\/\/gdes.com\/corporate\/es\/wp-json\/wp\/v2\/pages\/3473"}],"wp:featuredmedia":[{"embeddable":true,"href":"https:\/\/gdes.com\/corporate\/es\/wp-json\/wp\/v2\/media\/1929"}],"wp:attachment":[{"href":"https:\/\/gdes.com\/corporate\/es\/wp-json\/wp\/v2\/media?parent=3614"}],"curies":[{"name":"wp","href":"https:\/\/api.w.org\/{rel}","templated":true}]}}