{"id":3579,"date":"2018-02-27T16:00:07","date_gmt":"2018-02-27T15:00:07","guid":{"rendered":"https:\/\/gdes.com\/gdes-es\/?page_id=3579"},"modified":"2023-07-14T09:42:12","modified_gmt":"2023-07-14T08:42:12","slug":"protecciones-termicas","status":"publish","type":"page","link":"https:\/\/gdes.com\/corporate\/es\/servicios-nucleares\/protecciones-termicas\/","title":{"rendered":"Protecciones T\u00e9rmicas"},"content":{"rendered":"<p>En respuesta a las nuevas oportunidades del mercado y a las necesidades de nuestros clientes <strong>GDES<\/strong> ha creado el <strong>\u00c1rea de Servicios de Protecciones T\u00e9rmicas<\/strong>. Con esta nueva \u00e1rea de servicios GDES pretende introducir nuevos productos homologados en el mercado nacional, tanto de Protecciones Pasivas como de Aislamientos T\u00e9rmicos, ofreciendo as\u00ed un servicio integral a sus clientes, con objetivo de maximizar la eficiencia y el valor a\u00f1adido en la contrataci\u00f3n de servicios para la gesti\u00f3n de sus instalaciones.<\/p>\n<hr>\n<p><img decoding=\"async\" class=\"alignright wp-image-2650 size-full\" src=\"https:\/\/gdes.com\/gdes-es\/wp-content\/uploads\/sites\/5\/2016\/08\/GDES-1.png\" width=\"115\" height=\"39\"><\/p>\n<table style=\"height: 197px; border-style: hidden; width: 1227px;\" width=\"1227\">\n<tbody>\n<tr style=\"height: 24px;\">\n<td style=\"height: 24px;\"><strong>&nbsp;\u2022 Protecciones pasivas contra el fuego<br \/>\n<\/strong><\/td>\n<\/tr>\n<tr style=\"height: 24px;\">\n<td style=\"height: 24px;\"><strong>&nbsp;\u2022 Sellado de penetraciones (el\u00e9ctricas y mec\u00e1nicas)<br \/>\n<\/strong><\/td>\n<\/tr>\n<tr style=\"height: 33px;\">\n<td style=\"height: 33px;\"><strong>&nbsp;\u2022 Ensayos RF e inspecci\u00f3n de sellados<br \/>\n<\/strong><\/td>\n<\/tr>\n<tr style=\"height: 24px;\">\n<td style=\"height: 24px;\"><strong>&nbsp;\u2022 Aislamiento t\u00e9rmico tanto Reflectivo (con opci\u00f3n a blindaje para radiaci\u00f3n) como convencional<br \/>\n<\/strong><\/td>\n<\/tr>\n<tr style=\"height: 24px;\">\n<td style=\"height: 24px;\"><strong>&nbsp;\u2022 Se\u00f1alizaci\u00f3n e identificaci\u00f3n de sistemas y equipos<br \/>\n<\/strong><\/td>\n<\/tr>\n<tr style=\"height: 24px;\">\n<td style=\"height: 24px;\"><strong>&nbsp;\u2022 Dise\u00f1o, c\u00e1lculo y montaje de andamios y accesos permanentes<br \/>\n<\/strong><\/td>\n<\/tr>\n<tr style=\"height: 24px;\">\n<td style=\"height: 24px;\"><strong> &nbsp;\u2022 Maniobras, transporte e izados de cargas<\/strong><\/td>\n<\/tr>\n<tr>\n<td rowspan=\"7\"><strong>&nbsp;\u2022 Modelizaci\u00f3n BIM, escaneado de instalaciones y Gemelo Digital<\/strong><\/td>\n<\/tr>\n<\/tbody>\n<\/table>\n<h3 style=\"text-align: center;\">Mapa de servicios en Espa\u00f1a<\/h3>\n<hr>\n<p style=\"text-align: center;\">&nbsp;<\/p>\n<p><img fetchpriority=\"high\" decoding=\"async\" class=\"aligncenter size-large wp-image-90732\" src=\"https:\/\/gdes.com\/corporate\/wp-content\/uploads\/sites\/5\/2023\/03\/MicrosoftTeams-image-3-1024x610.png\" alt=\"\" width=\"750\" height=\"447\" srcset=\"https:\/\/gdes.com\/corporate\/wp-content\/uploads\/sites\/5\/2023\/03\/MicrosoftTeams-image-3-1024x610.png 1024w, https:\/\/gdes.com\/corporate\/wp-content\/uploads\/sites\/5\/2023\/03\/MicrosoftTeams-image-3-300x179.png 300w, https:\/\/gdes.com\/corporate\/wp-content\/uploads\/sites\/5\/2023\/03\/MicrosoftTeams-image-3-768x457.png 768w, https:\/\/gdes.com\/corporate\/wp-content\/uploads\/sites\/5\/2023\/03\/MicrosoftTeams-image-3-1536x914.png 1536w, https:\/\/gdes.com\/corporate\/wp-content\/uploads\/sites\/5\/2023\/03\/MicrosoftTeams-image-3.png 2048w\" sizes=\"(max-width: 750px) 100vw, 750px\" \/><\/p>\n<p style=\"text-align: center;\">&nbsp;<br \/>\n<span style=\"color: #ff0000;\"><a class=\"fasc-button fasc-size-large fasc-type-flat fasc-ico-before dashicons-id\" style=\"background-color: #509cde; color: #ffffff;\" target=\"_blank\" rel=\"noopener\" href=\"https:\/\/gdes.com\/corporate\/blog\/2017\/01\/20\/gdes-incrementa-sus-servicios-de-proteccion-pasiva-aislamiento-termico-y-sellado-de-penetraciones\/\">M\u00e1s Informaci\u00f3n sobre Protecciones T\u00e9rmicas<\/a><\/span><\/p>\n<p><\/p>","protected":false},"excerpt":{"rendered":"<p>En respuesta a las nuevas oportunidades del mercado y a las necesidades de nuestros clientes GDES ha creado el \u00c1rea de Servicios de Protecciones T\u00e9rmicas. Con esta nueva \u00e1rea de servicios GDES pretende introducir nuevos productos homologados en el mercado nacional, tanto de Protecciones Pasivas como de Aislamientos T\u00e9rmicos, ofreciendo as\u00ed un servicio integral a [&hellip;]<\/p>\n","protected":false},"author":3,"featured_media":3585,"parent":3473,"menu_order":0,"comment_status":"closed","ping_status":"closed","template":"Page-fullwidth.php","meta":{"footnotes":""},"class_list":["post-3579","page","type-page","status-publish","has-post-thumbnail","hentry"],"aioseo_notices":[],"_links":{"self":[{"href":"https:\/\/gdes.com\/corporate\/es\/wp-json\/wp\/v2\/pages\/3579","targetHints":{"allow":["GET"]}}],"collection":[{"href":"https:\/\/gdes.com\/corporate\/es\/wp-json\/wp\/v2\/pages"}],"about":[{"href":"https:\/\/gdes.com\/corporate\/es\/wp-json\/wp\/v2\/types\/page"}],"author":[{"embeddable":true,"href":"https:\/\/gdes.com\/corporate\/es\/wp-json\/wp\/v2\/users\/3"}],"replies":[{"embeddable":true,"href":"https:\/\/gdes.com\/corporate\/es\/wp-json\/wp\/v2\/comments?post=3579"}],"version-history":[{"count":29,"href":"https:\/\/gdes.com\/corporate\/es\/wp-json\/wp\/v2\/pages\/3579\/revisions"}],"predecessor-version":[{"id":115057,"href":"https:\/\/gdes.com\/corporate\/es\/wp-json\/wp\/v2\/pages\/3579\/revisions\/115057"}],"up":[{"embeddable":true,"href":"https:\/\/gdes.com\/corporate\/es\/wp-json\/wp\/v2\/pages\/3473"}],"wp:featuredmedia":[{"embeddable":true,"href":"https:\/\/gdes.com\/corporate\/es\/wp-json\/wp\/v2\/media\/3585"}],"wp:attachment":[{"href":"https:\/\/gdes.com\/corporate\/es\/wp-json\/wp\/v2\/media?parent=3579"}],"curies":[{"name":"wp","href":"https:\/\/api.w.org\/{rel}","templated":true}]}}