{"id":3473,"date":"2018-02-20T08:59:37","date_gmt":"2018-02-20T07:59:37","guid":{"rendered":"https:\/\/gdes.com\/gdes-es\/?page_id=3473"},"modified":"2023-07-14T09:37:24","modified_gmt":"2023-07-14T08:37:24","slug":"servicios-nucleares","status":"publish","type":"page","link":"https:\/\/gdes.com\/corporate\/es\/servicios-nucleares\/","title":{"rendered":"Servicios Nucleares"},"content":{"rendered":"<p><\/p>\n<style type=\"text\/css\">\nA:hover { color: black }<br \/><\/style>\n<style type=\"text\/css\"><span class=\"mce_SELRES_start\" style=\"width: 0px; line-height: 0; overflow: hidden; display: inline-block;\" data-mce-type=\"bookmark\">\ufeff<\/span><span class=\"mce_SELRES_start\" style=\"width: 0px; line-height: 0; overflow: hidden; display: inline-block;\" data-mce-type=\"bookmark\">\ufeff<\/span><br \/>A:hover { color: black }<br \/><\/style>\n<p>A continuaci\u00f3n os presentamos las diferentes \u00c1reas de Servicios de la Unidad de Servicios Nucleares de GDES. Con su firme apuesta por la investigaci\u00f3n, el desarrollo y la innovaci\u00f3n, GDES se posiciona como empresa pionera en desarrollos tecnol\u00f3gicos adaptados a proyectos y necesidades concretas:<\/p>\n<p>&nbsp;<\/p>\n<p><!-- \/Section Title --><\/p>\n<div class=\"row\">\n<div class=\"col-md-4 col-sm-6 col-xs-12\">\n<div class=\"post\">\n<div class=\"service-icon\"><a href=\"\/corporate\/es\/operaciones\/servicios-nucleares\/soporte-a-om\/\" target=\"_blank\" rel=\"\/corporate\/es\/operaciones\/servicios-nucleares\/soporte-a-om\/ noopener\"><img fetchpriority=\"high\" decoding=\"async\" class=\"img-responsive wp-post-image alignnone\" title=\"Soporte a O&amp;M \" src=\"https:\/\/gdes.com\/gdes-es\/wp-content\/uploads\/sites\/5\/2017\/07\/cajita-nuclear.jpg\" alt=\"\" width=\"600\" height=\"148\" \/><\/a><\/div>\n<div class=\"entry-header\">\n<h4 style=\"text-align: center;\"><a href=\"https:\/\/gdes.com\/corporate\/es\/operaciones\/servicios-nucleares\/soporte-a-om\/\">Soporte a<br \/>\nO&amp;M<\/a><\/h4>\n<p>&nbsp;<\/p>\n<p>&nbsp;<\/p>\n<\/div>\n<div class=\"entry-content\"><\/div>\n<\/div>\n<\/div>\n<div class=\"col-md-4 col-sm-6 col-xs-12\">\n<div class=\"post\">\n<div class=\"service-icon\"><a href=\"\/corporate\/protecciones-termicas\/\" target=\"_blank\" rel=\"\/corporate\/protecciones-termicas\/ noopener\"><img decoding=\"async\" class=\"alignnone wp-image-3591 size-full\" title=\"Protecciones T\u00e9rmicas\" src=\"https:\/\/gdes.com\/corporate\/wp-content\/uploads\/sites\/5\/2018\/02\/cajita-protecciones-termica.jpg\" alt=\"\" width=\"600\" height=\"148\" srcset=\"https:\/\/gdes.com\/corporate\/wp-content\/uploads\/sites\/5\/2018\/02\/cajita-protecciones-termica.jpg 600w, https:\/\/gdes.com\/corporate\/wp-content\/uploads\/sites\/5\/2018\/02\/cajita-protecciones-termica-300x74.jpg 300w\" sizes=\"(max-width: 600px) 100vw, 600px\" \/><\/a><\/div>\n<div class=\"entry-header\">\n<h4 class=\"entry-title\" style=\"text-align: center;\"><a href=\"https:\/\/gdes.com\/corporate\/es\/protecciones-termicas\/\"> Protecciones<br \/>\nT\u00e9rmicas<\/a><\/h4>\n<p>&nbsp;<\/p>\n<\/div>\n<div class=\"entry-content\"><\/div>\n<\/div>\n<\/div>\n<div class=\"col-md-4 col-sm-6 col-xs-12\">\n<div class=\"post\">\n<div class=\"service-icon\"><a href=\"\/corporate\/es\/operaciones\/servicios-nucleares\/proteccion-radiologica\/\" target=\"_blank\" rel=\"\/corporate\/es\/operaciones\/servicios-nucleares\/proteccion-radiologica\/ noopener\"><img decoding=\"async\" class=\"alignnone wp-image-2576 size-full\" title=\"Protecci\u00f3n Radiol\u00f3gica\" src=\"https:\/\/gdes.com\/corporate\/wp-content\/uploads\/sites\/5\/2017\/08\/UTPR-copy2.jpg\" alt=\"\" width=\"600\" height=\"148\" srcset=\"https:\/\/gdes.com\/corporate\/wp-content\/uploads\/sites\/5\/2017\/08\/UTPR-copy2.jpg 600w, https:\/\/gdes.com\/corporate\/wp-content\/uploads\/sites\/5\/2017\/08\/UTPR-copy2-300x74.jpg 300w\" sizes=\"(max-width: 600px) 100vw, 600px\" \/><\/a><\/div>\n<div class=\"entry-header\">\n<h4 class=\"entry-title\" style=\"text-align: center;\"><a href=\"https:\/\/gdes.com\/corporate\/es\/operaciones\/servicios-nucleares\/proteccion-radiologica\/\"> Protecci\u00f3n<br \/>\nRadiol\u00f3gica<\/a><\/h4>\n<\/div>\n<div class=\"entry-content\"><\/div>\n<\/div>\n<\/div>\n<div class=\"col-md-3 col-sm-6 col-xs-12\">\n<div class=\"post\">\n<div class=\"service-icon\"><\/div>\n<\/div>\n<div class=\"col-md-3 col-sm-6 col-xs-12\">\n<div class=\"post\">\n<div class=\"service-icon\"><\/div>\n<div class=\"entry-header\">\n<h4 class=\"entry-title\" style=\"text-align: center;\"><\/h4>\n<p>&nbsp;<\/p>\n<\/div>\n<\/div>\n<\/div>\n<\/div>\n<\/div>\n<p><\/p>","protected":false},"excerpt":{"rendered":"<p>A continuaci\u00f3n os presentamos las diferentes \u00c1reas de Servicios de la Unidad de Servicios Nucleares de GDES. Con su firme apuesta por la investigaci\u00f3n, el desarrollo y la innovaci\u00f3n, GDES se posiciona como empresa pionera en desarrollos tecnol\u00f3gicos adaptados a proyectos y necesidades concretas: &nbsp; Soporte a O&amp;M &nbsp; &nbsp; Protecciones T\u00e9rmicas &nbsp; Protecci\u00f3n Radiol\u00f3gica [&hellip;]<\/p>\n","protected":false},"author":3,"featured_media":3652,"parent":0,"menu_order":0,"comment_status":"closed","ping_status":"closed","template":"Page-fullwidth.php","meta":{"footnotes":""},"class_list":["post-3473","page","type-page","status-publish","has-post-thumbnail","hentry"],"aioseo_notices":[],"_links":{"self":[{"href":"https:\/\/gdes.com\/corporate\/es\/wp-json\/wp\/v2\/pages\/3473","targetHints":{"allow":["GET"]}}],"collection":[{"href":"https:\/\/gdes.com\/corporate\/es\/wp-json\/wp\/v2\/pages"}],"about":[{"href":"https:\/\/gdes.com\/corporate\/es\/wp-json\/wp\/v2\/types\/page"}],"author":[{"embeddable":true,"href":"https:\/\/gdes.com\/corporate\/es\/wp-json\/wp\/v2\/users\/3"}],"replies":[{"embeddable":true,"href":"https:\/\/gdes.com\/corporate\/es\/wp-json\/wp\/v2\/comments?post=3473"}],"version-history":[{"count":215,"href":"https:\/\/gdes.com\/corporate\/es\/wp-json\/wp\/v2\/pages\/3473\/revisions"}],"predecessor-version":[{"id":115052,"href":"https:\/\/gdes.com\/corporate\/es\/wp-json\/wp\/v2\/pages\/3473\/revisions\/115052"}],"wp:featuredmedia":[{"embeddable":true,"href":"https:\/\/gdes.com\/corporate\/es\/wp-json\/wp\/v2\/media\/3652"}],"wp:attachment":[{"href":"https:\/\/gdes.com\/corporate\/es\/wp-json\/wp\/v2\/media?parent=3473"}],"curies":[{"name":"wp","href":"https:\/\/api.w.org\/{rel}","templated":true}]}}