{"id":3175,"date":"2018-01-11T10:49:07","date_gmt":"2018-01-11T09:49:07","guid":{"rendered":"https:\/\/gdes.com\/gdes-es\/?page_id=3175"},"modified":"2020-04-21T19:16:07","modified_gmt":"2020-04-21T18:16:07","slug":"gdes-organizacion","status":"publish","type":"page","link":"https:\/\/gdes.com\/corporate\/es\/gdes-organizacion\/","title":{"rendered":"Organizaci\u00f3n"},"content":{"rendered":"<p><\/p>\n<style type=\"text\/css\">\nA:hover { color: black }<br \/><\/style>\n<blockquote><p><code><img fetchpriority=\"high\" decoding=\"async\" class=\"alignleft wp-image-5143\" src=\"https:\/\/gdes.com\/corporate\/wp-content\/uploads\/sites\/5\/2019\/12\/NuevaSedeDegradado.jpg\" alt=\"\" width=\"453\" height=\"189\" srcset=\"https:\/\/gdes.com\/corporate\/wp-content\/uploads\/sites\/5\/2019\/12\/NuevaSedeDegradado.jpg 753w, https:\/\/gdes.com\/corporate\/wp-content\/uploads\/sites\/5\/2019\/12\/NuevaSedeDegradado-300x125.jpg 300w\" sizes=\"(max-width: 453px) 100vw, 453px\" \/><\/code><\/p>\n<p>\u2014Gracias al compromiso, talento y trabajo en equipo de todos sus profesionales, <strong>GDES<\/strong> trata de ser constantemente una mejor compa\u00f1\u00eda, m\u00e1s sostenible y m\u00e1s eficiente, en busca de talento para potenciar su expansi\u00f3n nacional e internacional.\u2014<\/p><\/blockquote>\n<p>&nbsp;<\/p>\n<p>&nbsp;<\/p>\n<p>&nbsp;<\/p>\n<p><!-- Portfolio Item --><\/p>\n<div class=\"row\">\n<div class=\"col-md-6 col-xs-12\" style=\"margin: 16px 0;\">\n<aside class=\"post\">\n<h2 style=\"text-align: center;\">Servicios <strong>Generales<\/strong><\/h2>\n<figure class=\"post-thumbnail\"><a href=\"https:\/\/gdes.com\/corporate\/es\/organizacion-general\/\" target=\"_blank\" rel=\"noopener\"><img decoding=\"async\" class=\"attachment-post-thumbnail wp-post-image alignnone\" title=\"Servicios Generales\" src=\"https:\/\/gdes.com\/corporate\/wp-content\/uploads\/sites\/5\/2020\/04\/Boton-General-Organigrama.jpg\" srcset=\"https:\/\/gdes.com\/corporate\/wp-content\/uploads\/sites\/5\/2020\/04\/Boton-General-Organigrama.jpg, https:\/\/gdes.com\/corporate\/wp-content\/uploads\/sites\/5\/2020\/04\/Boton-General-Organigrama.jpg\" alt=\"\" width=\"600\" height=\"600\" \/><\/a><\/figure>\n<div class=\"portfolio-info\">\n<div class=\"entry-header\">\n<h4 class=\"entry-title\"><a href=\"https:\/\/gdes.com\/corporate\/es\/organizacion-general\/\" target=\"_blank\" rel=\"noopener\"> Presidencia, Vicepresidencia y Servicios Corporativos <\/a><\/h4>\n<\/div>\n<div class=\"entry-content\"><\/div>\n<\/div>\n<\/aside>\n<\/div>\n<div class=\"col-md-6 col-xs-12\" style=\"margin: 16px 0;\">\n<aside class=\"post\">\n<h2 style=\"text-align: center;\">Unidades de <strong>Negocio<\/strong><\/h2>\n<figure class=\"post-thumbnail\"><a href=\"https:\/\/gdes.com\/corporate\/es\/organizacion-unidades\/\" target=\"_blank\" rel=\"noopener\"><img decoding=\"async\" class=\"attachment-post-thumbnail wp-post-image alignnone\" title=\"Unidades de Negocio\" src=\"https:\/\/gdes.com\/corporate\/wp-content\/uploads\/sites\/5\/2020\/04\/Boton-Unidades-Organigrama.jpg\" srcset=\"https:\/\/gdes.com\/corporate\/wp-content\/uploads\/sites\/5\/2020\/04\/Boton-Unidades-Organigrama.jpg, https:\/\/gdes.com\/corporate\/wp-content\/uploads\/sites\/5\/2020\/04\/Boton-Unidades-Organigrama.jpg\" alt=\"\" width=\"600\" height=\"600\" \/><\/a><\/figure>\n<div class=\"portfolio-info\">\n<div class=\"entry-header\">\n<h4 class=\"entry-title\"><a href=\"https:\/\/gdes.com\/corporate\/es\/organizacion-unidades\/\" target=\"_blank\" rel=\"noopener\">Direcci\u00f3n de Unidades de Negocio y \u00c1reas de Servicio<\/a><\/h4>\n<\/div>\n<div class=\"entry-content\"><\/div>\n<\/div>\n<\/aside>\n<\/div>\n<div class=\"clearfix\"><\/div>\n<p>&nbsp;<\/p>\n<\/div>\n<p><\/p>","protected":false},"excerpt":{"rendered":"<p>\u2014Gracias al compromiso, talento y trabajo en equipo de todos sus profesionales, GDES trata de ser constantemente una mejor compa\u00f1\u00eda, m\u00e1s sostenible y m\u00e1s eficiente, en busca de talento para potenciar su expansi\u00f3n nacional e internacional.\u2014 &nbsp; &nbsp; &nbsp; Servicios Generales Presidencia, Vicepresidencia y Servicios Corporativos Unidades de Negocio Direcci\u00f3n de Unidades de Negocio y [&hellip;]<\/p>\n","protected":false},"author":1,"featured_media":0,"parent":0,"menu_order":10,"comment_status":"closed","ping_status":"closed","template":"Page-fullwidth.php","meta":{"footnotes":""},"class_list":["post-3175","page","type-page","status-publish","hentry"],"aioseo_notices":[],"_links":{"self":[{"href":"https:\/\/gdes.com\/corporate\/es\/wp-json\/wp\/v2\/pages\/3175","targetHints":{"allow":["GET"]}}],"collection":[{"href":"https:\/\/gdes.com\/corporate\/es\/wp-json\/wp\/v2\/pages"}],"about":[{"href":"https:\/\/gdes.com\/corporate\/es\/wp-json\/wp\/v2\/types\/page"}],"author":[{"embeddable":true,"href":"https:\/\/gdes.com\/corporate\/es\/wp-json\/wp\/v2\/users\/1"}],"replies":[{"embeddable":true,"href":"https:\/\/gdes.com\/corporate\/es\/wp-json\/wp\/v2\/comments?post=3175"}],"version-history":[{"count":59,"href":"https:\/\/gdes.com\/corporate\/es\/wp-json\/wp\/v2\/pages\/3175\/revisions"}],"predecessor-version":[{"id":5837,"href":"https:\/\/gdes.com\/corporate\/es\/wp-json\/wp\/v2\/pages\/3175\/revisions\/5837"}],"wp:attachment":[{"href":"https:\/\/gdes.com\/corporate\/es\/wp-json\/wp\/v2\/media?parent=3175"}],"curies":[{"name":"wp","href":"https:\/\/api.w.org\/{rel}","templated":true}]}}