{"id":24,"date":"2016-08-28T20:42:12","date_gmt":"2016-08-28T19:42:12","guid":{"rendered":"https:\/\/dgd.es\/?page_id=24"},"modified":"2021-07-12T08:11:05","modified_gmt":"2021-07-12T07:11:05","slug":"gdes-sailing","status":"publish","type":"page","link":"https:\/\/gdes.com\/corporate\/es\/gdes-sailing\/","title":{"rendered":"GDES Sailing Team"},"content":{"rendered":"<p>GDES es patrocinador del velero de regata Grimselpass V. El First 40.7 Grimselpass V est\u00e1 presente desde el a\u00f1o 2011 en gran n\u00famero de actividades deportivas de la Comunidad Valenciana. La innovaci\u00f3n tecnol\u00f3gica, el trabajo en equipo y la apuesta por las energ\u00edas renovables son valores comunes que han originado sinergias entre el deporte de la vela y algunos de los retos empresariales del Grupo.<\/p>\n<p>&nbsp;<\/p>\n<p>Adem\u00e1s GDES, en su compromiso con el talento y con sus empleados, realiza actividades de yachting outdoor con el objetivo de motivar, integrar e incentivar a su equipo, favoreciendo la creaci\u00f3n de v\u00ednculos comunes y la posibilidad de modificar enfoques o formas de hacer, que inspiran a la organizaci\u00f3n en el desarrollo de nuevas habilidades.<\/p>\n<p>&nbsp;<\/p>\n<p><a class=\"fasc-button fasc-size-large fasc-type-flat fasc-ico-before dashicons-camera\" style=\"background-color: #509cde; color: #ffffff;\" target=\"_blank\" rel=\"noopener\" href=\"https:\/\/www.instagram.com\/gdes_aerox\/\">Instagram GDES-AEROX Sailing Team<\/a><\/p>","protected":false},"excerpt":{"rendered":"<p>GDES es patrocinador del velero de regata Grimselpass V. El First 40.7 Grimselpass V est\u00e1 presente desde el a\u00f1o 2011 en gran n\u00famero de actividades deportivas de la Comunidad Valenciana. La innovaci\u00f3n tecnol\u00f3gica, el trabajo en equipo y la apuesta por las energ\u00edas renovables son valores comunes que han originado sinergias entre el deporte de [&hellip;]<\/p>\n","protected":false},"author":1,"featured_media":2294,"parent":0,"menu_order":8,"comment_status":"closed","ping_status":"closed","template":"Page-fullwidth.php","meta":{"footnotes":""},"class_list":["post-24","page","type-page","status-publish","has-post-thumbnail","hentry"],"aioseo_notices":[],"_links":{"self":[{"href":"https:\/\/gdes.com\/corporate\/es\/wp-json\/wp\/v2\/pages\/24","targetHints":{"allow":["GET"]}}],"collection":[{"href":"https:\/\/gdes.com\/corporate\/es\/wp-json\/wp\/v2\/pages"}],"about":[{"href":"https:\/\/gdes.com\/corporate\/es\/wp-json\/wp\/v2\/types\/page"}],"author":[{"embeddable":true,"href":"https:\/\/gdes.com\/corporate\/es\/wp-json\/wp\/v2\/users\/1"}],"replies":[{"embeddable":true,"href":"https:\/\/gdes.com\/corporate\/es\/wp-json\/wp\/v2\/comments?post=24"}],"version-history":[{"count":21,"href":"https:\/\/gdes.com\/corporate\/es\/wp-json\/wp\/v2\/pages\/24\/revisions"}],"predecessor-version":[{"id":16341,"href":"https:\/\/gdes.com\/corporate\/es\/wp-json\/wp\/v2\/pages\/24\/revisions\/16341"}],"wp:featuredmedia":[{"embeddable":true,"href":"https:\/\/gdes.com\/corporate\/es\/wp-json\/wp\/v2\/media\/2294"}],"wp:attachment":[{"href":"https:\/\/gdes.com\/corporate\/es\/wp-json\/wp\/v2\/media?parent=24"}],"curies":[{"name":"wp","href":"https:\/\/api.w.org\/{rel}","templated":true}]}}