{"id":2070,"date":"2017-09-14T07:17:32","date_gmt":"2017-09-14T06:17:32","guid":{"rendered":"https:\/\/gdes.com\/gdes-es\/?page_id=2070"},"modified":"2023-01-18T11:23:01","modified_gmt":"2023-01-18T10:23:01","slug":"premio-emprendimiento-upv","status":"publish","type":"page","link":"https:\/\/gdes.com\/corporate\/es\/premio-emprendimiento-upv\/","title":{"rendered":"PREMIO AL EMPRENDIMIENTO CONSEJO SOCIAL UNIVERSITAT POLIT\u00c9CNICA DE VAL\u00c8NCIA"},"content":{"rendered":"<p><\/p>\n<h3>GDES premiar\u00e1 con 3.000\u20ac al mejor proyecto empresarial e iniciativa innovadora en el \u00e1mbito de la energ\u00eda y los servicios auxiliares.<\/h3>\n<div style=\"text-align: center;\"><a class=\"fasc-button fasc-size-large fasc-type-glossy fasc-ico-before dashicons-id\" style=\"background-color: #509cde; color: #ffffff;\" target=\"_blank\" href=\"http:\/\/emprendedores.gdes.com\/formulario\/\" rel=\"noopener\">Formulario de inscripci\u00f3n<\/a><\/div>\n<div>&nbsp;<\/div>\n<p><strong>GD Energy Services<\/strong>, en colaboraci\u00f3n con el <strong>Consejo Social de la Universitat Polit\u00e8cnica de Val\u00e8ncia<\/strong>, convoca el Premio al Emprendimiento destinado a reconocer y apoyar <strong>proyectos empresariales e iniciativas innovadoras de emprendedores y nuevas empresas en el \u00e1mbito industrial especialmente en operaci\u00f3n y mantenimiento para la industria energ\u00e9tica.&nbsp;<\/strong><\/p>\n<p>&nbsp;<\/p>\n<p><strong>Adem\u00e1s de los 3000\u20ac el&nbsp; proyecto ganador ser\u00e1 premiado&nbsp; por GDES con un programa de mentoring personalizado<\/strong> de 4 meses de duraci\u00f3n en las instalaciones del Grupo en el Centro de Innovaci\u00f3n situado en la Ciudad Polit\u00e9cnica de la Innovaci\u00f3n de la UPV, poniendo a su disposici\u00f3n la utilizaci\u00f3n de un entorno de pruebas y el apoyo por parte de t\u00e9cnicos expertos <strong>con el objetivo de que los ganadores puedan lanzar su proyecto empresarial con las m\u00e1ximas garant\u00edas de \u00e9xito.<\/strong><\/p>\n<p>&nbsp;<\/p>\n<h3><strong>\u00bfQui\u00e9n puede participar?<\/strong><\/h3>\n<p>Podr\u00e1n optar al premio todos aquellos <strong>emprendedores licenciados, titulados o estudiantes<\/strong> que cursen estudios en centros universitarios o en escuelas profesionales, <strong>as\u00ed como emprendedores de centros de investigaci\u00f3n o institutos tecnol\u00f3gicos<\/strong>, y que presenten un proyecto de empresa innovador, en el \u00e1mbito industrial, especialmente en el sector de la energ\u00eda.<\/p>\n<p>&nbsp;<\/p>\n<h3><strong>Tem\u00e1ticas Principales<\/strong><\/h3>\n<p>1. Desarrollo de tecnolog\u00eda para el apoyo a la operaci\u00f3n y el mantenimiento de plantas de producci\u00f3n de energ\u00eda.<\/p>\n<p>2. Incremento de la eficiencia energ\u00e9tica.<\/p>\n<p>3. Minimizaci\u00f3n de residuos y optimizaci\u00f3n de costes de operaci\u00f3n.<\/p>\n<p>&nbsp;<\/p>\n<h3><strong>Fases de la convocatoria <span style=\"color: #ff0000;\">\u00a1PLAZOS AMPLIADOS!<\/span><\/strong><\/h3>\n<ul>\n<li>Plazo m\u00e1ximo para rellenar y <strong>enviar la inscripci\u00f3n online<\/strong>: <strong>31 de mayo de 2018.<\/strong><\/li>\n<li>Primera fase de selecci\u00f3n de los candidatos por parte de GDES:&nbsp;8 de junio de&nbsp;2018.<\/li>\n<li>Fase de&nbsp;<strong>selecci\u00f3n de los finalistas<\/strong> por el Jurado: <strong>primera quincena de julio de 2018. <\/strong><\/li>\n<li>Selecci\u00f3n de los ganadores:&nbsp;<strong>primera quincena de julio de 2018.<\/strong><\/li>\n<\/ul>\n<p>&nbsp;<\/p>\n<h3><strong>M\u00e1s informaci\u00f3n<br \/>\n<\/strong><\/h3>\n<p><a class=\"fasc-button fasc-size-large fasc-type-glossy ico-fa fasc-ico-before fa-file-text-o\" style=\"background-color: #5ca2df; color: #ffffff;\" target=\"_blank\" rel=\"nofollow noopener\" href=\"\/corporate\/wp-content\/uploads\/sites\/5\/2017\/09\/2018.Bases-premio-emprendimiento.pdf\">Bases Premio al Emprendimiento<\/a><\/p>","protected":false},"excerpt":{"rendered":"<p>GDES premiar\u00e1 con 3.000\u20ac al mejor proyecto empresarial e iniciativa innovadora en el \u00e1mbito de la energ\u00eda y los servicios auxiliares. Formulario de inscripci\u00f3n &nbsp; GD Energy Services, en colaboraci\u00f3n con el Consejo Social de la Universitat Polit\u00e8cnica de Val\u00e8ncia, convoca el Premio al Emprendimiento destinado a reconocer y apoyar proyectos empresariales e iniciativas innovadoras [&hellip;]<\/p>\n","protected":false},"author":3,"featured_media":2072,"parent":0,"menu_order":1,"comment_status":"closed","ping_status":"closed","template":"Page-fullwidth.php","meta":{"footnotes":""},"class_list":["post-2070","page","type-page","status-publish","has-post-thumbnail","hentry"],"aioseo_notices":[],"_links":{"self":[{"href":"https:\/\/gdes.com\/corporate\/es\/wp-json\/wp\/v2\/pages\/2070","targetHints":{"allow":["GET"]}}],"collection":[{"href":"https:\/\/gdes.com\/corporate\/es\/wp-json\/wp\/v2\/pages"}],"about":[{"href":"https:\/\/gdes.com\/corporate\/es\/wp-json\/wp\/v2\/types\/page"}],"author":[{"embeddable":true,"href":"https:\/\/gdes.com\/corporate\/es\/wp-json\/wp\/v2\/users\/3"}],"replies":[{"embeddable":true,"href":"https:\/\/gdes.com\/corporate\/es\/wp-json\/wp\/v2\/comments?post=2070"}],"version-history":[{"count":29,"href":"https:\/\/gdes.com\/corporate\/es\/wp-json\/wp\/v2\/pages\/2070\/revisions"}],"predecessor-version":[{"id":80087,"href":"https:\/\/gdes.com\/corporate\/es\/wp-json\/wp\/v2\/pages\/2070\/revisions\/80087"}],"wp:featuredmedia":[{"embeddable":true,"href":"https:\/\/gdes.com\/corporate\/es\/wp-json\/wp\/v2\/media\/2072"}],"wp:attachment":[{"href":"https:\/\/gdes.com\/corporate\/es\/wp-json\/wp\/v2\/media?parent=2070"}],"curies":[{"name":"wp","href":"https:\/\/api.w.org\/{rel}","templated":true}]}}