{"id":2,"date":"2016-07-04T18:07:26","date_gmt":"2016-07-04T18:07:26","guid":{"rendered":"https:\/\/dgd.es\/?page_id=2"},"modified":"2026-04-02T14:26:38","modified_gmt":"2026-04-02T13:26:38","slug":"gdes-sobre-nosotros","status":"publish","type":"page","link":"https:\/\/gdes.com\/corporate\/es\/gdes-sobre-nosotros\/","title":{"rendered":"Sobre nosotros"},"content":{"rendered":"<p><\/p>\n<p style=\"text-align: left;\"><strong><img fetchpriority=\"high\" decoding=\"async\" class=\"alignleft wp-image-2302 size-full\" src=\"https:\/\/gdes.com\/gdes-es\/wp-content\/uploads\/sites\/5\/2016\/08\/mundo5-e1546948585478.jpg\" width=\"299\" height=\"297\" srcset=\"https:\/\/gdes.com\/corporate\/wp-content\/uploads\/sites\/5\/2016\/08\/mundo5-e1546948585478.jpg 299w, https:\/\/gdes.com\/corporate\/wp-content\/uploads\/sites\/5\/2016\/08\/mundo5-e1546948585478-150x150.jpg 150w\" sizes=\"(max-width: 299px) 100vw, 299px\" \/><\/strong><\/p>\n<p style=\"text-align: left;\"><strong>Grupo Dominguis Energy Services (GDES) <\/strong>es un grupo de empresas de origen familiar y \u00e1mbito internacional, con m\u00e1s de 90 a\u00f1os de experiencia en la prestaci\u00f3n de <strong>servicios industriales para el sector energ\u00e9tico<\/strong>, siendo en la actualidad un referente en servicios de apoyo a operaci\u00f3n, mantenimiento y desmantelamiento, tratamiento de superficies, econom\u00eda circular y log\u00edstica, eficiencia energ\u00e9tica y transformaci\u00f3n digital para sectores tan diversos como el nuclear, e\u00f3lico, solar fotovoltaico, metal\u00fargico entre otros muchos.<\/p>\n<p>El Grupo inici\u00f3 su actividad en <strong>1932<\/strong>, como Pinturas J. Dominguis dedicada a la aplicaci\u00f3n de pinturas en construcciones residenciales e industriales. En\u00a0<strong>1975<\/strong>, y como <strong>GRUPO DOMINGUIS,\u00a0<\/strong>se introduce en el sector nuclear, ejecutando servicios de aplicaci\u00f3n de revestimientos durante la construcci\u00f3n de las centrales \u00a0nucleares de Almaraz y Cofrentes.<\/p>\n<p>Durante su historia, GD Energy Services ha llevado a cabo un intenso proceso de diversificaci\u00f3n de servicios que ha situado\u00a0actualmente al Grupo como una de las compa\u00f1\u00edas con mayor proyecci\u00f3n en el sector energ\u00e9tico. GDES cuenta en la actualidad <strong>con una plantilla de m\u00e1s de 1.300 profesionales en todo el mundo<\/strong>. Un equipo humano con alta cualificaci\u00f3n y orientaci\u00f3n al cliente, que aporta soluciones de alto valor a\u00f1adido adapt\u00e1ndose a la necesidad espec\u00edfica de cada proyecto.<\/p>\n<p>Actualmente act\u00faa en 8 pa\u00edses: <strong>Espa\u00f1a, Francia, Italia, Reino Unido, Suiza, Panam\u00e1, M\u00e9xico y Estados Unidos. <\/strong>GDES destaca por contar con<strong> m\u00e1s de 45 a\u00f1os de experiencia en el sector nuclear<\/strong>, siendo este su principal sector de actuaci\u00f3n. GDES no solo ha participado en la construcci\u00f3n de las principales Centrales Nucleares espa\u00f1olas a finales de los a\u00f1os 70, sino tambi\u00e9n en su mantenimiento y en su desmantelamiento, participando en el ciclo de vida completo de las centrales. Es en ese campo, el <strong>desmantelamiento<\/strong>, d\u00f3nde GDES es referente a nivel europeo siendo empresa participante en la ejecuci\u00f3n de diferentes proyectos no solo en Espa\u00f1a sino tambi\u00e9n en Italia, Suecia, Francia y Reino Unido.<\/p>\n<p>&nbsp;<\/p>\n<h2><\/h2>\n<h2 style=\"text-align: left;\">Historia<\/h2>\n<p><strong>GDES<\/strong>\u00a0es hoy, gracias a los valores transmitidos por nuestro fundador, una compa\u00f1\u00eda de \u00e1mbito internacional ejemplar\u00a0en la prestaci\u00f3n de servicios a la industria energ\u00e9tica:<\/p>\n<hr \/>\n<p>\r\n\t\t<div class=\"wphtsp-slider-wrp wphtsp-clearfix\">\r\n\t\t\t<div class=\"wphtsp-slider-inner-wrp wphtsp-slider-design-6 wphtsp-clearfix\">\r\n\t\t\t\t<div id=\"wphtsp-slider-nav-1\" class=\"wphtsp-slider-nav-1 wphtsp-slider-nav wphtsp-slick-slider\" data-slider-nav-for='wphtsp-slider-for-1'>\n\t\t\t<div class=\"wphtsp-slider-nav-title\">\n\t\t\t<div class=\"wphtsp-title\"><span>1932<\/span><\/div>\n\t\t\t<div class=\"wphtsp-main-title\"><button><\/button><\/div>\n\t\t<\/div>\n\t\t\t<div class=\"wphtsp-slider-nav-title\">\n\t\t\t<div class=\"wphtsp-title\"><span>1977<\/span><\/div>\n\t\t\t<div class=\"wphtsp-main-title\"><button><\/button><\/div>\n\t\t<\/div>\n\t\t\t<div class=\"wphtsp-slider-nav-title\">\n\t\t\t<div class=\"wphtsp-title\"><span>1983<\/span><\/div>\n\t\t\t<div class=\"wphtsp-main-title\"><button><\/button><\/div>\n\t\t<\/div>\n\t\t\t<div class=\"wphtsp-slider-nav-title\">\n\t\t\t<div class=\"wphtsp-title\"><span>1990<\/span><\/div>\n\t\t\t<div class=\"wphtsp-main-title\"><button><\/button><\/div>\n\t\t<\/div>\n\t\t\t<div class=\"wphtsp-slider-nav-title\">\n\t\t\t<div class=\"wphtsp-title\"><span>2005<\/span><\/div>\n\t\t\t<div class=\"wphtsp-main-title\"><button><\/button><\/div>\n\t\t<\/div>\n\t\t\t<div class=\"wphtsp-slider-nav-title\">\n\t\t\t<div class=\"wphtsp-title\"><span>2007<\/span><\/div>\n\t\t\t<div class=\"wphtsp-main-title\"><button><\/button><\/div>\n\t\t<\/div>\n\t\t\t<div class=\"wphtsp-slider-nav-title\">\n\t\t\t<div class=\"wphtsp-title\"><span>2010<\/span><\/div>\n\t\t\t<div class=\"wphtsp-main-title\"><button><\/button><\/div>\n\t\t<\/div>\n\t\t\t<div class=\"wphtsp-slider-nav-title\">\n\t\t\t<div class=\"wphtsp-title\"><span>2012<\/span><\/div>\n\t\t\t<div class=\"wphtsp-main-title\"><button><\/button><\/div>\n\t\t<\/div>\n\t\t\t<div class=\"wphtsp-slider-nav-title\">\n\t\t\t<div class=\"wphtsp-title\"><span>2013<\/span><\/div>\n\t\t\t<div class=\"wphtsp-main-title\"><button><\/button><\/div>\n\t\t<\/div>\n\t\t\t<div class=\"wphtsp-slider-nav-title\">\n\t\t\t<div class=\"wphtsp-title\"><span>2014<\/span><\/div>\n\t\t\t<div class=\"wphtsp-main-title\"><button><\/button><\/div>\n\t\t<\/div>\n\t\t\t<div class=\"wphtsp-slider-nav-title\">\n\t\t\t<div class=\"wphtsp-title\"><span>2016<\/span><\/div>\n\t\t\t<div class=\"wphtsp-main-title\"><button><\/button><\/div>\n\t\t<\/div>\n\t\t\t<div class=\"wphtsp-slider-nav-title\">\n\t\t\t<div class=\"wphtsp-title\"><span>2019<\/span><\/div>\n\t\t\t<div class=\"wphtsp-main-title\"><button><\/button><\/div>\n\t\t<\/div>\n\t\t\t<div class=\"wphtsp-slider-nav-title\">\n\t\t\t<div class=\"wphtsp-title\"><span>2020<\/span><\/div>\n\t\t\t<div class=\"wphtsp-main-title\"><button><\/button><\/div>\n\t\t<\/div>\n\t\t\t<div class=\"wphtsp-slider-nav-title\">\n\t\t\t<div class=\"wphtsp-title\"><span>2021<\/span><\/div>\n\t\t\t<div class=\"wphtsp-main-title\"><button><\/button><\/div>\n\t\t<\/div>\n\t\t\t<div class=\"wphtsp-slider-nav-title\">\n\t\t\t<div class=\"wphtsp-title\"><span>2022<\/span><\/div>\n\t\t\t<div class=\"wphtsp-main-title\"><button><\/button><\/div>\n\t\t<\/div>\n\t<\/div>\n\n<div class=\"wphtsp-slider-for-1 wphtsp-slider-for wphtsp-slick-slider\">\n\t\t\t<div class=\"wphtsp-slider-nav-content\">\n\t\t\t<div class=\"wphtsp-slider-nav-wrapper wphtsp-img-botom\" >\n\t\t\t\t\t\t\t\t<div class=\"wphtsp-timeline-img\">\n\t\t\t\t\t\t\t\t\t\t\t\t\t\t\t\t\t\t\t\t<a href=\"https:\/\/gdes.com\/corporate\/es\/timeline_slider_post\/1932\/\" target=\"_self\"><img decoding=\"async\" src=\"https:\/\/gdes.com\/corporate\/wp-content\/uploads\/sites\/5\/1932\/11\/Joaquin-Dominguis-1-1.jpg\" alt=\"\" \/><\/a>\n\t\t\t\t\t\t\t\t\t\t\t\t\t\t\t\t\t\t<\/div>\n\n\t\t\t\t\t<div class=\"wphtsp-content-wrapper \">\n\t\t\t\t\t\t\t\t\t\t\t\t<h2 class=\"wphtsp-content-title\">\n\t\t\t\t\t\t\t\t\t\t\t\t\t\t<a href=\"https:\/\/gdes.com\/corporate\/es\/timeline_slider_post\/1932\/\" target=\"_self\" >1932<\/a>\n\t\t\t\t\t\t\t\t\t\t\t\t\t<\/h2>\n\t\t\t\t\t\t\n\t\t\t\t\t\t\t\t\t\t\t\t<div class=\"wphtsp-content\">\n\t\t\t\t\t\t\t\t\t\t\t\t\t\t\t<div class=\"wphtsp-fullcontent wphtsp-tl-content\" ><hr \/>\n<h4 style=\"text-align: center;\">Creaci\u00f3n de Pinturas J. Dominguis.<\/h4>\n<hr \/>\n<p>&nbsp;<\/p>\n<\/div>\n\t\t\t\t\t\t\t\t\t\t\t\t\t<\/div>\n\t\t\t\t\t\t\t\t\t\t\t<\/div>\n\t\t\t\t\t\t\t<\/div>\n\t\t<\/div>\n\t\t\t<div class=\"wphtsp-slider-nav-content\">\n\t\t\t<div class=\"wphtsp-slider-nav-wrapper wphtsp-img-botom\" >\n\t\t\t\t\t\t\t\t<div class=\"wphtsp-timeline-img\">\n\t\t\t\t\t\t\t\t\t\t\t\t\t\t\t\t\t\t\t\t<a href=\"https:\/\/gdes.com\/corporate\/es\/timeline_slider_post\/1977-la-era-industrial\/\" target=\"_self\"><img decoding=\"async\" src=\"https:\/\/gdes.com\/corporate\/wp-content\/uploads\/sites\/5\/1977\/09\/lainsa-1.jpg\" alt=\"\" \/><\/a>\n\t\t\t\t\t\t\t\t\t\t\t\t\t\t\t\t\t\t<\/div>\n\n\t\t\t\t\t<div class=\"wphtsp-content-wrapper \">\n\t\t\t\t\t\t\t\t\t\t\t\t<h2 class=\"wphtsp-content-title\">\n\t\t\t\t\t\t\t\t\t\t\t\t\t\t<a href=\"https:\/\/gdes.com\/corporate\/es\/timeline_slider_post\/1977-la-era-industrial\/\" target=\"_self\" >1977<\/a>\n\t\t\t\t\t\t\t\t\t\t\t\t\t<\/h2>\n\t\t\t\t\t\t\n\t\t\t\t\t\t\t\t\t\t\t\t<div class=\"wphtsp-content\">\n\t\t\t\t\t\t\t\t\t\t\t\t\t\t\t<div class=\"wphtsp-fullcontent wphtsp-tl-content\" ><hr \/>\n<h4 style=\"text-align: center;\">Limpieza y descontaminaci\u00f3n industrial.<\/h4>\n<hr \/>\n<p>&nbsp;<\/p>\n<\/div>\n\t\t\t\t\t\t\t\t\t\t\t\t\t<\/div>\n\t\t\t\t\t\t\t\t\t\t\t<\/div>\n\t\t\t\t\t\t\t<\/div>\n\t\t<\/div>\n\t\t\t<div class=\"wphtsp-slider-nav-content\">\n\t\t\t<div class=\"wphtsp-slider-nav-wrapper wphtsp-img-botom\" >\n\t\t\t\t\t\t\t\t<div class=\"wphtsp-timeline-img\">\n\t\t\t\t\t\t\t\t\t\t\t\t\t\t\t\t\t\t\t\t<a href=\"https:\/\/gdes.com\/corporate\/es\/timeline_slider_post\/1983\/\" target=\"_self\"><img decoding=\"async\" src=\"https:\/\/gdes.com\/corporate\/wp-content\/uploads\/sites\/5\/1983\/07\/1983-3.jpg\" alt=\"\" \/><\/a>\n\t\t\t\t\t\t\t\t\t\t\t\t\t\t\t\t\t\t<\/div>\n\n\t\t\t\t\t<div class=\"wphtsp-content-wrapper \">\n\t\t\t\t\t\t\t\t\t\t\t\t<h2 class=\"wphtsp-content-title\">\n\t\t\t\t\t\t\t\t\t\t\t\t\t\t<a href=\"https:\/\/gdes.com\/corporate\/es\/timeline_slider_post\/1983\/\" target=\"_self\" >1983<\/a>\n\t\t\t\t\t\t\t\t\t\t\t\t\t<\/h2>\n\t\t\t\t\t\t\n\t\t\t\t\t\t\t\t\t\t\t\t<div class=\"wphtsp-content\">\n\t\t\t\t\t\t\t\t\t\t\t\t\t\t\t<div class=\"wphtsp-fullcontent wphtsp-tl-content\" ><hr \/>\n<h4 style=\"text-align: center;\">Servicios de extinci\u00f3n de incendios.<\/h4>\n<hr \/>\n<p>&nbsp;<\/p>\n<\/div>\n\t\t\t\t\t\t\t\t\t\t\t\t\t<\/div>\n\t\t\t\t\t\t\t\t\t\t\t<\/div>\n\t\t\t\t\t\t\t<\/div>\n\t\t<\/div>\n\t\t\t<div class=\"wphtsp-slider-nav-content\">\n\t\t\t<div class=\"wphtsp-slider-nav-wrapper wphtsp-img-botom\" >\n\t\t\t\t\t\t\t\t<div class=\"wphtsp-timeline-img\">\n\t\t\t\t\t\t\t\t\t\t\t\t\t\t\t\t\t\t\t\t<a href=\"https:\/\/gdes.com\/corporate\/es\/timeline_slider_post\/1990\/\" target=\"_self\"><img decoding=\"async\" src=\"https:\/\/gdes.com\/corporate\/wp-content\/uploads\/sites\/5\/1990\/12\/desmantelamiento-1.jpg\" alt=\"\" \/><\/a>\n\t\t\t\t\t\t\t\t\t\t\t\t\t\t\t\t\t\t<\/div>\n\n\t\t\t\t\t<div class=\"wphtsp-content-wrapper \">\n\t\t\t\t\t\t\t\t\t\t\t\t<h2 class=\"wphtsp-content-title\">\n\t\t\t\t\t\t\t\t\t\t\t\t\t\t<a href=\"https:\/\/gdes.com\/corporate\/es\/timeline_slider_post\/1990\/\" target=\"_self\" >1990<\/a>\n\t\t\t\t\t\t\t\t\t\t\t\t\t<\/h2>\n\t\t\t\t\t\t\n\t\t\t\t\t\t\t\t\t\t\t\t<div class=\"wphtsp-content\">\n\t\t\t\t\t\t\t\t\t\t\t\t\t\t\t<div class=\"wphtsp-fullcontent wphtsp-tl-content\" ><hr \/>\n<h4 style=\"text-align: center;\">Desmantelamiento en instalaciones Nucleares y Radiactivas.<\/h4>\n<hr \/>\n<p>&nbsp;<\/p>\n<\/div>\n\t\t\t\t\t\t\t\t\t\t\t\t\t<\/div>\n\t\t\t\t\t\t\t\t\t\t\t<\/div>\n\t\t\t\t\t\t\t<\/div>\n\t\t<\/div>\n\t\t\t<div class=\"wphtsp-slider-nav-content\">\n\t\t\t<div class=\"wphtsp-slider-nav-wrapper wphtsp-img-botom\" >\n\t\t\t\t\t\t\t\t<div class=\"wphtsp-timeline-img\">\n\t\t\t\t\t\t\t\t\t\t\t\t\t\t\t\t\t\t\t\t<a href=\"https:\/\/gdes.com\/corporate\/es\/timeline_slider_post\/2005\/\" target=\"_self\"><img decoding=\"async\" src=\"https:\/\/gdes.com\/corporate\/wp-content\/uploads\/sites\/5\/2005\/02\/cabecera-proteccion-radiolo-e1553636379705.jpg\" alt=\"\" \/><\/a>\n\t\t\t\t\t\t\t\t\t\t\t\t\t\t\t\t\t\t<\/div>\n\n\t\t\t\t\t<div class=\"wphtsp-content-wrapper \">\n\t\t\t\t\t\t\t\t\t\t\t\t<h2 class=\"wphtsp-content-title\">\n\t\t\t\t\t\t\t\t\t\t\t\t\t\t<a href=\"https:\/\/gdes.com\/corporate\/es\/timeline_slider_post\/2005\/\" target=\"_self\" >2005<\/a>\n\t\t\t\t\t\t\t\t\t\t\t\t\t<\/h2>\n\t\t\t\t\t\t\n\t\t\t\t\t\t\t\t\t\t\t\t<div class=\"wphtsp-content\">\n\t\t\t\t\t\t\t\t\t\t\t\t\t\t\t<div class=\"wphtsp-fullcontent wphtsp-tl-content\" ><hr \/>\n<h4 style=\"text-align: center;\">Limpieza qu\u00edmica industrial. Radioprotecci\u00f3n Italia.<\/h4>\n<hr \/>\n<p>&nbsp;<\/p>\n<\/div>\n\t\t\t\t\t\t\t\t\t\t\t\t\t<\/div>\n\t\t\t\t\t\t\t\t\t\t\t<\/div>\n\t\t\t\t\t\t\t<\/div>\n\t\t<\/div>\n\t\t\t<div class=\"wphtsp-slider-nav-content\">\n\t\t\t<div class=\"wphtsp-slider-nav-wrapper wphtsp-img-botom\" >\n\t\t\t\t\t\t\t\t<div class=\"wphtsp-timeline-img\">\n\t\t\t\t\t\t\t\t\t\t\t\t\t\t\t\t\t\t\t\t<a href=\"https:\/\/www.titaniast.com\/fr\/index\" target=\"_self\"><img decoding=\"async\" src=\"https:\/\/gdes.com\/corporate\/wp-content\/uploads\/sites\/5\/2007\/04\/2007si.jpg\" alt=\"\" \/><\/a>\n\t\t\t\t\t\t\t\t\t\t\t\t\t\t\t\t\t\t<\/div>\n\n\t\t\t\t\t<div class=\"wphtsp-content-wrapper \">\n\t\t\t\t\t\t\t\t\t\t\t\t<h2 class=\"wphtsp-content-title\">\n\t\t\t\t\t\t\t\t\t\t\t\t\t\t<a href=\"https:\/\/www.titaniast.com\/fr\/index\" target=\"_self\" >2007<\/a>\n\t\t\t\t\t\t\t\t\t\t\t\t\t<\/h2>\n\t\t\t\t\t\t\n\t\t\t\t\t\t\t\t\t\t\t\t<div class=\"wphtsp-content\">\n\t\t\t\t\t\t\t\t\t\t\t\t\t\t\t<div class=\"wphtsp-fullcontent wphtsp-tl-content\" ><hr \/>\n<h4 style=\"text-align: center;\">Alianza Falck &#8211; GDES. Negocio nuclear M\u00e9xico. Negocio nuclear Francia. Creaci\u00f3n GDES Innovation.<\/h4>\n<hr \/>\n<p>&nbsp;<\/p>\n<\/div>\n\t\t\t\t\t\t\t\t\t\t\t\t\t<\/div>\n\t\t\t\t\t\t\t\t\t\t\t<\/div>\n\t\t\t\t\t\t\t<\/div>\n\t\t<\/div>\n\t\t\t<div class=\"wphtsp-slider-nav-content\">\n\t\t\t<div class=\"wphtsp-slider-nav-wrapper wphtsp-img-botom\" >\n\t\t\t\t\t\t\t\t<div class=\"wphtsp-timeline-img\">\n\t\t\t\t\t\t\t\t\t\t\t\t\t\t\t\t\t\t\t\t<a href=\"https:\/\/gdes.com\/corporate\/es\/timeline_slider_post\/2010\/\" target=\"_self\"><img decoding=\"async\" src=\"https:\/\/gdes.com\/corporate\/wp-content\/uploads\/sites\/5\/2010\/10\/valent.jpg\" alt=\"\" \/><\/a>\n\t\t\t\t\t\t\t\t\t\t\t\t\t\t\t\t\t\t<\/div>\n\n\t\t\t\t\t<div class=\"wphtsp-content-wrapper \">\n\t\t\t\t\t\t\t\t\t\t\t\t<h2 class=\"wphtsp-content-title\">\n\t\t\t\t\t\t\t\t\t\t\t\t\t\t<a href=\"https:\/\/gdes.com\/corporate\/es\/timeline_slider_post\/2010\/\" target=\"_self\" >2010<\/a>\n\t\t\t\t\t\t\t\t\t\t\t\t\t<\/h2>\n\t\t\t\t\t\t\n\t\t\t\t\t\t\t\t\t\t\t\t<div class=\"wphtsp-content\">\n\t\t\t\t\t\t\t\t\t\t\t\t\t\t\t<div class=\"wphtsp-fullcontent wphtsp-tl-content\" ><hr \/>\n<h4 style=\"text-align: center;\">Inicio de la actividad en la Industria Termosolar.<\/h4>\n<hr \/>\n<p>&nbsp;<\/p>\n<\/div>\n\t\t\t\t\t\t\t\t\t\t\t\t\t<\/div>\n\t\t\t\t\t\t\t\t\t\t\t<\/div>\n\t\t\t\t\t\t\t<\/div>\n\t\t<\/div>\n\t\t\t<div class=\"wphtsp-slider-nav-content\">\n\t\t\t<div class=\"wphtsp-slider-nav-wrapper wphtsp-img-botom\" >\n\t\t\t\t\t\t\t\t<div class=\"wphtsp-timeline-img\">\n\t\t\t\t\t\t\t\t\t\t\t\t\t\t\t\t\t\t\t\t<a href=\"https:\/\/gdes.com\/corporate\/blog\/2012\/09\/\" target=\"_self\"><img decoding=\"async\" src=\"https:\/\/gdes.com\/corporate\/wp-content\/uploads\/sites\/5\/2012\/03\/20121-1.jpg\" alt=\"\" \/><\/a>\n\t\t\t\t\t\t\t\t\t\t\t\t\t\t\t\t\t\t<\/div>\n\n\t\t\t\t\t<div class=\"wphtsp-content-wrapper \">\n\t\t\t\t\t\t\t\t\t\t\t\t<h2 class=\"wphtsp-content-title\">\n\t\t\t\t\t\t\t\t\t\t\t\t\t\t<a href=\"https:\/\/gdes.com\/corporate\/blog\/2012\/09\/\" target=\"_self\" >2012<\/a>\n\t\t\t\t\t\t\t\t\t\t\t\t\t<\/h2>\n\t\t\t\t\t\t\n\t\t\t\t\t\t\t\t\t\t\t\t<div class=\"wphtsp-content\">\n\t\t\t\t\t\t\t\t\t\t\t\t\t\t\t<div class=\"wphtsp-fullcontent wphtsp-tl-content\" ><hr \/>\n<h4 style=\"text-align: center;\">Entrada en la Industria E\u00f3lica (GDES Wind).<\/h4>\n<hr \/>\n<p>&nbsp;<\/p>\n<\/div>\n\t\t\t\t\t\t\t\t\t\t\t\t\t<\/div>\n\t\t\t\t\t\t\t\t\t\t\t<\/div>\n\t\t\t\t\t\t\t<\/div>\n\t\t<\/div>\n\t\t\t<div class=\"wphtsp-slider-nav-content\">\n\t\t\t<div class=\"wphtsp-slider-nav-wrapper wphtsp-img-botom\" >\n\t\t\t\t\t\t\t\t<div class=\"wphtsp-timeline-img\">\n\t\t\t\t\t\t\t\t\t\t\t\t\t\t\t\t\t\t\t\t<a href=\"https:\/\/gdes.com\/corporate\/blog\/2013\/\" target=\"_self\"><img decoding=\"async\" src=\"https:\/\/gdes.com\/corporate\/wp-content\/uploads\/sites\/5\/2013\/12\/20133.jpg\" alt=\"\" \/><\/a>\n\t\t\t\t\t\t\t\t\t\t\t\t\t\t\t\t\t\t<\/div>\n\n\t\t\t\t\t<div class=\"wphtsp-content-wrapper \">\n\t\t\t\t\t\t\t\t\t\t\t\t<h2 class=\"wphtsp-content-title\">\n\t\t\t\t\t\t\t\t\t\t\t\t\t\t<a href=\"https:\/\/gdes.com\/corporate\/blog\/2013\/\" target=\"_self\" >2013<\/a>\n\t\t\t\t\t\t\t\t\t\t\t\t\t<\/h2>\n\t\t\t\t\t\t\n\t\t\t\t\t\t\t\t\t\t\t\t<div class=\"wphtsp-content\">\n\t\t\t\t\t\t\t\t\t\t\t\t\t\t\t<div class=\"wphtsp-fullcontent wphtsp-tl-content\" ><hr \/>\n<h4 style=\"text-align: center;\">Desmantelamiento UK. Desmantelamiento Italia.<\/h4>\n<hr \/>\n<p>&nbsp;<\/p>\n<\/div>\n\t\t\t\t\t\t\t\t\t\t\t\t\t<\/div>\n\t\t\t\t\t\t\t\t\t\t\t<\/div>\n\t\t\t\t\t\t\t<\/div>\n\t\t<\/div>\n\t\t\t<div class=\"wphtsp-slider-nav-content\">\n\t\t\t<div class=\"wphtsp-slider-nav-wrapper wphtsp-img-botom\" >\n\t\t\t\t\t\t\t\t<div class=\"wphtsp-timeline-img\">\n\t\t\t\t\t\t\t\t\t\t\t\t\t\t\t\t\t\t\t\t<a href=\"https:\/\/gdes.com\/gdes-t4s\/en\/\" target=\"_self\"><img decoding=\"async\" src=\"https:\/\/gdes.com\/corporate\/wp-content\/uploads\/sites\/5\/2014\/10\/2014.jpg\" alt=\"\" \/><\/a>\n\t\t\t\t\t\t\t\t\t\t\t\t\t\t\t\t\t\t<\/div>\n\n\t\t\t\t\t<div class=\"wphtsp-content-wrapper \">\n\t\t\t\t\t\t\t\t\t\t\t\t<h2 class=\"wphtsp-content-title\">\n\t\t\t\t\t\t\t\t\t\t\t\t\t\t<a href=\"https:\/\/gdes.com\/gdes-t4s\/en\/\" target=\"_self\" >2014<\/a>\n\t\t\t\t\t\t\t\t\t\t\t\t\t<\/h2>\n\t\t\t\t\t\t\n\t\t\t\t\t\t\t\t\t\t\t\t<div class=\"wphtsp-content\">\n\t\t\t\t\t\t\t\t\t\t\t\t\t\t\t<div class=\"wphtsp-fullcontent wphtsp-tl-content\" ><hr \/>\n<h4 style=\"text-align: center;\">Alianza Iberdrola \u00a0(<a href=\"https:\/\/gdes.com\/innovation\/\">T4S<\/a>). GDES Wind Inc. USA. Inicio de la actividad comercial en Panam\u00e1.<\/h4>\n<hr \/>\n<p>&nbsp;<\/p>\n<\/div>\n\t\t\t\t\t\t\t\t\t\t\t\t\t<\/div>\n\t\t\t\t\t\t\t\t\t\t\t<\/div>\n\t\t\t\t\t\t\t<\/div>\n\t\t<\/div>\n\t\t\t<div class=\"wphtsp-slider-nav-content\">\n\t\t\t<div class=\"wphtsp-slider-nav-wrapper wphtsp-img-botom\" >\n\t\t\t\t\t\t\t\t<div class=\"wphtsp-timeline-img\">\n\t\t\t\t\t\t\t\t\t\t\t\t\t\t\t\t\t\t\t\t<a href=\"https:\/\/gdes.com\/corporate\/blog\/2016\/\" target=\"_self\"><img decoding=\"async\" src=\"https:\/\/gdes.com\/corporate\/wp-content\/uploads\/sites\/5\/2016\/07\/GESErba-1.jpg\" alt=\"\" \/><\/a>\n\t\t\t\t\t\t\t\t\t\t\t\t\t\t\t\t\t\t<\/div>\n\n\t\t\t\t\t<div class=\"wphtsp-content-wrapper \">\n\t\t\t\t\t\t\t\t\t\t\t\t<h2 class=\"wphtsp-content-title\">\n\t\t\t\t\t\t\t\t\t\t\t\t\t\t<a href=\"https:\/\/gdes.com\/corporate\/blog\/2016\/\" target=\"_self\" >2016<\/a>\n\t\t\t\t\t\t\t\t\t\t\t\t\t<\/h2>\n\t\t\t\t\t\t\n\t\t\t\t\t\t\t\t\t\t\t\t<div class=\"wphtsp-content\">\n\t\t\t\t\t\t\t\t\t\t\t\t\t\t\t<div class=\"wphtsp-fullcontent wphtsp-tl-content\" ><hr \/>\n<h4 style=\"text-align: center;\">Tratamientos de Superficies Francia.<\/h4>\n<hr \/>\n<p>&nbsp;<\/p>\n<\/div>\n\t\t\t\t\t\t\t\t\t\t\t\t\t<\/div>\n\t\t\t\t\t\t\t\t\t\t\t<\/div>\n\t\t\t\t\t\t\t<\/div>\n\t\t<\/div>\n\t\t\t<div class=\"wphtsp-slider-nav-content\">\n\t\t\t<div class=\"wphtsp-slider-nav-wrapper wphtsp-img-botom\" >\n\t\t\t\t\t\t\t\t<div class=\"wphtsp-timeline-img\">\n\t\t\t\t\t\t\t\t\t\t\t\t\t\t\t\t\t\t\t\t<a href=\"https:\/\/gdes.com\/corporate\/es\/timeline_slider_post\/francais-2019\/\" target=\"_self\"><img decoding=\"async\" src=\"https:\/\/gdes.com\/corporate\/wp-content\/uploads\/sites\/5\/2019\/10\/ITER_HistoriaGDES.png\" alt=\"\" \/><\/a>\n\t\t\t\t\t\t\t\t\t\t\t\t\t\t\t\t\t\t<\/div>\n\n\t\t\t\t\t<div class=\"wphtsp-content-wrapper \">\n\t\t\t\t\t\t\t\t\t\t\t\t<h2 class=\"wphtsp-content-title\">\n\t\t\t\t\t\t\t\t\t\t\t\t\t\t<a href=\"https:\/\/gdes.com\/corporate\/es\/timeline_slider_post\/francais-2019\/\" target=\"_self\" >2019<\/a>\n\t\t\t\t\t\t\t\t\t\t\t\t\t<\/h2>\n\t\t\t\t\t\t\n\t\t\t\t\t\t\t\t\t\t\t\t<div class=\"wphtsp-content\">\n\t\t\t\t\t\t\t\t\t\t\t\t\t\t\t<div class=\"wphtsp-fullcontent wphtsp-tl-content\" ><hr \/>\n<h4 style=\"text-align: center;\">Entrada en el proyecto ITER.<\/h4>\n<hr \/>\n<h4 style=\"text-align: center;\"><\/h4>\n<\/div>\n\t\t\t\t\t\t\t\t\t\t\t\t\t<\/div>\n\t\t\t\t\t\t\t\t\t\t\t<\/div>\n\t\t\t\t\t\t\t<\/div>\n\t\t<\/div>\n\t\t\t<div class=\"wphtsp-slider-nav-content\">\n\t\t\t<div class=\"wphtsp-slider-nav-wrapper wphtsp-img-botom\" >\n\t\t\t\t\t\t\t\t<div class=\"wphtsp-timeline-img\">\n\t\t\t\t\t\t\t\t\t\t\t\t\t\t\t\t\t\t\t\t<a href=\"https:\/\/gdes.com\/corporate\/es\/timeline_slider_post\/2020\/\" target=\"_self\"><img decoding=\"async\" src=\"https:\/\/gdes.com\/corporate\/wp-content\/uploads\/sites\/5\/2023\/06\/Untitled-4.jpg\" alt=\"\" \/><\/a>\n\t\t\t\t\t\t\t\t\t\t\t\t\t\t\t\t\t\t<\/div>\n\n\t\t\t\t\t<div class=\"wphtsp-content-wrapper \">\n\t\t\t\t\t\t\t\t\t\t\t\t<h2 class=\"wphtsp-content-title\">\n\t\t\t\t\t\t\t\t\t\t\t\t\t\t<a href=\"https:\/\/gdes.com\/corporate\/es\/timeline_slider_post\/2020\/\" target=\"_self\" >2020<\/a>\n\t\t\t\t\t\t\t\t\t\t\t\t\t<\/h2>\n\t\t\t\t\t\t\n\t\t\t\t\t\t\t\t\t\t\t\t<div class=\"wphtsp-content\">\n\t\t\t\t\t\t\t\t\t\t\t\t\t\t\t<div class=\"wphtsp-fullcontent wphtsp-tl-content\" ><hr \/>\n<h4 style=\"text-align: center;\">Transformaci\u00f3n Digital (Xabet).<\/h4>\n<hr \/>\n<h4 style=\"text-align: center;\"><\/h4>\n<\/div>\n\t\t\t\t\t\t\t\t\t\t\t\t\t<\/div>\n\t\t\t\t\t\t\t\t\t\t\t<\/div>\n\t\t\t\t\t\t\t<\/div>\n\t\t<\/div>\n\t\t\t<div class=\"wphtsp-slider-nav-content\">\n\t\t\t<div class=\"wphtsp-slider-nav-wrapper wphtsp-img-botom\" >\n\t\t\t\t\t\t\t\t<div class=\"wphtsp-timeline-img\">\n\t\t\t\t\t\t\t\t\t\t\t\t\t\t\t\t\t\t\t\t<a href=\"https:\/\/gdes.com\/corporate\/es\/timeline_slider_post\/2021\/\" target=\"_self\"><img decoding=\"async\" src=\"https:\/\/gdes.com\/corporate\/wp-content\/uploads\/sites\/5\/2023\/06\/Untitled-2.jpg\" alt=\"\" \/><\/a>\n\t\t\t\t\t\t\t\t\t\t\t\t\t\t\t\t\t\t<\/div>\n\n\t\t\t\t\t<div class=\"wphtsp-content-wrapper \">\n\t\t\t\t\t\t\t\t\t\t\t\t<h2 class=\"wphtsp-content-title\">\n\t\t\t\t\t\t\t\t\t\t\t\t\t\t<a href=\"https:\/\/gdes.com\/corporate\/es\/timeline_slider_post\/2021\/\" target=\"_self\" >2021<\/a>\n\t\t\t\t\t\t\t\t\t\t\t\t\t<\/h2>\n\t\t\t\t\t\t\n\t\t\t\t\t\t\t\t\t\t\t\t<div class=\"wphtsp-content\">\n\t\t\t\t\t\t\t\t\t\t\t\t\t\t\t<div class=\"wphtsp-fullcontent wphtsp-tl-content\" ><hr \/>\n<h4 style=\"text-align: center;\">Creaci\u00f3n de GDES Efficiency.<\/h4>\n<hr \/>\n<h4 style=\"text-align: center;\"><\/h4>\n<\/div>\n\t\t\t\t\t\t\t\t\t\t\t\t\t<\/div>\n\t\t\t\t\t\t\t\t\t\t\t<\/div>\n\t\t\t\t\t\t\t<\/div>\n\t\t<\/div>\n\t\t\t<div class=\"wphtsp-slider-nav-content\">\n\t\t\t<div class=\"wphtsp-slider-nav-wrapper wphtsp-img-botom\" >\n\t\t\t\t\t\t\t\t<div class=\"wphtsp-timeline-img\">\n\t\t\t\t\t\t\t\t\t\t\t\t\t\t\t\t\t\t\t\t<a href=\"https:\/\/gdes.com\/corporate\/es\/timeline_slider_post\/2022\/\" target=\"_self\"><img decoding=\"async\" src=\"https:\/\/gdes.com\/corporate\/wp-content\/uploads\/sites\/5\/2023\/06\/Untitled-3.jpg\" alt=\"\" \/><\/a>\n\t\t\t\t\t\t\t\t\t\t\t\t\t\t\t\t\t\t<\/div>\n\n\t\t\t\t\t<div class=\"wphtsp-content-wrapper \">\n\t\t\t\t\t\t\t\t\t\t\t\t<h2 class=\"wphtsp-content-title\">\n\t\t\t\t\t\t\t\t\t\t\t\t\t\t<a href=\"https:\/\/gdes.com\/corporate\/es\/timeline_slider_post\/2022\/\" target=\"_self\" >2022<\/a>\n\t\t\t\t\t\t\t\t\t\t\t\t\t<\/h2>\n\t\t\t\t\t\t\n\t\t\t\t\t\t\t\t\t\t\t\t<div class=\"wphtsp-content\">\n\t\t\t\t\t\t\t\t\t\t\t\t\t\t\t<div class=\"wphtsp-fullcontent wphtsp-tl-content\" ><hr \/>\n<h4 style=\"text-align: center;\">Desmantelamiento Suecia. Industria e hidroel\u00e9ctrica Francia.<\/h4>\n<hr \/>\n<h4 style=\"text-align: center;\"><\/h4>\n<\/div>\n\t\t\t\t\t\t\t\t\t\t\t\t\t<\/div>\n\t\t\t\t\t\t\t\t\t\t\t<\/div>\n\t\t\t\t\t\t\t<\/div>\n\t\t<\/div>\n\t<\/div>\t\t\t<\/div>\r\n\t\t\t<div class=\"wphtsp-slider-conf\" data-conf=\"{&quot;dots&quot;:&quot;false&quot;,&quot;arrows&quot;:&quot;true&quot;,&quot;loop&quot;:&quot;true&quot;,&quot;autoplay&quot;:&quot;true&quot;,&quot;autoplayInterval&quot;:&quot;4000&quot;,&quot;speed&quot;:&quot;800&quot;,&quot;fade&quot;:&quot;true&quot;,&quot;adaptiveheight&quot;:&quot;true&quot;,&quot;slidestoshow&quot;:&quot;3&quot;,&quot;first_slide&quot;:&quot;0&quot;,&quot;nav_centermode&quot;:&quot;true&quot;,&quot;rtl&quot;:&quot;false&quot;}\"><\/div>\r\n\t\t<\/div>\r\n\t<\/p>","protected":false},"excerpt":{"rendered":"<p>Grupo Dominguis Energy Services (GDES) es un grupo de empresas de origen familiar y \u00e1mbito internacional, con m\u00e1s de 90 a\u00f1os de experiencia en la prestaci\u00f3n de servicios industriales para el sector energ\u00e9tico, siendo en la actualidad un referente en servicios de apoyo a operaci\u00f3n, mantenimiento y desmantelamiento, tratamiento de superficies, econom\u00eda circular y log\u00edstica, [&hellip;]<\/p>\n","protected":false},"author":1,"featured_media":0,"parent":0,"menu_order":1,"comment_status":"closed","ping_status":"closed","template":"Page-fullwidth.php","meta":{"footnotes":""},"class_list":["post-2","page","type-page","status-publish","hentry"],"aioseo_notices":[],"_links":{"self":[{"href":"https:\/\/gdes.com\/corporate\/es\/wp-json\/wp\/v2\/pages\/2","targetHints":{"allow":["GET"]}}],"collection":[{"href":"https:\/\/gdes.com\/corporate\/es\/wp-json\/wp\/v2\/pages"}],"about":[{"href":"https:\/\/gdes.com\/corporate\/es\/wp-json\/wp\/v2\/types\/page"}],"author":[{"embeddable":true,"href":"https:\/\/gdes.com\/corporate\/es\/wp-json\/wp\/v2\/users\/1"}],"replies":[{"embeddable":true,"href":"https:\/\/gdes.com\/corporate\/es\/wp-json\/wp\/v2\/comments?post=2"}],"version-history":[{"count":102,"href":"https:\/\/gdes.com\/corporate\/es\/wp-json\/wp\/v2\/pages\/2\/revisions"}],"predecessor-version":[{"id":382831,"href":"https:\/\/gdes.com\/corporate\/es\/wp-json\/wp\/v2\/pages\/2\/revisions\/382831"}],"wp:attachment":[{"href":"https:\/\/gdes.com\/corporate\/es\/wp-json\/wp\/v2\/media?parent=2"}],"curies":[{"name":"wp","href":"https:\/\/api.w.org\/{rel}","templated":true}]}}