{"id":1687,"date":"2017-09-07T16:32:32","date_gmt":"2017-09-07T15:32:32","guid":{"rendered":"https:\/\/gdes.com\/gdes-es\/?page_id=1687"},"modified":"2022-11-11T00:19:12","modified_gmt":"2022-11-10T23:19:12","slug":"politica-de-cookies","status":"publish","type":"page","link":"https:\/\/gdes.com\/corporate\/es\/politica-de-cookies\/","title":{"rendered":"Politica de Cookies"},"content":{"rendered":"<p><\/p>\n<ol>\n<li><strong>\u00bfQu\u00e9 son las cookies?<\/strong><\/li>\n<\/ol>\n<p>Este sitio web utiliza cookies y\/o tecnolog\u00edas similares que almacenan y recuperan informaci\u00f3n cuando navega. En general, estas tecnolog\u00edas pueden servir para finalidades muy diversas, como, por ejemplo, reconocerle como usuario, obtener informaci\u00f3n sobre sus h\u00e1bitos de navegaci\u00f3n, o personalizar la forma en la que se muestra el contenido. Los usos concretos que hacemos de estas tecnolog\u00edas se describen a continuaci\u00f3n.<\/p>\n<p>&nbsp;<\/p>\n<ol>\n<li><strong>\u00bfQu\u00e9 tipo de cookies se utilizan en esta p\u00e1gina web?<\/strong><\/li>\n<\/ol>\n<p>&nbsp;<\/p>\n<p>Respecto a la finalidad de las cookies, en esta web utilizamos las siguientes:<\/p>\n<p>&nbsp;<\/p>\n<ul>\n<li><strong>Cookies de preferencias: <\/strong>Estas cookies permiten recordar informaci\u00f3n para que los usuarios puedan acceder al servicio con determinadas caracter\u00edsticas que permitan diferenciar su experiencia de la de otros usuarios, como, por ejemplo, el idioma, idioma, pa\u00eds, ciudad, etc.<\/li>\n<\/ul>\n<p><strong>\u00a0<\/strong><\/p>\n<ul>\n<li><strong>Cookies de an\u00e1lisis o medici\u00f3n: <\/strong>Estas cookies permiten a INGENIER\u00cdA Y MARKETING el seguimiento y an\u00e1lisis del comportamiento de los usuarios, con la finalidad de recoger informaci\u00f3n que nos permita introducir mejoras en funci\u00f3n del an\u00e1lisis de los datos de uso que efect\u00faan los usuarios.<\/li>\n<\/ul>\n<p><strong>\u00a0<\/strong><\/p>\n<ul>\n<li><strong>Cookies de publicidad comportamental: <\/strong>son aquellas que permite a INGENIER\u00cdA Y MARKETING almacenar informaci\u00f3n del comportamiento de los usuarios obtenida a trav\u00e9s de la observaci\u00f3n continuada de sus h\u00e1bitos de navegaci\u00f3n, lo que permite desarrollar un perfil espec\u00edfico para poder mostrar informaci\u00f3n publicitaria de inter\u00e9s para el usuario.<\/li>\n<\/ul>\n<p>&nbsp;<\/p>\n<p>Asimismo, en cuanto a la entidad que gestiona las cookies, esta p\u00e1gina web utiliza las siguientes:<\/p>\n<p>&nbsp;<\/p>\n<ul>\n<li>Las cookies<strong> propias<\/strong>: Son aqu\u00e9llas que se env\u00edan al equipo terminal del usuario desde un equipo o dominio gestionado por el propio editor y desde el que se presta el servicio solicitado por el usuario.<\/li>\n<li>Las cookies de <strong>terceros<\/strong>: Igualmente, esta web utiliza cookies de terceros entendidas como aquellas que se env\u00edan al terminal del usuario desde un equipo o dominio que no es gestionado por el editor sino por otra entidad que trata los datos obtenidos a trav\u00e9s de las cookies.<\/li>\n<\/ul>\n<p>&nbsp;<\/p>\n<p>Puede encontrar m\u00e1s informaci\u00f3n sobre los terceros en el apartado tercero (III) de la presente pol\u00edtica de cookies.<\/p>\n<p>Respecto al plazo de tiempo que permanecen las cookies activadas, en esta web utilizamos las siguientes:<\/p>\n<ul>\n<li><strong>Cookies de sesi\u00f3n<\/strong><\/li>\n<\/ul>\n<p>En la tabla que se muestra a continuaci\u00f3n encontrar\u00e1 informaci\u00f3n completa sobre las cookies utilizadas y descargadas en nuestra p\u00e1gina web.<\/p>\n<p>&nbsp;<\/p>\n<table width=\"614\">\n<tbody>\n<tr>\n<td width=\"126\"><strong>Tipolog\u00eda de cookie<\/strong><\/td>\n<td width=\"95\"><strong>Nombre de la cookie<\/strong><\/td>\n<td width=\"91\"><strong>Gesti\u00f3n de las cookies<\/strong><\/td>\n<td width=\"98\"><strong>Tercero<\/strong><\/td>\n<td width=\"101\"><strong>Plazo de conservaci\u00f3n<\/strong><\/td>\n<td width=\"104\"><strong>Transferencias internacionales de datos <\/strong><\/td>\n<\/tr>\n<tr>\n<td width=\"126\">Cookies de preferencias<\/td>\n<td width=\"95\">Qtrans_front_language<\/td>\n<td width=\"91\">Propia<\/td>\n<td width=\"98\">&nbsp;<\/td>\n<td width=\"101\">1 a\u00f1o<\/td>\n<td width=\"104\">No<\/td>\n<\/tr>\n<tr>\n<td rowspan=\"3\" width=\"126\">Cookies de an\u00e1lisis<\/td>\n<td width=\"95\">_ga<\/td>\n<td width=\"91\">Propia<\/td>\n<td width=\"98\">&nbsp;<\/td>\n<td width=\"101\">2 a\u00f1os<\/td>\n<td width=\"104\">No<\/td>\n<\/tr>\n<tr>\n<td width=\"95\">_gat<\/td>\n<td width=\"91\">Propia<\/td>\n<td width=\"98\">&nbsp;<\/td>\n<td width=\"101\">1 d\u00eda<\/td>\n<td width=\"104\">No<\/td>\n<\/tr>\n<tr>\n<td width=\"95\">_gid<\/td>\n<td width=\"91\">Propia<\/td>\n<td width=\"98\">&nbsp;<\/td>\n<td width=\"101\">1 d\u00eda<\/td>\n<td width=\"104\">No<\/td>\n<\/tr>\n<tr>\n<td rowspan=\"10\" width=\"126\">Cookies de publicidad comportamental<\/td>\n<td width=\"95\">IDE<\/td>\n<td width=\"91\">Tercero<\/td>\n<td width=\"98\">Doubleclick.net<\/td>\n<td width=\"101\">1 d\u00eda<\/td>\n<td width=\"104\">Si. EEUU<\/td>\n<\/tr>\n<tr>\n<td width=\"95\">Test_cookie<\/td>\n<td width=\"91\">Tercero<\/td>\n<td width=\"98\">Doubleclick.net<\/td>\n<td width=\"101\">1 d\u00eda<\/td>\n<td width=\"104\">Si. EEUU<\/td>\n<\/tr>\n<tr>\n<td width=\"95\">VISITOR_INFO1_LIVE<\/td>\n<td width=\"91\">Tercero<\/td>\n<td width=\"98\">Youtube.com<\/td>\n<td width=\"101\">179 d\u00edas<\/td>\n<td width=\"104\">Si. EEUU<\/td>\n<\/tr>\n<tr>\n<td width=\"95\">YSC<\/td>\n<td width=\"91\">Tercero<\/td>\n<td width=\"98\">Youtube.com<\/td>\n<td width=\"101\">Sesi\u00f3n<\/td>\n<td width=\"104\">Si. EEUU<\/td>\n<\/tr>\n<tr>\n<td width=\"95\">yt-remote-cast-installed<\/td>\n<td width=\"91\">Tercero<\/td>\n<td width=\"98\">&nbsp;<\/td>\n<td width=\"101\">Sesi\u00f3n<\/td>\n<td width=\"104\">Si. EEUU<\/td>\n<\/tr>\n<tr>\n<td width=\"95\">yt-remote-connected-devices<\/td>\n<td width=\"91\">Tercero<\/td>\n<td width=\"98\">Youtube.com<\/td>\n<td width=\"101\">Persistente<\/td>\n<td width=\"104\">Si. EEUU<\/td>\n<\/tr>\n<tr>\n<td width=\"95\">yt-remote-device-id<\/td>\n<td width=\"91\">Tercero<\/td>\n<td width=\"98\">Youtube.com<\/td>\n<td width=\"101\">Persistente<\/td>\n<td width=\"104\">Si. EEUU<\/td>\n<\/tr>\n<tr>\n<td width=\"95\">Yt-remote-fast-check-period<\/td>\n<td width=\"91\">Tercero<\/td>\n<td width=\"98\">Youtube.com<\/td>\n<td width=\"101\">Sesi\u00f3n<\/td>\n<td width=\"104\">Si. EEUU<\/td>\n<\/tr>\n<tr>\n<td width=\"95\">yt-remote-session-app<\/td>\n<td width=\"91\">Tercero<\/td>\n<td width=\"98\">Youtube.com<\/td>\n<td width=\"101\">Sesi\u00f3n<\/td>\n<td width=\"104\">Si. EEUU<\/td>\n<\/tr>\n<tr>\n<td width=\"95\">yt-remote-session-name<\/td>\n<td width=\"91\">Tercero<\/td>\n<td width=\"98\">Youtube.com<\/td>\n<td width=\"101\">Sesi\u00f3n<\/td>\n<td width=\"104\">Si. EEUU<\/td>\n<\/tr>\n<\/tbody>\n<\/table>\n<p>&nbsp;<\/p>\n<ul>\n<li><strong>Informaci\u00f3n sobre terceros.<\/strong><\/li>\n<\/ul>\n<p>El usuario puede obtener informaci\u00f3n completa sobre los terceros, as\u00ed como en su caso de las transferencias a terceros pa\u00edses que puedan llevar a cabo los terceros, a trav\u00e9s de los enlaces a sus p\u00e1ginas web detalladas a continuaci\u00f3n. El usuario por medio de los enlaces, podr\u00e1 consultar las correspondientes pol\u00edticas de protecci\u00f3n de datos y cookies de dichos terceros.<\/p>\n<ul>\n<li>Doubleclick: <a href=\"https:\/\/support.google.com\/campaignmanager\/answer\/9015629?hl=es\">https:\/\/support.google.com\/campaignmanager\/answer\/9015629?hl=es<\/a><\/li>\n<li>Youtube: <a href=\"http:\/\/www.youtube.com\">youtube.com<\/a>.<\/li>\n<\/ul>\n<p>&nbsp;<\/p>\n<p>Asimismo, informamos a los usuarios de que la informaci\u00f3n obtenida a trav\u00e9s de las cookies gestionadas por terceros es transferida a EEUU y que dicho pa\u00eds de destino es un tercer pa\u00eds que, actualmente, no ofrece un nivel de protecci\u00f3n adecuado en el sentido del Reglamento General de Protecci\u00f3n de Datos europeo (\u201cRGPD\u201d o \u201cReglamento (UE) 2016\/679\u201d).<\/p>\n<p>Igualmente, le comunicamos que INGENIER\u00cdA Y MARKETING no puede controlar ni se hace responsable del contenido y veracidad de los t\u00e9rminos y condiciones y las pol\u00edticas de privacidad de terceros, as\u00ed como de aquella informaci\u00f3n que el tercero no ofrezca en castellano. Asimismo, tampoco se hace responsable del correcto funcionamiento de los enlaces facilitados a las correspondientes p\u00e1ginas webs.<\/p>\n<p>&nbsp;<\/p>\n<p>&nbsp;<\/p>\n<ol>\n<li><strong>Configuraci\u00f3n, desactivaci\u00f3n y eliminaci\u00f3n de cookies.<\/strong><\/li>\n<\/ol>\n<p>Puedes retirar el consentimiento inicialmente prestado en cualquier momento, a trav\u00e9s de nuestro <u>panel de configuraci\u00f3n de cookies<\/u>.<\/p>\n<p>Tenga en cuenta que, si acepta las cookies de terceros, deber\u00e1 eliminarlos desde las opciones del navegador o desde el sistema ofrecido por el propio tercero.<\/p>\n<p>&nbsp;<\/p>\n<p><strong>V.- Actualizaci\u00f3n de Pol\u00edtica de cookies.<\/strong><\/p>\n<p>Esta Pol\u00edtica de Cookies puede variar en funci\u00f3n de nuevas exigencias legislativas, reglamentarias, o con la finalidad de adaptar dicha pol\u00edtica a las instrucciones dictadas por la Agencia Espa\u00f1ola de Protecci\u00f3n de Datos.<\/p>\n<p>&nbsp;<\/p>\n<p>\u00daltima actualizaci\u00f3n: Julio de 2021<\/p>","protected":false},"excerpt":{"rendered":"<p>\u00bfQu\u00e9 son las cookies? Este sitio web utiliza cookies y\/o tecnolog\u00edas similares que almacenan y recuperan informaci\u00f3n cuando navega. En general, estas tecnolog\u00edas pueden servir para finalidades muy diversas, como, por ejemplo, reconocerle como usuario, obtener informaci\u00f3n sobre sus h\u00e1bitos de navegaci\u00f3n, o personalizar la forma en la que se muestra el contenido. Los usos [&hellip;]<\/p>\n","protected":false},"author":1,"featured_media":0,"parent":0,"menu_order":0,"comment_status":"closed","ping_status":"closed","template":"Page-fullwidth.php","meta":{"footnotes":""},"class_list":["post-1687","page","type-page","status-publish","hentry"],"aioseo_notices":[],"_links":{"self":[{"href":"https:\/\/gdes.com\/corporate\/es\/wp-json\/wp\/v2\/pages\/1687","targetHints":{"allow":["GET"]}}],"collection":[{"href":"https:\/\/gdes.com\/corporate\/es\/wp-json\/wp\/v2\/pages"}],"about":[{"href":"https:\/\/gdes.com\/corporate\/es\/wp-json\/wp\/v2\/types\/page"}],"author":[{"embeddable":true,"href":"https:\/\/gdes.com\/corporate\/es\/wp-json\/wp\/v2\/users\/1"}],"replies":[{"embeddable":true,"href":"https:\/\/gdes.com\/corporate\/es\/wp-json\/wp\/v2\/comments?post=1687"}],"version-history":[{"count":18,"href":"https:\/\/gdes.com\/corporate\/es\/wp-json\/wp\/v2\/pages\/1687\/revisions"}],"predecessor-version":[{"id":70200,"href":"https:\/\/gdes.com\/corporate\/es\/wp-json\/wp\/v2\/pages\/1687\/revisions\/70200"}],"wp:attachment":[{"href":"https:\/\/gdes.com\/corporate\/es\/wp-json\/wp\/v2\/media?parent=1687"}],"curies":[{"name":"wp","href":"https:\/\/api.w.org\/{rel}","templated":true}]}}