{"id":14,"date":"2016-08-28T20:40:03","date_gmt":"2016-08-28T19:40:03","guid":{"rendered":"https:\/\/dgd.es\/?page_id=14"},"modified":"2026-03-26T10:24:31","modified_gmt":"2026-03-26T09:24:31","slug":"calidad-seguridad","status":"publish","type":"page","link":"https:\/\/gdes.com\/corporate\/es\/calidad-seguridad\/","title":{"rendered":"Cultura para la seguridad"},"content":{"rendered":"<p><img fetchpriority=\"high\" decoding=\"async\" src=\"https:\/\/gdes.com\/gdes-es\/wp-content\/uploads\/sites\/5\/2016\/08\/CalidadGDES-Cuadro-REDER.jpg\" alt=\"\" width=\"1234\" height=\"382\"><\/p>\n<p>GDES vela por el fomento de la <strong>Cultura de Seguridad<\/strong> y reducci\u00f3n del Error Humano a trav\u00e9s de&nbsp;iniciativas y pol\u00edticas con tres objetivos principales: <strong>garantizar la seguridad<\/strong> de las intervenciones; <strong>mejorar la calidad<\/strong> del servicio ofertado, evitando la posible repetici\u00f3n de trabajos; y <strong>mantener la siniestralidad laboral y los incidentes ambientales a cero. <\/strong>Adem\u00e1s, este compromiso se refuerza con nuestra <strong>Pol\u00edtica de Seguridad de la Informaci\u00f3n<\/strong>, que establece el marco para proteger adecuadamente los datos, tanto propios como proporcionados por otras partes interesadas, y los sistemas que soportan la actividad del Grupo.<\/p>\n<p style=\"text-align: center;\"><a class=\"fasc-button fasc-size-large fasc-type-flat\" style=\"background-color: #5ca2df; color: #ffffff;\" target=\"_blank\" rel=\"nofollow noopener\" href=\"https:\/\/gdes.com\/corporate\/wp-content\/uploads\/sites\/5\/2023\/07\/GD-EstrategiaCulturaSeguridad-Mar-23.pdf\">Estrategia de Cultura para la Seguridad<\/a>&nbsp; &nbsp; &nbsp; &nbsp; &nbsp; &nbsp; &nbsp; &nbsp; &nbsp; &nbsp;<a class=\"fasc-button fasc-size-large fasc-type-flat\" style=\"background-color: #5ca2df; color: #ffffff;\" target=\"_blank\" rel=\"nofollow noopener\" href=\"https:\/\/gdes.com\/corporate\/wp-content\/uploads\/sites\/5\/2026\/03\/GD-Politica-Seguridad-de-la-Informacion-Mar26.pdf\">Pol\u00edtica de Seguridad de la Informaci\u00f3n<\/a> &nbsp; &nbsp; &nbsp; &nbsp; &nbsp; &nbsp; &nbsp; <a class=\"fasc-button fasc-size-large fasc-type-flat\" style=\"background-color: #5ca2df; color: #ffffff;\" target=\"_blank\" rel=\"nofollow noopener\" href=\"https:\/\/gdes.com\/corporate\/wp-content\/uploads\/sites\/5\/2024\/03\/GD-Politica-QHSE-Oct-23.pdf\">Pol\u00edtica de gesti\u00f3n de QHSER de GDES<\/a><\/p>\n<p>&nbsp;<\/p>\n<p>Nuestro compromiso con la EXCELENCIA, tanto en la gesti\u00f3n como en las operaciones, se manifiesta no solo en la satisfacci\u00f3n de las expectativas del&nbsp;cliente&nbsp;sino que viene avalada por diversas certificaciones y&nbsp;homologaciones de \u00e1mbito nacional e internacional; como ISO 9001 en materia de Calidad, ISO 14001 en materia de Medio Ambiente&nbsp;e&nbsp;ISO 45001&nbsp;en materia de Seguridad y Salud. En&nbsp;GDES disponemos tambi\u00e9n de un Sistema de Gesti\u00f3n de&nbsp;Radioprotecci\u00f3n&nbsp;certificado por el organismo franc\u00e9s CEFRI,&nbsp;de la exigente certificaci\u00f3n francesa MASE en materia de seguridad\/medio ambiente&nbsp;y de&nbsp;homologaciones de acuerdo a las exigentes normativas de nuestros clientes como la NT85114 de EDF, la UNE 73401 del Grupo de Evaluaci\u00f3n de Suministradores de CCNN&nbsp;Espa\u00f1olas&nbsp;o la Homologaci\u00f3n CAEAR que permite trabajar con el CEA franc\u00e9s.<\/p>\n<p><img decoding=\"async\" class=\"size-full wp-image-190238 aligncenter\" src=\"https:\/\/gdes.com\/corporate\/wp-content\/uploads\/sites\/5\/2024\/06\/Barra-ISOS-2.jpg\" alt=\"\" width=\"876\" height=\"143\" srcset=\"https:\/\/gdes.com\/corporate\/wp-content\/uploads\/sites\/5\/2024\/06\/Barra-ISOS-2.jpg 876w, https:\/\/gdes.com\/corporate\/wp-content\/uploads\/sites\/5\/2024\/06\/Barra-ISOS-2-300x49.jpg 300w, https:\/\/gdes.com\/corporate\/wp-content\/uploads\/sites\/5\/2024\/06\/Barra-ISOS-2-768x125.jpg 768w\" sizes=\"(max-width: 876px) 100vw, 876px\" \/><\/p>","protected":false},"excerpt":{"rendered":"<p>GDES vela por el fomento de la Cultura de Seguridad y reducci\u00f3n del Error Humano a trav\u00e9s de&nbsp;iniciativas y pol\u00edticas con tres objetivos principales: garantizar la seguridad de las intervenciones; mejorar la calidad del servicio ofertado, evitando la posible repetici\u00f3n de trabajos; y mantener la siniestralidad laboral y los incidentes ambientales a cero. Adem\u00e1s, este [&hellip;]<\/p>\n","protected":false},"author":1,"featured_media":0,"parent":0,"menu_order":3,"comment_status":"closed","ping_status":"closed","template":"Page-fullwidth.php","meta":{"footnotes":""},"class_list":["post-14","page","type-page","status-publish","hentry"],"aioseo_notices":[],"_links":{"self":[{"href":"https:\/\/gdes.com\/corporate\/es\/wp-json\/wp\/v2\/pages\/14","targetHints":{"allow":["GET"]}}],"collection":[{"href":"https:\/\/gdes.com\/corporate\/es\/wp-json\/wp\/v2\/pages"}],"about":[{"href":"https:\/\/gdes.com\/corporate\/es\/wp-json\/wp\/v2\/types\/page"}],"author":[{"embeddable":true,"href":"https:\/\/gdes.com\/corporate\/es\/wp-json\/wp\/v2\/users\/1"}],"replies":[{"embeddable":true,"href":"https:\/\/gdes.com\/corporate\/es\/wp-json\/wp\/v2\/comments?post=14"}],"version-history":[{"count":105,"href":"https:\/\/gdes.com\/corporate\/es\/wp-json\/wp\/v2\/pages\/14\/revisions"}],"predecessor-version":[{"id":379908,"href":"https:\/\/gdes.com\/corporate\/es\/wp-json\/wp\/v2\/pages\/14\/revisions\/379908"}],"wp:attachment":[{"href":"https:\/\/gdes.com\/corporate\/es\/wp-json\/wp\/v2\/media?parent=14"}],"curies":[{"name":"wp","href":"https:\/\/api.w.org\/{rel}","templated":true}]}}