{"id":137,"date":"2016-08-30T22:54:54","date_gmt":"2016-08-30T21:54:54","guid":{"rendered":"https:\/\/dgd.es\/?page_id=137"},"modified":"2023-01-26T15:15:56","modified_gmt":"2023-01-26T14:15:56","slug":"tratamiento-de-superficies","status":"publish","type":"page","link":"https:\/\/gdes.com\/corporate\/es\/tratamiento-de-superficies\/","title":{"rendered":"Tratamiento de Superficies"},"content":{"rendered":"<p><strong>GDES<\/strong> desarrolla trabajos de tratamiento de superficies para importantes clientes a nivel nacional e internacional en el sector nuclear, petroqu\u00edmico, naval e industrial a trav\u00e9s de la marcas <strong>GDES Revanti<\/strong>.<\/p>\n<p>&nbsp;<\/p>\n<p>Con m\u00e1s de<strong> 90 a\u00f1os de experiencia<\/strong> en tratamiento de superficies,<strong> GDES<\/strong> es garant\u00eda de \u00e9xito gracias a su personal especializado, su implicaci\u00f3n en las fases de dise\u00f1o, construcci\u00f3n, ensayos y aplicaci\u00f3n de la tecnolog\u00eda desarrollada. Ofrece adem\u00e1s equipos a medida para sus clientes seg\u00fan las necesidades de cada proyecto.<\/p>\n<hr>\n<h3>Principales actividades en el Tratamiento de Superficies:&nbsp;<\/h3>\n<h3><img decoding=\"async\" class=\"alignright wp-image-2651\" src=\"https:\/\/gdes.com\/gdes-es\/wp-content\/uploads\/sites\/5\/2016\/08\/GDESrevanti-1-copy.png\" width=\"195\" height=\"37\"><\/h3>\n<table style=\"height: 183px; border-style: hidden; width: 1013px;\" width=\"1013\">\n<tbody>\n<tr style=\"height: 21px;\">\n<td style=\"width: 500px; height: 21px;\"><strong>\u2022 Preparaci\u00f3n de superficies: chorro abrasivo, granallados y agua a presi\u00f3n<\/strong><\/td>\n<\/tr>\n<tr style=\"height: 21px;\">\n<td style=\"width: 500px; height: 21px;\"><strong>\u2022 Tratamiento de Superficie por m\u00e9todo de esponja<\/strong><\/td>\n<\/tr>\n<tr style=\"height: 21px;\">\n<td style=\"width: 500px; height: 21px;\"><strong>\u2022 Protecciones anticorrosivas: imprimaciones, mantenimientos, pinturas y revestimientos<\/strong><\/td>\n<\/tr>\n<tr style=\"height: 21px;\">\n<td style=\"width: 500px; height: 21px;\"><strong>\u2022 Tratamientos hormig\u00f3n: reparaciones y refuerzos estructurales<\/strong><\/td>\n<\/tr>\n<tr style=\"height: 21px;\">\n<td style=\"width: 500px; height: 21px;\"><strong>\u2022&nbsp;Protecciones pasivas contra el fuego<\/strong><\/td>\n<\/tr>\n<tr style=\"height: 23px;\">\n<td style=\"width: 500px; height: 23px;\"><strong>\u2022 Aplicaci\u00f3n de pavimentos<\/strong><\/td>\n<\/tr>\n<tr style=\"height: 22px;\">\n<td style=\"width: 500px; height: 22px;\"><strong>\u2022 Metalizaci\u00f3n<\/strong><\/td>\n<\/tr>\n<\/tbody>\n<\/table>\n<p><a class=\"fasc-button fasc-size-large fasc-type-flat ico-fa fasc-ico-before fa-file-text-o\" style=\"background-color: #5ca2df; color: #ffffff;\" target=\"_blank\" rel=\"noopener\" href=\"https:\/\/gdes.com\/gdes-es\/wp-content\/uploads\/sites\/5\/2017\/11\/Tratamiento-superficies.pdf\">Documentaci\u00f3n T\u00e9cnica<\/a>&nbsp;<\/p>\n<p>&nbsp;<\/p>","protected":false},"excerpt":{"rendered":"<p>GDES desarrolla trabajos de tratamiento de superficies para importantes clientes a nivel nacional e internacional en el sector nuclear, petroqu\u00edmico, naval e industrial a trav\u00e9s de la marcas GDES Revanti. &nbsp; Con m\u00e1s de 90 a\u00f1os de experiencia en tratamiento de superficies, GDES es garant\u00eda de \u00e9xito gracias a su personal especializado, su implicaci\u00f3n en [&hellip;]<\/p>\n","protected":false},"author":1,"featured_media":1945,"parent":0,"menu_order":40,"comment_status":"closed","ping_status":"closed","template":"Page-fullwidth.php","meta":{"footnotes":""},"class_list":["post-137","page","type-page","status-publish","has-post-thumbnail","hentry"],"aioseo_notices":[],"_links":{"self":[{"href":"https:\/\/gdes.com\/corporate\/es\/wp-json\/wp\/v2\/pages\/137","targetHints":{"allow":["GET"]}}],"collection":[{"href":"https:\/\/gdes.com\/corporate\/es\/wp-json\/wp\/v2\/pages"}],"about":[{"href":"https:\/\/gdes.com\/corporate\/es\/wp-json\/wp\/v2\/types\/page"}],"author":[{"embeddable":true,"href":"https:\/\/gdes.com\/corporate\/es\/wp-json\/wp\/v2\/users\/1"}],"replies":[{"embeddable":true,"href":"https:\/\/gdes.com\/corporate\/es\/wp-json\/wp\/v2\/comments?post=137"}],"version-history":[{"count":92,"href":"https:\/\/gdes.com\/corporate\/es\/wp-json\/wp\/v2\/pages\/137\/revisions"}],"predecessor-version":[{"id":82003,"href":"https:\/\/gdes.com\/corporate\/es\/wp-json\/wp\/v2\/pages\/137\/revisions\/82003"}],"wp:featuredmedia":[{"embeddable":true,"href":"https:\/\/gdes.com\/corporate\/es\/wp-json\/wp\/v2\/media\/1945"}],"wp:attachment":[{"href":"https:\/\/gdes.com\/corporate\/es\/wp-json\/wp\/v2\/media?parent=137"}],"curies":[{"name":"wp","href":"https:\/\/api.w.org\/{rel}","templated":true}]}}