{"id":1147,"date":"2017-08-25T11:09:21","date_gmt":"2017-08-25T10:09:21","guid":{"rendered":"https:\/\/gdes.com\/gdes-es\/?page_id=1147"},"modified":"2021-02-02T08:19:42","modified_gmt":"2021-02-02T07:19:42","slug":"compromiso-con-las-personas","status":"publish","type":"page","link":"https:\/\/gdes.com\/corporate\/es\/compromiso-con-las-personas\/","title":{"rendered":"Compromiso con las personas"},"content":{"rendered":"<p><img fetchpriority=\"high\" decoding=\"async\" class=\"alignleft wp-image-6749\" title=\"Compromiso con las personas GDES\" src=\"https:\/\/gdes.com\/corporate\/wp-content\/uploads\/sites\/5\/2021\/02\/DiagramaTR-ES2-300x300.png\" alt=\"\" width=\"500\" height=\"500\" srcset=\"https:\/\/gdes.com\/corporate\/wp-content\/uploads\/sites\/5\/2021\/02\/DiagramaTR-ES2-300x300.png 300w, https:\/\/gdes.com\/corporate\/wp-content\/uploads\/sites\/5\/2021\/02\/DiagramaTR-ES2-150x150.png 150w, https:\/\/gdes.com\/corporate\/wp-content\/uploads\/sites\/5\/2021\/02\/DiagramaTR-ES2-768x768.png 768w, https:\/\/gdes.com\/corporate\/wp-content\/uploads\/sites\/5\/2021\/02\/DiagramaTR-ES2-1024x1024.png 1024w, https:\/\/gdes.com\/corporate\/wp-content\/uploads\/sites\/5\/2021\/02\/DiagramaTR-ES2-700x700.png 700w\" sizes=\"(max-width: 500px) 100vw, 500px\" \/><\/p>\n<p>&nbsp;<\/p>\n<p>&nbsp;<\/p>\n<h3><\/h3>\n<h3><\/h3>\n<h1>\u00bfPor qu\u00e9 trabajar en GD Energy Services?<\/h1>\n<p>&nbsp;<\/p>\n<p>El compromiso \u00a0con las\u00a0<b>personas<\/b>\u00a0 es clave para\u00a0<b>GD\u00a0<\/b><b>Energy<\/b>\u00a0<b>Services<\/b><b>.<\/b>\u00a0Este compromiso\u00a0es la v\u00eda por la que se genera confianza, se transmite empat\u00eda y se demuestra\u00a0respeto tanto al cliente como a nuestros compa\u00f1eros. Es el compromiso con el talento.<\/p>\n<p>&nbsp;<\/p>\n<p>En <strong>GDES\u00a0<\/strong>se vela en todo momento por establecer acciones que permitan atraer, desarrollar y retener al mejor talento\u00a0para potenciar su expansi\u00f3n nacional e internacional. Gracias al talento y trabajo en equipo de todos sus profesionales, <strong>GDES<\/strong>\u00a0logra ser una mejor compa\u00f1\u00eda, m\u00e1s sostenible y m\u00e1s eficiente.<\/p>\n<p>&nbsp;<\/p>\n<p>&nbsp;<\/p>\n<h2>Te damos 10 razones:<\/h2>\n\n<table id=\"tablepress-2\" class=\"tablepress tablepress-id-2 tbody-has-connected-cells\">\n<tbody class=\"row-striping row-hover\">\n<tr class=\"row-1\">\n\t<td class=\"column-1\"><strong>Experiencia<\/strong><\/td><td colspan=\"4\" class=\"column-2\">GD Energy Services es una fuerte compa\u00f1\u00eda con m\u00e1s de 90 a\u00f1os de experiencia en el sector energ\u00e9tico.<\/td>\n<\/tr>\n<tr class=\"row-2\">\n\t<td class=\"column-1\"><strong>Especializaci\u00f3n <\/strong><\/td><td colspan=\"4\" class=\"column-2\">Contamos con un equipo de m\u00e1s de 1.000 profesionales especializados en ofrecer soluciones a sus clientes.<\/td>\n<\/tr>\n<tr class=\"row-3\">\n\t<td class=\"column-1\"><strong>Confianza<\/strong> <\/td><td colspan=\"4\" class=\"column-2\">La confianza, la credibilidad y el trabajo en equipo son valores que definen a los profesionales de GD Energy Services.<\/td>\n<\/tr>\n<tr class=\"row-4\">\n\t<td class=\"column-1\"><strong>Valor A\u00f1adido <\/strong><\/td><td colspan=\"4\" class=\"column-2\">Aportamos soluciones de valor a\u00f1adido anticip\u00e1ndose a las necesidades de los clientes.<\/td>\n<\/tr>\n<tr class=\"row-5\">\n\t<td class=\"column-1\"><strong>Compromiso<\/strong><\/td><td colspan=\"4\" class=\"column-2\">Somos una compa\u00f1\u00eda comprometida  con la gesti\u00f3n ambiental y contribuimos con nuestro trabajo a un mundo m\u00e1s sostenible. <\/td>\n<\/tr>\n<tr class=\"row-6\">\n\t<td class=\"column-1\"><strong>Desarrollo<\/strong><\/td><td colspan=\"4\" class=\"column-2\">Apostamos por el desarrollo tecnol\u00f3gico para ofrecer soluciones \u00f3ptimas a los clientes y al entorno.<\/td>\n<\/tr>\n<tr class=\"row-7\">\n\t<td class=\"column-1\"><strong>Promoci\u00f3n <\/strong><\/td><td colspan=\"4\" class=\"column-2\">En GD Energy Services se fomenta la gesti\u00f3n del talento entre sus empleados y empleadas.<\/td>\n<\/tr>\n<tr class=\"row-8\">\n\t<td class=\"column-1\"><strong>Igualdad<\/strong><\/td><td colspan=\"4\" class=\"column-2\">Creemos en un Plan de Igualdad para incentivar el desarrollo profesional y personal de hombres y mujeres.<\/td>\n<\/tr>\n<tr class=\"row-9\">\n\t<td class=\"column-1\"><strong>Seguridad<\/strong><\/td><td colspan=\"4\" class=\"column-2\">Ofrecemos  garant\u00edas de seguridad y salud en el \u00e1mbito laboral, a trav\u00e9s de su Servicio Mancomunado de Prevenci\u00f3n de Riesgos Laborales reconocido con diversos premios y menciones.<\/td>\n<\/tr>\n<tr class=\"row-10\">\n\t<td class=\"column-1\"><strong>Estabilidad<\/strong><\/td><td colspan=\"4\" class=\"column-2\">Contribuimos a la sociedad creando puestos de trabajo estables en los servicios que desarrolla nuestro equipo de profesionales.<\/td>\n<\/tr>\n<\/tbody>\n<\/table>\n<!-- #tablepress-2 from cache -->\n<p><img decoding=\"async\" class=\"alignright wp-image-2306 size-full\" src=\"https:\/\/gdes.com\/gdes-es\/wp-content\/uploads\/sites\/5\/2017\/08\/barra-futuro-1.jpg\" width=\"1600\" height=\"337\" srcset=\"https:\/\/gdes.com\/corporate\/wp-content\/uploads\/sites\/5\/2017\/08\/barra-futuro-1.jpg 1600w, https:\/\/gdes.com\/corporate\/wp-content\/uploads\/sites\/5\/2017\/08\/barra-futuro-1-300x63.jpg 300w, https:\/\/gdes.com\/corporate\/wp-content\/uploads\/sites\/5\/2017\/08\/barra-futuro-1-768x162.jpg 768w, https:\/\/gdes.com\/corporate\/wp-content\/uploads\/sites\/5\/2017\/08\/barra-futuro-1-1024x216.jpg 1024w\" sizes=\"(max-width: 1600px) 100vw, 1600px\" \/><\/p>","protected":false},"excerpt":{"rendered":"<p>&nbsp; &nbsp; \u00bfPor qu\u00e9 trabajar en GD Energy Services? &nbsp; El compromiso \u00a0con las\u00a0personas\u00a0 es clave para\u00a0GD\u00a0Energy\u00a0Services.\u00a0Este compromiso\u00a0es la v\u00eda por la que se genera confianza, se transmite empat\u00eda y se demuestra\u00a0respeto tanto al cliente como a nuestros compa\u00f1eros. Es el compromiso con el talento. &nbsp; En GDES\u00a0se vela en todo momento por establecer acciones [&hellip;]<\/p>\n","protected":false},"author":3,"featured_media":0,"parent":0,"menu_order":10,"comment_status":"closed","ping_status":"closed","template":"Page-fullwidth.php","meta":{"footnotes":""},"class_list":["post-1147","page","type-page","status-publish","hentry"],"aioseo_notices":[],"_links":{"self":[{"href":"https:\/\/gdes.com\/corporate\/es\/wp-json\/wp\/v2\/pages\/1147","targetHints":{"allow":["GET"]}}],"collection":[{"href":"https:\/\/gdes.com\/corporate\/es\/wp-json\/wp\/v2\/pages"}],"about":[{"href":"https:\/\/gdes.com\/corporate\/es\/wp-json\/wp\/v2\/types\/page"}],"author":[{"embeddable":true,"href":"https:\/\/gdes.com\/corporate\/es\/wp-json\/wp\/v2\/users\/3"}],"replies":[{"embeddable":true,"href":"https:\/\/gdes.com\/corporate\/es\/wp-json\/wp\/v2\/comments?post=1147"}],"version-history":[{"count":234,"href":"https:\/\/gdes.com\/corporate\/es\/wp-json\/wp\/v2\/pages\/1147\/revisions"}],"predecessor-version":[{"id":6776,"href":"https:\/\/gdes.com\/corporate\/es\/wp-json\/wp\/v2\/pages\/1147\/revisions\/6776"}],"wp:attachment":[{"href":"https:\/\/gdes.com\/corporate\/es\/wp-json\/wp\/v2\/media?parent=1147"}],"curies":[{"name":"wp","href":"https:\/\/api.w.org\/{rel}","templated":true}]}}