{"id":1133,"date":"2017-08-25T10:52:03","date_gmt":"2017-08-25T09:52:03","guid":{"rendered":"https:\/\/gdes.com\/gdes-es\/?page_id=1133"},"modified":"2022-11-09T15:00:47","modified_gmt":"2022-11-09T14:00:47","slug":"unete-a-nuestro-equipo","status":"publish","type":"page","link":"https:\/\/gdes.com\/corporate\/es\/unete-a-nuestro-equipo\/","title":{"rendered":"\u00danete a nuestro equipo"},"content":{"rendered":"<p><\/p>\n<style type=\"text\/css\">\nA:hover { color: black }<br \/><\/style>\n<p>A trav\u00e9s de nuestros diferentes canales de empleo podr\u00e1s consultar nuestras ofertas de trabajo e inscribirte en aquellas que m\u00e1s se acoplen a tu perfil profesional. Puedes registrarte aunque no hayas encontrado una oferta de tu inter\u00e9s y hacernos llegar tu informaci\u00f3n curricular para que la tengamos en cuenta para futuros procesos de selecci\u00f3n. A trav\u00e9s de este men\u00fa puedes acceder a nuestras ofertas en Espa\u00f1a y Servicios Corporativos (car\u00e1cter internacional), a nuestras ofertas en Francia (tanto ofertas para residentes como ofertas para obras puntuales en Francia d\u00f3nde ser franc\u00e9s no es necesario) y a nuestras ofertas en Reino Unido (ofertas de trabajo en nuestro principal emplazamiento en Caithness, Escocia).<\/p>\n<p>&nbsp;<\/p>\n<p>Nuestros procesos de selecci\u00f3n se realizan bajo el principio de igualdad de oportunidades y no discriminaci\u00f3n, valorando positivamente todas las aptitudes personales de las personas que presentan su candidatura. Confiamos en que los criterios de elecci\u00f3n final para el puesto de trabajo deben ser, en todo caso, fiel reflejo de nuestro compromiso con la diversidad y el respeto. Nos consideramos una empresa inclusiva que ofrece igualdad de oportunidades con independencia de cu\u00e1l sea tu raza, cultura, g\u00e9nero, identidad de g\u00e9nero, religi\u00f3n, nacionalidad, edad, capacidad, estado civil u orientaci\u00f3n sexual, siguiendo los principios de nuestro Plan de Igualdad.<\/p>\n<p>&nbsp;<\/p>\n<p>Selecciona en el men\u00fa que te ofrecemos a continuaci\u00f3n el espacio web que deseas visitar:<\/p>\n<p>&nbsp;<\/p>\n<p>&nbsp;<\/p>\n<h1 style=\"text-align: center;\">Ofertas de <strong>Trabajo<\/strong><!-- \/Section Title --><\/h1>\n<p><!-- Portfolio Item --><\/p>\n<div class=\"row\">\n<div class=\"col-md-4 col-sm-6 col-xs-12\">\n<aside class=\"post\">\n<figure class=\"post-thumbnail\"><a href=\"https:\/\/gdes.com\/corporate\/es\/unete-a-nuestro-equipo-gdes-corporate\/\" target=\"_blank\" rel=\"noopener\"><img fetchpriority=\"high\" decoding=\"async\" class=\"attachment-post-thumbnail wp-post-image alignnone\" title=\"Espa\u00f1a y Servicios Generales\" src=\"https:\/\/gdes.com\/corporate\/wp-content\/uploads\/sites\/5\/2020\/03\/Spain.jpg\" sizes=\"(max-width: 450px) 100vw, 450px\" srcset=\"https:\/\/gdes.com\/corporate\/wp-content\/uploads\/sites\/5\/2020\/03\/Spain.jpg 450w, https:\/\/gdes.com\/corporate\/wp-content\/uploads\/sites\/5\/2020\/03\/Spain.jpgg 300w\" alt=\"\" width=\"450\" height=\"300\" \/><\/a><\/figure>\n<div class=\"portfolio-info\">\n<div class=\"entry-header\">\n<h4 class=\"entry-title\"><a href=\"https:\/\/gdes.com\/corporate\/es\/unete-a-nuestro-equipo-gdes-corporate\/\" target=\"_blank\" rel=\"noopener\"> Espa\u00f1a y Servicios Generales<\/a><\/h4>\n<\/div>\n<div class=\"entry-content\"><\/div>\n<\/div>\n<\/aside>\n<\/div>\n<div class=\"col-md-4 col-sm-6 col-xs-12\">\n<aside class=\"post\">\n<figure class=\"post-thumbnail\"><a href=\"https:\/\/gdes.com\/france\/fr\/unete-a-nuestro-equipo\/\" target=\"_blank\" rel=\"noopener\"><img decoding=\"async\" class=\"alignnone\" title=\"Francia (ofertas estables y por obra)\" src=\"https:\/\/gdes.com\/corporate\/wp-content\/uploads\/sites\/5\/2020\/03\/francia.jpg\" sizes=\"(max-width: 450px) 100vw, 450px\" srcset=\"https:\/\/gdes.com\/corporate\/wp-content\/uploads\/sites\/5\/2020\/03\/francia.jpg 450w, https:\/\/gdes.com\/corporate\/wp-content\/uploads\/sites\/5\/2020\/03\/francia.jpg 300w\" alt=\"\" width=\"450\" height=\"300\" \/><\/a><\/figure>\n<div class=\"portfolio-info\">\n<div class=\"entry-header\">\n<h4 class=\"entry-title\"><a href=\"https:\/\/gdes.com\/france\/fr\/unete-a-nuestro-equipo\/\" target=\"_blank\" rel=\"noopener\">Francia (ofertas estables y por obra)<\/a><\/h4>\n<\/div>\n<div class=\"entry-content\"><\/div>\n<\/div>\n<\/aside>\n<\/div>\n<div class=\"col-md-4 col-sm-6 col-xs-12\">\n<aside class=\"post\">\n<figure class=\"post-thumbnail\"><a href=\"https:\/\/gdes.com\/uk\/join-gdes-uk-team\/\" target=\"_blank\" rel=\"noopener\"><img decoding=\"async\" class=\"attachment-post-thumbnail wp-post-image alignnone\" title=\"Reino Unido (Caithness, Escocia) \" src=\"https:\/\/gdes.com\/corporate\/wp-content\/uploads\/sites\/5\/2020\/03\/ReinoUnido.jpg\" sizes=\"(max-width: 450px) 100vw, 450px\" srcset=\"https:\/\/gdes.com\/corporate\/wp-content\/uploads\/sites\/5\/2020\/03\/ReinoUnido.jpg 300w\" alt=\"\" width=\"450\" height=\"300\" \/><\/a><\/figure>\n<div class=\"portfolio-info\">\n<div class=\"entry-header\">\n<h4 class=\"entry-title\"><a href=\"https:\/\/gdes.com\/uk\/join-gdes-uk-team\/\" target=\"_blank\" rel=\"noopener\"> Reino Unido (Caithness, Escocia)\u00a0<\/a><\/h4>\n<\/div>\n<div class=\"entry-content\"><\/div>\n<\/div>\n<\/aside>\n<\/div>\n<div class=\"clearfix\"><\/div>\n<p>&nbsp;<\/p>\n<\/div>\n<p><\/p>","protected":false},"excerpt":{"rendered":"<p>A trav\u00e9s de nuestros diferentes canales de empleo podr\u00e1s consultar nuestras ofertas de trabajo e inscribirte en aquellas que m\u00e1s se acoplen a tu perfil profesional. Puedes registrarte aunque no hayas encontrado una oferta de tu inter\u00e9s y hacernos llegar tu informaci\u00f3n curricular para que la tengamos en cuenta para futuros procesos de selecci\u00f3n. A [&hellip;]<\/p>\n","protected":false},"author":3,"featured_media":0,"parent":0,"menu_order":14,"comment_status":"closed","ping_status":"closed","template":"Page-fullwidth.php","meta":{"footnotes":""},"class_list":["post-1133","page","type-page","status-publish","hentry"],"aioseo_notices":[],"_links":{"self":[{"href":"https:\/\/gdes.com\/corporate\/es\/wp-json\/wp\/v2\/pages\/1133","targetHints":{"allow":["GET"]}}],"collection":[{"href":"https:\/\/gdes.com\/corporate\/es\/wp-json\/wp\/v2\/pages"}],"about":[{"href":"https:\/\/gdes.com\/corporate\/es\/wp-json\/wp\/v2\/types\/page"}],"author":[{"embeddable":true,"href":"https:\/\/gdes.com\/corporate\/es\/wp-json\/wp\/v2\/users\/3"}],"replies":[{"embeddable":true,"href":"https:\/\/gdes.com\/corporate\/es\/wp-json\/wp\/v2\/comments?post=1133"}],"version-history":[{"count":95,"href":"https:\/\/gdes.com\/corporate\/es\/wp-json\/wp\/v2\/pages\/1133\/revisions"}],"predecessor-version":[{"id":70198,"href":"https:\/\/gdes.com\/corporate\/es\/wp-json\/wp\/v2\/pages\/1133\/revisions\/70198"}],"wp:attachment":[{"href":"https:\/\/gdes.com\/corporate\/es\/wp-json\/wp\/v2\/media?parent=1133"}],"curies":[{"name":"wp","href":"https:\/\/api.w.org\/{rel}","templated":true}]}}